{"id":3060,"date":"2022-06-19T19:20:23","date_gmt":"2022-06-19T19:20:23","guid":{"rendered":"https:\/\/blogsaverroes.juntadeandalucia.es\/verainqueclase\/?page_id=3060"},"modified":"2025-11-07T21:09:01","modified_gmt":"2025-11-07T21:09:01","slug":"lengua-3-pintar-los-suenos","status":"publish","type":"page","link":"https:\/\/blogsaverroes.juntadeandalucia.es\/verainqueclase\/lengua\/lengua-3-pintar-los-suenos\/","title":{"rendered":"Lengua 3: \u00a1Disfrutamos de la vida salvaje!"},"content":{"rendered":"<p><img loading=\"lazy\" decoding=\"async\" class=\" wp-image-6652 alignright\" src=\"https:\/\/blogsaverroes.juntadeandalucia.es\/verainqueclase\/files\/2025\/11\/Naturaleza-animales-300x300.png\" alt=\"\" width=\"216\" height=\"216\" srcset=\"https:\/\/blogsaverroes.juntadeandalucia.es\/verainqueclase\/files\/2025\/11\/Naturaleza-animales-300x300.png 300w, https:\/\/blogsaverroes.juntadeandalucia.es\/verainqueclase\/files\/2025\/11\/Naturaleza-animales-150x150.png 150w, https:\/\/blogsaverroes.juntadeandalucia.es\/verainqueclase\/files\/2025\/11\/Naturaleza-animales-80x80.png 80w, https:\/\/blogsaverroes.juntadeandalucia.es\/verainqueclase\/files\/2025\/11\/Naturaleza-animales-320x320.png 320w, https:\/\/blogsaverroes.juntadeandalucia.es\/verainqueclase\/files\/2025\/11\/Naturaleza-animales.png 398w\" sizes=\"(max-width: 216px) 100vw, 216px\" \/><\/p>\n<p>En la unidad 3 aprenderemos nuevas cosas:<\/p>\n<ul>\n<li>Los sin\u00f3nimos.<\/li>\n<li>C\u00f3mo hacer una exposici\u00f3n.<\/li>\n<li>Describimos a una persona o un lugar.<\/li>\n<li>El adjetivo.<\/li>\n<li>El diptongo y el hiato.<\/li>\n<\/ul>\n<p>&nbsp;<\/p>\n<h4>LOS SIN\u00d3NIMOS<\/h4>\n<p><a href=\"https:\/\/view.genially.com\/68ff9a6025a5f102fbe432a9\/horizontal-infographic-lists-sinonimos-y-antonimos\"><img loading=\"lazy\" decoding=\"async\" class=\"\" src=\"https:\/\/blogsaverroes.juntadeandalucia.es\/verainqueclase\/files\/2021\/08\/genially-sin%C3%B3nimos-y-ant%C3%B3nimos-300x168.jpg\" width=\"961\" height=\"538\"><\/a><\/p>\n<table style=\"border-collapse: collapse;width: 100%\">\n<tbody>\n<tr>\n<td style=\"width: 33.3333%\"><a href=\"https:\/\/www.mundoprimaria.com\/juegos-educativos\/lengua-voc-1-3?path=juegos-premium\/4973\"><img decoding=\"async\" src=\"https:\/\/blogsaverroes.juntadeandalucia.es\/verainqueclase\/files\/2025\/09\/sinonimos-300x213.jpg\"><\/a><\/td>\n<td style=\"width: 33.3333%\"><a href=\"https:\/\/wordwall.net\/es\/resource\/9328749\/reading\/sinonimos-y-antonimos\"><img decoding=\"async\" src=\"https:\/\/blogsaverroes.juntadeandalucia.es\/verainqueclase\/files\/2025\/08\/juego-sinonimos-y-antonimos-300x190.jpg\"><\/a><\/td>\n<td style=\"width: 33.3333%\"><a href=\"https:\/\/wordwall.net\/es\/resource\/62609915\/sinonimos-y-antonimos-\"><img decoding=\"async\" src=\"https:\/\/blogsaverroes.juntadeandalucia.es\/verainqueclase\/files\/2025\/08\/juego-sinonimos-y-antonimos-2-300x190.jpg\"><\/a><\/td>\n<\/tr>\n<tr>\n<td style=\"width: 33.3333%\"><a href=\"https:\/\/wordwall.net\/es\/resource\/16401804\/spanish\/antonimos\"><img decoding=\"async\" src=\"https:\/\/blogsaverroes.juntadeandalucia.es\/verainqueclase\/files\/2025\/08\/juego-sinonimos-y-antonimos-3-300x190.jpg\"><\/a><\/td>\n<td style=\"width: 33.3333%\"><a href=\"https:\/\/wordwall.net\/es\/resource\/15622882\/antonimos\"><img decoding=\"async\" src=\"https:\/\/blogsaverroes.juntadeandalucia.es\/verainqueclase\/files\/2025\/08\/juego-sinonimos-y-antonimos-4-300x190.jpg\"><\/a><\/td>\n<td style=\"width: 33.3333%\">&nbsp;<\/td>\n<\/tr>\n<\/tbody>\n<\/table>\n<p>&nbsp;<\/p>\n<h4><strong>LA EXPOSICI\u00d3N.<\/strong><\/h4>\n<p><a href=\"https:\/\/view.genially.com\/68ffb89813b1185a7dc2767e\/interactive-content-4o-la-exposicion\"><img loading=\"lazy\" decoding=\"async\" class=\"alignnone wp-image-3251\" src=\"https:\/\/blogsaverroes.juntadeandalucia.es\/verainqueclase\/files\/2022\/07\/genially-la-exposici\u00f3n-300x168.jpg\" alt=\"\" width=\"880\" height=\"493\" srcset=\"https:\/\/blogsaverroes.juntadeandalucia.es\/verainqueclase\/files\/2022\/07\/genially-la-exposici\u00f3n-300x168.jpg 300w, https:\/\/blogsaverroes.juntadeandalucia.es\/verainqueclase\/files\/2022\/07\/genially-la-exposici\u00f3n-1024x572.jpg 1024w, https:\/\/blogsaverroes.juntadeandalucia.es\/verainqueclase\/files\/2022\/07\/genially-la-exposici\u00f3n-768x429.jpg 768w, https:\/\/blogsaverroes.juntadeandalucia.es\/verainqueclase\/files\/2022\/07\/genially-la-exposici\u00f3n-700x393.jpg 700w, https:\/\/blogsaverroes.juntadeandalucia.es\/verainqueclase\/files\/2022\/07\/genially-la-exposici\u00f3n-332x185.jpg 332w, https:\/\/blogsaverroes.juntadeandalucia.es\/verainqueclase\/files\/2022\/07\/genially-la-exposici\u00f3n.jpg 1534w\" sizes=\"(max-width: 880px) 100vw, 880px\" \/><\/a><\/p>\n<h4>ESCRIBO DESCRIPCIONES<\/h4>\n<h4><img loading=\"lazy\" decoding=\"async\" class=\"alignleft\" src=\"https:\/\/blogsaverroes.juntadeandalucia.es\/verainqueclase\/files\/2021\/08\/descarga-1-300x300.png\" width=\"186\" height=\"186\"><\/h4>\n<p><strong>Describir<\/strong>&nbsp;es&nbsp;<strong>decir con palabras<\/strong>&nbsp;c\u00f3mo es una&nbsp;<strong>persona, un animal, un objeto, un lugar\u2026<\/strong>&nbsp;La descripci\u00f3n puede ser oral o escrita.<\/p>\n<p>Debes seguir un orden, de arriba a abajo.<\/p>\n<p>Despu\u00e9s de la descripci\u00f3n f\u00edsica debemos describir el car\u00e1cter y la forma de ser. Tambi\u00e9n podemos describir su ropa, etc.<\/p>\n<p>&nbsp;<\/p>\n<p><a href=\"https:\/\/view.genially.com\/68ffbab67f2ed2a5426d1826\/horizontal-infographic-review-44-la-descripcion\"><img loading=\"lazy\" decoding=\"async\" class=\"\" src=\"https:\/\/blogsaverroes.juntadeandalucia.es\/verainqueclase\/files\/2022\/08\/genially-descripci%C3%B3n-300x170.jpg\" width=\"962\" height=\"545\"><\/a><\/p>\n<h4>&nbsp;<\/h4>\n<h4><strong>EL ADJETIVO<\/strong><\/h4>\n<p><img loading=\"lazy\" decoding=\"async\" class=\"alignleft\" src=\"https:\/\/blogsaverroes.juntadeandalucia.es\/verainqueclase\/files\/2021\/08\/descarga-1-3-300x300.png\" width=\"187\" height=\"187\"><\/p>\n<p>&nbsp;<\/p>\n<p>El&nbsp;<strong>adjetivo<\/strong>&nbsp;expresa una&nbsp;<strong>cualidad del nombre<\/strong>&nbsp;al que acompa\u00f1a.<\/p>\n<p>Los adjetivos pueden ser&nbsp;<strong>masculinos o femeninos<\/strong>, y pueden estar en&nbsp;<strong>singular<\/strong>&nbsp;o&nbsp;<strong>plural<\/strong>. El adjetivo&nbsp;<strong>concuerda con el nombre en g\u00e9nero y n\u00famero.<\/strong><\/p>\n<p>Por ejemplo: El perro es&nbsp;<strong>blanco&nbsp;<\/strong>o Mar\u00eda es&nbsp;<strong>alta<\/strong>.<\/p>\n<p>&nbsp;<\/p>\n<p><iframe loading=\"lazy\" src=\"\/\/www.youtube.com\/embed\/cby4iKqbc30\" width=\"560\" height=\"314\"><\/iframe><\/p>\n<table style=\"border-collapse: collapse;width: 100%\">\n<tbody>\n<tr>\n<td style=\"width: 33.3333%\"><a href=\"https:\/\/www.mundoprimaria.com\/juegos-educativos\/lengua-gra-3-3?path=juegos-premium\/5148\"><img decoding=\"async\" src=\"https:\/\/blogsaverroes.juntadeandalucia.es\/verainqueclase\/files\/2025\/09\/adjetivos-300x213.jpg\"><\/a><\/td>\n<td style=\"width: 33.3333%\"><a href=\"https:\/\/wordwall.net\/es\/resource\/29988140\/lengua-espa%c3%b1ola\/los-adjetivos\"><img decoding=\"async\" src=\"https:\/\/blogsaverroes.juntadeandalucia.es\/verainqueclase\/files\/2025\/09\/adjetivos-2-300x213.jpg\"><\/a><\/td>\n<td style=\"width: 33.3333%\"><a href=\"https:\/\/wordwall.net\/es\/resource\/1142228\/los-adjetivos\"><img decoding=\"async\" src=\"https:\/\/blogsaverroes.juntadeandalucia.es\/verainqueclase\/files\/2025\/09\/adjetivos-3-300x213.jpg\"><\/a><\/td>\n<\/tr>\n<tr>\n<td style=\"width: 33.3333%\"><a href=\"https:\/\/wordwall.net\/es\/resource\/2768425\/primaria\/adjetivos\"><img decoding=\"async\" src=\"https:\/\/blogsaverroes.juntadeandalucia.es\/verainqueclase\/files\/2021\/08\/juego-adjetivos-3-300x151.jpg\"><\/a><\/td>\n<td style=\"width: 33.3333%\"><a href=\"https:\/\/wordwall.net\/es\/resource\/2101622\/adjetivos\"><img decoding=\"async\" src=\"https:\/\/blogsaverroes.juntadeandalucia.es\/verainqueclase\/files\/2021\/08\/juego-adjetivos-5-300x151.jpg\"><\/a><\/td>\n<td style=\"width: 33.3333%\"><a href=\"https:\/\/wordwall.net\/es\/resource\/2728278\/adjetivos\"><img decoding=\"async\" src=\"https:\/\/blogsaverroes.juntadeandalucia.es\/verainqueclase\/files\/2021\/08\/juego-adjetivos-6-300x151.jpg\"><\/a><\/td>\n<\/tr>\n<tr>\n<td style=\"width: 33.3333%\"><a href=\"https:\/\/view.genially.com\/5ddb6d6583e23a0faa51e543\/game-adjetivo-01\"><img decoding=\"async\" src=\"https:\/\/blogsaverroes.juntadeandalucia.es\/verainqueclase\/files\/2021\/08\/juego-adjetivos-8-300x151.jpg\"><\/a><\/td>\n<td style=\"width: 33.3333%\"><a href=\"https:\/\/view.genially.com\/5ddc25d57f3e520f3c11abe3\/game-adjetivos\"><img decoding=\"async\" src=\"https:\/\/blogsaverroes.juntadeandalucia.es\/verainqueclase\/files\/2021\/08\/juego-adjetivos-9-300x151.jpg\"><\/a><\/td>\n<td style=\"width: 33.3333%\"><a href=\"https:\/\/wordwall.net\/es\/resource\/2091436\/adivina-los-adjetivos\"><img loading=\"lazy\" decoding=\"async\" class=\"\" src=\"https:\/\/blogsaverroes.juntadeandalucia.es\/verainqueclase\/files\/2025\/09\/adjetivos-4-300x213.jpg\" width=\"252\" height=\"179\"><\/a><\/td>\n<\/tr>\n<tr>\n<td style=\"width: 33.3333%\">&nbsp;<\/td>\n<td style=\"width: 33.3333%\">&nbsp;<\/td>\n<td style=\"width: 33.3333%\">&nbsp;<\/td>\n<\/tr>\n<\/tbody>\n<\/table>\n<h4><strong>EL DIPTONGO Y EL HIATO<\/strong><\/h4>\n<p><a href=\"https:\/\/view.genially.com\/68ffb9a33381373c92368945\/interactive-content-43-diptongos-e-hiatos\"><img loading=\"lazy\" decoding=\"async\" class=\"alignnone wp-image-3344\" src=\"https:\/\/blogsaverroes.juntadeandalucia.es\/verainqueclase\/files\/2022\/08\/genially-diptongos-e-hiatos-300x172.jpg\" alt=\"\" width=\"942\" height=\"540\" srcset=\"https:\/\/blogsaverroes.juntadeandalucia.es\/verainqueclase\/files\/2022\/08\/genially-diptongos-e-hiatos-300x172.jpg 300w, https:\/\/blogsaverroes.juntadeandalucia.es\/verainqueclase\/files\/2022\/08\/genially-diptongos-e-hiatos-1024x586.jpg 1024w, https:\/\/blogsaverroes.juntadeandalucia.es\/verainqueclase\/files\/2022\/08\/genially-diptongos-e-hiatos-768x439.jpg 768w, https:\/\/blogsaverroes.juntadeandalucia.es\/verainqueclase\/files\/2022\/08\/genially-diptongos-e-hiatos-700x400.jpg 700w, https:\/\/blogsaverroes.juntadeandalucia.es\/verainqueclase\/files\/2022\/08\/genially-diptongos-e-hiatos-332x190.jpg 332w, https:\/\/blogsaverroes.juntadeandalucia.es\/verainqueclase\/files\/2022\/08\/genially-diptongos-e-hiatos.jpg 1493w\" sizes=\"(max-width: 942px) 100vw, 942px\" \/><\/a><\/p>\n<table style=\"border-collapse: collapse;width: 100%\">\n<tbody>\n<tr>\n<td style=\"width: 33.3333%\"><a href=\"https:\/\/www.mundoprimaria.com\/juegos-educativos\/lengua-ort-4-4?path=juegos-premium\/8729\"><img loading=\"lazy\" decoding=\"async\" class=\"alignnone size-medium wp-image-6167\" src=\"https:\/\/blogsaverroes.juntadeandalucia.es\/verainqueclase\/files\/2025\/09\/hiatos-300x207.jpg\" alt=\"\" width=\"300\" height=\"207\" srcset=\"https:\/\/blogsaverroes.juntadeandalucia.es\/verainqueclase\/files\/2025\/09\/hiatos-300x207.jpg 300w, https:\/\/blogsaverroes.juntadeandalucia.es\/verainqueclase\/files\/2025\/09\/hiatos-1024x705.jpg 1024w, https:\/\/blogsaverroes.juntadeandalucia.es\/verainqueclase\/files\/2025\/09\/hiatos-768x529.jpg 768w, https:\/\/blogsaverroes.juntadeandalucia.es\/verainqueclase\/files\/2025\/09\/hiatos.jpg 1195w\" sizes=\"(max-width: 300px) 100vw, 300px\" \/><\/a><\/td>\n<td style=\"width: 33.3333%\"><a href=\"https:\/\/wordwall.net\/es\/resource\/2508245\/diptongos-e-hiatos-5%C2%BA\"><img decoding=\"async\" src=\"https:\/\/blogsaverroes.juntadeandalucia.es\/verainqueclase\/files\/2025\/08\/juego-diptongos-300x190.jpg\"><\/a><\/td>\n<td style=\"width: 33.3333%\"><a href=\"https:\/\/wordwall.net\/es\/resource\/5339731\/clasifica-diptongos-e-hiatos\"><img decoding=\"async\" src=\"https:\/\/blogsaverroes.juntadeandalucia.es\/verainqueclase\/files\/2020\/11\/juego-wordwall-diptongos-300x165.jpg\"><\/a><\/td>\n<\/tr>\n<tr>\n<td style=\"width: 33.3333%\"><a href=\"https:\/\/wordwall.net\/es\/resource\/7300993\/identifico-diptongos-e-hiatos\"><img decoding=\"async\" src=\"https:\/\/blogsaverroes.juntadeandalucia.es\/verainqueclase\/files\/2020\/11\/juego-wordwall-diptongos-2-300x165.jpg\"><\/a><\/td>\n<td style=\"width: 33.3333%\"><a href=\"https:\/\/wordwall.net\/es\/resource\/6759884\/diptongos-e-hiatos\"><img decoding=\"async\" src=\"https:\/\/blogsaverroes.juntadeandalucia.es\/verainqueclase\/files\/2020\/11\/juego-wordwall-diptongos-3-300x165.jpg\"><\/a><\/td>\n<td style=\"width: 33.3333%\"><a href=\"https:\/\/wordwall.net\/es\/resource\/5291228\/diptongos-e-hiatos\"><img decoding=\"async\" src=\"https:\/\/blogsaverroes.juntadeandalucia.es\/verainqueclase\/files\/2020\/11\/juego-wordwall-diptongos-4-300x165.jpg\"><\/a><\/td>\n<\/tr>\n<tr>\n<td style=\"width: 33.3333%\"><a href=\"https:\/\/wordwall.net\/es\/resource\/3013120\/ahorcado-diptongos-e-hiatos\"><img decoding=\"async\" src=\"https:\/\/blogsaverroes.juntadeandalucia.es\/verainqueclase\/files\/2020\/11\/juego-wordwall-diptongos-5-300x165.jpg\"><\/a><\/td>\n<td style=\"width: 33.3333%\"><a href=\"https:\/\/wordwall.net\/es\/resource\/2695168\/diptongos\"><img decoding=\"async\" src=\"https:\/\/blogsaverroes.juntadeandalucia.es\/verainqueclase\/files\/2020\/11\/juego-wordwall-diptongos-6-300x165.jpg\"><\/a><\/td>\n<td style=\"width: 33.3333%\"><a href=\"https:\/\/wordwall.net\/es\/resource\/5295445\/diptongo-hiatos\"><img decoding=\"async\" src=\"https:\/\/blogsaverroes.juntadeandalucia.es\/verainqueclase\/files\/2020\/11\/juego-wordwall-diptongos-7-300x165.jpg\"><\/a><\/td>\n<\/tr>\n<tr>\n<td style=\"width: 33.3333%\"><a href=\"https:\/\/view.genial.ly\/5dab80f0002edc0f67ccc432\/learning-experience-didactic-unit-diptongo-hiato-y-acentuacion\"><img decoding=\"async\" src=\"https:\/\/blogsaverroes.juntadeandalucia.es\/verainqueclase\/files\/2020\/10\/diptongos-e-hiatos-300x142.jpg\"><\/a><\/td>\n<td style=\"width: 33.3333%\">&nbsp;<\/td>\n<td style=\"width: 33.3333%\">&nbsp;<\/td>\n<\/tr>\n<\/tbody>\n<\/table>\n<p>&nbsp;<\/p>\n","protected":false},"excerpt":{"rendered":"<p>En la unidad 3 aprenderemos nuevas cosas: Los sin\u00f3nimos. C\u00f3mo hacer una exposici\u00f3n. Describimos a una persona o un lugar. El adjetivo. El diptongo y el hiato. &nbsp; LOS SIN\u00d3NIMOS &nbsp; &nbsp; LA EXPOSICI\u00d3N.&#46;&#46;&#46;<\/p>\n","protected":false},"author":10823,"featured_media":6652,"parent":61,"menu_order":0,"comment_status":"closed","ping_status":"closed","template":"","meta":{"ngg_post_thumbnail":0,"footnotes":""},"aioseo_notices":[],"_links":{"self":[{"href":"https:\/\/blogsaverroes.juntadeandalucia.es\/verainqueclase\/wp-json\/wp\/v2\/pages\/3060"}],"collection":[{"href":"https:\/\/blogsaverroes.juntadeandalucia.es\/verainqueclase\/wp-json\/wp\/v2\/pages"}],"about":[{"href":"https:\/\/blogsaverroes.juntadeandalucia.es\/verainqueclase\/wp-json\/wp\/v2\/types\/page"}],"author":[{"embeddable":true,"href":"https:\/\/blogsaverroes.juntadeandalucia.es\/verainqueclase\/wp-json\/wp\/v2\/users\/10823"}],"replies":[{"embeddable":true,"href":"https:\/\/blogsaverroes.juntadeandalucia.es\/verainqueclase\/wp-json\/wp\/v2\/comments?post=3060"}],"version-history":[{"count":16,"href":"https:\/\/blogsaverroes.juntadeandalucia.es\/verainqueclase\/wp-json\/wp\/v2\/pages\/3060\/revisions"}],"predecessor-version":[{"id":6655,"href":"https:\/\/blogsaverroes.juntadeandalucia.es\/verainqueclase\/wp-json\/wp\/v2\/pages\/3060\/revisions\/6655"}],"up":[{"embeddable":true,"href":"https:\/\/blogsaverroes.juntadeandalucia.es\/verainqueclase\/wp-json\/wp\/v2\/pages\/61"}],"wp:featuredmedia":[{"embeddable":true,"href":"https:\/\/blogsaverroes.juntadeandalucia.es\/verainqueclase\/wp-json\/wp\/v2\/media\/6652"}],"wp:attachment":[{"href":"https:\/\/blogsaverroes.juntadeandalucia.es\/verainqueclase\/wp-json\/wp\/v2\/media?parent=3060"}],"curies":[{"name":"wp","href":"https:\/\/api.w.org\/{rel}","templated":true}]}}