{"id":3121,"date":"2022-06-20T13:10:45","date_gmt":"2022-06-20T13:10:45","guid":{"rendered":"https:\/\/blogsaverroes.juntadeandalucia.es\/verainqueclase\/?page_id=3121"},"modified":"2025-11-20T22:01:47","modified_gmt":"2025-11-20T22:01:47","slug":"matematicas-4-7-los-numeros-decimales-y-el-dinero","status":"publish","type":"page","link":"https:\/\/blogsaverroes.juntadeandalucia.es\/verainqueclase\/matematicas\/matematicas-4-7-los-numeros-decimales-y-el-dinero\/","title":{"rendered":"Matem\u00e1ticas 4.6: Matem\u00e1ticamente somos iguales."},"content":{"rendered":"<p><img loading=\"lazy\" decoding=\"async\" class=\" wp-image-3122 alignright\" src=\"https:\/\/blogsaverroes.juntadeandalucia.es\/verainqueclase\/files\/2022\/06\/descarga-5-300x300.png\" alt=\"\" width=\"263\" height=\"263\" srcset=\"https:\/\/blogsaverroes.juntadeandalucia.es\/verainqueclase\/files\/2022\/06\/descarga-5-300x300.png 300w, https:\/\/blogsaverroes.juntadeandalucia.es\/verainqueclase\/files\/2022\/06\/descarga-5-150x150.png 150w, https:\/\/blogsaverroes.juntadeandalucia.es\/verainqueclase\/files\/2022\/06\/descarga-5-332x332.png 332w, https:\/\/blogsaverroes.juntadeandalucia.es\/verainqueclase\/files\/2022\/06\/descarga-5-268x268.png 268w, https:\/\/blogsaverroes.juntadeandalucia.es\/verainqueclase\/files\/2022\/06\/descarga-5.png 400w\" sizes=\"(max-width: 263px) 100vw, 263px\" \/>Seguimos aprendiendo cosas nuevas:<\/p>\n<ul>\n<li>Primero averiguaremos la fracci\u00f3n decimal y n\u00famero decimal.<\/li>\n<li>Aprenderemos el uso de monedas y billetes.<\/li>\n<li>Compararemos y ordenaremos decimales.<\/li>\n<li>Aproximaremos n\u00fameros decimales.<\/li>\n<li>Veremos la suma y resta de n\u00fameros decimales.<\/li>\n<li>Y terminaremos con 0peraciones con euros y c\u00e9ntimos.<\/li>\n<\/ul>\n<h4>&nbsp;<\/h4>\n<h4><strong>COMPRENDO LAS UNIDADES DECIMALES<\/strong><\/h4>\n<p><a href=\"https:\/\/view.genial.ly\/63e297c944cc930018561e23\/horizontal-infographic-review-copia-decimales-ordenes-de-unidades\"><img loading=\"lazy\" decoding=\"async\" class=\"alignnone wp-image-3801\" src=\"https:\/\/blogsaverroes.juntadeandalucia.es\/verainqueclase\/files\/2023\/02\/genially-fracciones-y-n\u00fameros-decimales-300x163.jpg\" alt=\"\" width=\"944\" height=\"513\" srcset=\"https:\/\/blogsaverroes.juntadeandalucia.es\/verainqueclase\/files\/2023\/02\/genially-fracciones-y-n\u00fameros-decimales-300x163.jpg 300w, https:\/\/blogsaverroes.juntadeandalucia.es\/verainqueclase\/files\/2023\/02\/genially-fracciones-y-n\u00fameros-decimales-1024x557.jpg 1024w, https:\/\/blogsaverroes.juntadeandalucia.es\/verainqueclase\/files\/2023\/02\/genially-fracciones-y-n\u00fameros-decimales-768x417.jpg 768w, https:\/\/blogsaverroes.juntadeandalucia.es\/verainqueclase\/files\/2023\/02\/genially-fracciones-y-n\u00fameros-decimales-1536x835.jpg 1536w, https:\/\/blogsaverroes.juntadeandalucia.es\/verainqueclase\/files\/2023\/02\/genially-fracciones-y-n\u00fameros-decimales-700x380.jpg 700w, https:\/\/blogsaverroes.juntadeandalucia.es\/verainqueclase\/files\/2023\/02\/genially-fracciones-y-n\u00fameros-decimales-332x180.jpg 332w, https:\/\/blogsaverroes.juntadeandalucia.es\/verainqueclase\/files\/2023\/02\/genially-fracciones-y-n\u00fameros-decimales.jpg 1586w\" sizes=\"(max-width: 944px) 100vw, 944px\" \/><\/a><\/p>\n<table style=\"border-collapse: collapse;width: 100%\">\n<tbody>\n<tr>\n<td style=\"width: 33.3333%\"><a href=\"https:\/\/www.mundoprimaria.com\/juegos-educativos\/mat-num-3-4?path=juegos-premium\/7919\"><img loading=\"lazy\" decoding=\"async\" class=\"alignnone size-medium wp-image-6264\" src=\"https:\/\/blogsaverroes.juntadeandalucia.es\/verainqueclase\/files\/2025\/09\/decimales-300x203.jpg\" alt=\"\" width=\"300\" height=\"203\" srcset=\"https:\/\/blogsaverroes.juntadeandalucia.es\/verainqueclase\/files\/2025\/09\/decimales-300x203.jpg 300w, https:\/\/blogsaverroes.juntadeandalucia.es\/verainqueclase\/files\/2025\/09\/decimales-1024x693.jpg 1024w, https:\/\/blogsaverroes.juntadeandalucia.es\/verainqueclase\/files\/2025\/09\/decimales-768x519.jpg 768w, https:\/\/blogsaverroes.juntadeandalucia.es\/verainqueclase\/files\/2025\/09\/decimales.jpg 1214w\" sizes=\"(max-width: 300px) 100vw, 300px\" \/><\/a><\/td>\n<td style=\"width: 33.3333%\"><a href=\"https:\/\/wordwall.net\/es\/resource\/97258134\/decimales\"><img loading=\"lazy\" decoding=\"async\" class=\"alignnone size-medium wp-image-6056\" src=\"https:\/\/blogsaverroes.juntadeandalucia.es\/verainqueclase\/files\/2025\/09\/juego-habitos-2-300x164.jpg\" alt=\"\" width=\"300\" height=\"164\" srcset=\"https:\/\/blogsaverroes.juntadeandalucia.es\/verainqueclase\/files\/2025\/09\/juego-habitos-2-300x164.jpg 300w, https:\/\/blogsaverroes.juntadeandalucia.es\/verainqueclase\/files\/2025\/09\/juego-habitos-2-1024x559.jpg 1024w, https:\/\/blogsaverroes.juntadeandalucia.es\/verainqueclase\/files\/2025\/09\/juego-habitos-2-768x419.jpg 768w, https:\/\/blogsaverroes.juntadeandalucia.es\/verainqueclase\/files\/2025\/09\/juego-habitos-2.jpg 1294w\" sizes=\"(max-width: 300px) 100vw, 300px\" \/><\/a><\/td>\n<td style=\"width: 33.3333%\"><a href=\"https:\/\/wordwall.net\/es\/resource\/12782511\"><img loading=\"lazy\" decoding=\"async\" class=\"alignnone size-medium wp-image-3829\" src=\"https:\/\/blogsaverroes.juntadeandalucia.es\/verainqueclase\/files\/2023\/02\/juego-fracciones-decimales-300x163.jpg\" alt=\"\" width=\"300\" height=\"163\" srcset=\"https:\/\/blogsaverroes.juntadeandalucia.es\/verainqueclase\/files\/2023\/02\/juego-fracciones-decimales-300x163.jpg 300w, https:\/\/blogsaverroes.juntadeandalucia.es\/verainqueclase\/files\/2023\/02\/juego-fracciones-decimales-1024x557.jpg 1024w, https:\/\/blogsaverroes.juntadeandalucia.es\/verainqueclase\/files\/2023\/02\/juego-fracciones-decimales-768x417.jpg 768w, https:\/\/blogsaverroes.juntadeandalucia.es\/verainqueclase\/files\/2023\/02\/juego-fracciones-decimales-1536x835.jpg 1536w, https:\/\/blogsaverroes.juntadeandalucia.es\/verainqueclase\/files\/2023\/02\/juego-fracciones-decimales-700x380.jpg 700w, https:\/\/blogsaverroes.juntadeandalucia.es\/verainqueclase\/files\/2023\/02\/juego-fracciones-decimales-332x180.jpg 332w, https:\/\/blogsaverroes.juntadeandalucia.es\/verainqueclase\/files\/2023\/02\/juego-fracciones-decimales.jpg 1586w\" sizes=\"(max-width: 300px) 100vw, 300px\" \/><\/a><\/td>\n<\/tr>\n<tr>\n<td style=\"width: 33.3333%\"><a href=\"https:\/\/wordwall.net\/es\/resource\/7695839\/fracciones-y-n%C3%BAmeros-decimales\"><img loading=\"lazy\" decoding=\"async\" class=\"alignnone size-medium wp-image-6271\" src=\"https:\/\/blogsaverroes.juntadeandalucia.es\/verainqueclase\/files\/2025\/09\/decimales-2-300x178.jpg\" alt=\"\" width=\"300\" height=\"178\" srcset=\"https:\/\/blogsaverroes.juntadeandalucia.es\/verainqueclase\/files\/2025\/09\/decimales-2-300x178.jpg 300w, https:\/\/blogsaverroes.juntadeandalucia.es\/verainqueclase\/files\/2025\/09\/decimales-2-1024x606.jpg 1024w, https:\/\/blogsaverroes.juntadeandalucia.es\/verainqueclase\/files\/2025\/09\/decimales-2-768x455.jpg 768w, https:\/\/blogsaverroes.juntadeandalucia.es\/verainqueclase\/files\/2025\/09\/decimales-2.jpg 1287w\" sizes=\"(max-width: 300px) 100vw, 300px\" \/><\/a><\/td>\n<td style=\"width: 33.3333%\"><a href=\"https:\/\/wordwall.net\/es\/resource\/52207303\"><img loading=\"lazy\" decoding=\"async\" class=\"alignnone size-medium wp-image-3827\" src=\"https:\/\/blogsaverroes.juntadeandalucia.es\/verainqueclase\/files\/2023\/02\/juego-n\u00fameros-decimales-2-300x163.jpg\" alt=\"\" width=\"300\" height=\"163\" srcset=\"https:\/\/blogsaverroes.juntadeandalucia.es\/verainqueclase\/files\/2023\/02\/juego-n\u00fameros-decimales-2-300x163.jpg 300w, https:\/\/blogsaverroes.juntadeandalucia.es\/verainqueclase\/files\/2023\/02\/juego-n\u00fameros-decimales-2-1024x557.jpg 1024w, https:\/\/blogsaverroes.juntadeandalucia.es\/verainqueclase\/files\/2023\/02\/juego-n\u00fameros-decimales-2-768x417.jpg 768w, https:\/\/blogsaverroes.juntadeandalucia.es\/verainqueclase\/files\/2023\/02\/juego-n\u00fameros-decimales-2-1536x835.jpg 1536w, https:\/\/blogsaverroes.juntadeandalucia.es\/verainqueclase\/files\/2023\/02\/juego-n\u00fameros-decimales-2-700x380.jpg 700w, https:\/\/blogsaverroes.juntadeandalucia.es\/verainqueclase\/files\/2023\/02\/juego-n\u00fameros-decimales-2-332x180.jpg 332w, https:\/\/blogsaverroes.juntadeandalucia.es\/verainqueclase\/files\/2023\/02\/juego-n\u00fameros-decimales-2.jpg 1586w\" sizes=\"(max-width: 300px) 100vw, 300px\" \/><\/a><\/td>\n<td style=\"width: 33.3333%\">&nbsp;<\/td>\n<\/tr>\n<\/tbody>\n<\/table>\n<h4><strong>CONOZCO LOS N\u00daMEROS DECIMALES<\/strong><\/h4>\n<h4><a href=\"https:\/\/view.genially.com\/657058b8ea3876001435b3a0\/horizontal-infographic-review-decimales-presentacion\"><img loading=\"lazy\" decoding=\"async\" class=\"alignnone  wp-image-6763\" src=\"https:\/\/blogsaverroes.juntadeandalucia.es\/verainqueclase\/files\/2025\/11\/decimales-300x162.jpg\" alt=\"\" width=\"865\" height=\"467\" srcset=\"https:\/\/blogsaverroes.juntadeandalucia.es\/verainqueclase\/files\/2025\/11\/decimales-300x162.jpg 300w, https:\/\/blogsaverroes.juntadeandalucia.es\/verainqueclase\/files\/2025\/11\/decimales-768x414.jpg 768w, https:\/\/blogsaverroes.juntadeandalucia.es\/verainqueclase\/files\/2025\/11\/decimales.jpg 1508w\" sizes=\"(max-width: 865px) 100vw, 865px\" \/><\/a><\/h4>\n<table style=\"border-collapse: collapse;width: 100%\">\n<tbody>\n<tr>\n<td style=\"width: 33.3333%\"><a href=\"https:\/\/www.mundoprimaria.com\/juegos-educativos\/mat-num-3-4?path=juegos-premium\/7919\"><img loading=\"lazy\" decoding=\"async\" class=\"alignnone size-medium wp-image-6264\" src=\"https:\/\/blogsaverroes.juntadeandalucia.es\/verainqueclase\/files\/2025\/09\/decimales-300x203.jpg\" alt=\"\" width=\"300\" height=\"203\" srcset=\"https:\/\/blogsaverroes.juntadeandalucia.es\/verainqueclase\/files\/2025\/09\/decimales-300x203.jpg 300w, https:\/\/blogsaverroes.juntadeandalucia.es\/verainqueclase\/files\/2025\/09\/decimales-1024x693.jpg 1024w, https:\/\/blogsaverroes.juntadeandalucia.es\/verainqueclase\/files\/2025\/09\/decimales-768x519.jpg 768w, https:\/\/blogsaverroes.juntadeandalucia.es\/verainqueclase\/files\/2025\/09\/decimales.jpg 1214w\" sizes=\"(max-width: 300px) 100vw, 300px\" \/><\/a><\/td>\n<td style=\"width: 33.3333%\">&nbsp;<\/td>\n<td style=\"width: 33.3333%\">&nbsp;<\/td>\n<\/tr>\n<\/tbody>\n<\/table>\n<h4><strong>COMPARACI\u00d3N Y ORDENACI\u00d3N DE DECIMALES<\/strong><\/h4>\n<p><img loading=\"lazy\" decoding=\"async\" class=\"\" src=\"https:\/\/blogsaverroes.juntadeandalucia.es\/verainqueclase\/files\/2023\/02\/genially-comparaos-n%C3%BAmeros-decimales-300x163.jpg\" width=\"979\" height=\"532\"><\/p>\n<p>&nbsp;<\/p>\n<table style=\"border-collapse: collapse;width: 100%\">\n<tbody>\n<tr>\n<td style=\"width: 33.3333%\"><a href=\"https:\/\/wordwall.net\/es\/resource\/7480047\/orden-y-comparaci%C3%B3n-de-n-decimales\"><img loading=\"lazy\" decoding=\"async\" class=\"alignnone size-medium wp-image-6270\" src=\"https:\/\/blogsaverroes.juntadeandalucia.es\/verainqueclase\/files\/2025\/09\/dinero-6-300x179.jpg\" alt=\"\" width=\"300\" height=\"179\" srcset=\"https:\/\/blogsaverroes.juntadeandalucia.es\/verainqueclase\/files\/2025\/09\/dinero-6-300x179.jpg 300w, https:\/\/blogsaverroes.juntadeandalucia.es\/verainqueclase\/files\/2025\/09\/dinero-6-1024x612.jpg 1024w, https:\/\/blogsaverroes.juntadeandalucia.es\/verainqueclase\/files\/2025\/09\/dinero-6-768x459.jpg 768w, https:\/\/blogsaverroes.juntadeandalucia.es\/verainqueclase\/files\/2025\/09\/dinero-6.jpg 1287w\" sizes=\"(max-width: 300px) 100vw, 300px\" \/><\/a><\/td>\n<td style=\"width: 33.3333%\"><a href=\"https:\/\/wordwall.net\/es\/resource\/4440128\/n%C3%BAmeros-decimales\"><img loading=\"lazy\" decoding=\"async\" class=\"alignnone size-medium wp-image-6044\" src=\"https:\/\/blogsaverroes.juntadeandalucia.es\/verainqueclase\/files\/2025\/09\/juego-quiz-sho-300x164.jpg\" alt=\"\" width=\"300\" height=\"164\" srcset=\"https:\/\/blogsaverroes.juntadeandalucia.es\/verainqueclase\/files\/2025\/09\/juego-quiz-sho-300x164.jpg 300w, https:\/\/blogsaverroes.juntadeandalucia.es\/verainqueclase\/files\/2025\/09\/juego-quiz-sho-1024x559.jpg 1024w, https:\/\/blogsaverroes.juntadeandalucia.es\/verainqueclase\/files\/2025\/09\/juego-quiz-sho-768x419.jpg 768w, https:\/\/blogsaverroes.juntadeandalucia.es\/verainqueclase\/files\/2025\/09\/juego-quiz-sho.jpg 1284w\" sizes=\"(max-width: 300px) 100vw, 300px\" \/><\/a><\/td>\n<td style=\"width: 33.3333%\"><a href=\"https:\/\/wordwall.net\/es\/resource\/9708447\"><img decoding=\"async\" src=\"https:\/\/blogsaverroes.juntadeandalucia.es\/verainqueclase\/files\/2023\/02\/juego-comparaci%C3%B3n-decimales-4-300x163.jpg\"><\/a><\/td>\n<\/tr>\n<tr>\n<td style=\"width: 33.3333%\"><a href=\"https:\/\/wordwall.net\/es\/resource\/21255378\/comparaci%C3%B3n-de-n%C3%BAmeros-decimales\"><img loading=\"lazy\" decoding=\"async\" class=\"alignnone size-medium wp-image-6274\" src=\"https:\/\/blogsaverroes.juntadeandalucia.es\/verainqueclase\/files\/2025\/09\/decimales-5-300x172.jpg\" alt=\"\" width=\"300\" height=\"172\" srcset=\"https:\/\/blogsaverroes.juntadeandalucia.es\/verainqueclase\/files\/2025\/09\/decimales-5-300x172.jpg 300w, https:\/\/blogsaverroes.juntadeandalucia.es\/verainqueclase\/files\/2025\/09\/decimales-5-1024x588.jpg 1024w, https:\/\/blogsaverroes.juntadeandalucia.es\/verainqueclase\/files\/2025\/09\/decimales-5-768x441.jpg 768w, https:\/\/blogsaverroes.juntadeandalucia.es\/verainqueclase\/files\/2025\/09\/decimales-5.jpg 1285w\" sizes=\"(max-width: 300px) 100vw, 300px\" \/><\/a><\/td>\n<td style=\"width: 33.3333%\">&nbsp;<\/td>\n<td style=\"width: 33.3333%\">&nbsp;<\/td>\n<\/tr>\n<\/tbody>\n<\/table>\n<h4><strong>REPRESENTO N\u00daMEROS DECIMALES EN LA RECTA<\/strong><\/h4>\n<h4>&nbsp;<\/h4>\n<h4><strong>REDONDEO N\u00daMEROS DECIMALES<\/strong><\/h4>\n<p><a href=\"https:\/\/view.genial.ly\/63e2a02c89e9540017ebf648\/horizontal-infographic-review-copia-decimales-aproximar-decimales\"><img loading=\"lazy\" decoding=\"async\" class=\"alignnone wp-image-3807\" src=\"https:\/\/blogsaverroes.juntadeandalucia.es\/verainqueclase\/files\/2023\/02\/genially-aproximaci\u00f3n-n\u00fameros-decimales-300x161.jpg\" alt=\"\" width=\"894\" height=\"480\" srcset=\"https:\/\/blogsaverroes.juntadeandalucia.es\/verainqueclase\/files\/2023\/02\/genially-aproximaci\u00f3n-n\u00fameros-decimales-300x161.jpg 300w, https:\/\/blogsaverroes.juntadeandalucia.es\/verainqueclase\/files\/2023\/02\/genially-aproximaci\u00f3n-n\u00fameros-decimales-1024x550.jpg 1024w, https:\/\/blogsaverroes.juntadeandalucia.es\/verainqueclase\/files\/2023\/02\/genially-aproximaci\u00f3n-n\u00fameros-decimales-768x412.jpg 768w, https:\/\/blogsaverroes.juntadeandalucia.es\/verainqueclase\/files\/2023\/02\/genially-aproximaci\u00f3n-n\u00fameros-decimales-1536x824.jpg 1536w, https:\/\/blogsaverroes.juntadeandalucia.es\/verainqueclase\/files\/2023\/02\/genially-aproximaci\u00f3n-n\u00fameros-decimales-700x376.jpg 700w, https:\/\/blogsaverroes.juntadeandalucia.es\/verainqueclase\/files\/2023\/02\/genially-aproximaci\u00f3n-n\u00fameros-decimales-332x178.jpg 332w, https:\/\/blogsaverroes.juntadeandalucia.es\/verainqueclase\/files\/2023\/02\/genially-aproximaci\u00f3n-n\u00fameros-decimales.jpg 1595w\" sizes=\"(max-width: 894px) 100vw, 894px\" \/><\/a><\/p>\n<table style=\"border-collapse: collapse;width: 100%\">\n<tbody>\n<tr>\n<td style=\"width: 33.3333%\"><a href=\"https:\/\/wordwall.net\/es\/resource\/19353935\/aproximaci%C3%B3n-de-n%C3%BAmeros-decimales\"><img loading=\"lazy\" decoding=\"async\" class=\"alignnone size-medium wp-image-6272\" src=\"https:\/\/blogsaverroes.juntadeandalucia.es\/verainqueclase\/files\/2025\/09\/decimales-3-300x178.jpg\" alt=\"\" width=\"300\" height=\"178\" srcset=\"https:\/\/blogsaverroes.juntadeandalucia.es\/verainqueclase\/files\/2025\/09\/decimales-3-300x178.jpg 300w, https:\/\/blogsaverroes.juntadeandalucia.es\/verainqueclase\/files\/2025\/09\/decimales-3-1024x606.jpg 1024w, https:\/\/blogsaverroes.juntadeandalucia.es\/verainqueclase\/files\/2025\/09\/decimales-3-768x455.jpg 768w, https:\/\/blogsaverroes.juntadeandalucia.es\/verainqueclase\/files\/2025\/09\/decimales-3.jpg 1290w\" sizes=\"(max-width: 300px) 100vw, 300px\" \/><\/a><\/td>\n<td style=\"width: 33.3333%\"><a href=\"https:\/\/wordwall.net\/es\/resource\/27710359\/aproximaci%C3%B3n-de-numeros-decimales\"><img loading=\"lazy\" decoding=\"async\" class=\"alignnone size-medium wp-image-6273\" src=\"https:\/\/blogsaverroes.juntadeandalucia.es\/verainqueclase\/files\/2025\/09\/decimales-4-300x179.jpg\" alt=\"\" width=\"300\" height=\"179\" srcset=\"https:\/\/blogsaverroes.juntadeandalucia.es\/verainqueclase\/files\/2025\/09\/decimales-4-300x179.jpg 300w, https:\/\/blogsaverroes.juntadeandalucia.es\/verainqueclase\/files\/2025\/09\/decimales-4-1024x612.jpg 1024w, https:\/\/blogsaverroes.juntadeandalucia.es\/verainqueclase\/files\/2025\/09\/decimales-4-768x459.jpg 768w, https:\/\/blogsaverroes.juntadeandalucia.es\/verainqueclase\/files\/2025\/09\/decimales-4.jpg 1289w\" sizes=\"(max-width: 300px) 100vw, 300px\" \/><\/a><\/td>\n<td style=\"width: 33.3333%\">&nbsp;<\/td>\n<\/tr>\n<\/tbody>\n<\/table>\n<h4><strong>SUMA Y RESTA DE N\u00daMEROS DECIMALES<\/strong><\/h4>\n<p><a href=\"https:\/\/view.genial.ly\/63e2a1f007d4b7001b055784\/horizontal-infographic-review-copia-decimales-aproximar-decimales-copia\"><img loading=\"lazy\" decoding=\"async\" class=\"alignnone wp-image-3809\" src=\"https:\/\/blogsaverroes.juntadeandalucia.es\/verainqueclase\/files\/2023\/02\/genially-suma-y-resta-de-decimales-300x163.jpg\" alt=\"\" width=\"926\" height=\"503\" srcset=\"https:\/\/blogsaverroes.juntadeandalucia.es\/verainqueclase\/files\/2023\/02\/genially-suma-y-resta-de-decimales-300x163.jpg 300w, https:\/\/blogsaverroes.juntadeandalucia.es\/verainqueclase\/files\/2023\/02\/genially-suma-y-resta-de-decimales-1024x557.jpg 1024w, https:\/\/blogsaverroes.juntadeandalucia.es\/verainqueclase\/files\/2023\/02\/genially-suma-y-resta-de-decimales-768x417.jpg 768w, https:\/\/blogsaverroes.juntadeandalucia.es\/verainqueclase\/files\/2023\/02\/genially-suma-y-resta-de-decimales-1536x835.jpg 1536w, https:\/\/blogsaverroes.juntadeandalucia.es\/verainqueclase\/files\/2023\/02\/genially-suma-y-resta-de-decimales-700x380.jpg 700w, https:\/\/blogsaverroes.juntadeandalucia.es\/verainqueclase\/files\/2023\/02\/genially-suma-y-resta-de-decimales-332x180.jpg 332w, https:\/\/blogsaverroes.juntadeandalucia.es\/verainqueclase\/files\/2023\/02\/genially-suma-y-resta-de-decimales.jpg 1586w\" sizes=\"(max-width: 926px) 100vw, 926px\" \/><\/a><\/p>\n<table style=\"border-collapse: collapse;width: 100%;height: 387px\">\n<tbody>\n<tr style=\"height: 184px\">\n<td style=\"width: 33.3333%;height: 184px\"><a href=\"https:\/\/wordwall.net\/es\/resource\/6153103\/suma-y-resta-con-decimales\"><img loading=\"lazy\" decoding=\"async\" class=\"alignnone size-medium wp-image-6275\" src=\"https:\/\/blogsaverroes.juntadeandalucia.es\/verainqueclase\/files\/2025\/09\/decimales-sumas-y-restas-300x178.jpg\" alt=\"\" width=\"300\" height=\"178\" srcset=\"https:\/\/blogsaverroes.juntadeandalucia.es\/verainqueclase\/files\/2025\/09\/decimales-sumas-y-restas-300x178.jpg 300w, https:\/\/blogsaverroes.juntadeandalucia.es\/verainqueclase\/files\/2025\/09\/decimales-sumas-y-restas-1024x606.jpg 1024w, https:\/\/blogsaverroes.juntadeandalucia.es\/verainqueclase\/files\/2025\/09\/decimales-sumas-y-restas-768x455.jpg 768w, https:\/\/blogsaverroes.juntadeandalucia.es\/verainqueclase\/files\/2025\/09\/decimales-sumas-y-restas.jpg 1292w\" sizes=\"(max-width: 300px) 100vw, 300px\" \/><\/a><\/td>\n<td style=\"width: 33.3333%;height: 184px\"><a href=\"https:\/\/wordwall.net\/es\/resource\/8351212\/suma-y-resta-de-decimales\"><img loading=\"lazy\" decoding=\"async\" class=\"alignnone size-medium wp-image-6276\" src=\"https:\/\/blogsaverroes.juntadeandalucia.es\/verainqueclase\/files\/2025\/09\/decimales-sumas-y-restas-2-300x174.jpg\" alt=\"\" width=\"300\" height=\"174\" srcset=\"https:\/\/blogsaverroes.juntadeandalucia.es\/verainqueclase\/files\/2025\/09\/decimales-sumas-y-restas-2-300x174.jpg 300w, https:\/\/blogsaverroes.juntadeandalucia.es\/verainqueclase\/files\/2025\/09\/decimales-sumas-y-restas-2-1024x595.jpg 1024w, https:\/\/blogsaverroes.juntadeandalucia.es\/verainqueclase\/files\/2025\/09\/decimales-sumas-y-restas-2-768x447.jpg 768w, https:\/\/blogsaverroes.juntadeandalucia.es\/verainqueclase\/files\/2025\/09\/decimales-sumas-y-restas-2.jpg 1290w\" sizes=\"(max-width: 300px) 100vw, 300px\" \/><\/a><\/td>\n<td style=\"width: 33.3333%;height: 184px\"><a href=\"https:\/\/wordwall.net\/es\/resource\/5533577\/c%C3%A1lculos-con-n%C3%BAmeros-decimales-suma-y-resta\"><img loading=\"lazy\" decoding=\"async\" class=\"alignnone size-medium wp-image-6044\" src=\"https:\/\/blogsaverroes.juntadeandalucia.es\/verainqueclase\/files\/2025\/09\/juego-quiz-sho-300x164.jpg\" alt=\"\" width=\"300\" height=\"164\" srcset=\"https:\/\/blogsaverroes.juntadeandalucia.es\/verainqueclase\/files\/2025\/09\/juego-quiz-sho-300x164.jpg 300w, https:\/\/blogsaverroes.juntadeandalucia.es\/verainqueclase\/files\/2025\/09\/juego-quiz-sho-1024x559.jpg 1024w, https:\/\/blogsaverroes.juntadeandalucia.es\/verainqueclase\/files\/2025\/09\/juego-quiz-sho-768x419.jpg 768w, https:\/\/blogsaverroes.juntadeandalucia.es\/verainqueclase\/files\/2025\/09\/juego-quiz-sho.jpg 1284w\" sizes=\"(max-width: 300px) 100vw, 300px\" \/><\/a><\/td>\n<\/tr>\n<tr style=\"height: 203px\">\n<td style=\"width: 33.3333%;height: 203px\"><a href=\"https:\/\/www.cokitos.com\/numeros-decimales-con-el-hamster\/play\/\"><img loading=\"lazy\" decoding=\"async\" class=\"alignnone size-medium wp-image-6277\" src=\"https:\/\/blogsaverroes.juntadeandalucia.es\/verainqueclase\/files\/2025\/09\/decimales-sumas-y-restas-3-300x197.jpg\" alt=\"\" width=\"300\" height=\"197\" srcset=\"https:\/\/blogsaverroes.juntadeandalucia.es\/verainqueclase\/files\/2025\/09\/decimales-sumas-y-restas-3-300x197.jpg 300w, https:\/\/blogsaverroes.juntadeandalucia.es\/verainqueclase\/files\/2025\/09\/decimales-sumas-y-restas-3-1024x672.jpg 1024w, https:\/\/blogsaverroes.juntadeandalucia.es\/verainqueclase\/files\/2025\/09\/decimales-sumas-y-restas-3-768x504.jpg 768w, https:\/\/blogsaverroes.juntadeandalucia.es\/verainqueclase\/files\/2025\/09\/decimales-sumas-y-restas-3.jpg 1280w\" sizes=\"(max-width: 300px) 100vw, 300px\" \/><\/a><\/td>\n<td style=\"width: 33.3333%;height: 203px\"><a href=\"https:\/\/www.cokitos.com\/operaciones-con-decimales\/play\/#google_vignette\"><img loading=\"lazy\" decoding=\"async\" class=\"alignnone size-medium wp-image-6279\" src=\"https:\/\/blogsaverroes.juntadeandalucia.es\/verainqueclase\/files\/2025\/09\/decimales-sumas-y-restas-4-300x193.jpg\" alt=\"\" width=\"300\" height=\"193\" srcset=\"https:\/\/blogsaverroes.juntadeandalucia.es\/verainqueclase\/files\/2025\/09\/decimales-sumas-y-restas-4-300x193.jpg 300w, https:\/\/blogsaverroes.juntadeandalucia.es\/verainqueclase\/files\/2025\/09\/decimales-sumas-y-restas-4-1024x659.jpg 1024w, https:\/\/blogsaverroes.juntadeandalucia.es\/verainqueclase\/files\/2025\/09\/decimales-sumas-y-restas-4-768x494.jpg 768w, https:\/\/blogsaverroes.juntadeandalucia.es\/verainqueclase\/files\/2025\/09\/decimales-sumas-y-restas-4.jpg 1284w\" sizes=\"(max-width: 300px) 100vw, 300px\" \/><\/a><\/td>\n<td style=\"width: 33.3333%;height: 203px\">&nbsp;<\/td>\n<\/tr>\n<\/tbody>\n<\/table>\n<h4>&nbsp;<\/h4>\n","protected":false},"excerpt":{"rendered":"<p>Seguimos aprendiendo cosas nuevas: Primero averiguaremos la fracci\u00f3n decimal y n\u00famero decimal. Aprenderemos el uso de monedas y billetes. Compararemos y ordenaremos decimales. Aproximaremos n\u00fameros decimales. Veremos la suma y resta de n\u00fameros decimales.&#46;&#46;&#46;<\/p>\n","protected":false},"author":10823,"featured_media":3122,"parent":47,"menu_order":0,"comment_status":"closed","ping_status":"closed","template":"","meta":{"ngg_post_thumbnail":0,"footnotes":""},"aioseo_notices":[],"_links":{"self":[{"href":"https:\/\/blogsaverroes.juntadeandalucia.es\/verainqueclase\/wp-json\/wp\/v2\/pages\/3121"}],"collection":[{"href":"https:\/\/blogsaverroes.juntadeandalucia.es\/verainqueclase\/wp-json\/wp\/v2\/pages"}],"about":[{"href":"https:\/\/blogsaverroes.juntadeandalucia.es\/verainqueclase\/wp-json\/wp\/v2\/types\/page"}],"author":[{"embeddable":true,"href":"https:\/\/blogsaverroes.juntadeandalucia.es\/verainqueclase\/wp-json\/wp\/v2\/users\/10823"}],"replies":[{"embeddable":true,"href":"https:\/\/blogsaverroes.juntadeandalucia.es\/verainqueclase\/wp-json\/wp\/v2\/comments?post=3121"}],"version-history":[{"count":13,"href":"https:\/\/blogsaverroes.juntadeandalucia.es\/verainqueclase\/wp-json\/wp\/v2\/pages\/3121\/revisions"}],"predecessor-version":[{"id":6765,"href":"https:\/\/blogsaverroes.juntadeandalucia.es\/verainqueclase\/wp-json\/wp\/v2\/pages\/3121\/revisions\/6765"}],"up":[{"embeddable":true,"href":"https:\/\/blogsaverroes.juntadeandalucia.es\/verainqueclase\/wp-json\/wp\/v2\/pages\/47"}],"wp:featuredmedia":[{"embeddable":true,"href":"https:\/\/blogsaverroes.juntadeandalucia.es\/verainqueclase\/wp-json\/wp\/v2\/media\/3122"}],"wp:attachment":[{"href":"https:\/\/blogsaverroes.juntadeandalucia.es\/verainqueclase\/wp-json\/wp\/v2\/media?parent=3121"}],"curies":[{"name":"wp","href":"https:\/\/api.w.org\/{rel}","templated":true}]}}