{"id":4175,"date":"2023-09-04T14:32:12","date_gmt":"2023-09-04T14:32:12","guid":{"rendered":"https:\/\/blogsaverroes.juntadeandalucia.es\/verainqueclase\/?page_id=4175"},"modified":"2025-09-24T18:17:36","modified_gmt":"2025-09-24T18:17:36","slug":"u-mat-5-5-vida-minuscula","status":"publish","type":"page","link":"https:\/\/blogsaverroes.juntadeandalucia.es\/verainqueclase\/u-mat-5-5-vida-minuscula\/","title":{"rendered":"U. Mat 5.5 Vida min\u00fascula"},"content":{"rendered":"<p><img loading=\"lazy\" decoding=\"async\" class=\" wp-image-4289 alignright\" src=\"https:\/\/blogsaverroes.juntadeandalucia.es\/verainqueclase\/files\/2023\/09\/descarga-4-300x300.png\" alt=\"\" width=\"223\" height=\"223\" srcset=\"https:\/\/blogsaverroes.juntadeandalucia.es\/verainqueclase\/files\/2023\/09\/descarga-4-300x300.png 300w, https:\/\/blogsaverroes.juntadeandalucia.es\/verainqueclase\/files\/2023\/09\/descarga-4-150x150.png 150w, https:\/\/blogsaverroes.juntadeandalucia.es\/verainqueclase\/files\/2023\/09\/descarga-4-332x332.png 332w, https:\/\/blogsaverroes.juntadeandalucia.es\/verainqueclase\/files\/2023\/09\/descarga-4-268x268.png 268w, https:\/\/blogsaverroes.juntadeandalucia.es\/verainqueclase\/files\/2023\/09\/descarga-4.png 400w\" sizes=\"(max-width: 223px) 100vw, 223px\" \/>Comenzamos el segundo trimestre con una unidad nueva, los n\u00fameros decimales.<\/p>\n<ul>\n<li>Comprendo las unidades decimales.<\/li>\n<li>Conozco los n\u00fameros decimales.<\/li>\n<li>Comparo los n\u00fameros decimales.<\/li>\n<li>Represento y aproximo n\u00fameros decimales en la recta.<\/li>\n<\/ul>\n<h4>&nbsp;<\/h4>\n<p><iframe loading=\"lazy\" src=\"\/\/www.youtube.com\/embed\/daau5xW-Yiw\" width=\"560\" height=\"314\"><\/iframe><\/p>\n<h4><strong>Comprendo las unidades decimales.<\/strong><\/h4>\n<p><a href=\"https:\/\/view.genial.ly\/5fce18fd34487c74a6da89dc\/horizontal-infographic-review-decimales-ordenes-de-unidades\"><img loading=\"lazy\" decoding=\"async\" class=\"\" src=\"https:\/\/blogsaverroes.juntadeandalucia.es\/verainqueclase\/files\/2020\/12\/genially-ordenes-decimales-300x167.jpg\" width=\"920\" height=\"512\"><\/a><\/p>\n<table style=\"border-collapse: collapse;width: 100%\">\n<tbody>\n<tr>\n<td style=\"width: 33.3333%\"><a href=\"https:\/\/www.mundoprimaria.com\/recursos-matematicas\/numeros-decimales\"><img loading=\"lazy\" decoding=\"async\" class=\"alignnone wp-image-4651\" src=\"https:\/\/blogsaverroes.juntadeandalucia.es\/verainqueclase\/files\/2023\/12\/juego-decimales-300x209.jpg\" alt=\"\" width=\"181\" height=\"127\" srcset=\"https:\/\/blogsaverroes.juntadeandalucia.es\/verainqueclase\/files\/2023\/12\/juego-decimales-300x209.jpg 300w, https:\/\/blogsaverroes.juntadeandalucia.es\/verainqueclase\/files\/2023\/12\/juego-decimales-1024x712.jpg 1024w, https:\/\/blogsaverroes.juntadeandalucia.es\/verainqueclase\/files\/2023\/12\/juego-decimales-768x534.jpg 768w, https:\/\/blogsaverroes.juntadeandalucia.es\/verainqueclase\/files\/2023\/12\/juego-decimales-700x487.jpg 700w, https:\/\/blogsaverroes.juntadeandalucia.es\/verainqueclase\/files\/2023\/12\/juego-decimales-332x231.jpg 332w, https:\/\/blogsaverroes.juntadeandalucia.es\/verainqueclase\/files\/2023\/12\/juego-decimales.jpg 1093w\" sizes=\"(max-width: 181px) 100vw, 181px\" \/><\/a><\/td>\n<td style=\"width: 33.3333%\"><a href=\"https:\/\/wordwall.net\/es\/resource\/52207303\/matem%c3%a1ticas\/n%c2%ba-decimales\"><img decoding=\"async\" src=\"https:\/\/blogsaverroes.juntadeandalucia.es\/verainqueclase\/files\/2023\/02\/juego-n%C3%BAmeros-decimales-2-300x163.jpg\"><\/a><\/td>\n<td style=\"width: 33.3333%\"><a href=\"https:\/\/www.mundoprimaria.com\/juegos-educativos\/mat-num-4-7?path=juegos-premium\/7835\"><img loading=\"lazy\" decoding=\"async\" class=\"alignnone size-medium wp-image-6117\" src=\"https:\/\/blogsaverroes.juntadeandalucia.es\/verainqueclase\/files\/2025\/09\/fracciones-decimales-300x186.jpg\" alt=\"\" width=\"300\" height=\"186\" srcset=\"https:\/\/blogsaverroes.juntadeandalucia.es\/verainqueclase\/files\/2025\/09\/fracciones-decimales-300x186.jpg 300w, https:\/\/blogsaverroes.juntadeandalucia.es\/verainqueclase\/files\/2025\/09\/fracciones-decimales-1024x634.jpg 1024w, https:\/\/blogsaverroes.juntadeandalucia.es\/verainqueclase\/files\/2025\/09\/fracciones-decimales-768x476.jpg 768w, https:\/\/blogsaverroes.juntadeandalucia.es\/verainqueclase\/files\/2025\/09\/fracciones-decimales.jpg 1317w\" sizes=\"(max-width: 300px) 100vw, 300px\" \/><\/a><\/td>\n<\/tr>\n<tr>\n<td style=\"width: 33.3333%\">&nbsp;<\/td>\n<td style=\"width: 33.3333%\">&nbsp;<\/td>\n<td style=\"width: 33.3333%\">&nbsp;<\/td>\n<\/tr>\n<\/tbody>\n<\/table>\n<h4><strong>Conozco los n\u00fameros decimales.<\/strong><\/h4>\n<p><a href=\"https:\/\/view.genial.ly\/657058b8ea3876001435b3a0\/horizontal-infographic-review-copia-decimales-ordenes-de-unidades\"><img loading=\"lazy\" decoding=\"async\" class=\"alignnone wp-image-4653\" src=\"https:\/\/blogsaverroes.juntadeandalucia.es\/verainqueclase\/files\/2023\/12\/genially-presentaci\u00f3n-300x157.jpg\" alt=\"\" width=\"736\" height=\"385\" srcset=\"https:\/\/blogsaverroes.juntadeandalucia.es\/verainqueclase\/files\/2023\/12\/genially-presentaci\u00f3n-300x157.jpg 300w, https:\/\/blogsaverroes.juntadeandalucia.es\/verainqueclase\/files\/2023\/12\/genially-presentaci\u00f3n-1024x535.jpg 1024w, https:\/\/blogsaverroes.juntadeandalucia.es\/verainqueclase\/files\/2023\/12\/genially-presentaci\u00f3n-768x401.jpg 768w, https:\/\/blogsaverroes.juntadeandalucia.es\/verainqueclase\/files\/2023\/12\/genially-presentaci\u00f3n-1536x802.jpg 1536w, https:\/\/blogsaverroes.juntadeandalucia.es\/verainqueclase\/files\/2023\/12\/genially-presentaci\u00f3n-700x366.jpg 700w, https:\/\/blogsaverroes.juntadeandalucia.es\/verainqueclase\/files\/2023\/12\/genially-presentaci\u00f3n-332x173.jpg 332w, https:\/\/blogsaverroes.juntadeandalucia.es\/verainqueclase\/files\/2023\/12\/genially-presentaci\u00f3n.jpg 1541w\" sizes=\"(max-width: 736px) 100vw, 736px\" \/><\/a><\/p>\n<table style=\"border-collapse: collapse;width: 100%\">\n<tbody>\n<tr>\n<td style=\"width: 33.3333%\"><a href=\"https:\/\/www.mundoprimaria.com\/recursos-matematicas\/numeros-decimales\"><img loading=\"lazy\" decoding=\"async\" class=\"alignnone wp-image-4651\" src=\"https:\/\/blogsaverroes.juntadeandalucia.es\/verainqueclase\/files\/2023\/12\/juego-decimales-300x209.jpg\" alt=\"\" width=\"181\" height=\"127\" srcset=\"https:\/\/blogsaverroes.juntadeandalucia.es\/verainqueclase\/files\/2023\/12\/juego-decimales-300x209.jpg 300w, https:\/\/blogsaverroes.juntadeandalucia.es\/verainqueclase\/files\/2023\/12\/juego-decimales-1024x712.jpg 1024w, https:\/\/blogsaverroes.juntadeandalucia.es\/verainqueclase\/files\/2023\/12\/juego-decimales-768x534.jpg 768w, https:\/\/blogsaverroes.juntadeandalucia.es\/verainqueclase\/files\/2023\/12\/juego-decimales-700x487.jpg 700w, https:\/\/blogsaverroes.juntadeandalucia.es\/verainqueclase\/files\/2023\/12\/juego-decimales-332x231.jpg 332w, https:\/\/blogsaverroes.juntadeandalucia.es\/verainqueclase\/files\/2023\/12\/juego-decimales.jpg 1093w\" sizes=\"(max-width: 181px) 100vw, 181px\" \/><\/a><\/td>\n<td style=\"width: 33.3333%\"><a href=\"https:\/\/wordwall.net\/es\/resource\/15947252\/decimales\"><img decoding=\"async\" src=\"https:\/\/wordwallscreens.azureedge.net\/400\/e96ea0934b9048deafc86d4ff9249a14_0\" alt=\"Decimales\"><\/a><\/td>\n<td style=\"width: 33.3333%\"><a href=\"https:\/\/wordwall.net\/es\/resource\/3534602\/decimales\"><img decoding=\"async\" src=\"https:\/\/wordwallscreens.azureedge.net\/400\/bb0b7931f38649a1ab1f3cbad3ff5f7b_0\" alt=\"Decimales\"><\/a><\/td>\n<\/tr>\n<tr>\n<td style=\"width: 33.3333%\"><a href=\"https:\/\/wordwall.net\/es\/resource\/2553133\/numeros-decimales\"><img decoding=\"async\" src=\"https:\/\/wordwallscreens.azureedge.net\/400\/b79c84dc9c8944c4ade23760c1c37fc4_0\" alt=\"Numeros Decimales\"><\/a><\/td>\n<td style=\"width: 33.3333%\"><a href=\"https:\/\/wordwall.net\/es\/resource\/942126\/empezamos-los-decimales\"><img decoding=\"async\" src=\"https:\/\/wordwallscreens.azureedge.net\/400\/90eb41d06eeb4bbba5a1c1bc0a8bdc02\" alt=\"Empezamos los decimales\"><\/a><\/td>\n<td style=\"width: 33.3333%\"><a href=\"https:\/\/www.mundoprimaria.com\/juegos-educativos\/mat-num-3-4?path=juegos-premium\/7919\"><img decoding=\"async\" src=\"https:\/\/blogsaverroes.juntadeandalucia.es\/verainqueclase\/files\/2025\/09\/juego-decimales-300x217.jpg\"><\/a><\/td>\n<\/tr>\n<tr>\n<td style=\"width: 33.3333%\"><a href=\"https:\/\/www.mundoprimaria.com\/juegos-educativos\/mat-num-5-2?path=juegos-premium\/4094\"><img loading=\"lazy\" decoding=\"async\" class=\"alignnone size-medium wp-image-5961\" src=\"https:\/\/blogsaverroes.juntadeandalucia.es\/verainqueclase\/files\/2025\/09\/juego-decimales-2-300x199.jpg\" alt=\"\" width=\"300\" height=\"199\" srcset=\"https:\/\/blogsaverroes.juntadeandalucia.es\/verainqueclase\/files\/2025\/09\/juego-decimales-2-300x199.jpg 300w, https:\/\/blogsaverroes.juntadeandalucia.es\/verainqueclase\/files\/2025\/09\/juego-decimales-2-768x509.jpg 768w, https:\/\/blogsaverroes.juntadeandalucia.es\/verainqueclase\/files\/2025\/09\/juego-decimales-2.jpg 879w\" sizes=\"(max-width: 300px) 100vw, 300px\" \/><\/a><\/td>\n<td style=\"width: 33.3333%\">&nbsp;<\/td>\n<td style=\"width: 33.3333%\">&nbsp;<\/td>\n<\/tr>\n<\/tbody>\n<\/table>\n<h4><strong>Comparo los n\u00fameros decimales.<\/strong><\/h4>\n<p><a href=\"https:\/\/view.genial.ly\/63e29d92d1f4b6001890f575\/horizontal-infographic-review-47-decimales-comparar-decimales\"><img loading=\"lazy\" decoding=\"async\" class=\"\" src=\"https:\/\/blogsaverroes.juntadeandalucia.es\/verainqueclase\/files\/2023\/02\/genially-comparaos-n%C3%BAmeros-decimales-300x163.jpg\" width=\"696\" height=\"378\"><\/a><\/p>\n<table style=\"border-collapse: collapse;width: 100%\">\n<tbody>\n<tr>\n<td style=\"width: 33.3333%\"><a href=\"https:\/\/wordwall.net\/es\/resource\/9708447\/comparar-n%c3%bameros-decimales\"><img decoding=\"async\" src=\"https:\/\/blogsaverroes.juntadeandalucia.es\/verainqueclase\/files\/2023\/02\/juego-comparaci%C3%B3n-decimales-4-300x163.jpg\"><\/a><\/td>\n<td style=\"width: 33.3333%\"><a href=\"https:\/\/wordwall.net\/es\/resource\/4440128\/n%c3%bameros-decimales\"><img decoding=\"async\" src=\"https:\/\/wordwallscreens.azureedge.net\/400\/9395914ebc2d4eb69aafbf7e4e3113b4_0\" alt=\"N\u00fameros decimales\"><\/a><\/td>\n<td style=\"width: 33.3333%\"><a href=\"https:\/\/wordwall.net\/es\/resource\/2554668\/ordenar-numeros-decimales\"><img decoding=\"async\" src=\"https:\/\/wordwallscreens.azureedge.net\/400\/ceaba251d4de464c9410cd24fbcf46e3_0\" alt=\"Ordenar numeros decimales\"><\/a><\/td>\n<\/tr>\n<tr>\n<td style=\"width: 33.3333%\"><a href=\"https:\/\/www.mundoprimaria.com\/recursos-matematicas\/numeros-decimales\"><img loading=\"lazy\" decoding=\"async\" class=\"alignnone wp-image-4651\" src=\"https:\/\/blogsaverroes.juntadeandalucia.es\/verainqueclase\/files\/2023\/12\/juego-decimales-300x209.jpg\" alt=\"\" width=\"181\" height=\"127\" srcset=\"https:\/\/blogsaverroes.juntadeandalucia.es\/verainqueclase\/files\/2023\/12\/juego-decimales-300x209.jpg 300w, https:\/\/blogsaverroes.juntadeandalucia.es\/verainqueclase\/files\/2023\/12\/juego-decimales-1024x712.jpg 1024w, https:\/\/blogsaverroes.juntadeandalucia.es\/verainqueclase\/files\/2023\/12\/juego-decimales-768x534.jpg 768w, https:\/\/blogsaverroes.juntadeandalucia.es\/verainqueclase\/files\/2023\/12\/juego-decimales-700x487.jpg 700w, https:\/\/blogsaverroes.juntadeandalucia.es\/verainqueclase\/files\/2023\/12\/juego-decimales-332x231.jpg 332w, https:\/\/blogsaverroes.juntadeandalucia.es\/verainqueclase\/files\/2023\/12\/juego-decimales.jpg 1093w\" sizes=\"(max-width: 181px) 100vw, 181px\" \/><\/a><\/td>\n<td style=\"width: 33.3333%\">&nbsp;<\/td>\n<td style=\"width: 33.3333%\">&nbsp;<\/td>\n<\/tr>\n<\/tbody>\n<\/table>\n<h4><strong>Represento y aproximo n\u00fameros decimales en la recta.<\/strong><\/h4>\n<p><a href=\"https:\/\/view.genial.ly\/63e2a02c89e9540017ebf648\/horizontal-infographic-review-47-decimales-aproximar-decimales\"><img loading=\"lazy\" decoding=\"async\" class=\"\" src=\"https:\/\/blogsaverroes.juntadeandalucia.es\/verainqueclase\/files\/2023\/02\/genially-aproximaci%C3%B3n-n%C3%BAmeros-decimales-300x161.jpg\" width=\"768\" height=\"412\"><\/a><\/p>\n<table style=\"border-collapse: collapse;width: 100%\">\n<tbody>\n<tr>\n<td style=\"width: 33.3333%\"><a href=\"https:\/\/www.mundoprimaria.com\/recursos-matematicas\/numeros-decimales\"><img loading=\"lazy\" decoding=\"async\" class=\"alignnone wp-image-4651\" src=\"https:\/\/blogsaverroes.juntadeandalucia.es\/verainqueclase\/files\/2023\/12\/juego-decimales-300x209.jpg\" alt=\"\" width=\"181\" height=\"127\" srcset=\"https:\/\/blogsaverroes.juntadeandalucia.es\/verainqueclase\/files\/2023\/12\/juego-decimales-300x209.jpg 300w, https:\/\/blogsaverroes.juntadeandalucia.es\/verainqueclase\/files\/2023\/12\/juego-decimales-1024x712.jpg 1024w, https:\/\/blogsaverroes.juntadeandalucia.es\/verainqueclase\/files\/2023\/12\/juego-decimales-768x534.jpg 768w, https:\/\/blogsaverroes.juntadeandalucia.es\/verainqueclase\/files\/2023\/12\/juego-decimales-700x487.jpg 700w, https:\/\/blogsaverroes.juntadeandalucia.es\/verainqueclase\/files\/2023\/12\/juego-decimales-332x231.jpg 332w, https:\/\/blogsaverroes.juntadeandalucia.es\/verainqueclase\/files\/2023\/12\/juego-decimales.jpg 1093w\" sizes=\"(max-width: 181px) 100vw, 181px\" \/><\/a><\/td>\n<td style=\"width: 33.3333%\">&nbsp;<\/td>\n<td style=\"width: 33.3333%\">&nbsp;<\/td>\n<\/tr>\n<tr>\n<td style=\"width: 33.3333%\">&nbsp;<\/td>\n<td style=\"width: 33.3333%\">&nbsp;<\/td>\n<td style=\"width: 33.3333%\">&nbsp;<\/td>\n<\/tr>\n<\/tbody>\n<\/table>\n<h4><strong>REPASO<\/strong><\/h4>\n<table style=\"border-collapse: collapse;width: 100%\">\n<tbody>\n<tr>\n<td style=\"width: 33.3333%\"><a href=\"https:\/\/view.genial.ly\/59bd717b2b068d0ca8bfa7bd\/interactive-content-numeros-decimales\"><img loading=\"lazy\" decoding=\"async\" class=\"\" src=\"https:\/\/blogsaverroes.juntadeandalucia.es\/verainqueclase\/files\/2020\/12\/genially-decimales-300x178.jpg\" width=\"929\" height=\"551\"><\/a><\/td>\n<td style=\"width: 33.3333%\"><a href=\"https:\/\/wordwall.net\/es\/resource\/11823297\/decimales\"><img decoding=\"async\" src=\"https:\/\/wordwallscreens.azureedge.net\/400\/3493088d1a93408ca8d69aab2d400f3e_0\" alt=\"DECIMALES\"><\/a><\/td>\n<td style=\"width: 33.3333%\">&nbsp;<\/td>\n<\/tr>\n<tr>\n<td style=\"width: 33.3333%\">&nbsp;<\/td>\n<td style=\"width: 33.3333%\">&nbsp;<\/td>\n<td style=\"width: 33.3333%\">&nbsp;<\/td>\n<\/tr>\n<\/tbody>\n<\/table>\n<p>&nbsp;<\/p>\n","protected":false},"excerpt":{"rendered":"<p>Comenzamos el segundo trimestre con una unidad nueva, los n\u00fameros decimales. Comprendo las unidades decimales. Conozco los n\u00fameros decimales. Comparo los n\u00fameros decimales. Represento y aproximo n\u00fameros decimales en la recta. &nbsp; Comprendo las&#46;&#46;&#46;<\/p>\n","protected":false},"author":10823,"featured_media":4289,"parent":0,"menu_order":0,"comment_status":"closed","ping_status":"closed","template":"","meta":{"ngg_post_thumbnail":0,"footnotes":""},"aioseo_notices":[],"_links":{"self":[{"href":"https:\/\/blogsaverroes.juntadeandalucia.es\/verainqueclase\/wp-json\/wp\/v2\/pages\/4175"}],"collection":[{"href":"https:\/\/blogsaverroes.juntadeandalucia.es\/verainqueclase\/wp-json\/wp\/v2\/pages"}],"about":[{"href":"https:\/\/blogsaverroes.juntadeandalucia.es\/verainqueclase\/wp-json\/wp\/v2\/types\/page"}],"author":[{"embeddable":true,"href":"https:\/\/blogsaverroes.juntadeandalucia.es\/verainqueclase\/wp-json\/wp\/v2\/users\/10823"}],"replies":[{"embeddable":true,"href":"https:\/\/blogsaverroes.juntadeandalucia.es\/verainqueclase\/wp-json\/wp\/v2\/comments?post=4175"}],"version-history":[{"count":10,"href":"https:\/\/blogsaverroes.juntadeandalucia.es\/verainqueclase\/wp-json\/wp\/v2\/pages\/4175\/revisions"}],"predecessor-version":[{"id":6118,"href":"https:\/\/blogsaverroes.juntadeandalucia.es\/verainqueclase\/wp-json\/wp\/v2\/pages\/4175\/revisions\/6118"}],"wp:featuredmedia":[{"embeddable":true,"href":"https:\/\/blogsaverroes.juntadeandalucia.es\/verainqueclase\/wp-json\/wp\/v2\/media\/4289"}],"wp:attachment":[{"href":"https:\/\/blogsaverroes.juntadeandalucia.es\/verainqueclase\/wp-json\/wp\/v2\/media?parent=4175"}],"curies":[{"name":"wp","href":"https:\/\/api.w.org\/{rel}","templated":true}]}}