{"id":4208,"date":"2023-09-04T14:46:53","date_gmt":"2023-09-04T14:46:53","guid":{"rendered":"https:\/\/blogsaverroes.juntadeandalucia.es\/verainqueclase\/?page_id=4208"},"modified":"2025-11-08T15:28:03","modified_gmt":"2025-11-08T15:28:03","slug":"u-leng-5-4-me-gusta-aprender","status":"publish","type":"page","link":"https:\/\/blogsaverroes.juntadeandalucia.es\/verainqueclase\/u-leng-5-4-me-gusta-aprender\/","title":{"rendered":"U. Leng 5.4 Me gusta aprender"},"content":{"rendered":"<p><img loading=\"lazy\" decoding=\"async\" class=\" wp-image-4323 alignright\" src=\"https:\/\/blogsaverroes.juntadeandalucia.es\/verainqueclase\/files\/2023\/09\/5fdc0bd7-78c4-4804-b14a-9b1070636021-75e5587b-cfa9-4ba0-9aab-55fcc1e05567-v1-300x300.png\" alt=\"\" width=\"234\" height=\"234\" srcset=\"https:\/\/blogsaverroes.juntadeandalucia.es\/verainqueclase\/files\/2023\/09\/5fdc0bd7-78c4-4804-b14a-9b1070636021-75e5587b-cfa9-4ba0-9aab-55fcc1e05567-v1-300x300.png 300w, https:\/\/blogsaverroes.juntadeandalucia.es\/verainqueclase\/files\/2023\/09\/5fdc0bd7-78c4-4804-b14a-9b1070636021-75e5587b-cfa9-4ba0-9aab-55fcc1e05567-v1-150x150.png 150w, https:\/\/blogsaverroes.juntadeandalucia.es\/verainqueclase\/files\/2023\/09\/5fdc0bd7-78c4-4804-b14a-9b1070636021-75e5587b-cfa9-4ba0-9aab-55fcc1e05567-v1-332x332.png 332w, https:\/\/blogsaverroes.juntadeandalucia.es\/verainqueclase\/files\/2023\/09\/5fdc0bd7-78c4-4804-b14a-9b1070636021-75e5587b-cfa9-4ba0-9aab-55fcc1e05567-v1-268x268.png 268w, https:\/\/blogsaverroes.juntadeandalucia.es\/verainqueclase\/files\/2023\/09\/5fdc0bd7-78c4-4804-b14a-9b1070636021-75e5587b-cfa9-4ba0-9aab-55fcc1e05567-v1.png 398w\" sizes=\"(max-width: 234px) 100vw, 234px\" \/>Terminamos el trimestre con la unidad 4. En ella partiremos de un texto descriptivo para realizar nuestros aprendizajes.<\/p>\n<ul>\n<li>Recordaremos los sin\u00f3nimos y los ant\u00f3nimos.<\/li>\n<li>Describiremos un objeto y una persona.<\/li>\n<li>Aprenderemos a reconocer los adjetivos y clasificarlos seg\u00fan su grado.<\/li>\n<li>En ortograf\u00eda recordaremos el uso de la coma, el punto y la may\u00fascula.<\/li>\n<\/ul>\n<h4><strong>Los sin\u00f3nimos y los ant\u00f3nimos.<\/strong><\/h4>\n<p><a href=\"https:\/\/view.genially.com\/68ff9a6025a5f102fbe432a9\/horizontal-infographic-lists-sinonimos-y-antonimos\"><img loading=\"lazy\" decoding=\"async\" class=\"\" src=\"https:\/\/blogsaverroes.juntadeandalucia.es\/verainqueclase\/files\/2021\/08\/genially-sin%C3%B3nimos-y-ant%C3%B3nimos-300x168.jpg\" width=\"964\" height=\"540\"><\/a><\/p>\n<table style=\"border-collapse: collapse;width: 100%\">\n<tbody>\n<tr>\n<td style=\"width: 33.3333%;text-align: center\"><a href=\"https:\/\/wordwall.net\/es\/resource\/9328749\/reading\/sinonimos-y-antonimos\"><img loading=\"lazy\" decoding=\"async\" class=\"alignnone size-medium wp-image-5744\" src=\"https:\/\/blogsaverroes.juntadeandalucia.es\/verainqueclase\/files\/2025\/08\/juego-sinonimos-y-antonimos-300x190.jpg\" alt=\"\" width=\"300\" height=\"190\" srcset=\"https:\/\/blogsaverroes.juntadeandalucia.es\/verainqueclase\/files\/2025\/08\/juego-sinonimos-y-antonimos-300x190.jpg 300w, https:\/\/blogsaverroes.juntadeandalucia.es\/verainqueclase\/files\/2025\/08\/juego-sinonimos-y-antonimos-1024x647.jpg 1024w, https:\/\/blogsaverroes.juntadeandalucia.es\/verainqueclase\/files\/2025\/08\/juego-sinonimos-y-antonimos-768x486.jpg 768w, https:\/\/blogsaverroes.juntadeandalucia.es\/verainqueclase\/files\/2025\/08\/juego-sinonimos-y-antonimos.jpg 1289w\" sizes=\"(max-width: 300px) 100vw, 300px\" \/><\/a><\/td>\n<td style=\"width: 33.3333%\"><a href=\"https:\/\/wordwall.net\/es\/resource\/62609915\/sinonimos-y-antonimos-\"><img loading=\"lazy\" decoding=\"async\" class=\"size-medium wp-image-5745 aligncenter\" src=\"https:\/\/blogsaverroes.juntadeandalucia.es\/verainqueclase\/files\/2025\/08\/juego-sinonimos-y-antonimos-2-300x190.jpg\" alt=\"\" width=\"300\" height=\"190\" srcset=\"https:\/\/blogsaverroes.juntadeandalucia.es\/verainqueclase\/files\/2025\/08\/juego-sinonimos-y-antonimos-2-300x190.jpg 300w, https:\/\/blogsaverroes.juntadeandalucia.es\/verainqueclase\/files\/2025\/08\/juego-sinonimos-y-antonimos-2-1024x647.jpg 1024w, https:\/\/blogsaverroes.juntadeandalucia.es\/verainqueclase\/files\/2025\/08\/juego-sinonimos-y-antonimos-2-768x486.jpg 768w, https:\/\/blogsaverroes.juntadeandalucia.es\/verainqueclase\/files\/2025\/08\/juego-sinonimos-y-antonimos-2.jpg 1289w\" sizes=\"(max-width: 300px) 100vw, 300px\" \/><\/a><\/td>\n<td style=\"width: 33.3333%\"><a href=\"https:\/\/www.cokitos.com\/pasapalabra-con-sinonimos\/play\/\"><img loading=\"lazy\" decoding=\"async\" class=\"size-medium wp-image-5748 aligncenter\" src=\"https:\/\/blogsaverroes.juntadeandalucia.es\/verainqueclase\/files\/2025\/08\/juego-sinonimos-y-antonimos-5-300x190.jpg\" alt=\"\" width=\"300\" height=\"190\" srcset=\"https:\/\/blogsaverroes.juntadeandalucia.es\/verainqueclase\/files\/2025\/08\/juego-sinonimos-y-antonimos-5-300x190.jpg 300w, https:\/\/blogsaverroes.juntadeandalucia.es\/verainqueclase\/files\/2025\/08\/juego-sinonimos-y-antonimos-5-1024x647.jpg 1024w, https:\/\/blogsaverroes.juntadeandalucia.es\/verainqueclase\/files\/2025\/08\/juego-sinonimos-y-antonimos-5-768x486.jpg 768w, https:\/\/blogsaverroes.juntadeandalucia.es\/verainqueclase\/files\/2025\/08\/juego-sinonimos-y-antonimos-5.jpg 1289w\" sizes=\"(max-width: 300px) 100vw, 300px\" \/><\/a><\/td>\n<\/tr>\n<tr>\n<td style=\"width: 33.3333%\"><a href=\"https:\/\/wordwall.net\/es\/resource\/16401804\/spanish\/antonimos\"><img loading=\"lazy\" decoding=\"async\" class=\"size-medium wp-image-5746 aligncenter\" src=\"https:\/\/blogsaverroes.juntadeandalucia.es\/verainqueclase\/files\/2025\/08\/juego-sinonimos-y-antonimos-3-300x190.jpg\" alt=\"\" width=\"300\" height=\"190\" srcset=\"https:\/\/blogsaverroes.juntadeandalucia.es\/verainqueclase\/files\/2025\/08\/juego-sinonimos-y-antonimos-3-300x190.jpg 300w, https:\/\/blogsaverroes.juntadeandalucia.es\/verainqueclase\/files\/2025\/08\/juego-sinonimos-y-antonimos-3-1024x647.jpg 1024w, https:\/\/blogsaverroes.juntadeandalucia.es\/verainqueclase\/files\/2025\/08\/juego-sinonimos-y-antonimos-3-768x486.jpg 768w, https:\/\/blogsaverroes.juntadeandalucia.es\/verainqueclase\/files\/2025\/08\/juego-sinonimos-y-antonimos-3.jpg 1289w\" sizes=\"(max-width: 300px) 100vw, 300px\" \/><\/a><\/td>\n<td style=\"width: 33.3333%\"><a href=\"https:\/\/wordwall.net\/es\/resource\/15622882\/antonimos\"><img loading=\"lazy\" decoding=\"async\" class=\"size-medium wp-image-5747 aligncenter\" src=\"https:\/\/blogsaverroes.juntadeandalucia.es\/verainqueclase\/files\/2025\/08\/juego-sinonimos-y-antonimos-4-300x190.jpg\" alt=\"\" width=\"300\" height=\"190\" srcset=\"https:\/\/blogsaverroes.juntadeandalucia.es\/verainqueclase\/files\/2025\/08\/juego-sinonimos-y-antonimos-4-300x190.jpg 300w, https:\/\/blogsaverroes.juntadeandalucia.es\/verainqueclase\/files\/2025\/08\/juego-sinonimos-y-antonimos-4-1024x647.jpg 1024w, https:\/\/blogsaverroes.juntadeandalucia.es\/verainqueclase\/files\/2025\/08\/juego-sinonimos-y-antonimos-4-768x486.jpg 768w, https:\/\/blogsaverroes.juntadeandalucia.es\/verainqueclase\/files\/2025\/08\/juego-sinonimos-y-antonimos-4.jpg 1289w\" sizes=\"(max-width: 300px) 100vw, 300px\" \/><\/a><\/td>\n<td style=\"width: 33.3333%;text-align: center\"><a href=\"https:\/\/view.genial.ly\/5c7d4f215d0e4e575e25b2f7\/interactive-content-sinonimos\"><img decoding=\"async\" src=\"https:\/\/blogsaverroes.juntadeandalucia.es\/verainqueclase\/files\/2021\/08\/juego-sin%C3%B3nimos-2-300x168.jpg\"><\/a><\/td>\n<\/tr>\n<\/tbody>\n<\/table>\n<h4><strong>Describir un objeto y una persona.<\/strong><\/h4>\n<p><a href=\"https:\/\/view.genially.com\/6905f11e6df3f13d32db6a3c\/horizontal-infographic-review-54-la-descripcion\"><img loading=\"lazy\" decoding=\"async\" class=\"\" src=\"https:\/\/blogsaverroes.juntadeandalucia.es\/verainqueclase\/files\/2022\/08\/genially-descripci%C3%B3n-300x170.jpg\" width=\"961\" height=\"545\"><\/a><\/p>\n<table style=\"border-collapse: collapse;width: 100%\">\n<tbody>\n<tr>\n<td style=\"width: 33.3333%\">&nbsp;<\/td>\n<td style=\"width: 33.3333%\">&nbsp;<\/td>\n<td style=\"width: 33.3333%\">&nbsp;<\/td>\n<\/tr>\n<\/tbody>\n<\/table>\n<h4><strong>Los adjetivos.<\/strong><\/h4>\n<p><a href=\"https:\/\/view.genially.com\/6905f2683fd7e2c42086509a\/horizontal-infographic-lists-grados-del-adjetivo\"><img loading=\"lazy\" decoding=\"async\" class=\"\" src=\"https:\/\/blogsaverroes.juntadeandalucia.es\/verainqueclase\/files\/2020\/10\/grados-del-adjetivo-300x149.jpg\" width=\"989\" height=\"491\"><\/a><\/p>\n<table style=\"border-collapse: collapse;width: 100%\">\n<tbody>\n<tr>\n<td style=\"width: 33.3333%;text-align: center\"><a href=\"https:\/\/wordwall.net\/es\/resource\/1455933\/nombre-adjetivo\"><img decoding=\"async\" src=\"https:\/\/blogsaverroes.juntadeandalucia.es\/verainqueclase\/files\/2020\/11\/juego-adjetivos-y-sustantivos-300x166.jpg\"><\/a><\/td>\n<td style=\"width: 33.3333%\"><a href=\"https:\/\/www.cokitos.com\/identificar-adjetivos-para-ninos\/play\/#google_vignette\"><img loading=\"lazy\" decoding=\"async\" class=\"size-medium wp-image-5750 aligncenter\" src=\"https:\/\/blogsaverroes.juntadeandalucia.es\/verainqueclase\/files\/2025\/08\/juego-adjetivos-2-300x190.jpg\" alt=\"\" width=\"300\" height=\"190\" srcset=\"https:\/\/blogsaverroes.juntadeandalucia.es\/verainqueclase\/files\/2025\/08\/juego-adjetivos-2-300x190.jpg 300w, https:\/\/blogsaverroes.juntadeandalucia.es\/verainqueclase\/files\/2025\/08\/juego-adjetivos-2-1024x647.jpg 1024w, https:\/\/blogsaverroes.juntadeandalucia.es\/verainqueclase\/files\/2025\/08\/juego-adjetivos-2-768x486.jpg 768w, https:\/\/blogsaverroes.juntadeandalucia.es\/verainqueclase\/files\/2025\/08\/juego-adjetivos-2.jpg 1289w\" sizes=\"(max-width: 300px) 100vw, 300px\" \/><\/a><\/td>\n<td style=\"width: 33.3333%\"><a href=\"https:\/\/wordwall.net\/es\/resource\/28989422\/los-grados-del-adjetivo\"><img loading=\"lazy\" decoding=\"async\" class=\"size-medium wp-image-5751 aligncenter\" src=\"https:\/\/blogsaverroes.juntadeandalucia.es\/verainqueclase\/files\/2025\/08\/juego-adjetivos-3-300x190.jpg\" alt=\"\" width=\"300\" height=\"190\" srcset=\"https:\/\/blogsaverroes.juntadeandalucia.es\/verainqueclase\/files\/2025\/08\/juego-adjetivos-3-300x190.jpg 300w, https:\/\/blogsaverroes.juntadeandalucia.es\/verainqueclase\/files\/2025\/08\/juego-adjetivos-3-1024x647.jpg 1024w, https:\/\/blogsaverroes.juntadeandalucia.es\/verainqueclase\/files\/2025\/08\/juego-adjetivos-3-768x486.jpg 768w, https:\/\/blogsaverroes.juntadeandalucia.es\/verainqueclase\/files\/2025\/08\/juego-adjetivos-3.jpg 1289w\" sizes=\"(max-width: 300px) 100vw, 300px\" \/><\/a><\/td>\n<\/tr>\n<tr>\n<td style=\"width: 33.3333%\"><a href=\"https:\/\/wordwall.net\/es\/resource\/2162792\/el-adjetivo\"><img decoding=\"async\" src=\"https:\/\/blogsaverroes.juntadeandalucia.es\/verainqueclase\/files\/2020\/11\/juego-adjetivos-300x166.jpg\"><\/a><\/td>\n<td style=\"width: 33.3333%\"><a href=\"https:\/\/wordwall.net\/es\/resource\/2744373\/el-adjetivo\"><img decoding=\"async\" src=\"https:\/\/blogsaverroes.juntadeandalucia.es\/verainqueclase\/files\/2020\/11\/juego-adjetivos-2-300x166.jpg\"><\/a><\/td>\n<td style=\"width: 33.3333%\"><a href=\"https:\/\/wordwall.net\/es\/resource\/2768425\/primaria\/adjetivos\"><img decoding=\"async\" src=\"https:\/\/blogsaverroes.juntadeandalucia.es\/verainqueclase\/files\/2020\/11\/juego-adjetivos-ahorcado-300x166.jpg\"><\/a><\/td>\n<\/tr>\n<tr>\n<td style=\"width: 33.3333%\"><a href=\"https:\/\/wordwall.net\/es\/resource\/1531775\/come-adjetivos\"><img decoding=\"async\" src=\"https:\/\/blogsaverroes.juntadeandalucia.es\/verainqueclase\/files\/2020\/11\/juego-adjetivos-comecocos-300x166.jpg\"><\/a><\/td>\n<td style=\"width: 33.3333%\"><a href=\"https:\/\/wordwall.net\/es\/resource\/24207730\/reconoce-los-grados-de-los-adjetivos-cst-le%C3%B3n-5%C2%BA-ep\"><img loading=\"lazy\" decoding=\"async\" class=\"size-medium wp-image-5749 aligncenter\" src=\"https:\/\/blogsaverroes.juntadeandalucia.es\/verainqueclase\/files\/2025\/08\/juego-adjetivos-300x190.jpg\" alt=\"\" width=\"300\" height=\"190\" srcset=\"https:\/\/blogsaverroes.juntadeandalucia.es\/verainqueclase\/files\/2025\/08\/juego-adjetivos-300x190.jpg 300w, https:\/\/blogsaverroes.juntadeandalucia.es\/verainqueclase\/files\/2025\/08\/juego-adjetivos-1024x647.jpg 1024w, https:\/\/blogsaverroes.juntadeandalucia.es\/verainqueclase\/files\/2025\/08\/juego-adjetivos-768x486.jpg 768w, https:\/\/blogsaverroes.juntadeandalucia.es\/verainqueclase\/files\/2025\/08\/juego-adjetivos.jpg 1289w\" sizes=\"(max-width: 300px) 100vw, 300px\" \/><\/a><\/td>\n<td style=\"width: 33.3333%\"><a href=\"https:\/\/wordwall.net\/es\/resource\/7158988\/len-u3-adjetivos-con-1-o-2-formas\"><img decoding=\"async\" src=\"https:\/\/blogsaverroes.juntadeandalucia.es\/verainqueclase\/files\/2020\/11\/juego-adjetivos-2-terminaciones-300x166.jpg\"><\/a><\/td>\n<\/tr>\n<tr>\n<td style=\"width: 33.3333%\"><a href=\"https:\/\/wordwall.net\/es\/resource\/2768425\/primaria\/adjetivos\"><img decoding=\"async\" src=\"https:\/\/blogsaverroes.juntadeandalucia.es\/verainqueclase\/files\/2021\/08\/juego-adjetivos-3-300x151.jpg\"><\/a><\/td>\n<td style=\"width: 33.3333%\"><a href=\"https:\/\/wordwall.net\/es\/resource\/2101622\/adjetivos\"><img decoding=\"async\" src=\"https:\/\/blogsaverroes.juntadeandalucia.es\/verainqueclase\/files\/2021\/08\/juego-adjetivos-5-300x151.jpg\"><\/a><\/td>\n<td style=\"width: 33.3333%\"><a href=\"https:\/\/wordwall.net\/es\/resource\/2728278\/adjetivos\"><img decoding=\"async\" src=\"https:\/\/blogsaverroes.juntadeandalucia.es\/verainqueclase\/files\/2021\/08\/juego-adjetivos-6-300x151.jpg\"><\/a><\/td>\n<\/tr>\n<tr>\n<td style=\"width: 33.3333%\">&nbsp;<\/td>\n<td style=\"width: 33.3333%\"><a href=\"https:\/\/view.genial.ly\/5ddc25d57f3e520f3c11abe3\/game-adjetivos\"><img decoding=\"async\" src=\"https:\/\/blogsaverroes.juntadeandalucia.es\/verainqueclase\/files\/2021\/08\/juego-adjetivos-9-300x151.jpg\"><\/a><\/td>\n<td style=\"width: 33.3333%\"><a href=\"https:\/\/view.genial.ly\/5ddb6d6583e23a0faa51e543\/game-adjetivo-01\"><img decoding=\"async\" src=\"https:\/\/blogsaverroes.juntadeandalucia.es\/verainqueclase\/files\/2021\/08\/juego-adjetivos-8-300x151.jpg\"><\/a><\/td>\n<\/tr>\n<tr>\n<td style=\"width: 33.3333%;text-align: center\"><a href=\"https:\/\/www.mundoprimaria.com\/juegos-educativos\/lengua-gra-4-1?path=juegos-premium\/7485\"><img loading=\"lazy\" decoding=\"async\" class=\"alignnone size-medium wp-image-5791\" src=\"https:\/\/blogsaverroes.juntadeandalucia.es\/verainqueclase\/files\/2025\/08\/juego-adjetivos-4-300x190.jpg\" alt=\"\" width=\"300\" height=\"190\" srcset=\"https:\/\/blogsaverroes.juntadeandalucia.es\/verainqueclase\/files\/2025\/08\/juego-adjetivos-4-300x190.jpg 300w, https:\/\/blogsaverroes.juntadeandalucia.es\/verainqueclase\/files\/2025\/08\/juego-adjetivos-4-1024x647.jpg 1024w, https:\/\/blogsaverroes.juntadeandalucia.es\/verainqueclase\/files\/2025\/08\/juego-adjetivos-4-768x486.jpg 768w, https:\/\/blogsaverroes.juntadeandalucia.es\/verainqueclase\/files\/2025\/08\/juego-adjetivos-4.jpg 1289w\" sizes=\"(max-width: 300px) 100vw, 300px\" \/><\/a><\/td>\n<td style=\"width: 33.3333%\"><a href=\"https:\/\/view.genial.ly\/5dcfeaf260277e0f6fe0f0f1\/presentation-lengua-categorias-gramaticales\"><img decoding=\"async\" src=\"https:\/\/blogsaverroes.juntadeandalucia.es\/verainqueclase\/files\/2020\/10\/el-adjetivo-300x171.jpg\"><\/a><\/td>\n<td style=\"width: 33.3333%\">&nbsp;<\/td>\n<\/tr>\n<\/tbody>\n<\/table>\n<h4><strong>La coma, el punto y la may\u00fascula.<\/strong><\/h4>\n<p><a href=\"https:\/\/view.genially.com\/68ffbaff7dbd3b4e90a2595e\/horizontal-infographic-lists-44-el-punto-y-la-coma\"><img loading=\"lazy\" decoding=\"async\" class=\"\" src=\"https:\/\/blogsaverroes.juntadeandalucia.es\/verainqueclase\/files\/2022\/08\/genially-punto-y-la-coma-300x170.jpg\" width=\"785\" height=\"445\"><\/a><\/p>\n<table style=\"border-collapse: collapse;width: 100%\">\n<tbody>\n<tr>\n<td style=\"width: 33.3333%\"><a href=\"https:\/\/wordwall.net\/es\/resource\/60853946\/el-punto\"><img loading=\"lazy\" decoding=\"async\" class=\"size-medium wp-image-5728 aligncenter\" src=\"https:\/\/blogsaverroes.juntadeandalucia.es\/verainqueclase\/files\/2025\/08\/juego-silabas-tonica-300x190.jpg\" alt=\"\" width=\"300\" height=\"190\" srcset=\"https:\/\/blogsaverroes.juntadeandalucia.es\/verainqueclase\/files\/2025\/08\/juego-silabas-tonica-300x190.jpg 300w, https:\/\/blogsaverroes.juntadeandalucia.es\/verainqueclase\/files\/2025\/08\/juego-silabas-tonica-1024x647.jpg 1024w, https:\/\/blogsaverroes.juntadeandalucia.es\/verainqueclase\/files\/2025\/08\/juego-silabas-tonica-768x486.jpg 768w, https:\/\/blogsaverroes.juntadeandalucia.es\/verainqueclase\/files\/2025\/08\/juego-silabas-tonica.jpg 1289w\" sizes=\"(max-width: 300px) 100vw, 300px\" \/><\/a><\/td>\n<td style=\"width: 33.3333%;text-align: center\"><a href=\"https:\/\/wordwall.net\/es\/resource\/3829607\/uso-de-la-coma\"><img loading=\"lazy\" decoding=\"async\" class=\"alignnone size-medium wp-image-5752\" src=\"https:\/\/blogsaverroes.juntadeandalucia.es\/verainqueclase\/files\/2025\/08\/juego-la-coma-300x190.jpg\" alt=\"\" width=\"300\" height=\"190\" srcset=\"https:\/\/blogsaverroes.juntadeandalucia.es\/verainqueclase\/files\/2025\/08\/juego-la-coma-300x190.jpg 300w, https:\/\/blogsaverroes.juntadeandalucia.es\/verainqueclase\/files\/2025\/08\/juego-la-coma-1024x647.jpg 1024w, https:\/\/blogsaverroes.juntadeandalucia.es\/verainqueclase\/files\/2025\/08\/juego-la-coma-768x486.jpg 768w, https:\/\/blogsaverroes.juntadeandalucia.es\/verainqueclase\/files\/2025\/08\/juego-la-coma.jpg 1289w\" sizes=\"(max-width: 300px) 100vw, 300px\" \/><\/a><\/td>\n<td style=\"width: 33.3333%\"><a href=\"https:\/\/wordwall.net\/es\/resource\/4491423\/usos-del-punto-y-de-la-coma\"><img loading=\"lazy\" decoding=\"async\" class=\"size-medium wp-image-5753 aligncenter\" src=\"https:\/\/blogsaverroes.juntadeandalucia.es\/verainqueclase\/files\/2025\/08\/juego-la-coma-2-300x190.jpg\" alt=\"\" width=\"300\" height=\"190\" srcset=\"https:\/\/blogsaverroes.juntadeandalucia.es\/verainqueclase\/files\/2025\/08\/juego-la-coma-2-300x190.jpg 300w, https:\/\/blogsaverroes.juntadeandalucia.es\/verainqueclase\/files\/2025\/08\/juego-la-coma-2-1024x647.jpg 1024w, https:\/\/blogsaverroes.juntadeandalucia.es\/verainqueclase\/files\/2025\/08\/juego-la-coma-2-768x486.jpg 768w, https:\/\/blogsaverroes.juntadeandalucia.es\/verainqueclase\/files\/2025\/08\/juego-la-coma-2.jpg 1289w\" sizes=\"(max-width: 300px) 100vw, 300px\" \/><\/a><\/td>\n<\/tr>\n<tr>\n<td style=\"width: 33.3333%;text-align: center\"><a href=\"https:\/\/wordwall.net\/es\/resource\/19059776\/5a-la-coma-est%C3%A1-utilizada-correctamente\"><img loading=\"lazy\" decoding=\"async\" class=\"alignnone size-medium wp-image-5754\" src=\"https:\/\/blogsaverroes.juntadeandalucia.es\/verainqueclase\/files\/2025\/08\/juego-la-coma-3-300x190.jpg\" alt=\"\" width=\"300\" height=\"190\" srcset=\"https:\/\/blogsaverroes.juntadeandalucia.es\/verainqueclase\/files\/2025\/08\/juego-la-coma-3-300x190.jpg 300w, https:\/\/blogsaverroes.juntadeandalucia.es\/verainqueclase\/files\/2025\/08\/juego-la-coma-3-1024x647.jpg 1024w, https:\/\/blogsaverroes.juntadeandalucia.es\/verainqueclase\/files\/2025\/08\/juego-la-coma-3-768x486.jpg 768w, https:\/\/blogsaverroes.juntadeandalucia.es\/verainqueclase\/files\/2025\/08\/juego-la-coma-3.jpg 1289w\" sizes=\"(max-width: 300px) 100vw, 300px\" \/><\/a><\/td>\n<td style=\"width: 33.3333%;text-align: center\">&nbsp;<\/td>\n<td style=\"width: 33.3333%\">&nbsp;<\/td>\n<\/tr>\n<\/tbody>\n<\/table>\n<p><img loading=\"lazy\" decoding=\"async\" class=\"alignleft\" src=\"https:\/\/blogsaverroes.juntadeandalucia.es\/verainqueclase\/files\/2021\/08\/descarga-7-300x300.png\" width=\"150\" height=\"150\"><\/p>\n<p>Se escribe con&nbsp;<strong>may\u00fascula inicial<\/strong>: al&nbsp;<strong>empezar a escribir<\/strong>,&nbsp;<strong>despu\u00e9s de un punto<\/strong>&nbsp;y en los<strong>&nbsp;nombres propios<\/strong>.<\/p>\n<p>Los d\u00edas de la semana, los meses del a\u00f1o y las estaciones&nbsp;<strong>no se escriben con may\u00fascula.<\/strong><\/p>\n<p>&nbsp;<\/p>\n<table style=\"border-collapse: collapse;width: 100%\">\n<tbody>\n<tr>\n<td style=\"width: 33.3333%\"><a href=\"https:\/\/view.genial.ly\/5f9a9e1dc49a800d1364e6d3\/game-tira-a-la-profe-la-silabauso-de-mayuscula\"><img decoding=\"async\" src=\"https:\/\/blogsaverroes.juntadeandalucia.es\/verainqueclase\/files\/2021\/08\/juego-s%C3%ADlabas-300x168.jpg\"><\/a><\/td>\n<td style=\"width: 33.3333%\"><a href=\"https:\/\/wordwall.net\/es\/resource\/36229908\/uso-de-las-may%C3%BAsculas\"><img loading=\"lazy\" decoding=\"async\" class=\"size-medium wp-image-5755 aligncenter\" src=\"https:\/\/blogsaverroes.juntadeandalucia.es\/verainqueclase\/files\/2025\/08\/juego-mayusculas-300x190.jpg\" alt=\"\" width=\"300\" height=\"190\" srcset=\"https:\/\/blogsaverroes.juntadeandalucia.es\/verainqueclase\/files\/2025\/08\/juego-mayusculas-300x190.jpg 300w, https:\/\/blogsaverroes.juntadeandalucia.es\/verainqueclase\/files\/2025\/08\/juego-mayusculas-1024x647.jpg 1024w, https:\/\/blogsaverroes.juntadeandalucia.es\/verainqueclase\/files\/2025\/08\/juego-mayusculas-768x486.jpg 768w, https:\/\/blogsaverroes.juntadeandalucia.es\/verainqueclase\/files\/2025\/08\/juego-mayusculas.jpg 1289w\" sizes=\"(max-width: 300px) 100vw, 300px\" \/><\/a><\/td>\n<td style=\"width: 33.3333%\"><a href=\"https:\/\/wordwall.net\/es\/resource\/2342401\/uso-de-may%C3%BAsculas-1\"><img loading=\"lazy\" decoding=\"async\" class=\"size-medium wp-image-5753 aligncenter\" src=\"https:\/\/blogsaverroes.juntadeandalucia.es\/verainqueclase\/files\/2025\/08\/juego-la-coma-2-300x190.jpg\" alt=\"\" width=\"300\" height=\"190\" srcset=\"https:\/\/blogsaverroes.juntadeandalucia.es\/verainqueclase\/files\/2025\/08\/juego-la-coma-2-300x190.jpg 300w, https:\/\/blogsaverroes.juntadeandalucia.es\/verainqueclase\/files\/2025\/08\/juego-la-coma-2-1024x647.jpg 1024w, https:\/\/blogsaverroes.juntadeandalucia.es\/verainqueclase\/files\/2025\/08\/juego-la-coma-2-768x486.jpg 768w, https:\/\/blogsaverroes.juntadeandalucia.es\/verainqueclase\/files\/2025\/08\/juego-la-coma-2.jpg 1289w\" sizes=\"(max-width: 300px) 100vw, 300px\" \/><\/a><\/td>\n<\/tr>\n<\/tbody>\n<\/table>\n","protected":false},"excerpt":{"rendered":"<p>Terminamos el trimestre con la unidad 4. En ella partiremos de un texto descriptivo para realizar nuestros aprendizajes. Recordaremos los sin\u00f3nimos y los ant\u00f3nimos. Describiremos un objeto y una persona. Aprenderemos a reconocer los&#46;&#46;&#46;<\/p>\n","protected":false},"author":10823,"featured_media":4323,"parent":0,"menu_order":0,"comment_status":"closed","ping_status":"closed","template":"","meta":{"ngg_post_thumbnail":0,"footnotes":""},"aioseo_notices":[],"_links":{"self":[{"href":"https:\/\/blogsaverroes.juntadeandalucia.es\/verainqueclase\/wp-json\/wp\/v2\/pages\/4208"}],"collection":[{"href":"https:\/\/blogsaverroes.juntadeandalucia.es\/verainqueclase\/wp-json\/wp\/v2\/pages"}],"about":[{"href":"https:\/\/blogsaverroes.juntadeandalucia.es\/verainqueclase\/wp-json\/wp\/v2\/types\/page"}],"author":[{"embeddable":true,"href":"https:\/\/blogsaverroes.juntadeandalucia.es\/verainqueclase\/wp-json\/wp\/v2\/users\/10823"}],"replies":[{"embeddable":true,"href":"https:\/\/blogsaverroes.juntadeandalucia.es\/verainqueclase\/wp-json\/wp\/v2\/comments?post=4208"}],"version-history":[{"count":15,"href":"https:\/\/blogsaverroes.juntadeandalucia.es\/verainqueclase\/wp-json\/wp\/v2\/pages\/4208\/revisions"}],"predecessor-version":[{"id":6736,"href":"https:\/\/blogsaverroes.juntadeandalucia.es\/verainqueclase\/wp-json\/wp\/v2\/pages\/4208\/revisions\/6736"}],"wp:featuredmedia":[{"embeddable":true,"href":"https:\/\/blogsaverroes.juntadeandalucia.es\/verainqueclase\/wp-json\/wp\/v2\/media\/4323"}],"wp:attachment":[{"href":"https:\/\/blogsaverroes.juntadeandalucia.es\/verainqueclase\/wp-json\/wp\/v2\/media?parent=4208"}],"curies":[{"name":"wp","href":"https:\/\/api.w.org\/{rel}","templated":true}]}}