{"id":6917,"date":"2026-01-19T22:12:02","date_gmt":"2026-01-19T22:12:02","guid":{"rendered":"https:\/\/blogsaverroes.juntadeandalucia.es\/verainqueclase\/?page_id=6917"},"modified":"2026-01-19T22:12:02","modified_gmt":"2026-01-19T22:12:02","slug":"conocimiento-3-9","status":"publish","type":"page","link":"https:\/\/blogsaverroes.juntadeandalucia.es\/verainqueclase\/conocimiento-3-9\/","title":{"rendered":"Conocimiento 3.9"},"content":{"rendered":"<p><img loading=\"lazy\" decoding=\"async\" class=\"size-full wp-image-6918 alignright\" src=\"https:\/\/blogsaverroes.juntadeandalucia.es\/verainqueclase\/files\/2026\/01\/Historia.png\" alt=\"\" width=\"268\" height=\"268\" srcset=\"https:\/\/blogsaverroes.juntadeandalucia.es\/verainqueclase\/files\/2026\/01\/Historia.png 268w, https:\/\/blogsaverroes.juntadeandalucia.es\/verainqueclase\/files\/2026\/01\/Historia-150x150.png 150w, https:\/\/blogsaverroes.juntadeandalucia.es\/verainqueclase\/files\/2026\/01\/Historia-80x80.png 80w\" sizes=\"(max-width: 268px) 100vw, 268px\" \/><\/p>\n<p>Terminamos el libro de Conocimiento con el tema 9: A vueltas con la historia. En este tema vamos a aprender un mont\u00f3n de cosas:<\/p>\n<ul>\n<li>\u00bfQu\u00e9 es la historia y c\u00f3mo pasa el tiempo?<\/li>\n<li>Las edades de la historia.<\/li>\n<li>Conocemos el pasado.<\/li>\n<li>Conservamos nuestro pasado.<\/li>\n<li>\u00bfQu\u00e9 ocurri\u00f3 en Andaluc\u00eda?<\/li>\n<\/ul>\n<h4>&nbsp;<\/h4>\n<h4>\u00a1C\u00d3MO PASA EL TIEMPO!<\/h4>\n<p><a href=\"https:\/\/view.genially.com\/6903c18cd2e0258b036c54b8\/interactive-content-el-paso-del-tiempo\"><img loading=\"lazy\" decoding=\"async\" class=\"\" src=\"https:\/\/blogsaverroes.juntadeandalucia.es\/verainqueclase\/files\/2021\/10\/genially-el-paso-del-tiempo-300x166.jpg\" width=\"934\" height=\"517\"><\/a><\/p>\n<table style=\"border-collapse: collapse;width: 100%\">\n<tbody>\n<tr>\n<td style=\"width: 33.3333%\"><a href=\"https:\/\/view.genially.com\/624af44f3e9bfb0012e9828c\/interactive-content-pasado-presente-y-futuro\"><img decoding=\"async\" src=\"https:\/\/blogsaverroes.juntadeandalucia.es\/verainqueclase\/files\/2022\/04\/juego-pasado-presente-futuro-300x165.jpg\"><\/a><\/td>\n<td style=\"width: 33.3333%\"><a href=\"https:\/\/view.genially.com\/624af97a4030f100186a5aea\/interactive-content-el-tiempo-historico\"><img decoding=\"async\" src=\"https:\/\/blogsaverroes.juntadeandalucia.es\/verainqueclase\/files\/2022\/04\/juego-el-tiempo-300x165.jpg\"><\/a><\/td>\n<td style=\"width: 33.3333%\">&nbsp;<\/td>\n<\/tr>\n<\/tbody>\n<\/table>\n<p>&nbsp;<\/p>\n<h4>\u00bfEN QU\u00c9 EDAD ESTAMOS?<\/h4>\n<p><a href=\"https:\/\/view.genially.com\/6903c2ad911d26c6378e3f2f\/interactive-content-45-edades-de-la-historia\"><img loading=\"lazy\" decoding=\"async\" class=\"\" src=\"https:\/\/blogsaverroes.juntadeandalucia.es\/verainqueclase\/files\/2021\/10\/genially-edades-300x158.jpg\" width=\"936\" height=\"493\"><\/a><\/p>\n<table style=\"border-collapse: collapse;width: 100%\">\n<tbody>\n<tr>\n<td style=\"width: 33.3333%\"><a href=\"https:\/\/wordwall.net\/es\/resource\/4858775\/edades-de-la-historia\"><img decoding=\"async\" src=\"https:\/\/blogsaverroes.juntadeandalucia.es\/verainqueclase\/files\/2021\/10\/juego-paralelogramos-2-300x153.jpg\"><\/a><\/td>\n<td style=\"width: 33.3333%\"><a href=\"https:\/\/wordwall.net\/es\/resource\/2593329\/edades-de-la-historia\"><img decoding=\"async\" src=\"https:\/\/blogsaverroes.juntadeandalucia.es\/verainqueclase\/files\/2021\/10\/juego-edades-300x158.jpg\"><\/a><\/td>\n<td style=\"width: 33.3333%\">&nbsp;<\/td>\n<\/tr>\n<\/tbody>\n<\/table>\n<h4><strong>LA PREHISTORIA.<\/strong><\/h4>\n<p><a href=\"https:\/\/view.genially.com\/6172f98dc434990e00f2e4b5\/presentation-la-prehistoria\"><img loading=\"lazy\" decoding=\"async\" class=\"\" src=\"https:\/\/blogsaverroes.juntadeandalucia.es\/verainqueclase\/files\/2021\/10\/genially-prehistoria-300x158.jpg\" width=\"953\" height=\"502\"><\/a><\/p>\n<table style=\"border-collapse: collapse;width: 100%\">\n<tbody>\n<tr>\n<td style=\"width: 33.3333%\"><a href=\"https:\/\/view.genially.com\/624b030db5640e00190f72f5\/interactive-content-la-prehistoria-3o-primaria\"><img decoding=\"async\" src=\"https:\/\/blogsaverroes.juntadeandalucia.es\/verainqueclase\/files\/2022\/04\/juego-prehistoria-m%C3%ADo-300x165.jpg\"><\/a><\/td>\n<td style=\"width: 33.3333%\"><a href=\"https:\/\/view.genially.com\/624c1321b0fd34001013472c\/interactive-content-verdadero-o-falso-prehistoria\"><img decoding=\"async\" src=\"https:\/\/blogsaverroes.juntadeandalucia.es\/verainqueclase\/files\/2022\/04\/juego-v-o-f-prehistoria-300x167.jpg\"><\/a><\/td>\n<td style=\"width: 33.3333%\"><a href=\"https:\/\/view.genially.com\/5ea08cceb7e9e60d8e695286\/learning-experience-challenges-prehistoria\"><img decoding=\"async\" class=\"alignright\" src=\"https:\/\/blogsaverroes.juntadeandalucia.es\/verainqueclase\/files\/2021\/11\/juego-prehistoria-300x173.jpg\"><\/a><\/td>\n<\/tr>\n<tr>\n<td style=\"width: 33.3333%\">&nbsp;<\/td>\n<td style=\"width: 33.3333%\">&nbsp;<\/td>\n<td style=\"width: 33.3333%\">&nbsp;<\/td>\n<\/tr>\n<\/tbody>\n<\/table>\n<h4><strong>LA EDAD ANTIGUA.<\/strong><\/h4>\n<p><a href=\"https:\/\/view.genially.com\/6903c380c84996208a7fc3b8\/presentation-edad-antigua\"><img loading=\"lazy\" decoding=\"async\" class=\"\" src=\"https:\/\/blogsaverroes.juntadeandalucia.es\/verainqueclase\/files\/2021\/10\/genially-edad-antigua-300x158.jpg\" width=\"953\" height=\"502\"><\/a><\/p>\n<table style=\"border-collapse: collapse;width: 100%\">\n<tbody>\n<tr>\n<td style=\"width: 33.3333%\"><a href=\"https:\/\/view.genially.com\/624c1dd964e27b0019a3f32c\/interactive-content-quiz-edad-antigua\"><img decoding=\"async\" src=\"https:\/\/blogsaverroes.juntadeandalucia.es\/verainqueclase\/files\/2022\/04\/juego-edad-antigua-300x167.jpg\"><\/a><\/td>\n<td style=\"width: 33.3333%\"><a href=\"https:\/\/view.genially.com\/5ea47d7fda73ac0d8bf05041\/game-breakout-imperio-romano\"><img decoding=\"async\" src=\"https:\/\/blogsaverroes.juntadeandalucia.es\/verainqueclase\/files\/2021\/11\/juego-roma-300x173.jpg\"><\/a><\/td>\n<td style=\"width: 33.3333%\"><a href=\"https:\/\/view.genially.com\/5ea945c1f769060d34f60a3f\/game-breakout-maximus-el-imbatible-cuento-edad-antigua\"><img decoding=\"async\" src=\"https:\/\/blogsaverroes.juntadeandalucia.es\/verainqueclase\/files\/2021\/11\/juego-maximus-300x173.jpg\"><\/a><\/td>\n<\/tr>\n<tr>\n<td style=\"width: 33.3333%\">&nbsp;<\/td>\n<td style=\"width: 33.3333%\">&nbsp;<\/td>\n<td style=\"width: 33.3333%\">&nbsp;<\/td>\n<\/tr>\n<\/tbody>\n<\/table>\n<h4><strong>LA EDAD MEDIA.<\/strong><\/h4>\n<p><a href=\"https:\/\/view.genially.com\/617314802d16df0de52ff5ac\/presentation-la-edad-media-3o\"><img loading=\"lazy\" decoding=\"async\" class=\"\" src=\"https:\/\/blogsaverroes.juntadeandalucia.es\/verainqueclase\/files\/2021\/10\/genially-edad-media-300x171.jpg\" width=\"968\" height=\"552\"><\/a><\/p>\n<table style=\"border-collapse: collapse;width: 100%\">\n<tbody>\n<tr>\n<td style=\"width: 33.3333%\"><a href=\"https:\/\/view.genially.com\/624c22eb89cfda0011840c7e\/interactive-content-escape-room-medievo\"><img decoding=\"async\" src=\"https:\/\/blogsaverroes.juntadeandalucia.es\/verainqueclase\/files\/2022\/04\/Juego-Fiestas-del-Medievo-300x167.jpg\"><\/a><\/td>\n<td style=\"width: 33.3333%\"><a href=\"https:\/\/view.genially.com\/5ea6e2776d0f2f0da913bc34\/game-edad-media\"><img decoding=\"async\" src=\"https:\/\/blogsaverroes.juntadeandalucia.es\/verainqueclase\/files\/2021\/11\/juego-edad-media-300x173.jpg\"><\/a><\/td>\n<td style=\"width: 33.3333%\">&nbsp;<\/td>\n<\/tr>\n<tr>\n<td style=\"width: 33.3333%\">&nbsp;<\/td>\n<td style=\"width: 33.3333%\">&nbsp;<\/td>\n<td style=\"width: 33.3333%\">&nbsp;<\/td>\n<\/tr>\n<\/tbody>\n<\/table>\n<h4><strong>LA EDAD MODERNA.<\/strong><\/h4>\n<h4><a href=\"https:\/\/view.genially.com\/6903c3e3008ff6a5c116ee3a\/presentation-la-edad-moderna\"><img loading=\"lazy\" decoding=\"async\" class=\"\" src=\"https:\/\/blogsaverroes.juntadeandalucia.es\/verainqueclase\/files\/2021\/10\/genially-edad-moderna-300x171.jpg\" width=\"960\" height=\"547\"><\/a><\/h4>\n<table style=\"border-collapse: collapse;width: 100%\">\n<tbody>\n<tr>\n<td style=\"width: 33.3333%\"><a href=\"https:\/\/view.genially.com\/624d9c1c3db22c0019bbf22c\/interactive-content-quiz-edad-moderna\"><img decoding=\"async\" src=\"https:\/\/blogsaverroes.juntadeandalucia.es\/verainqueclase\/files\/2022\/04\/juego-edad-moderna-300x167.jpg\"><\/a><\/td>\n<td style=\"width: 33.3333%\"><a href=\"https:\/\/view.genially.com\/5ee6879058db040dadea053c\/game-breakout-la-edad-moderna-flippeando\"><img decoding=\"async\" src=\"https:\/\/blogsaverroes.juntadeandalucia.es\/verainqueclase\/files\/2021\/11\/BREAKOUT-edad-moderna-300x173.jpg\"><\/a><\/td>\n<td style=\"width: 33.3333%\">&nbsp;<\/td>\n<\/tr>\n<tr>\n<td style=\"width: 33.3333%\">&nbsp;<\/td>\n<td style=\"width: 33.3333%\">&nbsp;<\/td>\n<td style=\"width: 33.3333%\">&nbsp;<\/td>\n<\/tr>\n<\/tbody>\n<\/table>\n<h4><strong>LA EDAD CONTEMPOR\u00c1NEA.<\/strong><\/h4>\n<h4><a href=\"https:\/\/view.genially.com\/6903c41e215bcf143d38138f\/presentation-la-edad-contemporanea\"><img loading=\"lazy\" decoding=\"async\" class=\"\" src=\"https:\/\/blogsaverroes.juntadeandalucia.es\/verainqueclase\/files\/2021\/10\/genially-edad-contemporanea-300x168.jpg\" width=\"954\" height=\"534\"><\/a><\/h4>\n<table style=\"border-collapse: collapse;width: 100%\">\n<tbody>\n<tr>\n<td style=\"width: 33.3333%\"><a href=\"https:\/\/view.genially.com\/624da8c790b2a10018e421a5\/interactive-content-quiz-edad-contemporanea\"><img decoding=\"async\" src=\"https:\/\/blogsaverroes.juntadeandalucia.es\/verainqueclase\/files\/2022\/04\/juego-edad-contempor%C3%A1nea-300x167.jpg\"><\/a><\/td>\n<td style=\"width: 33.3333%\">&nbsp;<\/td>\n<td style=\"width: 33.3333%\">&nbsp;<\/td>\n<\/tr>\n<\/tbody>\n<\/table>\n<h4>CONOCEMOS LE PASADO A TRAV\u00c9S DE SUS RESTOS<\/h4>\n<p><a href=\"https:\/\/view.genially.com\/6903c1cba74a737ebfc8a512\/interactive-content-las-fuentes-historicas\"><img loading=\"lazy\" decoding=\"async\" class=\"\" src=\"https:\/\/blogsaverroes.juntadeandalucia.es\/verainqueclase\/files\/2021\/10\/genially-fuentes-hist%C3%B3ricas-300x166.jpg\" width=\"954\" height=\"528\"><\/a><\/p>\n<table style=\"border-collapse: collapse;width: 100%\">\n<tbody>\n<tr>\n<td style=\"width: 33.3333%\"><a href=\"https:\/\/view.genially.com\/624afe063e9bfb0012e9843c\/interactive-content-fuentes-historicas\"><img decoding=\"async\" src=\"https:\/\/blogsaverroes.juntadeandalucia.es\/verainqueclase\/files\/2022\/04\/juego-fuentes-hist%C3%B3ricas-300x165.jpg\"><\/a><\/td>\n<td style=\"width: 33.3333%\"><a href=\"https:\/\/wordwall.net\/es\/resource\/2202887\/fuentes-hist%C3%B3ricasmer\"><img decoding=\"async\" src=\"https:\/\/blogsaverroes.juntadeandalucia.es\/verainqueclase\/files\/2021\/07\/juego-organizaci%C3%B3n-territorial-andaluc%C3%ADa-300x178.jpg\"><\/a><\/td>\n<td style=\"width: 33.3333%\"><a href=\"https:\/\/wordwall.net\/es\/resource\/2404183\/historia\/c%C3%B3mo-se-estudia-historiamer\"><img decoding=\"async\" src=\"https:\/\/blogsaverroes.juntadeandalucia.es\/verainqueclase\/files\/2021\/10\/juego-historia-300x158.jpg\"><\/a><\/td>\n<\/tr>\n<tr>\n<td style=\"width: 33.3333%\"><a href=\"https:\/\/wordwall.net\/es\/resource\/1916278\/fuentes-hist%C3%B3ricas\"><img decoding=\"async\" src=\"https:\/\/blogsaverroes.juntadeandalucia.es\/verainqueclase\/files\/2021\/10\/juego-fuentes-300x158.jpg\"><\/a><\/td>\n<td style=\"width: 33.3333%\">&nbsp;<\/td>\n<td style=\"width: 33.3333%\">&nbsp;<\/td>\n<\/tr>\n<\/tbody>\n<\/table>\n<h4>CONSERVAMOS Y COMPARTIMOS NUESTRO PASADO<\/h4>\n<p><a href=\"https:\/\/view.genially.com\/6903c1f9215bcf143d36bd9b\/interactive-content-museos-y-monumentos\"><img loading=\"lazy\" decoding=\"async\" class=\"\" src=\"https:\/\/blogsaverroes.juntadeandalucia.es\/verainqueclase\/files\/2021\/10\/genially-museos-300x166.jpg\" width=\"956\" height=\"529\"><\/a><\/p>\n<h4>\u00bfQUE OCURRI\u00d3 EN NUESTRA COMUNIDAD?<\/h4>\n<p><a href=\"https:\/\/view.genially.com\/6905e0073fd7e2c420767880\/presentation-edades-en-andalucia\"><img loading=\"lazy\" decoding=\"async\" class=\"\" src=\"https:\/\/blogsaverroes.juntadeandalucia.es\/verainqueclase\/files\/2021\/11\/genially-edades-andalucia-300x173.jpg\" width=\"962\" height=\"555\"><\/a><\/p>\n<h4>REPASO<\/h4>\n<table style=\"border-collapse: collapse;width: 100%\">\n<tbody>\n<tr>\n<td style=\"width: 33.3333%\"><a href=\"https:\/\/view.genially.com\/624ad7ef7dbccf00183a300f\/interactive-content-como-saber-lo-que-ocurrio\"><img decoding=\"async\" src=\"https:\/\/blogsaverroes.juntadeandalucia.es\/verainqueclase\/files\/2022\/04\/Breakout-unidad-5-300x160.jpg\"><\/a><\/td>\n<td style=\"width: 33.3333%\"><a href=\"https:\/\/view.genially.com\/61747cd22d16df0de5300b62\/interactive-content-la-maquina-del-tiempo-sociales-unidad-6\"><img decoding=\"async\" src=\"https:\/\/blogsaverroes.juntadeandalucia.es\/verainqueclase\/files\/2021\/10\/Breakout-edades-300x157.jpg\"><\/a><\/td>\n<td style=\"width: 33.3333%\"><a href=\"https:\/\/view.genially.com\/5ea323b2d407580db9fc27b9\/game-breakout-la-maquina-del-tiempo-3o\"><img decoding=\"async\" src=\"https:\/\/blogsaverroes.juntadeandalucia.es\/verainqueclase\/files\/2021\/11\/BREAKOUT-2-300x173.jpg\"><\/a><\/td>\n<\/tr>\n<tr>\n<td style=\"width: 33.3333%\"><a href=\"https:\/\/view.genially.com\/6058c922e760cb0d64f68ee6\/presentation-aprende-historia-con-tintin\"><img decoding=\"async\" src=\"https:\/\/blogsaverroes.juntadeandalucia.es\/verainqueclase\/files\/2021\/11\/BREAKOUT-4-300x173.jpg\"><\/a><\/td>\n<td style=\"width: 33.3333%\">&nbsp;<\/td>\n<td style=\"width: 33.3333%\">&nbsp;<\/td>\n<\/tr>\n<\/tbody>\n<\/table>\n<p>&nbsp;<\/p>\n","protected":false},"excerpt":{"rendered":"<p>Terminamos el libro de Conocimiento con el tema 9: A vueltas con la historia. En este tema vamos a aprender un mont\u00f3n de cosas: \u00bfQu\u00e9 es la historia y c\u00f3mo pasa el tiempo? Las&#46;&#46;&#46;<\/p>\n","protected":false},"author":10823,"featured_media":6918,"parent":0,"menu_order":0,"comment_status":"closed","ping_status":"closed","template":"","meta":{"ngg_post_thumbnail":0,"footnotes":""},"aioseo_notices":[],"_links":{"self":[{"href":"https:\/\/blogsaverroes.juntadeandalucia.es\/verainqueclase\/wp-json\/wp\/v2\/pages\/6917"}],"collection":[{"href":"https:\/\/blogsaverroes.juntadeandalucia.es\/verainqueclase\/wp-json\/wp\/v2\/pages"}],"about":[{"href":"https:\/\/blogsaverroes.juntadeandalucia.es\/verainqueclase\/wp-json\/wp\/v2\/types\/page"}],"author":[{"embeddable":true,"href":"https:\/\/blogsaverroes.juntadeandalucia.es\/verainqueclase\/wp-json\/wp\/v2\/users\/10823"}],"replies":[{"embeddable":true,"href":"https:\/\/blogsaverroes.juntadeandalucia.es\/verainqueclase\/wp-json\/wp\/v2\/comments?post=6917"}],"version-history":[{"count":2,"href":"https:\/\/blogsaverroes.juntadeandalucia.es\/verainqueclase\/wp-json\/wp\/v2\/pages\/6917\/revisions"}],"predecessor-version":[{"id":6921,"href":"https:\/\/blogsaverroes.juntadeandalucia.es\/verainqueclase\/wp-json\/wp\/v2\/pages\/6917\/revisions\/6921"}],"wp:featuredmedia":[{"embeddable":true,"href":"https:\/\/blogsaverroes.juntadeandalucia.es\/verainqueclase\/wp-json\/wp\/v2\/media\/6918"}],"wp:attachment":[{"href":"https:\/\/blogsaverroes.juntadeandalucia.es\/verainqueclase\/wp-json\/wp\/v2\/media?parent=6917"}],"curies":[{"name":"wp","href":"https:\/\/api.w.org\/{rel}","templated":true}]}}