{"id":6932,"date":"2026-02-01T22:08:20","date_gmt":"2026-02-01T22:08:20","guid":{"rendered":"https:\/\/blogsaverroes.juntadeandalucia.es\/verainqueclase\/?page_id=6932"},"modified":"2026-02-02T19:42:30","modified_gmt":"2026-02-02T19:42:30","slug":"conocimiento-3-5","status":"publish","type":"page","link":"https:\/\/blogsaverroes.juntadeandalucia.es\/verainqueclase\/conocimiento-3-5\/","title":{"rendered":"Conocimiento 3.5"},"content":{"rendered":"<p><img loading=\"lazy\" decoding=\"async\" class=\" wp-image-6803 alignright\" src=\"https:\/\/blogsaverroes.juntadeandalucia.es\/verainqueclase\/files\/2025\/11\/Cono-Tierra-2.png\" alt=\"\" width=\"209\" height=\"209\" srcset=\"https:\/\/blogsaverroes.juntadeandalucia.es\/verainqueclase\/files\/2025\/11\/Cono-Tierra-2.png 268w, https:\/\/blogsaverroes.juntadeandalucia.es\/verainqueclase\/files\/2025\/11\/Cono-Tierra-2-150x150.png 150w, https:\/\/blogsaverroes.juntadeandalucia.es\/verainqueclase\/files\/2025\/11\/Cono-Tierra-2-80x80.png 80w\" sizes=\"(max-width: 209px) 100vw, 209px\" \/>Comenzamos el tema 5 de Conocimiento del Medio. En \u00e9l vamos a aprender un mont\u00f3n de cosas como:<\/p>\n<ul>\n<li>Movimientos de la Tierra y las estaciones del a\u00f1o.<\/li>\n<li>Representaciones de la Tierra: globo terr\u00e1queo y planisferio.<\/li>\n<li>Los mapas.<\/li>\n<li>Los planos.<\/li>\n<li>C\u00f3mo podemos orientarnos.<\/li>\n<\/ul>\n<h4><strong>LA TIERRA SE MUEVE<\/strong><\/h4>\n<p><a href=\"https:\/\/view.genially.com\/613366dd1158810de780964c\/interactive-content-el-dia-y-la-hora\"><img loading=\"lazy\" decoding=\"async\" class=\"\" src=\"https:\/\/blogsaverroes.juntadeandalucia.es\/verainqueclase\/files\/2021\/09\/genially-d%C3%ADa-300x157.jpg\" width=\"905\" height=\"474\"><\/a><\/p>\n<p><a href=\"https:\/\/view.genially.com\/6133644be3eff10def73fd39\/interactive-content-division-del-ano-estaciones-y-meses\"><img loading=\"lazy\" decoding=\"async\" class=\"\" src=\"https:\/\/blogsaverroes.juntadeandalucia.es\/verainqueclase\/files\/2021\/09\/genially-a%C3%B1o-300x157.jpg\" width=\"904\" height=\"473\"><\/a><\/p>\n<table style=\"border-collapse: collapse;width: 100%\">\n<tbody>\n<tr>\n<td style=\"width: 33.3333%\"><a href=\"https:\/\/www.mundoprimaria.com\/juegos-educativos\/soc-mun-2-2?path=juegos-premium\/9745\"><img loading=\"lazy\" decoding=\"async\" class=\"alignnone size-medium wp-image-6934\" src=\"https:\/\/blogsaverroes.juntadeandalucia.es\/verainqueclase\/files\/2026\/02\/juego-movimientos-tierra-300x186.png\" alt=\"\" width=\"300\" height=\"186\" srcset=\"https:\/\/blogsaverroes.juntadeandalucia.es\/verainqueclase\/files\/2026\/02\/juego-movimientos-tierra-300x186.png 300w, https:\/\/blogsaverroes.juntadeandalucia.es\/verainqueclase\/files\/2026\/02\/juego-movimientos-tierra-1024x634.png 1024w, https:\/\/blogsaverroes.juntadeandalucia.es\/verainqueclase\/files\/2026\/02\/juego-movimientos-tierra-768x475.png 768w, https:\/\/blogsaverroes.juntadeandalucia.es\/verainqueclase\/files\/2026\/02\/juego-movimientos-tierra.png 1325w\" sizes=\"(max-width: 300px) 100vw, 300px\" \/><\/a><\/td>\n<td style=\"width: 33.3333%\"><a href=\"https:\/\/wordwall.net\/es\/resource\/4613214\/movimientos-de-la-tierra\"><img loading=\"lazy\" decoding=\"async\" class=\"alignnone size-medium wp-image-6935\" src=\"https:\/\/blogsaverroes.juntadeandalucia.es\/verainqueclase\/files\/2026\/02\/juego-movimientos-tierra-2-300x179.png\" alt=\"\" width=\"300\" height=\"179\" srcset=\"https:\/\/blogsaverroes.juntadeandalucia.es\/verainqueclase\/files\/2026\/02\/juego-movimientos-tierra-2-300x179.png 300w, https:\/\/blogsaverroes.juntadeandalucia.es\/verainqueclase\/files\/2026\/02\/juego-movimientos-tierra-2-1024x612.png 1024w, https:\/\/blogsaverroes.juntadeandalucia.es\/verainqueclase\/files\/2026\/02\/juego-movimientos-tierra-2-768x459.png 768w, https:\/\/blogsaverroes.juntadeandalucia.es\/verainqueclase\/files\/2026\/02\/juego-movimientos-tierra-2.png 1301w\" sizes=\"(max-width: 300px) 100vw, 300px\" \/><\/a><\/td>\n<td style=\"width: 33.3333%\"><a href=\"https:\/\/wordwall.net\/es\/resource\/7043715\/movimientos-de-la-tierra\"><img loading=\"lazy\" decoding=\"async\" class=\"alignnone size-medium wp-image-6936\" src=\"https:\/\/blogsaverroes.juntadeandalucia.es\/verainqueclase\/files\/2026\/02\/juego-movimientos-tierra-3-300x178.png\" alt=\"\" width=\"300\" height=\"178\" srcset=\"https:\/\/blogsaverroes.juntadeandalucia.es\/verainqueclase\/files\/2026\/02\/juego-movimientos-tierra-3-300x178.png 300w, https:\/\/blogsaverroes.juntadeandalucia.es\/verainqueclase\/files\/2026\/02\/juego-movimientos-tierra-3-1024x607.png 1024w, https:\/\/blogsaverroes.juntadeandalucia.es\/verainqueclase\/files\/2026\/02\/juego-movimientos-tierra-3-768x455.png 768w, https:\/\/blogsaverroes.juntadeandalucia.es\/verainqueclase\/files\/2026\/02\/juego-movimientos-tierra-3.png 1296w\" sizes=\"(max-width: 300px) 100vw, 300px\" \/><\/a><\/td>\n<\/tr>\n<tr>\n<td style=\"width: 33.3333%\"><a href=\"https:\/\/wordwall.net\/es\/resource\/60988335\/movimientos-de-la-tierra\"><img loading=\"lazy\" decoding=\"async\" class=\"alignnone size-medium wp-image-5754\" src=\"https:\/\/blogsaverroes.juntadeandalucia.es\/verainqueclase\/files\/2025\/08\/juego-la-coma-3-300x190.jpg\" alt=\"\" width=\"300\" height=\"190\" srcset=\"https:\/\/blogsaverroes.juntadeandalucia.es\/verainqueclase\/files\/2025\/08\/juego-la-coma-3-300x190.jpg 300w, https:\/\/blogsaverroes.juntadeandalucia.es\/verainqueclase\/files\/2025\/08\/juego-la-coma-3-1024x647.jpg 1024w, https:\/\/blogsaverroes.juntadeandalucia.es\/verainqueclase\/files\/2025\/08\/juego-la-coma-3-768x486.jpg 768w, https:\/\/blogsaverroes.juntadeandalucia.es\/verainqueclase\/files\/2025\/08\/juego-la-coma-3.jpg 1289w\" sizes=\"(max-width: 300px) 100vw, 300px\" \/><\/a><\/td>\n<td style=\"width: 33.3333%\"><a href=\"https:\/\/wordwall.net\/es\/resource\/39363088\/movimientos-de-la-tierra\"><img loading=\"lazy\" decoding=\"async\" class=\"alignnone size-medium wp-image-6937\" src=\"https:\/\/blogsaverroes.juntadeandalucia.es\/verainqueclase\/files\/2026\/02\/juego-movimientos-tierra-4-300x173.png\" alt=\"\" width=\"300\" height=\"173\" srcset=\"https:\/\/blogsaverroes.juntadeandalucia.es\/verainqueclase\/files\/2026\/02\/juego-movimientos-tierra-4-300x173.png 300w, https:\/\/blogsaverroes.juntadeandalucia.es\/verainqueclase\/files\/2026\/02\/juego-movimientos-tierra-4-1024x591.png 1024w, https:\/\/blogsaverroes.juntadeandalucia.es\/verainqueclase\/files\/2026\/02\/juego-movimientos-tierra-4-768x443.png 768w, https:\/\/blogsaverroes.juntadeandalucia.es\/verainqueclase\/files\/2026\/02\/juego-movimientos-tierra-4.png 1305w\" sizes=\"(max-width: 300px) 100vw, 300px\" \/><\/a><\/td>\n<td style=\"width: 33.3333%\"><a href=\"https:\/\/view.genially.com\/65c5078e696fba0014d6f539\/interactive-content-quiz-movimientos-de-la-tierra\"><img decoding=\"async\" src=\"https:\/\/blogsaverroes.juntadeandalucia.es\/verainqueclase\/files\/2024\/02\/genially-movimiento-tierra-300x165.jpg\"><\/a><\/td>\n<\/tr>\n<\/tbody>\n<\/table>\n<h4><strong>REPRESENTAMOS LA TIERRA<\/strong><\/h4>\n<p><a href=\"https:\/\/view.genially.com\/697fc1bc687f4e7202debd72\/interactive-image-los-globos-terraqueos\"><img loading=\"lazy\" decoding=\"async\" class=\"alignnone wp-image-6938\" src=\"https:\/\/blogsaverroes.juntadeandalucia.es\/verainqueclase\/files\/2026\/02\/globo-genially-300x215.png\" alt=\"\" width=\"939\" height=\"673\" srcset=\"https:\/\/blogsaverroes.juntadeandalucia.es\/verainqueclase\/files\/2026\/02\/globo-genially-300x215.png 300w, https:\/\/blogsaverroes.juntadeandalucia.es\/verainqueclase\/files\/2026\/02\/globo-genially-1024x733.png 1024w, https:\/\/blogsaverroes.juntadeandalucia.es\/verainqueclase\/files\/2026\/02\/globo-genially-768x550.png 768w, https:\/\/blogsaverroes.juntadeandalucia.es\/verainqueclase\/files\/2026\/02\/globo-genially.png 1205w\" sizes=\"(max-width: 939px) 100vw, 939px\" \/><\/a><\/p>\n<table style=\"border-collapse: collapse;width: 100%\">\n<tbody>\n<tr>\n<td style=\"width: 33.3333%\"><a href=\"https:\/\/wordwall.net\/es\/resource\/38768712\/partes-del-globo-terr%C3%A1queo\"><img loading=\"lazy\" decoding=\"async\" class=\"alignnone size-medium wp-image-6940\" src=\"https:\/\/blogsaverroes.juntadeandalucia.es\/verainqueclase\/files\/2026\/02\/juego-globo-300x176.png\" alt=\"\" width=\"300\" height=\"176\" srcset=\"https:\/\/blogsaverroes.juntadeandalucia.es\/verainqueclase\/files\/2026\/02\/juego-globo-300x176.png 300w, https:\/\/blogsaverroes.juntadeandalucia.es\/verainqueclase\/files\/2026\/02\/juego-globo-1024x601.png 1024w, https:\/\/blogsaverroes.juntadeandalucia.es\/verainqueclase\/files\/2026\/02\/juego-globo-768x451.png 768w, https:\/\/blogsaverroes.juntadeandalucia.es\/verainqueclase\/files\/2026\/02\/juego-globo.png 1295w\" sizes=\"(max-width: 300px) 100vw, 300px\" \/><\/a><\/td>\n<td style=\"width: 33.3333%\"><a href=\"https:\/\/www.mundoprimaria.com\/juegos-educativos\/soc-mun-4-1?path=juegos-premium\/9801\"><img loading=\"lazy\" decoding=\"async\" class=\"alignnone size-medium wp-image-6941\" src=\"https:\/\/blogsaverroes.juntadeandalucia.es\/verainqueclase\/files\/2026\/02\/juego-globo-2-300x194.png\" alt=\"\" width=\"300\" height=\"194\" srcset=\"https:\/\/blogsaverroes.juntadeandalucia.es\/verainqueclase\/files\/2026\/02\/juego-globo-2-300x194.png 300w, https:\/\/blogsaverroes.juntadeandalucia.es\/verainqueclase\/files\/2026\/02\/juego-globo-2-1024x662.png 1024w, https:\/\/blogsaverroes.juntadeandalucia.es\/verainqueclase\/files\/2026\/02\/juego-globo-2-768x497.png 768w, https:\/\/blogsaverroes.juntadeandalucia.es\/verainqueclase\/files\/2026\/02\/juego-globo-2.png 1257w\" sizes=\"(max-width: 300px) 100vw, 300px\" \/><\/a><\/td>\n<td style=\"width: 33.3333%\">&nbsp;<\/td>\n<\/tr>\n<tr>\n<td style=\"width: 33.3333%\">&nbsp;<\/td>\n<td style=\"width: 33.3333%\">&nbsp;<\/td>\n<td style=\"width: 33.3333%\">&nbsp;<\/td>\n<\/tr>\n<\/tbody>\n<\/table>\n<h4><strong>\u00bfC\u00d3MO LLEGAMOS A LOS SITIOS?: LOS MAPAS.<\/strong><\/h4>\n<p><a href=\"https:\/\/view.genially.com\/697fc7d274b744fdef788594\/interactive-image-los-mapas\"><img loading=\"lazy\" decoding=\"async\" class=\"alignnone wp-image-6944\" src=\"https:\/\/blogsaverroes.juntadeandalucia.es\/verainqueclase\/files\/2026\/02\/genially-mapas-300x190.png\" alt=\"\" width=\"936\" height=\"593\" srcset=\"https:\/\/blogsaverroes.juntadeandalucia.es\/verainqueclase\/files\/2026\/02\/genially-mapas-300x190.png 300w, https:\/\/blogsaverroes.juntadeandalucia.es\/verainqueclase\/files\/2026\/02\/genially-mapas-1024x650.png 1024w, https:\/\/blogsaverroes.juntadeandalucia.es\/verainqueclase\/files\/2026\/02\/genially-mapas-768x487.png 768w, https:\/\/blogsaverroes.juntadeandalucia.es\/verainqueclase\/files\/2026\/02\/genially-mapas.png 1374w\" sizes=\"(max-width: 936px) 100vw, 936px\" \/><\/a><\/p>\n<table style=\"border-collapse: collapse;width: 100%\">\n<tbody>\n<tr>\n<td style=\"width: 33.3333%\"><a href=\"https:\/\/www.mundoprimaria.com\/juegos-educativos\/soc-mun-3-1?path=juegos-premium\/9807\"><img loading=\"lazy\" decoding=\"async\" class=\"alignnone size-medium wp-image-6945\" src=\"https:\/\/blogsaverroes.juntadeandalucia.es\/verainqueclase\/files\/2026\/02\/juego-planos-y-mapas-300x216.png\" alt=\"\" width=\"300\" height=\"216\" srcset=\"https:\/\/blogsaverroes.juntadeandalucia.es\/verainqueclase\/files\/2026\/02\/juego-planos-y-mapas-300x216.png 300w, https:\/\/blogsaverroes.juntadeandalucia.es\/verainqueclase\/files\/2026\/02\/juego-planos-y-mapas-1024x738.png 1024w, https:\/\/blogsaverroes.juntadeandalucia.es\/verainqueclase\/files\/2026\/02\/juego-planos-y-mapas-768x554.png 768w, https:\/\/blogsaverroes.juntadeandalucia.es\/verainqueclase\/files\/2026\/02\/juego-planos-y-mapas.png 1214w\" sizes=\"(max-width: 300px) 100vw, 300px\" \/><\/a><\/td>\n<td style=\"width: 33.3333%\"><a href=\"https:\/\/www.mundoprimaria.com\/juegos-educativos\/soc-mun-3-3?path=juegos-premium\/9776\"><img loading=\"lazy\" decoding=\"async\" class=\"alignnone size-medium wp-image-6946\" src=\"https:\/\/blogsaverroes.juntadeandalucia.es\/verainqueclase\/files\/2026\/02\/juego-mapa-300x218.png\" alt=\"\" width=\"300\" height=\"218\" srcset=\"https:\/\/blogsaverroes.juntadeandalucia.es\/verainqueclase\/files\/2026\/02\/juego-mapa-300x218.png 300w, https:\/\/blogsaverroes.juntadeandalucia.es\/verainqueclase\/files\/2026\/02\/juego-mapa-1024x745.png 1024w, https:\/\/blogsaverroes.juntadeandalucia.es\/verainqueclase\/files\/2026\/02\/juego-mapa-768x559.png 768w, https:\/\/blogsaverroes.juntadeandalucia.es\/verainqueclase\/files\/2026\/02\/juego-mapa.png 1203w\" sizes=\"(max-width: 300px) 100vw, 300px\" \/><\/a><\/td>\n<td style=\"width: 33.3333%\"><a href=\"https:\/\/www.mundoprimaria.com\/juegos-educativos\/soc-mun-3-4?path=juegos-premium\/9751\"><img loading=\"lazy\" decoding=\"async\" class=\"alignnone size-medium wp-image-6947\" src=\"https:\/\/blogsaverroes.juntadeandalucia.es\/verainqueclase\/files\/2026\/02\/juego-mapa-2-300x213.png\" alt=\"\" width=\"300\" height=\"213\" srcset=\"https:\/\/blogsaverroes.juntadeandalucia.es\/verainqueclase\/files\/2026\/02\/juego-mapa-2-300x213.png 300w, https:\/\/blogsaverroes.juntadeandalucia.es\/verainqueclase\/files\/2026\/02\/juego-mapa-2-1024x729.png 1024w, https:\/\/blogsaverroes.juntadeandalucia.es\/verainqueclase\/files\/2026\/02\/juego-mapa-2-768x547.png 768w, https:\/\/blogsaverroes.juntadeandalucia.es\/verainqueclase\/files\/2026\/02\/juego-mapa-2.png 1224w\" sizes=\"(max-width: 300px) 100vw, 300px\" \/><\/a><\/td>\n<\/tr>\n<tr>\n<td style=\"width: 33.3333%\">&nbsp;<\/td>\n<td style=\"width: 33.3333%\">&nbsp;<\/td>\n<td style=\"width: 33.3333%\">&nbsp;<\/td>\n<\/tr>\n<\/tbody>\n<\/table>\n<h4><strong>\u00bfQU\u00c9 HAY A MI ALREDEDOR? LOS PLANOS.<\/strong><\/h4>\n<p><a href=\"https:\/\/view.genially.com\/6980bc4135a3bf3f193acdc8\/interactive-image-los-planos\"><img loading=\"lazy\" decoding=\"async\" class=\"alignnone wp-image-6953\" src=\"https:\/\/blogsaverroes.juntadeandalucia.es\/verainqueclase\/files\/2026\/02\/genially-planos-300x167.png\" alt=\"\" width=\"959\" height=\"534\" srcset=\"https:\/\/blogsaverroes.juntadeandalucia.es\/verainqueclase\/files\/2026\/02\/genially-planos-300x167.png 300w, https:\/\/blogsaverroes.juntadeandalucia.es\/verainqueclase\/files\/2026\/02\/genially-planos-1024x571.png 1024w, https:\/\/blogsaverroes.juntadeandalucia.es\/verainqueclase\/files\/2026\/02\/genially-planos-768x428.png 768w, https:\/\/blogsaverroes.juntadeandalucia.es\/verainqueclase\/files\/2026\/02\/genially-planos-1536x857.png 1536w, https:\/\/blogsaverroes.juntadeandalucia.es\/verainqueclase\/files\/2026\/02\/genially-planos.png 1563w\" sizes=\"(max-width: 959px) 100vw, 959px\" \/><\/a><\/p>\n<table style=\"border-collapse: collapse;width: 100%\">\n<tbody>\n<tr>\n<td style=\"width: 33.3333%\">&nbsp;<\/td>\n<td style=\"width: 33.3333%\">&nbsp;<\/td>\n<td style=\"width: 33.3333%\">&nbsp;<\/td>\n<\/tr>\n<\/tbody>\n<\/table>\n<h4><strong>\u00bfC\u00d3MO PUEDO ORIENTARME?<\/strong><\/h4>\n<p><a href=\"https:\/\/view.genially.com\/6980f815c37d2135561c3c61\/interactive-content-nos-orientamos\"><img loading=\"lazy\" decoding=\"async\" class=\"alignnone wp-image-6956\" src=\"https:\/\/blogsaverroes.juntadeandalucia.es\/verainqueclase\/files\/2026\/02\/genially-orientacion-300x176.png\" alt=\"\" width=\"968\" height=\"568\" srcset=\"https:\/\/blogsaverroes.juntadeandalucia.es\/verainqueclase\/files\/2026\/02\/genially-orientacion-300x176.png 300w, https:\/\/blogsaverroes.juntadeandalucia.es\/verainqueclase\/files\/2026\/02\/genially-orientacion-1024x601.png 1024w, https:\/\/blogsaverroes.juntadeandalucia.es\/verainqueclase\/files\/2026\/02\/genially-orientacion-768x451.png 768w, https:\/\/blogsaverroes.juntadeandalucia.es\/verainqueclase\/files\/2026\/02\/genially-orientacion-1536x902.png 1536w, https:\/\/blogsaverroes.juntadeandalucia.es\/verainqueclase\/files\/2026\/02\/genially-orientacion.png 1562w\" sizes=\"(max-width: 968px) 100vw, 968px\" \/><\/a><\/p>\n<table style=\"border-collapse: collapse;width: 100%\">\n<tbody>\n<tr>\n<td style=\"width: 33.3333%\"><a href=\"https:\/\/www.mundoprimaria.com\/juegos-educativos\/soc-mun-1-2?path=juegos-premium\/9796\"><img loading=\"lazy\" decoding=\"async\" class=\"alignnone size-medium wp-image-6957\" src=\"https:\/\/blogsaverroes.juntadeandalucia.es\/verainqueclase\/files\/2026\/02\/juego-orientacion-300x189.png\" alt=\"\" width=\"300\" height=\"189\" srcset=\"https:\/\/blogsaverroes.juntadeandalucia.es\/verainqueclase\/files\/2026\/02\/juego-orientacion-300x189.png 300w, https:\/\/blogsaverroes.juntadeandalucia.es\/verainqueclase\/files\/2026\/02\/juego-orientacion-1024x643.png 1024w, https:\/\/blogsaverroes.juntadeandalucia.es\/verainqueclase\/files\/2026\/02\/juego-orientacion-768x483.png 768w, https:\/\/blogsaverroes.juntadeandalucia.es\/verainqueclase\/files\/2026\/02\/juego-orientacion.png 1270w\" sizes=\"(max-width: 300px) 100vw, 300px\" \/><\/a><\/td>\n<td style=\"width: 33.3333%\">&nbsp;<\/td>\n<td style=\"width: 33.3333%\">&nbsp;<\/td>\n<\/tr>\n<\/tbody>\n<\/table>\n","protected":false},"excerpt":{"rendered":"<p>Comenzamos el tema 5 de Conocimiento del Medio. En \u00e9l vamos a aprender un mont\u00f3n de cosas como: Movimientos de la Tierra y las estaciones del a\u00f1o. Representaciones de la Tierra: globo terr\u00e1queo y&#46;&#46;&#46;<\/p>\n","protected":false},"author":10823,"featured_media":0,"parent":0,"menu_order":0,"comment_status":"closed","ping_status":"closed","template":"","meta":{"ngg_post_thumbnail":0,"footnotes":""},"aioseo_notices":[],"_links":{"self":[{"href":"https:\/\/blogsaverroes.juntadeandalucia.es\/verainqueclase\/wp-json\/wp\/v2\/pages\/6932"}],"collection":[{"href":"https:\/\/blogsaverroes.juntadeandalucia.es\/verainqueclase\/wp-json\/wp\/v2\/pages"}],"about":[{"href":"https:\/\/blogsaverroes.juntadeandalucia.es\/verainqueclase\/wp-json\/wp\/v2\/types\/page"}],"author":[{"embeddable":true,"href":"https:\/\/blogsaverroes.juntadeandalucia.es\/verainqueclase\/wp-json\/wp\/v2\/users\/10823"}],"replies":[{"embeddable":true,"href":"https:\/\/blogsaverroes.juntadeandalucia.es\/verainqueclase\/wp-json\/wp\/v2\/comments?post=6932"}],"version-history":[{"count":10,"href":"https:\/\/blogsaverroes.juntadeandalucia.es\/verainqueclase\/wp-json\/wp\/v2\/pages\/6932\/revisions"}],"predecessor-version":[{"id":6951,"href":"https:\/\/blogsaverroes.juntadeandalucia.es\/verainqueclase\/wp-json\/wp\/v2\/pages\/6932\/revisions\/6951"}],"wp:attachment":[{"href":"https:\/\/blogsaverroes.juntadeandalucia.es\/verainqueclase\/wp-json\/wp\/v2\/media?parent=6932"}],"curies":[{"name":"wp","href":"https:\/\/api.w.org\/{rel}","templated":true}]}}