{"id":2,"date":"2021-01-24T10:59:37","date_gmt":"2021-01-24T10:59:37","guid":{"rendered":"https:\/\/blogsaverroes.juntadeandalucia.es\/viatorcomunica\/?page_id=2"},"modified":"2021-01-24T12:16:45","modified_gmt":"2021-01-24T12:16:45","slug":"pagina-ejemplo","status":"publish","type":"page","link":"https:\/\/blogsaverroes.juntadeandalucia.es\/viatorcomunica\/?page_id=2","title":{"rendered":"Peri\u00f3dico escolar"},"content":{"rendered":"\r\n<p style=\"text-align: justify\">Esta p\u00e1gina est\u00e1 dedicada a nuestro peri\u00f3dico escolar \u00abLos peque\u00f1os viatore\u00f1os\u00bb que comenz\u00f3 a publicarse su primer n\u00famero en diciembre 2020 gracias a la comunidad educativa del CEIP Joaqu\u00edn Visiedo de Viator.<\/p>\r\n\r\n\r\n\r\n<blockquote class=\"wp-block-quote\">\r\n<p style=\"text-align: justify\">\u00ab<em>\u00a1Bienvenido a la p\u00e1gina de nuestro peri\u00f3dico escolar \u00abLos peque\u00f1os viatore\u00f1os\u00bb! Esperemos que os guste y que disfrut\u00e9is ley\u00e9ndolo.<\/em>\u00ab<\/p>\r\n<p style=\"text-align: right\">La coordinadora del programa de innovaci\u00f3n ComunicA<\/p>\r\n<\/blockquote>\r\n\r\n\r\n\r\n<p style=\"text-align: center\"><span style=\"color: #41968a;font-size: 14pt\"><strong>Los peque\u00f1os viatore\u00f1os n\u00ba1<\/strong><\/span><\/p>\r\n<div style=\"text-align: center\"><iframe src=\"\/\/v.calameo.com\/?bkcode=0065323090a89d8753c55\" width=\"300\" height=\"194\" frameborder=\"0\" scrolling=\"no\"><\/iframe><\/div>\r\n<p style=\"text-align: center\"><span style=\"color: #41968a;font-size: 14pt\"><strong>Los peque\u00f1os viatore\u00f1os n\u00ba2<\/strong><\/span><\/p>\r\n","protected":false},"excerpt":{"rendered":"<p>Esta p\u00e1gina est\u00e1 dedicada a nuestro peri\u00f3dico escolar \u00abLos peque\u00f1os viatore\u00f1os\u00bb que comenz\u00f3 a publicarse su primer n\u00famero en diciembre 2020 gracias a la comunidad educativa del CEIP Joaqu\u00edn Visiedo de Viator. \u00ab\u00a1Bienvenido a la p\u00e1gina de nuestro peri\u00f3dico escolar \u00abLos peque\u00f1os viatore\u00f1os\u00bb! Esperemos que os guste y que disfrut\u00e9is ley\u00e9ndolo.\u00ab La coordinadora del programa [&hellip;]<\/p>\n","protected":false},"author":7576,"featured_media":0,"parent":0,"menu_order":0,"comment_status":"closed","ping_status":"open","template":"","meta":{"ngg_post_thumbnail":0,"footnotes":""},"aioseo_notices":[],"_links":{"self":[{"href":"https:\/\/blogsaverroes.juntadeandalucia.es\/viatorcomunica\/index.php?rest_route=\/wp\/v2\/pages\/2"}],"collection":[{"href":"https:\/\/blogsaverroes.juntadeandalucia.es\/viatorcomunica\/index.php?rest_route=\/wp\/v2\/pages"}],"about":[{"href":"https:\/\/blogsaverroes.juntadeandalucia.es\/viatorcomunica\/index.php?rest_route=\/wp\/v2\/types\/page"}],"author":[{"embeddable":true,"href":"https:\/\/blogsaverroes.juntadeandalucia.es\/viatorcomunica\/index.php?rest_route=\/wp\/v2\/users\/7576"}],"replies":[{"embeddable":true,"href":"https:\/\/blogsaverroes.juntadeandalucia.es\/viatorcomunica\/index.php?rest_route=%2Fwp%2Fv2%2Fcomments&post=2"}],"version-history":[{"count":4,"href":"https:\/\/blogsaverroes.juntadeandalucia.es\/viatorcomunica\/index.php?rest_route=\/wp\/v2\/pages\/2\/revisions"}],"predecessor-version":[{"id":49,"href":"https:\/\/blogsaverroes.juntadeandalucia.es\/viatorcomunica\/index.php?rest_route=\/wp\/v2\/pages\/2\/revisions\/49"}],"wp:attachment":[{"href":"https:\/\/blogsaverroes.juntadeandalucia.es\/viatorcomunica\/index.php?rest_route=%2Fwp%2Fv2%2Fmedia&parent=2"}],"curies":[{"name":"wp","href":"https:\/\/api.w.org\/{rel}","templated":true}]}}