{"id":35,"date":"2021-01-24T12:08:09","date_gmt":"2021-01-24T12:08:09","guid":{"rendered":"https:\/\/blogsaverroes.juntadeandalucia.es\/viatorcomunica\/?page_id=35"},"modified":"2021-01-24T12:16:20","modified_gmt":"2021-01-24T12:16:20","slug":"club-digital-de-lectura-infantil-los-pequenos-viatorenos","status":"publish","type":"page","link":"https:\/\/blogsaverroes.juntadeandalucia.es\/viatorcomunica\/?page_id=35","title":{"rendered":"Club Digital de Lectura Infantil"},"content":{"rendered":"<h2 style=\"text-align: justify\"><span style=\"font-size: medium;font-weight: normal\">En esta p\u00e1gina encontraremos los podcasts con los audiolibros que vamos a trabajar en nuestro&#8230;&nbsp;<\/span><\/h2>\n<h1 style=\"text-align: center\"><span style=\"color: #b45f06;font-family: Carter One;font-size: x-large\">Club Digital de Lectura Infantil<\/span><\/h1>\n<h1 style=\"text-align: center\"><span style=\"color: #b45f06;font-family: Carter One;font-size: x-large\">\u00abLos peque\u00f1os viatore\u00f1os\u00bb<\/span><\/h1>\n<div>\n<h2 style=\"text-align: center\"><span style=\"font-size: medium;font-weight: normal\">Club de lectura dedicado a nuestros compa\u00f1eros y compa\u00f1eras de Educaci\u00f3n Infantil.<\/span><\/h2>\n<\/div>\n<div>\n<div class=\"separator\" style=\"clear: both;text-align: center\"><a style=\"margin-left: 1em;margin-right: 1em\" href=\"https:\/\/1.bp.blogspot.com\/-CGwehinbCKs\/X8PslaFBCcI\/AAAAAAAALEE\/gWJS-VGUwPASUdIVAwTj9ehNQfI7OtNuQCLcBGAsYHQ\/s1920\/Club%2BDigital%2Bde%2BLectura%2BLos%2BPeque%25C3%25B1os%2BViatore%25C3%25B1os.png\" rel=\"prettyPhoto[35]\"><img fetchpriority=\"high\" decoding=\"async\" src=\"https:\/\/1.bp.blogspot.com\/-CGwehinbCKs\/X8PslaFBCcI\/AAAAAAAALEE\/gWJS-VGUwPASUdIVAwTj9ehNQfI7OtNuQCLcBGAsYHQ\/w640-h360\/Club%2BDigital%2Bde%2BLectura%2BLos%2BPeque%25C3%25B1os%2BViatore%25C3%25B1os.png\" width=\"640\" height=\"360\" border=\"0\" data-original-height=\"1080\" data-original-width=\"1920\"><\/a><\/div>\n<div>\n<div style=\"text-align: center\">&nbsp;<\/div>\n<div style=\"text-align: center\">\n<h2><span style=\"color: #674ea7;font-family: Carter One;font-size: x-large\"><b><i>\u00abLa casita de chocolate\u00bb<\/i><\/b>&nbsp;con Paula y Elsa de 5\u00baC<\/span><\/h2>\n<\/div>\n<div style=\"text-align: center\">&nbsp;<\/div>\n<p><iframe src=\"https:\/\/www.ivoox.com\/player_ej_61086768_4_1.html?c1=ff6600\" height=\"200\" frameborder=\"0\" scrolling=\"no\"><\/iframe><\/p>\n<\/div>\n<\/div>\n<div>&nbsp;<\/div>\n<div>\n<h2 style=\"text-align: center\"><span style=\"color: #674ea7;font-family: Carter One;font-size: x-large\"><b><i>\u00abBlancanieves y los siete enanitos\u00bb<\/i><\/b>&nbsp;con Mar\u00eda de 5\u00baA<\/span><\/h2>\n<div style=\"font-size: large\">&nbsp;<\/div>\n<div style=\"font-size: large\"><iframe src=\"https:\/\/www.ivoox.com\/player_ej_60073825_4_1.html?c1=ff6600\" height=\"200\" frameborder=\"0\" scrolling=\"no\"><\/iframe><\/div>\n<\/div>\n<div>&nbsp;<\/div>\n<div>\n<h2>&nbsp;<\/h2>\n<\/div>\n","protected":false},"excerpt":{"rendered":"<p>En esta p\u00e1gina encontraremos los podcasts con los audiolibros que vamos a trabajar en nuestro&#8230;&nbsp; Club Digital de Lectura Infantil \u00abLos peque\u00f1os viatore\u00f1os\u00bb Club de lectura dedicado a nuestros compa\u00f1eros y compa\u00f1eras de Educaci\u00f3n Infantil. &nbsp; \u00abLa casita de chocolate\u00bb&nbsp;con Paula y Elsa de 5\u00baC &nbsp; &nbsp; \u00abBlancanieves y los siete enanitos\u00bb&nbsp;con Mar\u00eda de 5\u00baA [&hellip;]<\/p>\n","protected":false},"author":7576,"featured_media":0,"parent":0,"menu_order":0,"comment_status":"closed","ping_status":"closed","template":"","meta":{"ngg_post_thumbnail":0,"footnotes":""},"aioseo_notices":[],"_links":{"self":[{"href":"https:\/\/blogsaverroes.juntadeandalucia.es\/viatorcomunica\/index.php?rest_route=\/wp\/v2\/pages\/35"}],"collection":[{"href":"https:\/\/blogsaverroes.juntadeandalucia.es\/viatorcomunica\/index.php?rest_route=\/wp\/v2\/pages"}],"about":[{"href":"https:\/\/blogsaverroes.juntadeandalucia.es\/viatorcomunica\/index.php?rest_route=\/wp\/v2\/types\/page"}],"author":[{"embeddable":true,"href":"https:\/\/blogsaverroes.juntadeandalucia.es\/viatorcomunica\/index.php?rest_route=\/wp\/v2\/users\/7576"}],"replies":[{"embeddable":true,"href":"https:\/\/blogsaverroes.juntadeandalucia.es\/viatorcomunica\/index.php?rest_route=%2Fwp%2Fv2%2Fcomments&post=35"}],"version-history":[{"count":5,"href":"https:\/\/blogsaverroes.juntadeandalucia.es\/viatorcomunica\/index.php?rest_route=\/wp\/v2\/pages\/35\/revisions"}],"predecessor-version":[{"id":48,"href":"https:\/\/blogsaverroes.juntadeandalucia.es\/viatorcomunica\/index.php?rest_route=\/wp\/v2\/pages\/35\/revisions\/48"}],"wp:attachment":[{"href":"https:\/\/blogsaverroes.juntadeandalucia.es\/viatorcomunica\/index.php?rest_route=%2Fwp%2Fv2%2Fmedia&parent=35"}],"curies":[{"name":"wp","href":"https:\/\/api.w.org\/{rel}","templated":true}]}}