{"id":113,"date":"2015-03-16T08:06:00","date_gmt":"2015-03-16T08:06:00","guid":{"rendered":"http:\/\/blogsaverroes.juntadeandalucia.es\/pre\/ceip\/?page_id=113"},"modified":"2022-09-12T05:33:22","modified_gmt":"2022-09-12T05:33:22","slug":"biblioteca","status":"publish","type":"page","link":"https:\/\/blogsaverroes.juntadeandalucia.es\/vicentealeixandre\/biblioteca\/","title":{"rendered":"Biblioteca"},"content":{"rendered":"<p>Los objetivos planteados por el Equipo de Biblioteca del CEIP Vicente Aleixandre son:<\/p>\n<ol>\n<li>Habilitar la biblioteca del Centro, prestando especial atenci\u00f3n a su anexo en la etapa de Educaci\u00f3n Infantil, como un espacio abierto y \u00fatil de informaci\u00f3n y fomento de la lectura destinado a la participaci\u00f3n de toda la Comunidad Educativa.<\/li>\n<li>Dise\u00f1ar y elaborar una gu\u00eda de la biblioteca. Acercar esta gu\u00eda a todos los miembros de la comunidad educativa para potenciar el uso de la biblioteca de una manera adecuada.&nbsp;<\/li>\n<li>Contribuir a la mejora del fomento a la lectura y de la competencia informacional desde la biblioteca escolar.&nbsp;<br \/>\nFacilitar los pr\u00e9stamos bibliotecarios tanto al alumnado como al profesorado.&nbsp;<\/li>\n<li>Formaci\u00f3n del profesorado en todos los aspectos relacionados con la lectura,&nbsp; poniendo especial \u00e9nfasis en la participaci\u00f3n de proyectos dirigidos a su fomento.&nbsp;<\/li>\n<li>Dinamizar el blog de la biblioteca Vicente Aleixandre.<\/li>\n<li>Establecer horarios de uso de biblioteca obligatorios para cada clase con objeto de contribuir y favorecer al fomento de la lectura.<\/li>\n<li>Dise\u00f1ar y poner a disposici\u00f3n de los usuarios de la biblioteca una serie de actividades destinadas al fomento de la lectura (audiocuentos, juegos lectores, etc.).<\/li>\n<li>Contribuir y favorecer a los itinerarios educativos de los diferentes niveles y etapas de nuestro Centro a nivel lector.<\/li>\n<li>Favorecer v\u00edas de comunicaci\u00f3n con las familias y con otros sectores.<\/li>\n<li>Abrir la biblioteca a todas las propuestas y efem\u00e9rides que se vayan planteando durante el curso.<\/li>\n<\/ol>\n<p><a title=\"Bibliotecas escolares\" href=\"http:\/\/www.juntadeandalucia.es\/educacion\/webportal\/web\/lecturas-y-bibliotecas-escolares\/bibliotecas-escolares\" target=\"_blank\" rel=\"noopener noreferrer\">Enlace al portal sobre las Bibliotecas Escolares.<\/a><\/p>\n","protected":false},"excerpt":{"rendered":"<p>Los objetivos planteados por el Equipo de Biblioteca del CEIP Vicente Aleixandre son: Habilitar la biblioteca del Centro, prestando especial atenci\u00f3n a su anexo en la etapa de Educaci\u00f3n Infantil, como un espacio abierto y \u00fatil de informaci\u00f3n y fomento de la lectura destinado a la participaci\u00f3n de toda la Comunidad Educativa. Dise\u00f1ar y elaborar &hellip; <\/p>\n<p><a class=\"more-link btn\" href=\"https:\/\/blogsaverroes.juntadeandalucia.es\/vicentealeixandre\/biblioteca\/\">Seguir leyendo<\/a><\/p>\n","protected":false},"author":1,"featured_media":0,"parent":0,"menu_order":0,"comment_status":"closed","ping_status":"open","template":"","meta":{"ngg_post_thumbnail":0,"footnotes":"","_mc_calendar":[]},"aioseo_notices":[],"_links":{"self":[{"href":"https:\/\/blogsaverroes.juntadeandalucia.es\/vicentealeixandre\/wp-json\/wp\/v2\/pages\/113"}],"collection":[{"href":"https:\/\/blogsaverroes.juntadeandalucia.es\/vicentealeixandre\/wp-json\/wp\/v2\/pages"}],"about":[{"href":"https:\/\/blogsaverroes.juntadeandalucia.es\/vicentealeixandre\/wp-json\/wp\/v2\/types\/page"}],"author":[{"embeddable":true,"href":"https:\/\/blogsaverroes.juntadeandalucia.es\/vicentealeixandre\/wp-json\/wp\/v2\/users\/1"}],"replies":[{"embeddable":true,"href":"https:\/\/blogsaverroes.juntadeandalucia.es\/vicentealeixandre\/wp-json\/wp\/v2\/comments?post=113"}],"version-history":[{"count":9,"href":"https:\/\/blogsaverroes.juntadeandalucia.es\/vicentealeixandre\/wp-json\/wp\/v2\/pages\/113\/revisions"}],"predecessor-version":[{"id":2452,"href":"https:\/\/blogsaverroes.juntadeandalucia.es\/vicentealeixandre\/wp-json\/wp\/v2\/pages\/113\/revisions\/2452"}],"wp:attachment":[{"href":"https:\/\/blogsaverroes.juntadeandalucia.es\/vicentealeixandre\/wp-json\/wp\/v2\/media?parent=113"}],"curies":[{"name":"wp","href":"https:\/\/api.w.org\/{rel}","templated":true}]}}