{"id":141,"date":"2015-03-17T07:13:24","date_gmt":"2015-03-17T07:13:24","guid":{"rendered":"http:\/\/blogsaverroes.juntadeandalucia.es\/pre\/ceip\/?page_id=141"},"modified":"2021-04-29T20:46:39","modified_gmt":"2021-04-29T20:46:39","slug":"escolarizacion","status":"publish","type":"page","link":"https:\/\/blogsaverroes.juntadeandalucia.es\/vicentealeixandre\/escolarizacion\/","title":{"rendered":"Escolarizaci\u00f3n"},"content":{"rendered":"<p><img loading=\"lazy\" decoding=\"async\" class=\"alignnone size-medium\" src=\"https:\/\/www.juntadeandalucia.es\/educacion\/portals\/image\/layout_set_logo?img_id=22116&amp;t=1619664440983\" width=\"395\" height=\"118\"><\/p>\n<p><a href=\"https:\/\/www.juntadeandalucia.es\/educacion\/portals\/web\/escolarizacion\">Enlace al portal de escolarizaci\u00f3n.<\/a><\/p>\n<p><a href=\"https:\/\/www.juntadeandalucia.es\/educacion\/portals\/web\/escolarizacion\/infantil-a-bachillerato\/normativa\">Normativa&nbsp;sobre el proceso de escolarizaci\u00f3n.<\/a><\/p>\n<p>Del 1 al 31 de marzo solicitud de plaza en infantil y primaria<\/p>\n<p>Del 1 al 8 de junio matriculaci\u00f3n<\/p>\n","protected":false},"excerpt":{"rendered":"<p>Enlace al portal de escolarizaci\u00f3n. Normativa&nbsp;sobre el proceso de escolarizaci\u00f3n. Del 1 al 31 de marzo solicitud de plaza en infantil y primaria Del 1 al 8 de junio matriculaci\u00f3n<\/p>\n","protected":false},"author":1,"featured_media":0,"parent":0,"menu_order":0,"comment_status":"closed","ping_status":"open","template":"","meta":{"ngg_post_thumbnail":0,"footnotes":"","_mc_calendar":[]},"aioseo_notices":[],"_links":{"self":[{"href":"https:\/\/blogsaverroes.juntadeandalucia.es\/vicentealeixandre\/wp-json\/wp\/v2\/pages\/141"}],"collection":[{"href":"https:\/\/blogsaverroes.juntadeandalucia.es\/vicentealeixandre\/wp-json\/wp\/v2\/pages"}],"about":[{"href":"https:\/\/blogsaverroes.juntadeandalucia.es\/vicentealeixandre\/wp-json\/wp\/v2\/types\/page"}],"author":[{"embeddable":true,"href":"https:\/\/blogsaverroes.juntadeandalucia.es\/vicentealeixandre\/wp-json\/wp\/v2\/users\/1"}],"replies":[{"embeddable":true,"href":"https:\/\/blogsaverroes.juntadeandalucia.es\/vicentealeixandre\/wp-json\/wp\/v2\/comments?post=141"}],"version-history":[{"count":6,"href":"https:\/\/blogsaverroes.juntadeandalucia.es\/vicentealeixandre\/wp-json\/wp\/v2\/pages\/141\/revisions"}],"predecessor-version":[{"id":2305,"href":"https:\/\/blogsaverroes.juntadeandalucia.es\/vicentealeixandre\/wp-json\/wp\/v2\/pages\/141\/revisions\/2305"}],"wp:attachment":[{"href":"https:\/\/blogsaverroes.juntadeandalucia.es\/vicentealeixandre\/wp-json\/wp\/v2\/media?parent=141"}],"curies":[{"name":"wp","href":"https:\/\/api.w.org\/{rel}","templated":true}]}}