{"id":2448,"date":"2022-09-12T04:59:08","date_gmt":"2022-09-12T04:59:08","guid":{"rendered":"https:\/\/blogsaverroes.juntadeandalucia.es\/vicentealeixandre\/?page_id=2448"},"modified":"2025-11-18T08:27:30","modified_gmt":"2025-11-18T07:27:30","slug":"pcc","status":"publish","type":"page","link":"https:\/\/blogsaverroes.juntadeandalucia.es\/vicentealeixandre\/pcc\/","title":{"rendered":"Programa Comunicativo de Centro"},"content":{"rendered":"<p>En el a\u00f1o 2019 se aprueba la incorporaci\u00f3n del Proyecto Ling\u00fc\u00edstico de Centro al Plan de Centro. Este documento contiene las bases para la mejora de la comunciaci\u00f3n de la comunidad educativa del CEIP Vicente Aleixandre. Esta mejora incumbe a la docencia presencial y virtual, regula la conciliaci\u00f3n laboral y familiar y establece los canales adecuados para un correcto y eficaz intercambio de informaci\u00f3n entre los miembros de la comunicad educativa.<\/p>\n<p>En el curso 2022\/23 el Proyecto Ling\u00fc\u00edstico de Centro pasa a denominarse Programa Comunicativo de Centro,&nbsp; ampliando la repercusi\u00f3n de lo puramente ling\u00fc\u00edstico a otros campos como el metaling\u00fc\u00edstico, el digital y el sociocultural.<\/p>\n<p><a href=\"https:\/\/blogsaverroes.juntadeandalucia.es\/vicentealeixandre\/files\/2025\/11\/PCC-Antiguo-PLC.pdf\">Programa Comunicativo de Centro<\/a><\/p>\n","protected":false},"excerpt":{"rendered":"<p>En el a\u00f1o 2019 se aprueba la incorporaci\u00f3n del Proyecto Ling\u00fc\u00edstico de Centro al Plan de Centro. Este documento contiene las bases para la mejora de la comunciaci\u00f3n de la comunidad educativa del CEIP Vicente Aleixandre. Esta mejora incumbe a la docencia presencial y virtual, regula la conciliaci\u00f3n laboral y familiar y establece los canales &hellip; <\/p>\n<p><a class=\"more-link btn\" href=\"https:\/\/blogsaverroes.juntadeandalucia.es\/vicentealeixandre\/pcc\/\">Seguir leyendo<\/a><\/p>\n","protected":false},"author":8121,"featured_media":0,"parent":0,"menu_order":0,"comment_status":"closed","ping_status":"closed","template":"","meta":{"ngg_post_thumbnail":0,"footnotes":"","_mc_calendar":[]},"aioseo_notices":[],"_links":{"self":[{"href":"https:\/\/blogsaverroes.juntadeandalucia.es\/vicentealeixandre\/wp-json\/wp\/v2\/pages\/2448"}],"collection":[{"href":"https:\/\/blogsaverroes.juntadeandalucia.es\/vicentealeixandre\/wp-json\/wp\/v2\/pages"}],"about":[{"href":"https:\/\/blogsaverroes.juntadeandalucia.es\/vicentealeixandre\/wp-json\/wp\/v2\/types\/page"}],"author":[{"embeddable":true,"href":"https:\/\/blogsaverroes.juntadeandalucia.es\/vicentealeixandre\/wp-json\/wp\/v2\/users\/8121"}],"replies":[{"embeddable":true,"href":"https:\/\/blogsaverroes.juntadeandalucia.es\/vicentealeixandre\/wp-json\/wp\/v2\/comments?post=2448"}],"version-history":[{"count":3,"href":"https:\/\/blogsaverroes.juntadeandalucia.es\/vicentealeixandre\/wp-json\/wp\/v2\/pages\/2448\/revisions"}],"predecessor-version":[{"id":2701,"href":"https:\/\/blogsaverroes.juntadeandalucia.es\/vicentealeixandre\/wp-json\/wp\/v2\/pages\/2448\/revisions\/2701"}],"wp:attachment":[{"href":"https:\/\/blogsaverroes.juntadeandalucia.es\/vicentealeixandre\/wp-json\/wp\/v2\/media?parent=2448"}],"curies":[{"name":"wp","href":"https:\/\/api.w.org\/{rel}","templated":true}]}}