{"id":35,"date":"2015-03-13T08:21:43","date_gmt":"2015-03-13T08:21:43","guid":{"rendered":"http:\/\/blogsaverroes.juntadeandalucia.es\/pre\/ceip\/?page_id=35"},"modified":"2025-07-04T16:56:46","modified_gmt":"2025-07-04T15:56:46","slug":"el-centro","status":"publish","type":"page","link":"https:\/\/blogsaverroes.juntadeandalucia.es\/vicentealeixandre\/el-centro\/","title":{"rendered":"Datos del centro"},"content":{"rendered":"<h4><strong>Datos de contacto<\/strong><\/h4>\n<p>Colegio de Educaci\u00f3n Infantil y Primaria Vicente Aleixandre<\/p>\n<p><strong>Direcci\u00f3n:<\/strong> &nbsp;Calle San Bartolom\u00e9, s\/n 41980 La Algaba (Sevilla)<\/p>\n<p><strong>Tel\u00e9fono: 955 62 28 93\/ FAX: 955 62 28 93&nbsp;<\/strong><br \/>\n<strong>Email:<\/strong> 41000430.edu@juntadeandalucia.es<\/p>\n<p><a href=\"https:\/\/blogsaverroes.juntadeandalucia.es\/vicentealeixandre\/contactar\/\">SI LO DESEA PUEDE ESCRIBIR A TRAV\u00c9S DEL FORMULARIO DE CONTACTO<\/a><\/p>\n<h4>&nbsp;<\/h4>\n<h4><strong>Horarios<\/strong><\/h4>\n<p>Secretar\u00eda: De lunes a viernes. 9:00 &#8211; 11:30<\/p>\n<p>Tutor\u00edas de familias: Lunes, 18:30 &#8211; 19:30<\/p>\n<h4><strong>Oferta educativa<\/strong><\/h4>\n<p>Aula Espec\u00edfica de Educaci\u00f3n Especial<br \/>\nSegundo ciclo de Educaci\u00f3n Infantil<br \/>\nEducaci\u00f3n Primaria<br \/>\nCentro Biling\u00fce<br \/>\nCentro Acreditado Erasmus+<br \/>\nMatem\u00e1ticas con metodolog\u00eda OAOA<br \/>\nCurr\u00edculo Integrado de las Lenguas<br \/>\nProyecto Interdisciplinar de Radio Escolar<\/p>\n<h4><strong>Instalaciones<\/strong><\/h4>\n<p>Biblioteca Escolar<br \/>\nAula Verde<br \/>\nAula Multimedia<br \/>\nEstudio de Radio<br \/>\nComedor Escolar<br \/>\nPistas polideportivas<\/p>\n<p>C\u00f3digo del centro: 41000430 C\/ San Bartolom\u00e9, s\/n &#8211; 41980, La Algaba (Sevilla) Tel\u00e9fono: 955622893 &#8211; Fax: 955622894<br \/>\nE-mail: <a href=\"mailto:41000430.edu@juntadeandalucia.es\">41000430.edu@juntadeandalucia.es<\/a><br \/>\nAMPA El Campanario: <a href=\"mailto:ampaelcampanario@gmail.com\">ampaelcampanario@gmail.com<\/a><br \/>\nServicio inform\u00e1tico: <a href=\"mailto:pasen@ceipvicentealeixandre.net\">pasen@ceipvicentealeixandre.net<\/a><br \/>\nWeb del centro: <a href=\"http:\/\/www.ceipvicentealeixandre.net\">www.ceipvicentealeixandre.net<\/a><br \/>\nFacebook: <a href=\"https:\/\/www.facebook.com\/vicente.aleixandre.503\/\">https:\/\/www.facebook.com\/vicente.aleixandre.503\/<\/a><br \/>\nInstagram: <a href=\"https:\/\/www.instagram.com\/vicentealgaba\/\">https:\/\/www.instagram.com\/vicentealgaba\/<\/a>&nbsp;<br \/>\nTwitter: <a href=\"https:\/\/twitter.com\/VicenteCeip\">https:\/\/twitter.com\/VicenteCeip<\/a><br \/>\nRadio: <a href=\"https:\/\/www.youtube.com\/@radioescolarvicentealeixandre\">https:\/\/www.youtube.com\/@radioescolarvicentealeixandre<\/a><br \/>\nLinkedin: <a href=\"https:\/\/www.linkedin.com\/company\/ceip-vicente-aleixandre-algaba\">https:\/\/www.linkedin.com\/company\/ceip-vicente-aleixandre-algaba<\/a>&nbsp;&nbsp;<\/p>\n","protected":false},"excerpt":{"rendered":"<p>Datos de contacto Colegio de Educaci\u00f3n Infantil y Primaria Vicente Aleixandre Direcci\u00f3n: &nbsp;Calle San Bartolom\u00e9, s\/n 41980 La Algaba (Sevilla) Tel\u00e9fono: 955 62 28 93\/ FAX: 955 62 28 93&nbsp; Email: 41000430.edu@juntadeandalucia.es SI LO DESEA PUEDE ESCRIBIR A TRAV\u00c9S DEL FORMULARIO DE CONTACTO &nbsp; Horarios Secretar\u00eda: De lunes a viernes. 9:00 &#8211; 11:30 Tutor\u00edas de &hellip; <\/p>\n<p><a class=\"more-link btn\" href=\"https:\/\/blogsaverroes.juntadeandalucia.es\/vicentealeixandre\/el-centro\/\">Seguir leyendo<\/a><\/p>\n","protected":false},"author":1,"featured_media":0,"parent":0,"menu_order":0,"comment_status":"closed","ping_status":"open","template":"","meta":{"ngg_post_thumbnail":0,"footnotes":"","_mc_calendar":[]},"aioseo_notices":[],"_links":{"self":[{"href":"https:\/\/blogsaverroes.juntadeandalucia.es\/vicentealeixandre\/wp-json\/wp\/v2\/pages\/35"}],"collection":[{"href":"https:\/\/blogsaverroes.juntadeandalucia.es\/vicentealeixandre\/wp-json\/wp\/v2\/pages"}],"about":[{"href":"https:\/\/blogsaverroes.juntadeandalucia.es\/vicentealeixandre\/wp-json\/wp\/v2\/types\/page"}],"author":[{"embeddable":true,"href":"https:\/\/blogsaverroes.juntadeandalucia.es\/vicentealeixandre\/wp-json\/wp\/v2\/users\/1"}],"replies":[{"embeddable":true,"href":"https:\/\/blogsaverroes.juntadeandalucia.es\/vicentealeixandre\/wp-json\/wp\/v2\/comments?post=35"}],"version-history":[{"count":24,"href":"https:\/\/blogsaverroes.juntadeandalucia.es\/vicentealeixandre\/wp-json\/wp\/v2\/pages\/35\/revisions"}],"predecessor-version":[{"id":2685,"href":"https:\/\/blogsaverroes.juntadeandalucia.es\/vicentealeixandre\/wp-json\/wp\/v2\/pages\/35\/revisions\/2685"}],"wp:attachment":[{"href":"https:\/\/blogsaverroes.juntadeandalucia.es\/vicentealeixandre\/wp-json\/wp\/v2\/media?parent=35"}],"curies":[{"name":"wp","href":"https:\/\/api.w.org\/{rel}","templated":true}]}}