{"id":44,"date":"2015-03-13T08:42:15","date_gmt":"2015-03-13T08:42:15","guid":{"rendered":"http:\/\/blogsaverroes.juntadeandalucia.es\/pre\/ceip\/?page_id=44"},"modified":"2022-06-01T08:22:17","modified_gmt":"2022-06-01T08:22:17","slug":"planes-y-proyectos","status":"publish","type":"page","link":"https:\/\/blogsaverroes.juntadeandalucia.es\/vicentealeixandre\/planes-y-proyectos\/","title":{"rendered":"Planes y Programas"},"content":{"rendered":"<p><strong>Las retribuciones del Profesorado de este centro que imparte las ense\u00f1anzas detalladas a continuaci\u00f3n son cofinanciadas a trav\u00e9s del Programa Operativo Fondo Social Europeo 2014-2020:<\/strong><\/p>\n<ul>\n<li>Apoyo escolar (PROA)<\/li>\n<li>Auxiliares de conversaci\u00f3n<\/li>\n<li>Pedagog\u00eda Terap\u00e9utica<\/li>\n<\/ul>\n<p><strong>Y a trav\u00e9s del Programa Operativo Fondo Social Europeo 2007-2013 han sido cofinanciadas las retribuciones del profesorado relacionados a continuaci\u00f3n<\/strong>:<\/p>\n<ul>\n<li>Maestros y Maestras especialistas en Pedagog\u00eda Terap\u00e9utica, Audici\u00f3n y Lenguaje y Profesorado de Secundaria de Lenguaje de Signos.<\/li>\n<\/ul>\n<p><img loading=\"lazy\" decoding=\"async\" class=\"alignnone size-medium wp-image-1667\" src=\"https:\/\/blogsaverroes.juntadeandalucia.es\/vicentealeixandre\/files\/2015\/03\/planes-300x150.png\" alt=\"planes\" width=\"300\" height=\"150\" srcset=\"https:\/\/blogsaverroes.juntadeandalucia.es\/vicentealeixandre\/files\/2015\/03\/planes-300x150.png 300w, https:\/\/blogsaverroes.juntadeandalucia.es\/vicentealeixandre\/files\/2015\/03\/planes.png 640w\" sizes=\"(max-width: 300px) 100vw, 300px\" \/><\/p>\n<ul>\n<li><a href=\"https:\/\/drive.google.com\/file\/d\/1KljF7o7KMBTF_7aNnAlxu6nglKjm32vf\/view?usp=sharing\">Protocolo COVID (13\/09\/2021)<\/a> Protocolo de actuaci\u00f3n para el curso 2021\/22 .<\/li>\n<li><a href=\"https:\/\/drive.google.com\/file\/d\/1cxpNFZPZNvQwUT29Zrzz9a7bYN7u90VD\/view?usp=sharing\">Proyecto Ling\u00fc\u00edstico de Centro (PLC)<\/a>. Este documento refleja el trabajo de coordinaci\u00f3n pedag\u00f3gica de tres a\u00f1os de formaci\u00f3n de todo el claustro.&nbsp;<\/li>\n<li><a href=\"https:\/\/drive.google.com\/file\/d\/1NCxipE84LoQ-v5vlMCojf9mvF4aM8u-B\/view?usp=sharing\">Programa para la Prevenci\u00f3n de la Violencia de G\u00e9nero<\/a>. Medidas para evitar&nbsp;la violencia de g\u00e9nero y eliminar las desigualdades de g\u00e9nero.<\/li>\n<li><a href=\"https:\/\/drive.google.com\/file\/d\/1ohbmOEoj3wfdr4LF0I20s2JwCPK3NIeW\/view?usp=sharing\">Programa Creciendo en Salud<\/a>. Programa para la Innovaci\u00f3n Educativa, H\u00e1bitos de Vida Saludable en su Modalidad Creciendo en Salud, destinado a centros docentes de Andaluc\u00eda sostenidos con fondos p\u00fablicos que imparte ense\u00f1anzas de educaci\u00f3n infantil, educaci\u00f3n especial y educaci\u00f3n primaria.<\/li>\n<\/ul>\n<p>&nbsp;<\/p>\n","protected":false},"excerpt":{"rendered":"<p>Las retribuciones del Profesorado de este centro que imparte las ense\u00f1anzas detalladas a continuaci\u00f3n son cofinanciadas a trav\u00e9s del Programa Operativo Fondo Social Europeo 2014-2020: Apoyo escolar (PROA) Auxiliares de conversaci\u00f3n Pedagog\u00eda Terap\u00e9utica Y a trav\u00e9s del Programa Operativo Fondo Social Europeo 2007-2013 han sido cofinanciadas las retribuciones del profesorado relacionados a continuaci\u00f3n: Maestros y &hellip; <\/p>\n<p><a class=\"more-link btn\" href=\"https:\/\/blogsaverroes.juntadeandalucia.es\/vicentealeixandre\/planes-y-proyectos\/\">Seguir leyendo<\/a><\/p>\n","protected":false},"author":1,"featured_media":0,"parent":0,"menu_order":0,"comment_status":"closed","ping_status":"closed","template":"","meta":{"ngg_post_thumbnail":0,"footnotes":"","_mc_calendar":[]},"aioseo_notices":[],"_links":{"self":[{"href":"https:\/\/blogsaverroes.juntadeandalucia.es\/vicentealeixandre\/wp-json\/wp\/v2\/pages\/44"}],"collection":[{"href":"https:\/\/blogsaverroes.juntadeandalucia.es\/vicentealeixandre\/wp-json\/wp\/v2\/pages"}],"about":[{"href":"https:\/\/blogsaverroes.juntadeandalucia.es\/vicentealeixandre\/wp-json\/wp\/v2\/types\/page"}],"author":[{"embeddable":true,"href":"https:\/\/blogsaverroes.juntadeandalucia.es\/vicentealeixandre\/wp-json\/wp\/v2\/users\/1"}],"replies":[{"embeddable":true,"href":"https:\/\/blogsaverroes.juntadeandalucia.es\/vicentealeixandre\/wp-json\/wp\/v2\/comments?post=44"}],"version-history":[{"count":14,"href":"https:\/\/blogsaverroes.juntadeandalucia.es\/vicentealeixandre\/wp-json\/wp\/v2\/pages\/44\/revisions"}],"predecessor-version":[{"id":2424,"href":"https:\/\/blogsaverroes.juntadeandalucia.es\/vicentealeixandre\/wp-json\/wp\/v2\/pages\/44\/revisions\/2424"}],"wp:attachment":[{"href":"https:\/\/blogsaverroes.juntadeandalucia.es\/vicentealeixandre\/wp-json\/wp\/v2\/media?parent=44"}],"curies":[{"name":"wp","href":"https:\/\/api.w.org\/{rel}","templated":true}]}}