{"id":80,"date":"2015-03-16T06:57:36","date_gmt":"2015-03-16T06:57:36","guid":{"rendered":"http:\/\/blogsaverroes.juntadeandalucia.es\/pre\/ceip\/?page_id=80"},"modified":"2021-04-29T20:50:18","modified_gmt":"2021-04-29T20:50:18","slug":"curso-escolar","status":"publish","type":"page","link":"https:\/\/blogsaverroes.juntadeandalucia.es\/vicentealeixandre\/curso-escolar\/","title":{"rendered":"Curso escolar"},"content":{"rendered":"<p>El curso escolar 2020\/21 se presenta como un a\u00f1o escolar condicionado por las medidas sanitarias. Las actividades complementarias y extraescolares se ver\u00e1n reducidas hasta que la situaci\u00f3n mejore.<\/p>\n","protected":false},"excerpt":{"rendered":"<p>El curso escolar 2020\/21 se presenta como un a\u00f1o escolar condicionado por las medidas sanitarias. Las actividades complementarias y extraescolares se ver\u00e1n reducidas hasta que la situaci\u00f3n mejore.<\/p>\n","protected":false},"author":1,"featured_media":0,"parent":0,"menu_order":0,"comment_status":"closed","ping_status":"open","template":"","meta":{"ngg_post_thumbnail":0,"footnotes":"","_mc_calendar":[]},"aioseo_notices":[],"_links":{"self":[{"href":"https:\/\/blogsaverroes.juntadeandalucia.es\/vicentealeixandre\/wp-json\/wp\/v2\/pages\/80"}],"collection":[{"href":"https:\/\/blogsaverroes.juntadeandalucia.es\/vicentealeixandre\/wp-json\/wp\/v2\/pages"}],"about":[{"href":"https:\/\/blogsaverroes.juntadeandalucia.es\/vicentealeixandre\/wp-json\/wp\/v2\/types\/page"}],"author":[{"embeddable":true,"href":"https:\/\/blogsaverroes.juntadeandalucia.es\/vicentealeixandre\/wp-json\/wp\/v2\/users\/1"}],"replies":[{"embeddable":true,"href":"https:\/\/blogsaverroes.juntadeandalucia.es\/vicentealeixandre\/wp-json\/wp\/v2\/comments?post=80"}],"version-history":[{"count":3,"href":"https:\/\/blogsaverroes.juntadeandalucia.es\/vicentealeixandre\/wp-json\/wp\/v2\/pages\/80\/revisions"}],"predecessor-version":[{"id":2309,"href":"https:\/\/blogsaverroes.juntadeandalucia.es\/vicentealeixandre\/wp-json\/wp\/v2\/pages\/80\/revisions\/2309"}],"wp:attachment":[{"href":"https:\/\/blogsaverroes.juntadeandalucia.es\/vicentealeixandre\/wp-json\/wp\/v2\/media?parent=80"}],"curies":[{"name":"wp","href":"https:\/\/api.w.org\/{rel}","templated":true}]}}