{"id":870,"date":"2015-03-16T07:24:27","date_gmt":"2015-03-16T07:24:27","guid":{"rendered":"http:\/\/blogsaverroes.juntadeandalucia.es\/pre\/ceip\/?page_id=103"},"modified":"2020-09-14T17:10:07","modified_gmt":"2020-09-14T17:10:07","slug":"aula-matinal","status":"publish","type":"page","link":"https:\/\/blogsaverroes.juntadeandalucia.es\/vicentealeixandre\/aula-matinal\/","title":{"rendered":"Aula Matinal"},"content":{"rendered":"<h4>Informaci\u00f3n sobre Aula Matinal<\/h4>\n<p>El <strong>Aula Matinal<\/strong> abre a las 7.30 horas de lunes a viernes, ofreciendo actividades diversas a los estudiantes hasta el comienzo del horario lectivo.<\/p>\n<p>Puede utilizarse cualquier d\u00eda previa inscripci\u00f3n y domiciliaci\u00f3n bancaria.<\/p>\n<p><a href=\"https:\/\/drive.google.com\/file\/d\/1efuyFdkgQg4pCLLCZkg5_UMQJWGG5Ik0\/view?usp=sharing\">El listado de usuarios lo puede consultar pulsando aqu\u00ed<\/a><\/p>\n","protected":false},"excerpt":{"rendered":"<p>Informaci\u00f3n sobre Aula Matinal El Aula Matinal abre a las 7.30 horas de lunes a viernes, ofreciendo actividades diversas a los estudiantes hasta el comienzo del horario lectivo. Puede utilizarse cualquier d\u00eda previa inscripci\u00f3n y domiciliaci\u00f3n bancaria. El listado de usuarios lo puede consultar pulsando aqu\u00ed<\/p>\n","protected":false},"author":1,"featured_media":0,"parent":0,"menu_order":0,"comment_status":"closed","ping_status":"open","template":"page-cs.php","meta":{"ngg_post_thumbnail":0,"footnotes":"","_mc_calendar":[]},"aioseo_notices":[],"_links":{"self":[{"href":"https:\/\/blogsaverroes.juntadeandalucia.es\/vicentealeixandre\/wp-json\/wp\/v2\/pages\/870"}],"collection":[{"href":"https:\/\/blogsaverroes.juntadeandalucia.es\/vicentealeixandre\/wp-json\/wp\/v2\/pages"}],"about":[{"href":"https:\/\/blogsaverroes.juntadeandalucia.es\/vicentealeixandre\/wp-json\/wp\/v2\/types\/page"}],"author":[{"embeddable":true,"href":"https:\/\/blogsaverroes.juntadeandalucia.es\/vicentealeixandre\/wp-json\/wp\/v2\/users\/1"}],"replies":[{"embeddable":true,"href":"https:\/\/blogsaverroes.juntadeandalucia.es\/vicentealeixandre\/wp-json\/wp\/v2\/comments?post=870"}],"version-history":[{"count":9,"href":"https:\/\/blogsaverroes.juntadeandalucia.es\/vicentealeixandre\/wp-json\/wp\/v2\/pages\/870\/revisions"}],"predecessor-version":[{"id":2235,"href":"https:\/\/blogsaverroes.juntadeandalucia.es\/vicentealeixandre\/wp-json\/wp\/v2\/pages\/870\/revisions\/2235"}],"wp:attachment":[{"href":"https:\/\/blogsaverroes.juntadeandalucia.es\/vicentealeixandre\/wp-json\/wp\/v2\/media?parent=870"}],"curies":[{"name":"wp","href":"https:\/\/api.w.org\/{rel}","templated":true}]}}