{"id":35,"date":"2015-03-13T08:21:43","date_gmt":"2015-03-13T08:21:43","guid":{"rendered":"http:\/\/blogsaverroes.juntadeandalucia.es\/pre\/ceip\/?page_id=35"},"modified":"2023-02-09T18:18:55","modified_gmt":"2023-02-09T18:18:55","slug":"el-centro-2","status":"publish","type":"page","link":"https:\/\/blogsaverroes.juntadeandalucia.es\/vicentealeixandremontilla\/el-centro-2\/","title":{"rendered":"Datos del centro"},"content":{"rendered":"<p>&nbsp;<\/p>\n<div id=\"wpgmza_map\" class=\"wpgmza_map\" data-settings='{\"id\":\"1\",\"map_title\":\"mapa vicentealeixandremontilla\",\"map_width\":\"100\",\"map_height\":\"400\",\"map_start_lat\":\"37.577625\",\"map_start_lng\":\"-4.649473\",\"map_start_location\":\"37.57762509540929,-4.649472553147913\",\"map_start_zoom\":\"15\",\"default_marker\":\"0\",\"type\":\"1\",\"alignment\":\"2\",\"directions_enabled\":\"1\",\"styling_enabled\":\"0\",\"styling_json\":\"\",\"active\":\"0\",\"kml\":\"\",\"bicycle\":\"0\",\"traffic\":\"0\",\"dbox\":\"1\",\"dbox_width\":\"100\",\"listmarkers\":\"0\",\"listmarkers_advanced\":\"0\",\"filterbycat\":\"0\",\"ugm_enabled\":\"0\",\"ugm_category_enabled\":\"0\",\"fusion\":\"\",\"map_width_type\":\"\\\\%\",\"map_height_type\":\"px\",\"mass_marker_support\":\"1\",\"ugm_access\":\"0\",\"order_markers_by\":\"1\",\"order_markers_choice\":\"2\",\"show_user_location\":\"0\",\"default_to\":\"\",\"other_settings\":{\"store_locator_enabled\":2,\"store_locator_distance\":2,\"store_locator_bounce\":1,\"store_locator_query_string\":\"ZIP \\\/ C\\u00f3digo Postal \\\/ Direcci\\u00f3n\",\"store_locator_default_address\":\"Conde de la Cortina 26\",\"wpgmza_store_locator_restrict\":\"\",\"map_max_zoom\":\"1\",\"transport_layer\":0,\"wpgmza_theme_data\":\"\"}}' data-map-id='1' Data-maps-engine='' data-shortcode-attributes='{\"id\":\"1\"}' style=\"display:block; overflow:auto; width:100%; height:400px; float:left;\"><\/div>\n<h4>&nbsp;<\/h4>\n<h4>&nbsp;<strong>Datos de contacto<\/strong><\/h4>\n<p>CEIP VICENTE ALEIXANDRE<\/p>\n<p><strong>Direcci\u00f3n:<\/strong>&nbsp; Calle Conde de la Cortina n\u00ba 26, 14550 Montilla (C\u00f3rdoba)<\/p>\n<p><strong>Tel\u00e9fono \/ FAX: &nbsp;957699639 \/ 957699640<\/strong><br \/>\n<strong>E-mail:<\/strong> 14007143.edu@juntadeandalucia.es<\/p>\n<h4><strong>Horarios<\/strong><\/h4>\n<p>El horario escolar aprobado por la Delegaci\u00f3n Territorial de Educaci\u00f3n, Cultura y Deporte de C\u00f3rdoba es de 9 a 14 horas en Infantil y Primaria.<\/p>\n<h4><strong>Oferta educativa<\/strong><\/h4>\n<p>El C.E.I.P. Vicente Aleixandre consta en el presente curso 2022-2023 de 11 unidades distribuidas de la siguiente forma:<\/p>\n<ul>\n<li>EDUCACI\u00d3N INFANTIL: Una sola l\u00ednea (3, 4 y 5 a\u00f1os)<\/li>\n<li>EDUCACI\u00d3N PRIMARIA: Una sola l\u00ednea (1\u00ba, 2\u00ba, 3\u00ba, 4\u00ba, 5\u00ba y 6\u00ba)<\/li>\n<li>AULA DE PEDAGOG\u00cdA TERAP\u00c9UTICA<\/li>\n<li>AULA DE AUDICI\u00d3N Y LENGUAJE<\/li>\n<\/ul>\n<p>&nbsp;<\/p>\n<p><strong>Personal Docente<\/strong><\/p>\n<ul>\n<li>3 MAESTRAS DE EDUCACI\u00d3N INFANTIL<\/li>\n<li>6 MAESTROS\/AS DE EDUCACI\u00d3N PRIMARIA<\/li>\n<li>1 MAESTRA DE PEDAGOG\u00cdA TERAP\u00c9UTICA<\/li>\n<li>1 MAESTRA DE AUDICI\u00d3N Y LENGUAJE<\/li>\n<li>1 MAESTRO ESPECIALISTA DE EDUCACI\u00d3N F\u00cdSICA<\/li>\n<li>1 MAESTRO ESPECIALISTA DE M\u00daSICA<\/li>\n<li>2 MAESTRAS ESPECIALISTAS DE INGL\u00c9S<\/li>\n<li>1 AUXILIAR DE CONVERSACI\u00d3N<\/li>\n<li>1 MAESTRO DE RELIGI\u00d3N<\/li>\n<\/ul>\n<p>&nbsp;<\/p>\n<p><strong>Personal No Docente<\/strong><\/p>\n<ul>\n<li>1 MONITORA DE APOYO ADMINISTRATIVO (2 d\u00edas a la semana)<\/li>\n<li>1 MONITORA DE EDUCACI\u00d3N ESPECIAL (Fepamic)<\/li>\n<li>EQUIPO DE ORIENTACI\u00d3N EDUCATIVA (1 d\u00eda a la semana)<\/li>\n<li>2 LIMPIADORES\/AS (Isufu)<\/li>\n<li>1 AUXILIAR DE COCINA (C\u00e1tering MEDITERR\u00c1NEA)<\/li>\n<li>3 MONITORAS DE COMEDOR (Catering MEDITERR\u00c1NEA)<\/li>\n<li>2 MONITORAS DE AULA MATINAL<\/li>\n<\/ul>\n<p>&nbsp;<\/p>\n<p>El n\u00famero de alumnos y alumnas es de 211.<\/p>\n<ul>\n<li>Relaci\u00f3n con los\/as padres\/madres:<\/li>\n<\/ul>\n<p>En el centro funciona una A.M.P.A. (VICENTALE) que intenta favorecer la participaci\u00f3n de los padres y madres en las actividades propuestas, tanto por la misma A.M.P.A. como por el centro. Las relaciones entre la A.M.P.A. y el centro son de armon\u00eda y colaboraci\u00f3n.<\/p>\n<h4>Instalaciones<\/h4>\n<p><!-- default-view.php -->\n<div\n\tclass=\"ngg-galleryoverview default-view\n\t ngg-ajax-pagination-none\t\"\n\tid=\"ngg-gallery-50438d0d4f962fd8f7f1dc7ad9e2a334-1\">\n\n\t\t<!-- Thumbnails -->\n\t\t\t\t<div id=\"ngg-image-0\" class=\"ngg-gallery-thumbnail-box\n\t\t\t\t\t\t\t\t\t\t\t\"\n\t\t\t>\n\t\t\t\t\t\t<div class=\"ngg-gallery-thumbnail\">\n\t\t\t<a href=\"https:\/\/blogsaverroes.juntadeandalucia.es\/vicentealeixandremontilla\/wp-content\/uploads\/sites\/792\/nggallery\/instalaciones\/instalacion01.jpg\"\n\t\t\t\ttitle=\"\"\n\t\t\t\tdata-src=\"https:\/\/blogsaverroes.juntadeandalucia.es\/vicentealeixandremontilla\/wp-content\/uploads\/sites\/792\/nggallery\/instalaciones\/instalacion01.jpg\"\n\t\t\t\tdata-thumbnail=\"https:\/\/blogsaverroes.juntadeandalucia.es\/vicentealeixandremontilla\/wp-content\/uploads\/sites\/792\/nggallery\/instalaciones\/thumbs\/thumbs_instalacion01.jpg\"\n\t\t\t\tdata-image-id=\"16\"\n\t\t\t\tdata-title=\"instalacion01\"\n\t\t\t\tdata-description=\"\"\n\t\t\t\tdata-image-slug=\"instalacion01\"\n\t\t\t\tclass=\"ngg-fancybox\" rel=\"50438d0d4f962fd8f7f1dc7ad9e2a334\">\n\t\t\t\t<img\n\t\t\t\t\ttitle=\"instalacion01\"\n\t\t\t\t\talt=\"instalacion01\"\n\t\t\t\t\tsrc=\"https:\/\/blogsaverroes.juntadeandalucia.es\/vicentealeixandremontilla\/wp-content\/uploads\/sites\/792\/nggallery\/instalaciones\/thumbs\/thumbs_instalacion01.jpg\"\n\t\t\t\t\twidth=\"120\"\n\t\t\t\t\theight=\"90\"\n\t\t\t\t\tstyle=\"max-width:100%;\"\n\t\t\t\t\/>\n\t\t\t<\/a>\n\t\t<\/div>\n\t\t\t\t\t\t\t<\/div>\n\t\t\t\n\t\t\t\t<div id=\"ngg-image-1\" class=\"ngg-gallery-thumbnail-box\n\t\t\t\t\t\t\t\t\t\t\t\"\n\t\t\t>\n\t\t\t\t\t\t<div class=\"ngg-gallery-thumbnail\">\n\t\t\t<a href=\"https:\/\/blogsaverroes.juntadeandalucia.es\/vicentealeixandremontilla\/wp-content\/uploads\/sites\/792\/nggallery\/instalaciones\/instalacion02.jpg\"\n\t\t\t\ttitle=\"\"\n\t\t\t\tdata-src=\"https:\/\/blogsaverroes.juntadeandalucia.es\/vicentealeixandremontilla\/wp-content\/uploads\/sites\/792\/nggallery\/instalaciones\/instalacion02.jpg\"\n\t\t\t\tdata-thumbnail=\"https:\/\/blogsaverroes.juntadeandalucia.es\/vicentealeixandremontilla\/wp-content\/uploads\/sites\/792\/nggallery\/instalaciones\/thumbs\/thumbs_instalacion02.jpg\"\n\t\t\t\tdata-image-id=\"17\"\n\t\t\t\tdata-title=\"instalacion02\"\n\t\t\t\tdata-description=\"\"\n\t\t\t\tdata-image-slug=\"instalacion02\"\n\t\t\t\tclass=\"ngg-fancybox\" rel=\"50438d0d4f962fd8f7f1dc7ad9e2a334\">\n\t\t\t\t<img\n\t\t\t\t\ttitle=\"instalacion02\"\n\t\t\t\t\talt=\"instalacion02\"\n\t\t\t\t\tsrc=\"https:\/\/blogsaverroes.juntadeandalucia.es\/vicentealeixandremontilla\/wp-content\/uploads\/sites\/792\/nggallery\/instalaciones\/thumbs\/thumbs_instalacion02.jpg\"\n\t\t\t\t\twidth=\"120\"\n\t\t\t\t\theight=\"90\"\n\t\t\t\t\tstyle=\"max-width:100%;\"\n\t\t\t\t\/>\n\t\t\t<\/a>\n\t\t<\/div>\n\t\t\t\t\t\t\t<\/div>\n\t\t\t\n\t\t\t\t<div id=\"ngg-image-2\" class=\"ngg-gallery-thumbnail-box\n\t\t\t\t\t\t\t\t\t\t\t\"\n\t\t\t>\n\t\t\t\t\t\t<div class=\"ngg-gallery-thumbnail\">\n\t\t\t<a href=\"https:\/\/blogsaverroes.juntadeandalucia.es\/vicentealeixandremontilla\/wp-content\/uploads\/sites\/792\/nggallery\/instalaciones\/instalacion03.jpg\"\n\t\t\t\ttitle=\"\"\n\t\t\t\tdata-src=\"https:\/\/blogsaverroes.juntadeandalucia.es\/vicentealeixandremontilla\/wp-content\/uploads\/sites\/792\/nggallery\/instalaciones\/instalacion03.jpg\"\n\t\t\t\tdata-thumbnail=\"https:\/\/blogsaverroes.juntadeandalucia.es\/vicentealeixandremontilla\/wp-content\/uploads\/sites\/792\/nggallery\/instalaciones\/thumbs\/thumbs_instalacion03.jpg\"\n\t\t\t\tdata-image-id=\"18\"\n\t\t\t\tdata-title=\"instalacion03\"\n\t\t\t\tdata-description=\"\"\n\t\t\t\tdata-image-slug=\"instalacion03\"\n\t\t\t\tclass=\"ngg-fancybox\" rel=\"50438d0d4f962fd8f7f1dc7ad9e2a334\">\n\t\t\t\t<img\n\t\t\t\t\ttitle=\"instalacion03\"\n\t\t\t\t\talt=\"instalacion03\"\n\t\t\t\t\tsrc=\"https:\/\/blogsaverroes.juntadeandalucia.es\/vicentealeixandremontilla\/wp-content\/uploads\/sites\/792\/nggallery\/instalaciones\/thumbs\/thumbs_instalacion03.jpg\"\n\t\t\t\t\twidth=\"120\"\n\t\t\t\t\theight=\"90\"\n\t\t\t\t\tstyle=\"max-width:100%;\"\n\t\t\t\t\/>\n\t\t\t<\/a>\n\t\t<\/div>\n\t\t\t\t\t\t\t<\/div>\n\t\t\t\n\t\t\t\t<div id=\"ngg-image-3\" class=\"ngg-gallery-thumbnail-box\n\t\t\t\t\t\t\t\t\t\t\t\"\n\t\t\t>\n\t\t\t\t\t\t<div class=\"ngg-gallery-thumbnail\">\n\t\t\t<a href=\"https:\/\/blogsaverroes.juntadeandalucia.es\/vicentealeixandremontilla\/wp-content\/uploads\/sites\/792\/nggallery\/instalaciones\/instalacion04.jpg\"\n\t\t\t\ttitle=\"\"\n\t\t\t\tdata-src=\"https:\/\/blogsaverroes.juntadeandalucia.es\/vicentealeixandremontilla\/wp-content\/uploads\/sites\/792\/nggallery\/instalaciones\/instalacion04.jpg\"\n\t\t\t\tdata-thumbnail=\"https:\/\/blogsaverroes.juntadeandalucia.es\/vicentealeixandremontilla\/wp-content\/uploads\/sites\/792\/nggallery\/instalaciones\/thumbs\/thumbs_instalacion04.jpg\"\n\t\t\t\tdata-image-id=\"19\"\n\t\t\t\tdata-title=\"instalacion04\"\n\t\t\t\tdata-description=\"\"\n\t\t\t\tdata-image-slug=\"instalacion04\"\n\t\t\t\tclass=\"ngg-fancybox\" rel=\"50438d0d4f962fd8f7f1dc7ad9e2a334\">\n\t\t\t\t<img\n\t\t\t\t\ttitle=\"instalacion04\"\n\t\t\t\t\talt=\"instalacion04\"\n\t\t\t\t\tsrc=\"https:\/\/blogsaverroes.juntadeandalucia.es\/vicentealeixandremontilla\/wp-content\/uploads\/sites\/792\/nggallery\/instalaciones\/thumbs\/thumbs_instalacion04.jpg\"\n\t\t\t\t\twidth=\"120\"\n\t\t\t\t\theight=\"90\"\n\t\t\t\t\tstyle=\"max-width:100%;\"\n\t\t\t\t\/>\n\t\t\t<\/a>\n\t\t<\/div>\n\t\t\t\t\t\t\t<\/div>\n\t\t\t\n\t\n\t<br style=\"clear: both\" \/>\n\n\t\t<div class=\"slideshowlink\">\n\t\t<a href='https:\/\/blogsaverroes.juntadeandalucia.es\/vicentealeixandremontilla\/el-centro-2\/nggallery\/slideshow'>[Mostrar presentaci\u00f3n de diapositivas]<\/a>\n\n\t<\/div>\n\t\n\t\t<!-- Pagination -->\n\t\t<div class='ngg-clear'><\/div>\t<\/div>\n<\/p>\n","protected":false},"excerpt":{"rendered":"<p>&nbsp; &nbsp; &nbsp;Datos de contacto CEIP VICENTE ALEIXANDRE Direcci\u00f3n:&nbsp; Calle Conde de la Cortina n\u00ba 26, 14550 Montilla (C\u00f3rdoba) Tel\u00e9fono \/ FAX: &nbsp;957699639 \/ 957699640 E-mail: 14007143.edu@juntadeandalucia.es Horarios El horario escolar aprobado por la Delegaci\u00f3n Territorial de Educaci\u00f3n, Cultura y Deporte de C\u00f3rdoba es de 9 a 14 horas en Infantil y Primaria. Oferta educativa &hellip; <a href=\"https:\/\/blogsaverroes.juntadeandalucia.es\/vicentealeixandremontilla\/el-centro-2\/\" class=\"more-link\">Seguir leyendo <span class=\"screen-reader-text\">Datos del centro<\/span> <span class=\"meta-nav\">&rarr;<\/span><\/a><\/p>\n","protected":false},"author":1,"featured_media":0,"parent":0,"menu_order":0,"comment_status":"closed","ping_status":"open","template":"","meta":{"ngg_post_thumbnail":0,"footnotes":"","_mc_calendar":[]},"aioseo_notices":[],"_links":{"self":[{"href":"https:\/\/blogsaverroes.juntadeandalucia.es\/vicentealeixandremontilla\/wp-json\/wp\/v2\/pages\/35"}],"collection":[{"href":"https:\/\/blogsaverroes.juntadeandalucia.es\/vicentealeixandremontilla\/wp-json\/wp\/v2\/pages"}],"about":[{"href":"https:\/\/blogsaverroes.juntadeandalucia.es\/vicentealeixandremontilla\/wp-json\/wp\/v2\/types\/page"}],"author":[{"embeddable":true,"href":"https:\/\/blogsaverroes.juntadeandalucia.es\/vicentealeixandremontilla\/wp-json\/wp\/v2\/users\/1"}],"replies":[{"embeddable":true,"href":"https:\/\/blogsaverroes.juntadeandalucia.es\/vicentealeixandremontilla\/wp-json\/wp\/v2\/comments?post=35"}],"version-history":[{"count":32,"href":"https:\/\/blogsaverroes.juntadeandalucia.es\/vicentealeixandremontilla\/wp-json\/wp\/v2\/pages\/35\/revisions"}],"predecessor-version":[{"id":3348,"href":"https:\/\/blogsaverroes.juntadeandalucia.es\/vicentealeixandremontilla\/wp-json\/wp\/v2\/pages\/35\/revisions\/3348"}],"wp:attachment":[{"href":"https:\/\/blogsaverroes.juntadeandalucia.es\/vicentealeixandremontilla\/wp-json\/wp\/v2\/media?parent=35"}],"curies":[{"name":"wp","href":"https:\/\/api.w.org\/{rel}","templated":true}]}}