{"id":1095,"date":"2024-08-05T16:56:21","date_gmt":"2024-08-05T16:56:21","guid":{"rendered":"https:\/\/blogsaverroes.juntadeandalucia.es\/vicentebilingual\/?page_id=1095"},"modified":"2024-08-05T16:56:21","modified_gmt":"2024-08-05T16:56:21","slug":"programa-bilingue-dentro-del-plc","status":"publish","type":"page","link":"https:\/\/blogsaverroes.juntadeandalucia.es\/vicentebilingual\/programa-bilingue-dentro-del-plc\/","title":{"rendered":"Programa Biling\u00fce dentro del PLC"},"content":{"rendered":"<h1 style=\"text-align: center\">Programa Biling\u00fce dentro del PLC (Proyecto Ling\u00fc\u00edstico de Centro)<\/h1>\n<p style=\"text-align: center\"><iframe loading=\"lazy\" src=\"https:\/\/drive.google.com\/file\/d\/1EVZ5_uV2afokyxzJzNL_2Z9_6TbCGs8Q\/preview\" width=\"640\" height=\"480\"><\/iframe>&nbsp;<\/p>\n<p>&nbsp;<\/p>\n","protected":false},"excerpt":{"rendered":"<p>Programa Biling\u00fce dentro del PLC (Proyecto Ling\u00fc\u00edstico de Centro) &nbsp; &nbsp;<\/p>\n","protected":false},"author":13585,"featured_media":0,"parent":0,"menu_order":0,"comment_status":"closed","ping_status":"closed","template":"","meta":{"ngg_post_thumbnail":0,"footnotes":""},"aioseo_notices":[],"_links":{"self":[{"href":"https:\/\/blogsaverroes.juntadeandalucia.es\/vicentebilingual\/wp-json\/wp\/v2\/pages\/1095"}],"collection":[{"href":"https:\/\/blogsaverroes.juntadeandalucia.es\/vicentebilingual\/wp-json\/wp\/v2\/pages"}],"about":[{"href":"https:\/\/blogsaverroes.juntadeandalucia.es\/vicentebilingual\/wp-json\/wp\/v2\/types\/page"}],"author":[{"embeddable":true,"href":"https:\/\/blogsaverroes.juntadeandalucia.es\/vicentebilingual\/wp-json\/wp\/v2\/users\/13585"}],"replies":[{"embeddable":true,"href":"https:\/\/blogsaverroes.juntadeandalucia.es\/vicentebilingual\/wp-json\/wp\/v2\/comments?post=1095"}],"version-history":[{"count":1,"href":"https:\/\/blogsaverroes.juntadeandalucia.es\/vicentebilingual\/wp-json\/wp\/v2\/pages\/1095\/revisions"}],"predecessor-version":[{"id":1096,"href":"https:\/\/blogsaverroes.juntadeandalucia.es\/vicentebilingual\/wp-json\/wp\/v2\/pages\/1095\/revisions\/1096"}],"wp:attachment":[{"href":"https:\/\/blogsaverroes.juntadeandalucia.es\/vicentebilingual\/wp-json\/wp\/v2\/media?parent=1095"}],"curies":[{"name":"wp","href":"https:\/\/api.w.org\/{rel}","templated":true}]}}