{"id":208,"date":"2021-10-12T16:50:24","date_gmt":"2021-10-12T16:50:24","guid":{"rendered":"https:\/\/blogsaverroes.juntadeandalucia.es\/vicentebilingual\/?page_id=208"},"modified":"2024-04-10T09:04:47","modified_gmt":"2024-04-10T09:04:47","slug":"contacto","status":"publish","type":"page","link":"https:\/\/blogsaverroes.juntadeandalucia.es\/vicentebilingual\/contacto\/","title":{"rendered":"Contacto"},"content":{"rendered":"<p style=\"text-align: center\"><strong>Ana Luc\u00eda Aguirrez\u00e1bal Gago &#8211;<\/strong> Coordinadora<em> Biling\u00fce&nbsp;<\/em><\/p>\n<p style=\"text-align: center\"><img loading=\"lazy\" decoding=\"async\" class=\"aligncenter\" src=\"https:\/\/cdn-icons-png.flaticon.com\/512\/2250\/2250078.png\" alt=\"Email - Iconos gratis de comunicaciones\" width=\"45\" height=\"45\"><a href=\"mailto:aagugag198@g.educaand.es\">aagugag198@g.educaand.es<\/a><\/p>\n<p>&nbsp;<\/p>\n<p><strong>Datos de contacto del centro<\/strong><\/p>\n<p>Colegio de Educaci\u00f3n Infantil y Primaria Vicente Aleixandre<\/p>\n<p>Direcci\u00f3n: Calle San Bartolom\u00e9, s\/n 41980 La Algaba (Sevilla)<\/p>\n<p>Tel\u00e9fono:&nbsp; 955 62 28 93&nbsp;<\/p>\n<p>Email: <a href=\"mailto:41000430.edu@juntadeandalucia.es\">41000430.edu@juntadeandalucia.es<\/a><\/p>\n<p>&nbsp;<\/p>\n<p>&nbsp;<\/p>\n","protected":false},"excerpt":{"rendered":"<p>Ana Luc\u00eda Aguirrez\u00e1bal Gago &#8211; Coordinadora Biling\u00fce&nbsp; aagugag198@g.educaand.es &nbsp; Datos de contacto del centro Colegio de Educaci\u00f3n Infantil y Primaria Vicente Aleixandre Direcci\u00f3n: Calle San&hellip;<\/p>\n","protected":false},"author":13585,"featured_media":0,"parent":0,"menu_order":0,"comment_status":"closed","ping_status":"closed","template":"","meta":{"ngg_post_thumbnail":0,"footnotes":""},"aioseo_notices":[],"_links":{"self":[{"href":"https:\/\/blogsaverroes.juntadeandalucia.es\/vicentebilingual\/wp-json\/wp\/v2\/pages\/208"}],"collection":[{"href":"https:\/\/blogsaverroes.juntadeandalucia.es\/vicentebilingual\/wp-json\/wp\/v2\/pages"}],"about":[{"href":"https:\/\/blogsaverroes.juntadeandalucia.es\/vicentebilingual\/wp-json\/wp\/v2\/types\/page"}],"author":[{"embeddable":true,"href":"https:\/\/blogsaverroes.juntadeandalucia.es\/vicentebilingual\/wp-json\/wp\/v2\/users\/13585"}],"replies":[{"embeddable":true,"href":"https:\/\/blogsaverroes.juntadeandalucia.es\/vicentebilingual\/wp-json\/wp\/v2\/comments?post=208"}],"version-history":[{"count":8,"href":"https:\/\/blogsaverroes.juntadeandalucia.es\/vicentebilingual\/wp-json\/wp\/v2\/pages\/208\/revisions"}],"predecessor-version":[{"id":964,"href":"https:\/\/blogsaverroes.juntadeandalucia.es\/vicentebilingual\/wp-json\/wp\/v2\/pages\/208\/revisions\/964"}],"wp:attachment":[{"href":"https:\/\/blogsaverroes.juntadeandalucia.es\/vicentebilingual\/wp-json\/wp\/v2\/media?parent=208"}],"curies":[{"name":"wp","href":"https:\/\/api.w.org\/{rel}","templated":true}]}}