{"id":1327,"date":"2025-03-21T12:36:01","date_gmt":"2025-03-21T12:36:01","guid":{"rendered":"https:\/\/blogsaverroes.juntadeandalucia.es\/virgen-de-gracia\/?page_id=1327"},"modified":"2026-02-05T12:48:43","modified_gmt":"2026-02-05T12:48:43","slug":"nuestra-biblioteca","status":"publish","type":"page","link":"https:\/\/blogsaverroes.juntadeandalucia.es\/virgen-de-gracia\/nuestra-biblioteca\/","title":{"rendered":"NUESTRA BIBLIOTECA"},"content":{"rendered":"<p style=\"text-align: center\"><span style=\"font-size: 14pt;color: #0000ff\">\u00abLas personas libres jam\u00e1s podr\u00e1n concebir lo que los libros significan para quienes vivimos encerrados\u00bb, <\/span><\/p>\n<p style=\"text-align: center\"><span style=\"font-size: 14pt;color: #0000ff\"><strong>Ana Frank<\/strong>.<\/span><\/p>\n<p style=\"text-align: center\"><a href=\"https:\/\/portals.ced.junta-andalucia.es\/educacion\/portals\/web\/lecturas-bibliotecas-escolares\/inicio?p_p_auth=oDhN87e4&amp;p_p_id=49&amp;p_p_lifecycle=1&amp;p_p_state=normal&amp;p_p_mode=view&amp;_49_struts_action=%2Fmy_sites%2Fview&amp;_49_groupId=311140&amp;_49_privateLayout=false\"><img loading=\"lazy\" decoding=\"async\" class=\"aligncenter wp-image-1405 size-full\" src=\"https:\/\/blogsaverroes.juntadeandalucia.es\/virgen-de-gracia\/files\/2025\/03\/biblio.jpeg\" alt=\" Pincha en la imagen para acceder al portal &quot;Lecturas y Biblioteca&quot; de la Junta de Andaluc\u00eda.\" width=\"207\" height=\"244\"><\/a><\/p>\n<p style=\"text-align: center\"><span style=\"font-size: 14pt;color: #0000ff\">Las bibliotecas escolares son los lugares propiciadores de la lectura y el<\/span><br \/>\n<span style=\"font-size: 14pt;color: #0000ff\">amor por los libros. Para ello es necesario una continua motivaci\u00f3n, por parte de los adultos<\/span><br \/>\n<span style=\"font-size: 14pt;color: #0000ff\">encargados de su educaci\u00f3n, como pueden ser los padres o madres, los docentes o los propios<\/span><br \/>\n<span style=\"font-size: 14pt;color: #0000ff\">encargados de las bibliotecas escolares.<\/span><\/p>\n<p style=\"text-align: center\"><span style=\"font-size: 14pt;color: #0000ff\">Esta motivaci\u00f3n se ha de llevar a cabo sin presionar al lector y d\u00e1ndole libertad a la hora de elegir<\/span><br \/>\n<span style=\"font-size: 14pt;color: #0000ff\">el libro que desea leer, ya que lo primero puede llevar al desinter\u00e9s del mismo.<\/span><br \/>\n<span style=\"font-size: 14pt;color: #0000ff\">A partir de los libros se transmiten tambi\u00e9n muchos de los valores sociales.<\/span><br \/>\n<span style=\"font-size: 14pt;color: #0000ff\">Mediante la lectura podemos mejorar la calidad de vida, al estar informados de todo lo que ocurre<\/span><br \/>\n<span style=\"font-size: 14pt;color: #0000ff\">a nuestro alrededor y al desarrollar la capacidad intelectual y el esp\u00edritu en general.<\/span><br \/>\n<span style=\"font-size: 14pt;color: #0000ff\">Para crear el h\u00e1bito lector es necesario leer mucho.<\/span><\/p>\n<p style=\"text-align: center\"><img loading=\"lazy\" decoding=\"async\" class=\"alignnone wp-image-1407 aligncenter\" src=\"https:\/\/blogsaverroes.juntadeandalucia.es\/virgen-de-gracia\/files\/2025\/03\/20250324_170918-300x225.jpg\" alt=\"\" width=\"375\" height=\"281\" srcset=\"https:\/\/blogsaverroes.juntadeandalucia.es\/virgen-de-gracia\/files\/2025\/03\/20250324_170918-300x225.jpg 300w, https:\/\/blogsaverroes.juntadeandalucia.es\/virgen-de-gracia\/files\/2025\/03\/20250324_170918-1024x768.jpg 1024w, https:\/\/blogsaverroes.juntadeandalucia.es\/virgen-de-gracia\/files\/2025\/03\/20250324_170918-768x576.jpg 768w, https:\/\/blogsaverroes.juntadeandalucia.es\/virgen-de-gracia\/files\/2025\/03\/20250324_170918-1536x1152.jpg 1536w, https:\/\/blogsaverroes.juntadeandalucia.es\/virgen-de-gracia\/files\/2025\/03\/20250324_170918-2048x1536.jpg 2048w\" sizes=\"(max-width: 375px) 100vw, 375px\" \/><\/p>\n<p style=\"text-align: center\"><span style=\"font-size: 14pt;color: #0000ff\">En nuestro centro hemos creado el \u00abRinc\u00f3n de la Biblioteca\u00bb, \u00e9ste recoger\u00e1 todas las actividades que se llevar\u00e1n a cabo durante el curso, adem\u00e1s de promover y fomentar la lectura no solo en nuestro alumnado sino tambi\u00e9n en el Equipo Docente y familia<\/span><\/p>\n<p style=\"text-align: center\"><span style=\"font-size: 14pt;color: #0000ff\">Coordinadora: Roc\u00edo Campos Rubio<\/span><\/p>\n<p style=\"text-align: center\">&nbsp;<\/p>\n<p style=\"text-align: center\">&nbsp;<\/p>\n<p>&nbsp;<\/p>\n","protected":false},"excerpt":{"rendered":"<p>\u00abLas personas libres jam\u00e1s podr\u00e1n concebir lo que los libros significan para quienes vivimos encerrados\u00bb, Ana Frank. Las bibliotecas escolares son los lugares propiciadores de la lectura y el amor por los libros. Para&#46;&#46;&#46;<\/p>\n","protected":false},"author":12922,"featured_media":0,"parent":0,"menu_order":0,"comment_status":"closed","ping_status":"closed","template":"","meta":{"ngg_post_thumbnail":0,"footnotes":"","_mc_calendar":[]},"aioseo_notices":[],"_links":{"self":[{"href":"https:\/\/blogsaverroes.juntadeandalucia.es\/virgen-de-gracia\/wp-json\/wp\/v2\/pages\/1327"}],"collection":[{"href":"https:\/\/blogsaverroes.juntadeandalucia.es\/virgen-de-gracia\/wp-json\/wp\/v2\/pages"}],"about":[{"href":"https:\/\/blogsaverroes.juntadeandalucia.es\/virgen-de-gracia\/wp-json\/wp\/v2\/types\/page"}],"author":[{"embeddable":true,"href":"https:\/\/blogsaverroes.juntadeandalucia.es\/virgen-de-gracia\/wp-json\/wp\/v2\/users\/12922"}],"replies":[{"embeddable":true,"href":"https:\/\/blogsaverroes.juntadeandalucia.es\/virgen-de-gracia\/wp-json\/wp\/v2\/comments?post=1327"}],"version-history":[{"count":10,"href":"https:\/\/blogsaverroes.juntadeandalucia.es\/virgen-de-gracia\/wp-json\/wp\/v2\/pages\/1327\/revisions"}],"predecessor-version":[{"id":1626,"href":"https:\/\/blogsaverroes.juntadeandalucia.es\/virgen-de-gracia\/wp-json\/wp\/v2\/pages\/1327\/revisions\/1626"}],"wp:attachment":[{"href":"https:\/\/blogsaverroes.juntadeandalucia.es\/virgen-de-gracia\/wp-json\/wp\/v2\/media?parent=1327"}],"curies":[{"name":"wp","href":"https:\/\/api.w.org\/{rel}","templated":true}]}}