{"id":1351,"date":"2025-03-21T12:42:28","date_gmt":"2025-03-21T12:42:28","guid":{"rendered":"https:\/\/blogsaverroes.juntadeandalucia.es\/virgen-de-gracia\/?page_id=1351"},"modified":"2025-03-24T18:58:53","modified_gmt":"2025-03-24T18:58:53","slug":"comedor-escolar","status":"publish","type":"page","link":"https:\/\/blogsaverroes.juntadeandalucia.es\/virgen-de-gracia\/comedor-escolar\/","title":{"rendered":"COMEDOR ESCOLAR"},"content":{"rendered":"<h1 class=\"western\" style=\"text-align: center\"><span style=\"color: #3366ff\">Nuestro Comedor Escolar<\/span><img loading=\"lazy\" decoding=\"async\" class=\"alignnone size-medium wp-image-1367 aligncenter\" src=\"https:\/\/blogsaverroes.juntadeandalucia.es\/virgen-de-gracia\/files\/2025\/03\/20250324_125231-300x225.jpg\" alt=\"\" width=\"300\" height=\"225\" srcset=\"https:\/\/blogsaverroes.juntadeandalucia.es\/virgen-de-gracia\/files\/2025\/03\/20250324_125231-300x225.jpg 300w, https:\/\/blogsaverroes.juntadeandalucia.es\/virgen-de-gracia\/files\/2025\/03\/20250324_125231-1024x768.jpg 1024w, https:\/\/blogsaverroes.juntadeandalucia.es\/virgen-de-gracia\/files\/2025\/03\/20250324_125231-768x576.jpg 768w, https:\/\/blogsaverroes.juntadeandalucia.es\/virgen-de-gracia\/files\/2025\/03\/20250324_125231-1536x1152.jpg 1536w, https:\/\/blogsaverroes.juntadeandalucia.es\/virgen-de-gracia\/files\/2025\/03\/20250324_125231-2048x1536.jpg 2048w\" sizes=\"(max-width: 300px) 100vw, 300px\" \/><\/h1>\n<p align=\"justify\"><span style=\"color: #3366ff\"><strong>Nuestro centro <\/strong>presta el servicio de comedor escolar para el alumnado de educaci\u00f3n infantil, primaria y secundaria. El horario de atenci\u00f3n es desde las 14:15h hasta las 15.15h.<\/span><\/p>\n<p><span style=\"color: #3366ff\">El alumnado en el comedor escolar esta totalmente atendido por personal cualificado cuyas funciones son las siguientes:<\/span><\/p>\n<p><span style=\"color: #3366ff\">a) Atender y custodiar al alumnado durante las comidas y en el tiempo anterior y posterior a las mismas.<\/span><br \/>\n<span style=\"color: #3366ff\">b) Resolver las incidencias que pudieran presentarse durante ese per\u00edodo.<\/span><br \/>\n<span style=\"color: #3366ff\">c) Prestar especial atenci\u00f3n a la labor educativa del comedor: adquisici\u00f3n de h\u00e1bitos sociales e higi\u00e9nico-sanitarios y correcta utilizaci\u00f3n del menaje del comedor.<\/span><br \/>\n<span style=\"color: #3366ff\">d) Cualquier otra funci\u00f3n que le pueda ser encomendada por la persona que ejerce la direcci\u00f3n del centro, para el adecuado funcionamiento del comedor escolar.<\/span><\/p>\n<p><span style=\"color: #3366ff\"><img loading=\"lazy\" decoding=\"async\" class=\"size-full wp-image-1368 alignleft\" src=\"https:\/\/blogsaverroes.juntadeandalucia.es\/virgen-de-gracia\/files\/2025\/03\/comedor1.jpeg\" alt=\"\" width=\"267\" height=\"189\"><\/span><\/p>\n<p><span style=\"color: #3366ff\">Adem\u00e1s se fomentar\u00e1 h\u00e1bitos como el lavado de manos, mantener posturas correctas, no jugar con los alimentos, etc.<\/span><\/p>\n<p><span style=\"color: #3366ff\">El comedor escolar de nuestro centro tiene un aforo m\u00e1ximo de 90 comensales.<\/span><\/p>\n<p><iframe loading=\"lazy\" src=\"https:\/\/drive.google.com\/file\/d\/1d98flBjqE2-x85cHxDomcx4H-Ly6eHcX\/preview\" width=\"640\" height=\"480\"><\/iframe>&nbsp;<\/p>\n","protected":false},"excerpt":{"rendered":"<p>Nuestro Comedor Escolar Nuestro centro presta el servicio de comedor escolar para el alumnado de educaci\u00f3n infantil, primaria y secundaria. El horario de atenci\u00f3n es desde las 14:15h hasta las 15.15h. El alumnado en&#46;&#46;&#46;<\/p>\n","protected":false},"author":12922,"featured_media":0,"parent":0,"menu_order":0,"comment_status":"closed","ping_status":"closed","template":"","meta":{"ngg_post_thumbnail":0,"footnotes":"","_mc_calendar":[]},"aioseo_notices":[],"_links":{"self":[{"href":"https:\/\/blogsaverroes.juntadeandalucia.es\/virgen-de-gracia\/wp-json\/wp\/v2\/pages\/1351"}],"collection":[{"href":"https:\/\/blogsaverroes.juntadeandalucia.es\/virgen-de-gracia\/wp-json\/wp\/v2\/pages"}],"about":[{"href":"https:\/\/blogsaverroes.juntadeandalucia.es\/virgen-de-gracia\/wp-json\/wp\/v2\/types\/page"}],"author":[{"embeddable":true,"href":"https:\/\/blogsaverroes.juntadeandalucia.es\/virgen-de-gracia\/wp-json\/wp\/v2\/users\/12922"}],"replies":[{"embeddable":true,"href":"https:\/\/blogsaverroes.juntadeandalucia.es\/virgen-de-gracia\/wp-json\/wp\/v2\/comments?post=1351"}],"version-history":[{"count":9,"href":"https:\/\/blogsaverroes.juntadeandalucia.es\/virgen-de-gracia\/wp-json\/wp\/v2\/pages\/1351\/revisions"}],"predecessor-version":[{"id":1446,"href":"https:\/\/blogsaverroes.juntadeandalucia.es\/virgen-de-gracia\/wp-json\/wp\/v2\/pages\/1351\/revisions\/1446"}],"wp:attachment":[{"href":"https:\/\/blogsaverroes.juntadeandalucia.es\/virgen-de-gracia\/wp-json\/wp\/v2\/media?parent=1351"}],"curies":[{"name":"wp","href":"https:\/\/api.w.org\/{rel}","templated":true}]}}