{"id":2519,"date":"2024-12-17T05:10:27","date_gmt":"2024-12-17T04:10:27","guid":{"rendered":"https:\/\/blogsaverroes.juntadeandalucia.es\/virgendelacabeza\/?page_id=2519"},"modified":"2024-12-17T05:51:35","modified_gmt":"2024-12-17T04:51:35","slug":"proyecto-educativo","status":"publish","type":"page","link":"https:\/\/blogsaverroes.juntadeandalucia.es\/virgendelacabeza\/plan-de-centro\/proyecto-educativo\/","title":{"rendered":"Proyecto educativo"},"content":{"rendered":"<p><a href=\"https:\/\/blogsaverroes.juntadeandalucia.es\/virgendelacabeza\/files\/2024\/12\/A.-OBJETIVOS-PROPIOS-PARA-LA-MEJORA-DEL-DESARROLLO-DE-LAS-COMPETENCIAS-CLAVE-PREVISTAS-EN-LOS-PERFILES-COMPETENCIALES.pdf\">A. OBJETIVOS PROPIOS PARA LA MEJORA DEL DESARROLLO DE LAS COMPETENCIAS CLAVE PREVISTAS EN LOS PERFILES COMPETENCIALES.<\/a><\/p>\n<p><a href=\"https:\/\/blogsaverroes.juntadeandalucia.es\/virgendelacabeza\/files\/2024\/12\/B.-PRINCIPIOS-GENERALES-DE-LAS-DISTINTAS-ETAPAS.-PRINCIPIOS-PEDAGGICOS-Y-METODOLGICOS-DEL-CENTRO.pdf\">B. PRINCIPIOS GENERALES DE LAS DISTINTAS ETAPAS. PRINCIPIOS PEDAG\u00f3GICOS Y METODOLGICOS DEL CENTRO<\/a><\/p>\n<p><a href=\"https:\/\/blogsaverroes.juntadeandalucia.es\/virgendelacabeza\/files\/2024\/12\/C.-COORDINACION-Y-CONCRECCION-CURRICULAR-EN-LA-ETAPA-DE-EDUCACION-INFANTIL.pdf\">C. COORDINACI\u00d3N Y CONCRECCI\u00d3N CURRICULAR EN LA ETAPA DE EDUCACION INFANTIL<\/a><\/p>\n<p><a href=\"https:\/\/blogsaverroes.juntadeandalucia.es\/virgendelacabeza\/files\/2024\/12\/C.2.-COORDINACION-Y-CONCRECION-CURRICULAR-EN-LA-ETAPA-DE-EDUCACIN-PRIMARIA.pdf\">C.2. COORDINACI\u00d3N Y CONCRECI\u00d3N CURRICULAR EN LA ETAPA DE EDUCACIN PRIMARIA<\/a><\/p>\n<p><a href=\"https:\/\/blogsaverroes.juntadeandalucia.es\/virgendelacabeza\/files\/2024\/12\/D.-CRITERIOS-PEDAG__GICOS-PARA-DETERMINACIN-HORARIO-DE-PERSONAS-RESPONSABLES-DE-LOS-ORGANOS-DE-COORDINACIN-DOCENTE_.pdf\">D. CRITERIOS PEDAGOGICOS PARA DETERMINACIN HORARIO DE PERSONAS RESPONSABLES DE LOS ORGANOS DE COORDINACI\u00d3N DOCENTE.<\/a><\/p>\n<p><a href=\"https:\/\/blogsaverroes.juntadeandalucia.es\/virgendelacabeza\/files\/2024\/12\/E.-LOS-PROCEDIMIENTOS-Y-CRITERIOS-DE-EVALUACI__N-Y-PROMOCI__N-DEL-ALUMNADO.pdf\">E. LOS PROCEDIMIENTOS Y CRITERIOS DE EVALUACION Y PROMOCION DEL ALUMNADO.<\/a><\/p>\n<p><a href=\"https:\/\/blogsaverroes.juntadeandalucia.es\/virgendelacabeza\/files\/2024\/12\/F.-FORMA-DE-ATENCI__N-A-LA-DIVERSIDAD-DEL-ALUMNADO.pdf\">F. FORMA DE ATENCION A LA DIVERSIDAD DEL ALUMNADO.<\/a><\/p>\n<p><a href=\"https:\/\/blogsaverroes.juntadeandalucia.es\/virgendelacabeza\/files\/2024\/12\/G-ORGANIZACION-DE-LAS-ACTIVIDADES-DE-RECUPERACION.pdf\">G ORGANIZACI\u00d3N DE LAS ACTIVIDADES DE RECUPERACI\u00d3N.<\/a><\/p>\n<p><a href=\"https:\/\/blogsaverroes.juntadeandalucia.es\/virgendelacabeza\/files\/2024\/12\/H.-PLAN-DE-ORIENTACION-Y-ACCION-TUTORIAL.pdf\">H. PLAN DE ORIENTACI\u00d3N Y ACCI\u00d3N TUTORIAL<\/a><\/p>\n<p><a href=\"https:\/\/blogsaverroes.juntadeandalucia.es\/virgendelacabeza\/files\/2024\/12\/I.-EL-PROCEDIMIENTO-PARA-SUSCRIBIR-COMPROMISOS-EDUCATIVOS-Y-DE-CONVIVENCIA.pdf\">I. EL PROCEDIMIENTO PARA SUSCRIBIR COMPROMISOS EDUCATIVOS Y DE CONVIVENCIA<\/a><\/p>\n<p><a href=\"https:\/\/blogsaverroes.juntadeandalucia.es\/virgendelacabeza\/files\/2024\/12\/J.-PLAN-DE-CONVIVENCIA.pdf\">J. PLAN DE CONVIVENCIA.<\/a><\/p>\n<p><a href=\"https:\/\/blogsaverroes.juntadeandalucia.es\/virgendelacabeza\/files\/2024\/12\/K.-EL-PLAN-DE-FORMACION-DEL-PROFESORADO.pdf\">K. EL PLAN DE FORMACI\u00d3N DEL PROFESORADO.<\/a><\/p>\n<p><a href=\"https:\/\/blogsaverroes.juntadeandalucia.es\/virgendelacabeza\/files\/2024\/12\/L.-CRITERIOS-PARA-ORGANIZAR-Y-DISTRIBUIR-EL-TIEMPO-ESCOLAR-ASI-COMO-LOS-OBJETIVOS-Y-PROGRAMAS-DE-INTERVENCION-EN-EL-TIEMPO-EXTRAESCOLAR.pdf\">L. CRITERIOS PARA ORGANIZAR Y DISTRIBUIR EL TIEMPO ESCOLAR, AS\u00cd COMO LOS OBJETIVOS Y PROGRAMAS DE INTERVENCI\u00d3N EN EL TIEMPO EXTRAESCOLAR.<\/a><\/p>\n<p><a href=\"https:\/\/blogsaverroes.juntadeandalucia.es\/virgendelacabeza\/files\/2024\/12\/M.-PROCEDIMIENTOS-DE-EVALUACION-INTERNA.pdf\">M. PROCEDIMIENTOS DE EVALUACI\u00d3N INTERNA.<\/a><\/p>\n<p><a href=\"https:\/\/blogsaverroes.juntadeandalucia.es\/virgendelacabeza\/files\/2024\/12\/NCRITE1.pdf\">N. CRITERIOS GENERALES PARA ELABORACI\u00d3N DE LAS PROGRAMACIONES DID\u00c1CTICAS.<\/a><\/p>\n<p><a href=\"https:\/\/blogsaverroes.juntadeandalucia.es\/virgendelacabeza\/files\/2024\/12\/O.-PLANES-ESTRATEGICOS-QUE-SE-DESARROLLAN-EN-EL-CENTRO.pdf\">O. PLANES ESTRAT\u00c9GICOS QUE SE DESARROLLAN EN EL CENTRO.<\/a><\/p>\n<p><a href=\"https:\/\/blogsaverroes.juntadeandalucia.es\/virgendelacabeza\/files\/2024\/12\/TRATAMIENTO-DE-LA-LECTURA-2024-25.pdf\">TRATAMIENTO DE LA LECTURA 2024-25<\/a><\/p>\n","protected":false},"excerpt":{"rendered":"<p>A. OBJETIVOS PROPIOS PARA LA MEJORA DEL DESARROLLO DE LAS COMPETENCIAS CLAVE PREVISTAS EN LOS PERFILES COMPETENCIALES. B. PRINCIPIOS GENERALES DE LAS DISTINTAS ETAPAS. PRINCIPIOS PEDAG\u00f3GICOS Y METODOLGICOS DEL CENTRO C. COORDINACI\u00d3N Y CONCRECCI\u00d3N CURRICULAR EN LA ETAPA DE EDUCACION INFANTIL C.2. COORDINACI\u00d3N Y CONCRECI\u00d3N CURRICULAR EN LA ETAPA DE EDUCACIN PRIMARIA D. CRITERIOS PEDAGOGICOS [&hellip;]<\/p>\n","protected":false},"author":15574,"featured_media":0,"parent":2543,"menu_order":0,"comment_status":"closed","ping_status":"closed","template":"","meta":{"_et_pb_use_builder":"","_et_pb_old_content":"","_et_gb_content_width":"","ngg_post_thumbnail":0,"footnotes":""},"aioseo_notices":[],"_links":{"self":[{"href":"https:\/\/blogsaverroes.juntadeandalucia.es\/virgendelacabeza\/wp-json\/wp\/v2\/pages\/2519"}],"collection":[{"href":"https:\/\/blogsaverroes.juntadeandalucia.es\/virgendelacabeza\/wp-json\/wp\/v2\/pages"}],"about":[{"href":"https:\/\/blogsaverroes.juntadeandalucia.es\/virgendelacabeza\/wp-json\/wp\/v2\/types\/page"}],"author":[{"embeddable":true,"href":"https:\/\/blogsaverroes.juntadeandalucia.es\/virgendelacabeza\/wp-json\/wp\/v2\/users\/15574"}],"replies":[{"embeddable":true,"href":"https:\/\/blogsaverroes.juntadeandalucia.es\/virgendelacabeza\/wp-json\/wp\/v2\/comments?post=2519"}],"version-history":[{"count":3,"href":"https:\/\/blogsaverroes.juntadeandalucia.es\/virgendelacabeza\/wp-json\/wp\/v2\/pages\/2519\/revisions"}],"predecessor-version":[{"id":2552,"href":"https:\/\/blogsaverroes.juntadeandalucia.es\/virgendelacabeza\/wp-json\/wp\/v2\/pages\/2519\/revisions\/2552"}],"up":[{"embeddable":true,"href":"https:\/\/blogsaverroes.juntadeandalucia.es\/virgendelacabeza\/wp-json\/wp\/v2\/pages\/2543"}],"wp:attachment":[{"href":"https:\/\/blogsaverroes.juntadeandalucia.es\/virgendelacabeza\/wp-json\/wp\/v2\/media?parent=2519"}],"curies":[{"name":"wp","href":"https:\/\/api.w.org\/{rel}","templated":true}]}}