{"id":35,"date":"2020-01-09T12:42:54","date_gmt":"2020-01-09T11:42:54","guid":{"rendered":"http:\/\/blogsaverroes.juntadeandalucia.es\/pre\/nuevoceip2v2\/?page_id=35"},"modified":"2022-10-13T10:11:37","modified_gmt":"2022-10-13T09:11:37","slug":"biblioteca","status":"publish","type":"page","link":"https:\/\/blogsaverroes.juntadeandalucia.es\/virgendelacabeza\/biblioteca\/","title":{"rendered":"Biblioteca"},"content":{"rendered":"<p>[et_pb_section fb_built=&#8221;1&#8243; admin_label=&#8221;section&#8221; _builder_version=&#8221;3.22&#8243; global_colors_info=&#8221;{}&#8221;][et_pb_row admin_label=&#8221;row&#8221; _builder_version=&#8221;3.25&#8243; background_size=&#8221;initial&#8221; background_position=&#8221;top_left&#8221; background_repeat=&#8221;repeat&#8221; global_colors_info=&#8221;{}&#8221;][et_pb_column type=&#8221;4_4&#8243; _builder_version=&#8221;3.25&#8243; custom_padding=&#8221;|||&#8221; global_colors_info=&#8221;{}&#8221; custom_padding__hover=&#8221;|||&#8221;][et_pb_text admin_label=&#8221;Text&#8221; _builder_version=&#8221;3.27.4&#8243; background_size=&#8221;initial&#8221; background_position=&#8221;top_left&#8221; background_repeat=&#8221;repeat&#8221; global_colors_info=&#8221;{}&#8221;]<\/p>\n<h1 style=\"text-align: center\"><strong>LA BIBLIOTECA<\/strong><\/h1>\n<p>La biblioteca del cole, est\u00e1 situada en el hall, es un espacio que invita a la lectura y la tranquilidad, cada curso vamos renovando y va creciendo nuestro cat\u00e1logo de libros, queremos desde el centro fomentar la lectura en nuestro alumnado, \u00bfqu\u00e9 mejor forma de acabar el d\u00eda que leyendo un ratito? Animamos a las familias a leer en casa, a interesaros por los libros que lleven a casa, que os cuenten de que est\u00e1n leyendo y \u00bfpor qu\u00e9 no? leer con ellos, aunque ya sean algo mayores y pensemos que no es necesario.<\/p>\n<p>Si ten\u00e9is por casa alg\u00fan libro que ya no us\u00e9is, recordad que pod\u00e9is traerlo al cole, puede tener muchas m\u00e1s vidas, estaremos encantadas de que est\u00e9 en nuestra biblioteca y muchas m\u00e1s ni\u00f1os ni\u00f1as puedan disfrutar de esa historia.<\/p>\n<p>La coordinadora del plan de biblioteca es la se\u00f1o Pepi, pero debido a la importancia de este plan en el centro, todo el profesorado, est\u00e1 como colaborador en el plan.<\/p>\n<p>Adem\u00e1s nuestro centro pertenece tambi\u00e9n al grupo <strong>&#8220;Leyendo la Sierra&#8221; <\/strong>un grupo colaborativo al que pertenecen los centros educativos de la zona de la Sierra de Hu\u00e9tor: In\u00e9s (CEIP Luis Rosales), Bene (CEIP Cristo de la Salud de N\u00edvar), Ana (CEIP F. Garc\u00eda Lorca de G\u00fcev\u00e9jar), Loli (CEIP Arzobispo Moscoso de V\u00edznar), Pepi (CEIP Virgen de la Cabeza de Beas), Ana y Pilar (CEIP Manuel de Falla de Peligros), Laura (Colegio de Hu\u00e9tor Santill\u00e1n), Rosario (CEIP Las Encinas de Alfacar), Loli (CEIP Alfaguarilla de Alfacar), Isabel y Pilar (IES Emilio Mu\u00f1oz de Cogollos Vega) adem\u00e1s de la colaboraci\u00f3n especial que siembre brinda Paqui (Bibliotecaria de la biblioteca Municipal de G\u00fcev\u00e9jar).<\/p>\n<p>Contamos tambi\u00e9n con un blog de la biblioteca, pod\u00e9is visitarlo en el siguiente enlace: http:\/\/elfrailelector.blogspot.com\/<\/p>\n<p><img loading=\"lazy\" decoding=\"async\" src=\"https:\/\/blogsaverroes.juntadeandalucia.es\/virgendelacabeza\/files\/2022\/10\/WhatsApp-Image-2022-10-13-at-10.44.31-300x225.jpeg\" alt=\"\" class=\"alignnone size-medium wp-image-908\" width=\"300\" height=\"225\" \/> <img loading=\"lazy\" decoding=\"async\" src=\"https:\/\/blogsaverroes.juntadeandalucia.es\/virgendelacabeza\/files\/2022\/10\/WhatsApp-Image-2022-10-13-at-10.44.32-300x225.jpeg\" alt=\"\" class=\"alignnone size-medium wp-image-909\" width=\"300\" height=\"225\" \/> <img loading=\"lazy\" decoding=\"async\" src=\"https:\/\/blogsaverroes.juntadeandalucia.es\/virgendelacabeza\/files\/2022\/10\/WhatsApp-Image-2022-10-13-at-10.44.33-225x300.jpeg\" alt=\"\" class=\"alignnone size-medium wp-image-910\" width=\"225\" height=\"300\" \/> <img loading=\"lazy\" decoding=\"async\" src=\"https:\/\/blogsaverroes.juntadeandalucia.es\/virgendelacabeza\/files\/2022\/10\/WhatsApp-Image-2022-10-13-at-10.44.331-225x300.jpeg\" alt=\"\" class=\"alignnone size-medium wp-image-911\" width=\"225\" height=\"300\" \/><\/p>\n<p><img loading=\"lazy\" decoding=\"async\" src=\"https:\/\/blogsaverroes.juntadeandalucia.es\/virgendelacabeza\/files\/2022\/10\/WhatsApp-Image-2022-10-13-at-10.44.35-225x300.jpeg\" alt=\"\" class=\"alignnone size-medium wp-image-912\" width=\"225\" height=\"300\" \/> <img loading=\"lazy\" decoding=\"async\" src=\"https:\/\/blogsaverroes.juntadeandalucia.es\/virgendelacabeza\/files\/2022\/10\/WhatsApp-Image-2022-10-13-at-10.44.36-225x300.jpeg\" alt=\"\" class=\"alignnone size-medium wp-image-913\" width=\"225\" height=\"300\" \/> <img loading=\"lazy\" decoding=\"async\" src=\"https:\/\/blogsaverroes.juntadeandalucia.es\/virgendelacabeza\/files\/2022\/10\/WhatsApp-Image-2022-10-13-at-10.44.38-225x300.jpeg\" alt=\"\" class=\"alignnone size-medium wp-image-914\" width=\"225\" height=\"300\" \/> <img loading=\"lazy\" decoding=\"async\" src=\"https:\/\/blogsaverroes.juntadeandalucia.es\/virgendelacabeza\/files\/2022\/10\/WhatsApp-Image-2022-10-13-at-10.44.381-225x300.jpeg\" alt=\"\" class=\"alignnone size-medium wp-image-915\" width=\"225\" height=\"300\" \/><\/p>\n<p>[\/et_pb_text][\/et_pb_column][\/et_pb_row][\/et_pb_section]<\/p>\n","protected":false},"excerpt":{"rendered":"<p>LA BIBLIOTECA La biblioteca del cole, est\u00e1 situada en el hall, es un espacio que invita a la lectura y la tranquilidad, cada curso vamos renovando y va creciendo nuestro cat\u00e1logo de libros, queremos desde el centro fomentar la lectura en nuestro alumnado, \u00bfqu\u00e9 mejor forma de acabar el d\u00eda que leyendo un ratito? Animamos [&hellip;]<\/p>\n","protected":false},"author":15574,"featured_media":0,"parent":0,"menu_order":0,"comment_status":"closed","ping_status":"closed","template":"","meta":{"_et_pb_use_builder":"on","_et_pb_old_content":"La biblioteca del cole, est\u00e1 situada en el hall, es un espacio que invita a la lectura y la tranquilidad, cada curso vamos renovando y va creciendo nuestro cat\u00e1logo de libros, queremos desde el centro fomentar la lectura en nuestro alumnado, \u00bfqu\u00e9 mejor forma de acabar el d\u00eda que leyendo un ratito? Animamos a las familias a leer en casa, a interesaros por los libros que lleven a casa, que os cuenten de que est\u00e1n leyendo y \u00bfpor qu\u00e9 no? leer con ellos, aunque ya sean algo mayores y pensemos que no es necesario.\r\n\r\nSi ten\u00e9is por casa alg\u00fan libro que ya no us\u00e9is, recordad que pod\u00e9is traerlo al cole, puede tener muchas m\u00e1s vidas, estaremos encantadas de que est\u00e9 en nuestra biblioteca y muchas m\u00e1s ni\u00f1os  ni\u00f1as puedan disfrutar de esa historia.\r\n\r\nLa coordinadora del plan de biblioteca es la se\u00f1o Pepi, pero debido a la importancia de este plan en el centro, todo el profesorado, est\u00e1 como colaborador en el plan.\r\n\r\nAdem\u00e1s nuestro centro pertenece tambi\u00e9n al grupo <strong>\"Leyendo la Sierra\" <\/strong>un grupo colaborativo al que pertenecen los centros educativos de la zona de la Sierra de Hu\u00e9tor:  In\u00e9s (CEIP Luis Rosales), Bene (CEIP Cristo de la Salud de N\u00edvar), Ana (CEIP F. Garc\u00eda Lorca de G\u00fcev\u00e9jar), Loli (CEIP Arzobispo Moscoso de V\u00edznar), Pepi (CEIP Virgen de la Cabeza de Beas), Ana y Pilar (CEIP Manuel de Falla de Peligros), Laura (Colegio de Hu\u00e9tor Santill\u00e1n), Rosario (CEIP Las Encinas de Alfacar), Loli (CEIP Alfaguarilla de Alfacar), Isabel y Pilar (IES Emilio Mu\u00f1oz de Cogollos Vega) adem\u00e1s de la colaboraci\u00f3n especial que siembre brinda Paqui (Bibliotecaria de la biblioteca Municipal de G\u00fcev\u00e9jar).\r\n\r\nContamos tambi\u00e9n con un blog de la biblioteca, pod\u00e9is visitarlo en el siguiente enlace: http:\/\/elfrailelector.blogspot.com\/\r\n\r\n<img src=\"https:\/\/blogsaverroes.juntadeandalucia.es\/virgendelacabeza\/files\/2022\/10\/WhatsApp-Image-2022-10-13-at-10.44.31-300x225.jpeg\" alt=\"\" width=\"300\" height=\"225\" class=\"alignnone size-medium wp-image-908\" \/> <img src=\"https:\/\/blogsaverroes.juntadeandalucia.es\/virgendelacabeza\/files\/2022\/10\/WhatsApp-Image-2022-10-13-at-10.44.32-300x225.jpeg\" alt=\"\" width=\"300\" height=\"225\" class=\"alignnone size-medium wp-image-909\" \/> <img src=\"https:\/\/blogsaverroes.juntadeandalucia.es\/virgendelacabeza\/files\/2022\/10\/WhatsApp-Image-2022-10-13-at-10.44.33-225x300.jpeg\" alt=\"\" width=\"225\" height=\"300\" class=\"alignnone size-medium wp-image-910\" \/> <img src=\"https:\/\/blogsaverroes.juntadeandalucia.es\/virgendelacabeza\/files\/2022\/10\/WhatsApp-Image-2022-10-13-at-10.44.331-225x300.jpeg\" alt=\"\" width=\"225\" height=\"300\" class=\"alignnone size-medium wp-image-911\" \/>\r\n\r\n<img src=\"https:\/\/blogsaverroes.juntadeandalucia.es\/virgendelacabeza\/files\/2022\/10\/WhatsApp-Image-2022-10-13-at-10.44.35-225x300.jpeg\" alt=\"\" width=\"225\" height=\"300\" class=\"alignnone size-medium wp-image-912\" \/> <img src=\"https:\/\/blogsaverroes.juntadeandalucia.es\/virgendelacabeza\/files\/2022\/10\/WhatsApp-Image-2022-10-13-at-10.44.36-225x300.jpeg\" alt=\"\" width=\"225\" height=\"300\" class=\"alignnone size-medium wp-image-913\" \/> <img src=\"https:\/\/blogsaverroes.juntadeandalucia.es\/virgendelacabeza\/files\/2022\/10\/WhatsApp-Image-2022-10-13-at-10.44.38-225x300.jpeg\" alt=\"\" width=\"225\" height=\"300\" class=\"alignnone size-medium wp-image-914\" \/> <img src=\"https:\/\/blogsaverroes.juntadeandalucia.es\/virgendelacabeza\/files\/2022\/10\/WhatsApp-Image-2022-10-13-at-10.44.381-225x300.jpeg\" alt=\"\" width=\"225\" height=\"300\" class=\"alignnone size-medium wp-image-915\" \/>","_et_gb_content_width":"","ngg_post_thumbnail":0,"footnotes":""},"aioseo_notices":[],"_links":{"self":[{"href":"https:\/\/blogsaverroes.juntadeandalucia.es\/virgendelacabeza\/wp-json\/wp\/v2\/pages\/35"}],"collection":[{"href":"https:\/\/blogsaverroes.juntadeandalucia.es\/virgendelacabeza\/wp-json\/wp\/v2\/pages"}],"about":[{"href":"https:\/\/blogsaverroes.juntadeandalucia.es\/virgendelacabeza\/wp-json\/wp\/v2\/types\/page"}],"author":[{"embeddable":true,"href":"https:\/\/blogsaverroes.juntadeandalucia.es\/virgendelacabeza\/wp-json\/wp\/v2\/users\/15574"}],"replies":[{"embeddable":true,"href":"https:\/\/blogsaverroes.juntadeandalucia.es\/virgendelacabeza\/wp-json\/wp\/v2\/comments?post=35"}],"version-history":[{"count":18,"href":"https:\/\/blogsaverroes.juntadeandalucia.es\/virgendelacabeza\/wp-json\/wp\/v2\/pages\/35\/revisions"}],"predecessor-version":[{"id":933,"href":"https:\/\/blogsaverroes.juntadeandalucia.es\/virgendelacabeza\/wp-json\/wp\/v2\/pages\/35\/revisions\/933"}],"wp:attachment":[{"href":"https:\/\/blogsaverroes.juntadeandalucia.es\/virgendelacabeza\/wp-json\/wp\/v2\/media?parent=35"}],"curies":[{"name":"wp","href":"https:\/\/api.w.org\/{rel}","templated":true}]}}