{"id":1112,"date":"2025-06-16T10:29:40","date_gmt":"2025-06-16T09:29:40","guid":{"rendered":"https:\/\/blogsaverroes.juntadeandalucia.es\/web-ceip-neill\/?page_id=1112"},"modified":"2025-06-16T10:29:40","modified_gmt":"2025-06-16T09:29:40","slug":"los-planetas","status":"publish","type":"page","link":"https:\/\/blogsaverroes.juntadeandalucia.es\/web-ceip-neill\/los-planetas\/","title":{"rendered":"Los planetas"},"content":{"rendered":"<p><a href=\"http:\/\/www.youtube.com\/watch?v=DrNVqgmPbaE\" target=\"_blank\" rel=\"noopener\">SISTEMA SOLAR PARA NI\u00d1OS video<\/a><\/p>\n<p><a href=\"http:\/\/www.youtube.com\/watch?v=OkYtTy3rSEM\" target=\"_blank\" rel=\"noopener\">EL ESPACIO, LOS PLANETAS PARA NI\u00d1OS. (VIDEO INFANTIL) &#8211; YouTube<\/a><\/p>\n<p><a href=\"http:\/\/www.youtube.com\/watch?v=A1nstGrhvC0\" target=\"_blank\" rel=\"noopener\">EL DIA Y LA NOCHE PARA NI\u00d1OS &#8211; YouTube<\/a><\/p>\n<p><a href=\"http:\/\/www.youtube.com\/watch?v=BZ-qLUIj_A0\" target=\"_blank\" rel=\"noopener\">The Solar System Song &#8211; YouTube<\/a><\/p>\n<p><a href=\"http:\/\/clic.xtec.cat\/db\/act_es.jsp?id=3290\" target=\"_blank\" rel=\"noopener\">zonaClic &#8211; actividades &#8211; El sistema solar<\/a><\/p>\n<p><a href=\"http:\/\/www.youtube.com\/watch?v=1Xx8KUJxG4E\" target=\"_blank\" rel=\"noopener\">Los movimientos de La Tierra<\/a><\/p>\n<p><a href=\"http:\/\/www.youtube.com\/watch?v=0T78mU-m_K0\" target=\"_blank\" rel=\"noopener\">Movimiento de rotaci\u00f3n y traslaci\u00f3n<\/a><\/p>\n","protected":false},"excerpt":{"rendered":"<p>SISTEMA SOLAR PARA NI\u00d1OS video EL ESPACIO, LOS PLANETAS PARA NI\u00d1OS. (VIDEO INFANTIL) &#8211; YouTube EL DIA Y LA NOCHE PARA NI\u00d1OS &#8211; YouTube The Solar System Song &#8211; YouTube zonaClic &#8211; actividades &#8211; El sistema solar Los movimientos de La Tierra Movimiento de rotaci\u00f3n y traslaci\u00f3n<\/p>\n","protected":false},"author":20889,"featured_media":0,"parent":0,"menu_order":0,"comment_status":"closed","ping_status":"closed","template":"","meta":{"_et_pb_use_builder":"","_et_pb_old_content":"","_et_gb_content_width":"","ngg_post_thumbnail":0,"footnotes":""},"aioseo_notices":[],"_links":{"self":[{"href":"https:\/\/blogsaverroes.juntadeandalucia.es\/web-ceip-neill\/wp-json\/wp\/v2\/pages\/1112"}],"collection":[{"href":"https:\/\/blogsaverroes.juntadeandalucia.es\/web-ceip-neill\/wp-json\/wp\/v2\/pages"}],"about":[{"href":"https:\/\/blogsaverroes.juntadeandalucia.es\/web-ceip-neill\/wp-json\/wp\/v2\/types\/page"}],"author":[{"embeddable":true,"href":"https:\/\/blogsaverroes.juntadeandalucia.es\/web-ceip-neill\/wp-json\/wp\/v2\/users\/20889"}],"replies":[{"embeddable":true,"href":"https:\/\/blogsaverroes.juntadeandalucia.es\/web-ceip-neill\/wp-json\/wp\/v2\/comments?post=1112"}],"version-history":[{"count":1,"href":"https:\/\/blogsaverroes.juntadeandalucia.es\/web-ceip-neill\/wp-json\/wp\/v2\/pages\/1112\/revisions"}],"predecessor-version":[{"id":1113,"href":"https:\/\/blogsaverroes.juntadeandalucia.es\/web-ceip-neill\/wp-json\/wp\/v2\/pages\/1112\/revisions\/1113"}],"wp:attachment":[{"href":"https:\/\/blogsaverroes.juntadeandalucia.es\/web-ceip-neill\/wp-json\/wp\/v2\/media?parent=1112"}],"curies":[{"name":"wp","href":"https:\/\/api.w.org\/{rel}","templated":true}]}}