{"id":1125,"date":"2025-06-17T08:59:09","date_gmt":"2025-06-17T07:59:09","guid":{"rendered":"https:\/\/blogsaverroes.juntadeandalucia.es\/web-ceip-neill\/?page_id=1125"},"modified":"2025-06-17T08:59:09","modified_gmt":"2025-06-17T07:59:09","slug":"grammar-theory","status":"publish","type":"page","link":"https:\/\/blogsaverroes.juntadeandalucia.es\/web-ceip-neill\/grammar-theory\/","title":{"rendered":"Grammar theory"},"content":{"rendered":"<p><a href=\"http:\/\/www.bbc.co.uk\/worldservice\/learningenglish\/youmeus\/learnit\/learnitv127.shtml\" target=\"_blank\" rel=\"noopener\">must\/have to<\/a><\/p>\n<p><a href=\"http:\/\/elblogdelingles.blogspot.com.es\/2006\/03\/lesson-8-have-got-have-tener.html\" target=\"_blank\" rel=\"noopener\">Have got \/Have (Tener)<\/a><\/p>\n<p><a href=\"http:\/\/elblogdelingles.blogspot.com.es\/2006\/06\/lesson-20-must-have-to-modal-verbs-iv.html\" target=\"_blank\" rel=\"noopener\">Must \/Have to (Modal verbs IV)<\/a><\/p>\n<p><a href=\"http:\/\/www.curso-ingles.com\/aprender\/cursos\/nivel-intermedio\/questions\/constructing-questions\" target=\"_blank\" rel=\"noopener\">Lecci\u00f3n de ingl\u00e9s: Constructing Questions<\/a><\/p>\n<p><a href=\"http:\/\/www.curso-ingles.com\/aprender\/cursos\/nivel-intermedio\/conjunctions\/conjunctions\" target=\"_blank\" rel=\"noopener\">Lecci\u00f3n de ingl\u00e9s: Conjunctions<\/a><\/p>\n<p>&nbsp;<\/p>\n","protected":false},"excerpt":{"rendered":"<p>must\/have to Have got \/Have (Tener) Must \/Have to (Modal verbs IV) Lecci\u00f3n de ingl\u00e9s: Constructing Questions Lecci\u00f3n de ingl\u00e9s: Conjunctions &nbsp;<\/p>\n","protected":false},"author":20889,"featured_media":0,"parent":0,"menu_order":0,"comment_status":"closed","ping_status":"closed","template":"","meta":{"_et_pb_use_builder":"","_et_pb_old_content":"","_et_gb_content_width":"","ngg_post_thumbnail":0,"footnotes":""},"aioseo_notices":[],"_links":{"self":[{"href":"https:\/\/blogsaverroes.juntadeandalucia.es\/web-ceip-neill\/wp-json\/wp\/v2\/pages\/1125"}],"collection":[{"href":"https:\/\/blogsaverroes.juntadeandalucia.es\/web-ceip-neill\/wp-json\/wp\/v2\/pages"}],"about":[{"href":"https:\/\/blogsaverroes.juntadeandalucia.es\/web-ceip-neill\/wp-json\/wp\/v2\/types\/page"}],"author":[{"embeddable":true,"href":"https:\/\/blogsaverroes.juntadeandalucia.es\/web-ceip-neill\/wp-json\/wp\/v2\/users\/20889"}],"replies":[{"embeddable":true,"href":"https:\/\/blogsaverroes.juntadeandalucia.es\/web-ceip-neill\/wp-json\/wp\/v2\/comments?post=1125"}],"version-history":[{"count":1,"href":"https:\/\/blogsaverroes.juntadeandalucia.es\/web-ceip-neill\/wp-json\/wp\/v2\/pages\/1125\/revisions"}],"predecessor-version":[{"id":1126,"href":"https:\/\/blogsaverroes.juntadeandalucia.es\/web-ceip-neill\/wp-json\/wp\/v2\/pages\/1125\/revisions\/1126"}],"wp:attachment":[{"href":"https:\/\/blogsaverroes.juntadeandalucia.es\/web-ceip-neill\/wp-json\/wp\/v2\/media?parent=1125"}],"curies":[{"name":"wp","href":"https:\/\/api.w.org\/{rel}","templated":true}]}}