{"id":35,"date":"2020-01-09T12:42:54","date_gmt":"2020-01-09T11:42:54","guid":{"rendered":"http:\/\/blogsaverroes.juntadeandalucia.es\/pre\/nuevoceip2v2\/?page_id=35"},"modified":"2025-05-27T15:45:25","modified_gmt":"2025-05-27T14:45:25","slug":"biblioteca","status":"publish","type":"page","link":"https:\/\/blogsaverroes.juntadeandalucia.es\/web-ceip-neill\/biblioteca\/","title":{"rendered":"Biblioteca"},"content":{"rendered":"<p>[et_pb_section fb_built=&#8221;1&#8243; _builder_version=&#8221;4.16&#8243; custom_padding=&#8221;0px||0px|&#8221; z_index_tablet=&#8221;500&#8243; box_shadow_horizontal_tablet=&#8221;0px&#8221; box_shadow_vertical_tablet=&#8221;0px&#8221; box_shadow_blur_tablet=&#8221;40px&#8221; box_shadow_spread_tablet=&#8221;0px&#8221; global_colors_info=&#8221;{}&#8221;][et_pb_row _builder_version=&#8221;4.16&#8243; background_size=&#8221;initial&#8221; background_position=&#8221;top_left&#8221; background_repeat=&#8221;repeat&#8221; hover_enabled=&#8221;0&#8243; global_colors_info=&#8221;{}&#8221; column_structure=&#8221;1_2,1_2&#8243; sticky_enabled=&#8221;0&#8243;][et_pb_column type=&#8221;1_2&#8243; _builder_version=&#8221;4.16&#8243; custom_padding=&#8221;|||&#8221; global_colors_info=&#8221;{}&#8221; custom_padding__hover=&#8221;|||&#8221;][et_pb_image _builder_version=&#8221;4.24.2&#8243; _module_preset=&#8221;default&#8221; src=&#8221;https:\/\/blogsaverroes.juntadeandalucia.es\/web-ceip-neill\/files\/2025\/05\/IMG_20250526_135210_1-scaled.jpg&#8221; theme_builder_area=&#8221;post_content&#8221; hover_enabled=&#8221;0&#8243; sticky_enabled=&#8221;0&#8243;][\/et_pb_image][\/et_pb_column][et_pb_column type=&#8221;1_2&#8243; _builder_version=&#8221;4.16&#8243; custom_padding=&#8221;|||&#8221; global_colors_info=&#8221;{}&#8221; custom_padding__hover=&#8221;|||&#8221;][et_pb_image _builder_version=&#8221;4.24.2&#8243; _module_preset=&#8221;default&#8221; src=&#8221;https:\/\/blogsaverroes.juntadeandalucia.es\/web-ceip-neill\/files\/2025\/05\/IMG_20250526_135220_1-scaled.jpg&#8221; theme_builder_area=&#8221;post_content&#8221; hover_enabled=&#8221;0&#8243; sticky_enabled=&#8221;0&#8243;][\/et_pb_image][\/et_pb_column][\/et_pb_row][et_pb_row _builder_version=&#8221;4.24.2&#8243; _module_preset=&#8221;default&#8221;][et_pb_column _builder_version=&#8221;4.24.2&#8243; _module_preset=&#8221;default&#8221; type=&#8221;4_4&#8243;][et_pb_text admin_label=&#8221;Texto descriptivo&#8221; _builder_version=&#8221;4.24.2&#8243; z_index_tablet=&#8221;500&#8243; text_text_shadow_horizontal_length_tablet=&#8221;0px&#8221; text_text_shadow_vertical_length_tablet=&#8221;0px&#8221; text_text_shadow_blur_strength_tablet=&#8221;1px&#8221; link_text_shadow_horizontal_length_tablet=&#8221;0px&#8221; link_text_shadow_vertical_length_tablet=&#8221;0px&#8221; link_text_shadow_blur_strength_tablet=&#8221;1px&#8221; ul_text_shadow_horizontal_length_tablet=&#8221;0px&#8221; ul_text_shadow_vertical_length_tablet=&#8221;0px&#8221; ul_text_shadow_blur_strength_tablet=&#8221;1px&#8221; ol_text_shadow_horizontal_length_tablet=&#8221;0px&#8221; ol_text_shadow_vertical_length_tablet=&#8221;0px&#8221; ol_text_shadow_blur_strength_tablet=&#8221;1px&#8221; quote_text_shadow_horizontal_length_tablet=&#8221;0px&#8221; quote_text_shadow_vertical_length_tablet=&#8221;0px&#8221; quote_text_shadow_blur_strength_tablet=&#8221;1px&#8221; header_text_shadow_horizontal_length_tablet=&#8221;0px&#8221; header_text_shadow_vertical_length_tablet=&#8221;0px&#8221; header_text_shadow_blur_strength_tablet=&#8221;1px&#8221; header_2_text_shadow_horizontal_length_tablet=&#8221;0px&#8221; header_2_text_shadow_vertical_length_tablet=&#8221;0px&#8221; header_2_text_shadow_blur_strength_tablet=&#8221;1px&#8221; header_3_text_shadow_horizontal_length_tablet=&#8221;0px&#8221; header_3_text_shadow_vertical_length_tablet=&#8221;0px&#8221; header_3_text_shadow_blur_strength_tablet=&#8221;1px&#8221; header_4_text_shadow_horizontal_length_tablet=&#8221;0px&#8221; header_4_text_shadow_vertical_length_tablet=&#8221;0px&#8221; header_4_text_shadow_blur_strength_tablet=&#8221;1px&#8221; header_5_text_shadow_horizontal_length_tablet=&#8221;0px&#8221; header_5_text_shadow_vertical_length_tablet=&#8221;0px&#8221; header_5_text_shadow_blur_strength_tablet=&#8221;1px&#8221; header_6_text_shadow_horizontal_length_tablet=&#8221;0px&#8221; header_6_text_shadow_vertical_length_tablet=&#8221;0px&#8221; header_6_text_shadow_blur_strength_tablet=&#8221;1px&#8221; box_shadow_horizontal_tablet=&#8221;0px&#8221; box_shadow_vertical_tablet=&#8221;0px&#8221; box_shadow_blur_tablet=&#8221;40px&#8221; box_shadow_spread_tablet=&#8221;0px&#8221; global_colors_info=&#8221;{}&#8221;]<\/p>\n<h2>Biblioteca<\/h2>\n<p><span style=\"font-weight: 400\">La Biblioteca del Ceip Neill se encuentra en la primera planta del edificio de Educaci\u00f3n Primaria&nbsp; y es un espacio abierto utilizado para la realizaci\u00f3n y creaci\u00f3n de multitud de actividades,&nbsp; adem\u00e1s de las propias que se realizan en una biblioteca escolar.&nbsp;<\/span><\/p>\n<p><span style=\"font-weight: 400\">En cuanto a las tareas organizativas, las basamos, fundamentalmente, en el pr\u00e9stamo de&nbsp; libros, catalogaci\u00f3n y actualizaci\u00f3n de datos.&nbsp;<\/span><\/p>\n<p><span style=\"font-weight: 400\">Llevamos varios cursos invirtiendo en fondos para la Biblioteca y muchas familias donan libros&nbsp; en muy buen estado para incluirlos en el cat\u00e1logo que tenemos actualmente o en la Biblioteca&nbsp; de Aula. La intervenci\u00f3n en los Claustros para dar a conocer el Plan de trabajo y tareas que&nbsp; trabajamos pasa por implicar a todo el profesorado en la participaci\u00f3n de las actividades&nbsp; programadas para el presente curso, efem\u00e9rides, encuentros, as\u00ed como la celebraci\u00f3n de la&nbsp; Semana del libro y actuaciones puntuales quedando recogido en el Plan de Centro.&nbsp;<\/span><\/p>\n<p><span style=\"font-weight: 400\">B\u00e1sicamente, cada tutor\/a en clase trabaja actividades relacionadas con el fomento de la&nbsp; lectura o con tareas que el Equipo de Biblioteca consideramos provechosas para trabajar con&nbsp; los alumnos\/as.&nbsp;<\/span><\/p>\n<p><span style=\"font-weight: 400\">Se trabajan todas las efem\u00e9rides desde el aula, propuestas algunas de ellas desde la Biblioteca.&nbsp;<\/span><\/p>\n<p><span style=\"font-weight: 400\">Tal y como se refleja en el art\u00edculo 113 de la Ley Org\u00e1nica de Educaci\u00f3n: \u201cLas Bibliotecas&nbsp; Escolares contribuir\u00e1n a fomentar la lectura y a que el alumno acceda a la informaci\u00f3n y otros&nbsp; recursos para el aprendizaje de las \u00e1reas y materias y pueda formarse en el uso cr\u00edtico de los&nbsp; mismos\u201d&nbsp;&nbsp;<\/span><\/p>\n<p><span style=\"font-weight: 400\">Destacamos como objetivos de mejora algunos de los aspectos relacionados con los&nbsp; indicadores tem\u00e1ticos de las Dimensiones de evaluaci\u00f3n:&nbsp;<\/span><\/p>\n<p><span style=\"font-weight: 400\">&#8211; Formaci\u00f3n b\u00e1sica de usuarios de Biblioteca&nbsp;<\/span><\/p>\n<p><span style=\"font-weight: 400\">&#8211; Realizaci\u00f3n de actividades de car\u00e1cter general articuladas por la Biblioteca Escolar. &#8211; Servicios operativos de la Biblioteca.&nbsp;<\/span><\/p>\n<p><span style=\"font-weight: 400\">&#8211; Recursos humanos con implicaci\u00f3n en la gesti\u00f3n de la Biblioteca&nbsp;<\/span><\/p>\n<p><span style=\"font-weight: 400\">&#8211; Acci\u00f3n de colaboraci\u00f3n: implicaci\u00f3n con las familias y cooperaci\u00f3n con la biblioteca p\u00fablica&nbsp; de la zona.&nbsp;<\/span><\/p>\n<p><span style=\"font-weight: 400\">&#8211; Incorporaci\u00f3n del uso de la Biblioteca a los Documentos nucleares del Centro. <\/span><\/p>\n<p><span style=\"font-weight: 400\">&#8211; Evaluaci\u00f3n y sostenibilidad de la Biblioteca.<\/span><\/p>\n<p>[\/et_pb_text][\/et_pb_column][\/et_pb_row][\/et_pb_section][et_pb_section fb_built=&#8221;1&#8243; theme_builder_area=&#8221;post_content&#8221; _builder_version=&#8221;4.24.2&#8243; _module_preset=&#8221;default&#8221;][\/et_pb_section][et_pb_section fb_built=&#8221;1&#8243; theme_builder_area=&#8221;post_content&#8221; _builder_version=&#8221;4.24.2&#8243; _module_preset=&#8221;default&#8221;][et_pb_row _builder_version=&#8221;4.24.2&#8243; _module_preset=&#8221;default&#8221; theme_builder_area=&#8221;post_content&#8221;][et_pb_column _builder_version=&#8221;4.24.2&#8243; _module_preset=&#8221;default&#8221; theme_builder_area=&#8221;post_content&#8221; type=&#8221;4_4&#8243;][\/et_pb_column][\/et_pb_row][\/et_pb_section]<\/p>\n","protected":false},"excerpt":{"rendered":"<p>Biblioteca La Biblioteca del Ceip Neill se encuentra en la primera planta del edificio de Educaci\u00f3n Primaria&nbsp; y es un espacio abierto utilizado para la realizaci\u00f3n y creaci\u00f3n de multitud de actividades,&nbsp; adem\u00e1s de las propias que se realizan en una biblioteca escolar.&nbsp; En cuanto a las tareas organizativas, las basamos, fundamentalmente, en el pr\u00e9stamo [&hellip;]<\/p>\n","protected":false},"author":7051,"featured_media":0,"parent":0,"menu_order":0,"comment_status":"closed","ping_status":"closed","template":"","meta":{"_et_pb_use_builder":"on","_et_pb_old_content":"","_et_gb_content_width":"","ngg_post_thumbnail":0,"footnotes":""},"aioseo_notices":[],"_links":{"self":[{"href":"https:\/\/blogsaverroes.juntadeandalucia.es\/web-ceip-neill\/wp-json\/wp\/v2\/pages\/35"}],"collection":[{"href":"https:\/\/blogsaverroes.juntadeandalucia.es\/web-ceip-neill\/wp-json\/wp\/v2\/pages"}],"about":[{"href":"https:\/\/blogsaverroes.juntadeandalucia.es\/web-ceip-neill\/wp-json\/wp\/v2\/types\/page"}],"author":[{"embeddable":true,"href":"https:\/\/blogsaverroes.juntadeandalucia.es\/web-ceip-neill\/wp-json\/wp\/v2\/users\/7051"}],"replies":[{"embeddable":true,"href":"https:\/\/blogsaverroes.juntadeandalucia.es\/web-ceip-neill\/wp-json\/wp\/v2\/comments?post=35"}],"version-history":[{"count":6,"href":"https:\/\/blogsaverroes.juntadeandalucia.es\/web-ceip-neill\/wp-json\/wp\/v2\/pages\/35\/revisions"}],"predecessor-version":[{"id":982,"href":"https:\/\/blogsaverroes.juntadeandalucia.es\/web-ceip-neill\/wp-json\/wp\/v2\/pages\/35\/revisions\/982"}],"wp:attachment":[{"href":"https:\/\/blogsaverroes.juntadeandalucia.es\/web-ceip-neill\/wp-json\/wp\/v2\/media?parent=35"}],"curies":[{"name":"wp","href":"https:\/\/api.w.org\/{rel}","templated":true}]}}