{"id":55,"date":"2020-01-09T12:48:16","date_gmt":"2020-01-09T11:48:16","guid":{"rendered":"http:\/\/blogsaverroes.juntadeandalucia.es\/pre\/nuevoceip2v2\/?page_id=55"},"modified":"2025-12-02T10:03:12","modified_gmt":"2025-12-02T09:03:12","slug":"planes-y-proyectos","status":"publish","type":"page","link":"https:\/\/blogsaverroes.juntadeandalucia.es\/web-ceip-neill\/planes-y-proyectos\/","title":{"rendered":"Planes y Proyectos"},"content":{"rendered":"<p>[et_pb_section fb_built=&#8221;1&#8243; _builder_version=&#8221;4.16&#8243; global_colors_info=&#8221;{}&#8221;][et_pb_row _builder_version=&#8221;4.24.2&#8243; background_color=&#8221;#FFFFFF&#8221; background_size=&#8221;initial&#8221; background_position=&#8221;top_left&#8221; background_repeat=&#8221;repeat&#8221; global_colors_info=&#8221;{}&#8221;][et_pb_column type=&#8221;4_4&#8243; _builder_version=&#8221;4.24.2&#8243; background_color=&#8221;#FFFFFF&#8221; custom_padding=&#8221;|||&#8221; global_colors_info=&#8221;{}&#8221; custom_padding__hover=&#8221;|||&#8221;][et_pb_image src=&#8221;https:\/\/blogsaverroes.juntadeandalucia.es\/web-ceip-neill\/files\/2020\/02\/elcentro.png&#8221; title_text=&#8221;elcentro&#8221; admin_label=&#8221;Imagen de la portada&#8221; _builder_version=&#8221;4.16&#8243; z_index_tablet=&#8221;500&#8243; box_shadow_horizontal_tablet=&#8221;0px&#8221; box_shadow_vertical_tablet=&#8221;0px&#8221; box_shadow_blur_tablet=&#8221;40px&#8221; box_shadow_spread_tablet=&#8221;0px&#8221; global_colors_info=&#8221;{}&#8221;][\/et_pb_image][et_pb_text admin_label=&#8221;Texto descriptivo&#8221; _builder_version=&#8221;4.24.2&#8243; hover_enabled=&#8221;0&#8243; z_index_tablet=&#8221;500&#8243; text_text_shadow_horizontal_length_tablet=&#8221;0px&#8221; text_text_shadow_vertical_length_tablet=&#8221;0px&#8221; text_text_shadow_blur_strength_tablet=&#8221;1px&#8221; link_text_shadow_horizontal_length_tablet=&#8221;0px&#8221; link_text_shadow_vertical_length_tablet=&#8221;0px&#8221; link_text_shadow_blur_strength_tablet=&#8221;1px&#8221; ul_text_shadow_horizontal_length_tablet=&#8221;0px&#8221; ul_text_shadow_vertical_length_tablet=&#8221;0px&#8221; ul_text_shadow_blur_strength_tablet=&#8221;1px&#8221; ol_text_shadow_horizontal_length_tablet=&#8221;0px&#8221; ol_text_shadow_vertical_length_tablet=&#8221;0px&#8221; ol_text_shadow_blur_strength_tablet=&#8221;1px&#8221; quote_text_shadow_horizontal_length_tablet=&#8221;0px&#8221; quote_text_shadow_vertical_length_tablet=&#8221;0px&#8221; quote_text_shadow_blur_strength_tablet=&#8221;1px&#8221; header_text_shadow_horizontal_length_tablet=&#8221;0px&#8221; header_text_shadow_vertical_length_tablet=&#8221;0px&#8221; header_text_shadow_blur_strength_tablet=&#8221;1px&#8221; header_2_text_shadow_horizontal_length_tablet=&#8221;0px&#8221; header_2_text_shadow_vertical_length_tablet=&#8221;0px&#8221; header_2_text_shadow_blur_strength_tablet=&#8221;1px&#8221; header_3_text_shadow_horizontal_length_tablet=&#8221;0px&#8221; header_3_text_shadow_vertical_length_tablet=&#8221;0px&#8221; header_3_text_shadow_blur_strength_tablet=&#8221;1px&#8221; header_4_text_shadow_horizontal_length_tablet=&#8221;0px&#8221; header_4_text_shadow_vertical_length_tablet=&#8221;0px&#8221; header_4_text_shadow_blur_strength_tablet=&#8221;1px&#8221; header_5_text_shadow_horizontal_length_tablet=&#8221;0px&#8221; header_5_text_shadow_vertical_length_tablet=&#8221;0px&#8221; header_5_text_shadow_blur_strength_tablet=&#8221;1px&#8221; header_6_text_shadow_horizontal_length_tablet=&#8221;0px&#8221; header_6_text_shadow_vertical_length_tablet=&#8221;0px&#8221; header_6_text_shadow_blur_strength_tablet=&#8221;1px&#8221; box_shadow_horizontal_tablet=&#8221;0px&#8221; box_shadow_vertical_tablet=&#8221;0px&#8221; box_shadow_blur_tablet=&#8221;40px&#8221; box_shadow_spread_tablet=&#8221;0px&#8221; global_colors_info=&#8221;{}&#8221; sticky_enabled=&#8221;0&#8243;]<\/p>\n<h2>Planes y Proyectos<\/h2>\n\n\t\t<style type=\"text\/css\">\n\t\t\t#gallery-1 {\n\t\t\t\tmargin: auto;\n\t\t\t}\n\t\t\t#gallery-1 .gallery-item {\n\t\t\t\tfloat: left;\n\t\t\t\tmargin-top: 10px;\n\t\t\t\ttext-align: center;\n\t\t\t\twidth: 25%;\n\t\t\t}\n\t\t\t#gallery-1 img {\n\t\t\t\tborder: 2px solid #cfcfcf;\n\t\t\t}\n\t\t\t#gallery-1 .gallery-caption {\n\t\t\t\tmargin-left: 0;\n\t\t\t}\n\t\t\t\/* see gallery_shortcode() in wp-includes\/media.php *\/\n\t\t<\/style>\n\t\t<div id='gallery-1' class='gallery galleryid-55 gallery-columns-4 gallery-size-medium'><dl class='gallery-item'>\n\t\t\t<dt class='gallery-icon landscape'>\n\t\t\t\t<a href='https:\/\/blogsaverroes.juntadeandalucia.es\/web-ceip-neill\/planes-y-proyectos\/logo-raeep\/'><img loading=\"lazy\" decoding=\"async\" width=\"300\" height=\"215\" src=\"https:\/\/blogsaverroes.juntadeandalucia.es\/web-ceip-neill\/files\/2024\/11\/Logo-RAEEP-300x215.jpg\" class=\"attachment-medium size-medium\" alt=\"\" srcset=\"https:\/\/blogsaverroes.juntadeandalucia.es\/web-ceip-neill\/files\/2024\/11\/Logo-RAEEP-300x215.jpg 300w, https:\/\/blogsaverroes.juntadeandalucia.es\/web-ceip-neill\/files\/2024\/11\/Logo-RAEEP.jpg 400w\" sizes=\"(max-width: 300px) 100vw, 300px\" \/><\/a>\n\t\t\t<\/dt><\/dl><dl class='gallery-item'>\n\t\t\t<dt class='gallery-icon landscape'>\n\t\t\t\t<a href='https:\/\/blogsaverroes.juntadeandalucia.es\/web-ceip-neill\/planes-y-proyectos\/plan-de-igualdad\/'><img loading=\"lazy\" decoding=\"async\" width=\"300\" height=\"188\" src=\"https:\/\/blogsaverroes.juntadeandalucia.es\/web-ceip-neill\/files\/2024\/11\/plan-de-igualdad-300x188.jpg\" class=\"attachment-medium size-medium\" alt=\"\" \/><\/a>\n\t\t\t<\/dt><\/dl><dl class='gallery-item'>\n\t\t\t<dt class='gallery-icon landscape'>\n\t\t\t\t<a href='https:\/\/blogsaverroes.juntadeandalucia.es\/web-ceip-neill\/planes-y-proyectos\/logo-comunica\/'><img loading=\"lazy\" decoding=\"async\" width=\"300\" height=\"300\" src=\"https:\/\/blogsaverroes.juntadeandalucia.es\/web-ceip-neill\/files\/2025\/11\/Logo-Comunica-300x300.png\" class=\"attachment-medium size-medium\" alt=\"\" srcset=\"https:\/\/blogsaverroes.juntadeandalucia.es\/web-ceip-neill\/files\/2025\/11\/Logo-Comunica-300x300.png 300w, https:\/\/blogsaverroes.juntadeandalucia.es\/web-ceip-neill\/files\/2025\/11\/Logo-Comunica-150x150.png 150w, https:\/\/blogsaverroes.juntadeandalucia.es\/web-ceip-neill\/files\/2025\/11\/Logo-Comunica.png 450w\" sizes=\"(max-width: 300px) 100vw, 300px\" \/><\/a>\n\t\t\t<\/dt><\/dl><dl class='gallery-item'>\n\t\t\t<dt class='gallery-icon portrait'>\n\t\t\t\t<a href='https:\/\/blogsaverroes.juntadeandalucia.es\/web-ceip-neill\/planes-y-proyectos\/biblioteca-2\/'><img loading=\"lazy\" decoding=\"async\" width=\"212\" height=\"300\" src=\"https:\/\/blogsaverroes.juntadeandalucia.es\/web-ceip-neill\/files\/2024\/11\/Biblioteca.jpg\" class=\"attachment-medium size-medium\" alt=\"\" \/><\/a>\n\t\t\t<\/dt><\/dl><br style=\"clear: both\" \/><dl class='gallery-item'>\n\t\t\t<dt class='gallery-icon landscape'>\n\t\t\t\t<a href='https:\/\/blogsaverroes.juntadeandalucia.es\/web-ceip-neill\/planes-y-proyectos\/mas-equidad\/'><img loading=\"lazy\" decoding=\"async\" width=\"300\" height=\"95\" src=\"https:\/\/blogsaverroes.juntadeandalucia.es\/web-ceip-neill\/files\/2024\/11\/MAS-EQUIDAD-300x95.png\" class=\"attachment-medium size-medium\" alt=\"\" \/><\/a>\n\t\t\t<\/dt><\/dl><dl class='gallery-item'>\n\t\t\t<dt class='gallery-icon landscape'>\n\t\t\t\t<a href='https:\/\/blogsaverroes.juntadeandalucia.es\/web-ceip-neill\/planes-y-proyectos\/pacto-estado-vg\/'><img loading=\"lazy\" decoding=\"async\" width=\"300\" height=\"233\" src=\"https:\/\/blogsaverroes.juntadeandalucia.es\/web-ceip-neill\/files\/2024\/11\/Pacto-Estado-VG-300x233.jpg\" class=\"attachment-medium size-medium\" alt=\"\" \/><\/a>\n\t\t\t<\/dt><\/dl><dl class='gallery-item'>\n\t\t\t<dt class='gallery-icon landscape'>\n\t\t\t\t<a href='https:\/\/blogsaverroes.juntadeandalucia.es\/web-ceip-neill\/planes-y-proyectos\/logos-programas-culturales\/'><img loading=\"lazy\" decoding=\"async\" width=\"300\" height=\"300\" src=\"https:\/\/blogsaverroes.juntadeandalucia.es\/web-ceip-neill\/files\/2025\/11\/Logos-Programas-Culturales-300x300.png\" class=\"attachment-medium size-medium\" alt=\"\" srcset=\"https:\/\/blogsaverroes.juntadeandalucia.es\/web-ceip-neill\/files\/2025\/11\/Logos-Programas-Culturales-300x300.png 300w, https:\/\/blogsaverroes.juntadeandalucia.es\/web-ceip-neill\/files\/2025\/11\/Logos-Programas-Culturales-150x150.png 150w, https:\/\/blogsaverroes.juntadeandalucia.es\/web-ceip-neill\/files\/2025\/11\/Logos-Programas-Culturales.png 450w\" sizes=\"(max-width: 300px) 100vw, 300px\" \/><\/a>\n\t\t\t<\/dt><\/dl><dl class='gallery-item'>\n\t\t\t<dt class='gallery-icon landscape'>\n\t\t\t\t<a href='https:\/\/blogsaverroes.juntadeandalucia.es\/web-ceip-neill\/planes-y-proyectos\/creciendo-en-salud\/'><img loading=\"lazy\" decoding=\"async\" width=\"300\" height=\"213\" src=\"https:\/\/blogsaverroes.juntadeandalucia.es\/web-ceip-neill\/files\/2025\/11\/Creciendo-en-Salud-300x213.png\" class=\"attachment-medium size-medium\" alt=\"\" \/><\/a>\n\t\t\t<\/dt><\/dl><br style=\"clear: both\" \/>\n\t\t<\/div>\n\n<p>El CEIP NEILL participa actualmente en estos proyectos. Pinchando en cada uno de ellos podr\u00e1s acceder a m\u00e1s informaci\u00f3n sobre cada programa:<\/p>\n<ul>\n<li><a href=\"https:\/\/blogsaverroes.juntadeandalucia.es\/web-ceip-neill\/files\/2025\/11\/PROYECTO-ESCUELA-ESPACIO-DE-PAZ-NEILL-2025-2026.pdf\" target=\"_blank\" rel=\"noopener\">PROYECTO ESCUELA ESPACIO DE PAZ NEILL 2025-2026<\/a><\/li>\n<li><a href=\"https:\/\/blogsaverroes.juntadeandalucia.es\/web-ceip-neill\/files\/2025\/11\/plan-igualdad-25-26.pdf\" target=\"_blank\" rel=\"noopener\">Plan de igualdad 25-26<\/a><\/li>\n<li><a href=\"https:\/\/blogsaverroes.juntadeandalucia.es\/web-ceip-neill\/files\/2025\/11\/proyecto-violencia-de-genero-25-26.pdf\" target=\"_blank\" rel=\"noopener\">Proyecto violencia de g\u00e9nero 25-26<\/a><\/li>\n<li><a href=\"https:\/\/blogsaverroes.juntadeandalucia.es\/web-ceip-neill\/files\/2025\/11\/Plan-de-Actuacion-Creciendo-en-Salud-2025-2026.pdf\" target=\"_blank\" rel=\"noopener\">Plan de Actuaci\u00f3n Creciendo en Salud 2025-2026<\/a><\/li>\n<li><a href=\"https:\/\/blogsaverroes.juntadeandalucia.es\/web-ceip-neill\/files\/2025\/11\/COMUNICA-25-26.pdf\" target=\"_blank\" rel=\"noopener\">COMUNICA 25-26<\/a><\/li>\n<li><a href=\"https:\/\/blogsaverroes.juntadeandalucia.es\/web-ceip-neill\/files\/2025\/11\/PROGRAMAS-CULTURALES-25-26.-TEATRO-Y-CORO.pdf\" target=\"_blank\" rel=\"noopener\">PROGRAMAS CULTURALES 25-26: TEATRO Y CORO<\/a><\/li>\n<li><a href=\"https:\/\/blogsaverroes.juntadeandalucia.es\/web-ceip-neill\/files\/2025\/11\/Mas-equidad-2025-2026.pdf\" target=\"_blank\" rel=\"noopener\">M\u00e1s equidad 2025-2026<\/a><\/li>\n<li><a href=\"https:\/\/blogsaverroes.juntadeandalucia.es\/web-ceip-neill\/files\/2025\/12\/Nuevo-Plan-de-trabajo-bibliotecas-2025-2026.pdf\" target=\"_blank\" rel=\"noopener\">Nuevo Plan de trabajo bibliotecas 2025-2026<\/a><\/li>\n<\/ul>\n<p>&nbsp;<\/p>\n<p>[\/et_pb_text][\/et_pb_column][\/et_pb_row][\/et_pb_section]<\/p>\n","protected":false},"excerpt":{"rendered":"<p>Planes y Proyectos \n\t\t<style type=\"text\/css\">\n\t\t\t#gallery-2 {\n\t\t\t\tmargin: auto;\n\t\t\t}\n\t\t\t#gallery-2 .gallery-item {\n\t\t\t\tfloat: left;\n\t\t\t\tmargin-top: 10px;\n\t\t\t\ttext-align: center;\n\t\t\t\twidth: 25%;\n\t\t\t}\n\t\t\t#gallery-2 img {\n\t\t\t\tborder: 2px solid #cfcfcf;\n\t\t\t}\n\t\t\t#gallery-2 .gallery-caption {\n\t\t\t\tmargin-left: 0;\n\t\t\t}\n\t\t\t\/* see gallery_shortcode() in wp-includes\/media.php *\/\n\t\t<\/style>\n\t\t<div id='gallery-2' class='gallery galleryid-55 gallery-columns-4 gallery-size-medium'><dl class='gallery-item'>\n\t\t\t<dt class='gallery-icon landscape'>\n\t\t\t\t<a href='https:\/\/blogsaverroes.juntadeandalucia.es\/web-ceip-neill\/planes-y-proyectos\/plan-de-igualdad\/'><img width=\"300\" height=\"188\" src=\"https:\/\/blogsaverroes.juntadeandalucia.es\/web-ceip-neill\/files\/2024\/11\/plan-de-igualdad-300x188.jpg\" class=\"attachment-medium size-medium\" alt=\"\" decoding=\"async\" loading=\"lazy\" \/><\/a>\n\t\t\t<\/dt><\/dl><dl class='gallery-item'>\n\t\t\t<dt class='gallery-icon landscape'>\n\t\t\t\t<a href='https:\/\/blogsaverroes.juntadeandalucia.es\/web-ceip-neill\/planes-y-proyectos\/logo-raeep\/'><img width=\"300\" height=\"215\" src=\"https:\/\/blogsaverroes.juntadeandalucia.es\/web-ceip-neill\/files\/2024\/11\/Logo-RAEEP-300x215.jpg\" class=\"attachment-medium size-medium\" alt=\"\" decoding=\"async\" loading=\"lazy\" srcset=\"https:\/\/blogsaverroes.juntadeandalucia.es\/web-ceip-neill\/files\/2024\/11\/Logo-RAEEP-300x215.jpg 300w, https:\/\/blogsaverroes.juntadeandalucia.es\/web-ceip-neill\/files\/2024\/11\/Logo-RAEEP.jpg 400w\" sizes=\"(max-width: 300px) 100vw, 300px\" \/><\/a>\n\t\t\t<\/dt><\/dl><dl class='gallery-item'>\n\t\t\t<dt class='gallery-icon landscape'>\n\t\t\t\t<a href='https:\/\/blogsaverroes.juntadeandalucia.es\/web-ceip-neill\/planes-y-proyectos\/mas-equidad\/'><img width=\"300\" height=\"95\" src=\"https:\/\/blogsaverroes.juntadeandalucia.es\/web-ceip-neill\/files\/2024\/11\/MAS-EQUIDAD-300x95.png\" class=\"attachment-medium size-medium\" alt=\"\" decoding=\"async\" loading=\"lazy\" \/><\/a>\n\t\t\t<\/dt><\/dl><dl class='gallery-item'>\n\t\t\t<dt class='gallery-icon landscape'>\n\t\t\t\t<a href='https:\/\/blogsaverroes.juntadeandalucia.es\/web-ceip-neill\/planes-y-proyectos\/creciendo-en-salud\/'><img width=\"300\" height=\"213\" src=\"https:\/\/blogsaverroes.juntadeandalucia.es\/web-ceip-neill\/files\/2025\/11\/Creciendo-en-Salud-300x213.png\" class=\"attachment-medium size-medium\" alt=\"\" decoding=\"async\" loading=\"lazy\" \/><\/a>\n\t\t\t<\/dt><\/dl><br style=\"clear: both\" \/><dl class='gallery-item'>\n\t\t\t<dt class='gallery-icon landscape'>\n\t\t\t\t<a href='https:\/\/blogsaverroes.juntadeandalucia.es\/web-ceip-neill\/planes-y-proyectos\/logo-comunica\/'><img width=\"300\" height=\"300\" src=\"https:\/\/blogsaverroes.juntadeandalucia.es\/web-ceip-neill\/files\/2025\/11\/Logo-Comunica-300x300.png\" class=\"attachment-medium size-medium\" alt=\"\" decoding=\"async\" loading=\"lazy\" srcset=\"https:\/\/blogsaverroes.juntadeandalucia.es\/web-ceip-neill\/files\/2025\/11\/Logo-Comunica-300x300.png 300w, https:\/\/blogsaverroes.juntadeandalucia.es\/web-ceip-neill\/files\/2025\/11\/Logo-Comunica-150x150.png 150w, https:\/\/blogsaverroes.juntadeandalucia.es\/web-ceip-neill\/files\/2025\/11\/Logo-Comunica.png 450w\" sizes=\"(max-width: 300px) 100vw, 300px\" \/><\/a>\n\t\t\t<\/dt><\/dl><dl class='gallery-item'>\n\t\t\t<dt class='gallery-icon portrait'>\n\t\t\t\t<a href='https:\/\/blogsaverroes.juntadeandalucia.es\/web-ceip-neill\/planes-y-proyectos\/biblioteca-2\/'><img width=\"212\" height=\"300\" src=\"https:\/\/blogsaverroes.juntadeandalucia.es\/web-ceip-neill\/files\/2024\/11\/Biblioteca.jpg\" class=\"attachment-medium size-medium\" alt=\"\" decoding=\"async\" loading=\"lazy\" \/><\/a>\n\t\t\t<\/dt><\/dl><dl class='gallery-item'>\n\t\t\t<dt class='gallery-icon landscape'>\n\t\t\t\t<a href='https:\/\/blogsaverroes.juntadeandalucia.es\/web-ceip-neill\/planes-y-proyectos\/pacto-estado-vg\/'><img width=\"300\" height=\"233\" src=\"https:\/\/blogsaverroes.juntadeandalucia.es\/web-ceip-neill\/files\/2024\/11\/Pacto-Estado-VG-300x233.jpg\" class=\"attachment-medium size-medium\" alt=\"\" decoding=\"async\" loading=\"lazy\" \/><\/a>\n\t\t\t<\/dt><\/dl><dl class='gallery-item'>\n\t\t\t<dt class='gallery-icon landscape'>\n\t\t\t\t<a href='https:\/\/blogsaverroes.juntadeandalucia.es\/web-ceip-neill\/planes-y-proyectos\/logos-programas-culturales\/'><img width=\"300\" height=\"300\" src=\"https:\/\/blogsaverroes.juntadeandalucia.es\/web-ceip-neill\/files\/2025\/11\/Logos-Programas-Culturales-300x300.png\" class=\"attachment-medium size-medium\" alt=\"\" decoding=\"async\" loading=\"lazy\" srcset=\"https:\/\/blogsaverroes.juntadeandalucia.es\/web-ceip-neill\/files\/2025\/11\/Logos-Programas-Culturales-300x300.png 300w, https:\/\/blogsaverroes.juntadeandalucia.es\/web-ceip-neill\/files\/2025\/11\/Logos-Programas-Culturales-150x150.png 150w, https:\/\/blogsaverroes.juntadeandalucia.es\/web-ceip-neill\/files\/2025\/11\/Logos-Programas-Culturales.png 450w\" sizes=\"(max-width: 300px) 100vw, 300px\" \/><\/a>\n\t\t\t<\/dt><\/dl><br style=\"clear: both\" \/>\n\t\t<\/div>\n El CEIP NEILL participa actualmente en estos proyectos. Pinchando en cada uno de ellos podr\u00e1s acceder a m\u00e1s informaci\u00f3n sobre cada programa: PROYECTO ESCUELA ESPACIO DE PAZ NEILL 2025-2026 Plan de igualdad 25-26 Proyecto violencia de g\u00e9nero 25-26 Plan de Actuaci\u00f3n Creciendo en Salud 2025-2026 COMUNICA 25-26 [&hellip;]<\/p>\n","protected":false},"author":7051,"featured_media":0,"parent":0,"menu_order":0,"comment_status":"closed","ping_status":"closed","template":"","meta":{"_et_pb_use_builder":"on","_et_pb_old_content":"","_et_gb_content_width":"","ngg_post_thumbnail":0,"footnotes":""},"aioseo_notices":[],"_links":{"self":[{"href":"https:\/\/blogsaverroes.juntadeandalucia.es\/web-ceip-neill\/wp-json\/wp\/v2\/pages\/55"}],"collection":[{"href":"https:\/\/blogsaverroes.juntadeandalucia.es\/web-ceip-neill\/wp-json\/wp\/v2\/pages"}],"about":[{"href":"https:\/\/blogsaverroes.juntadeandalucia.es\/web-ceip-neill\/wp-json\/wp\/v2\/types\/page"}],"author":[{"embeddable":true,"href":"https:\/\/blogsaverroes.juntadeandalucia.es\/web-ceip-neill\/wp-json\/wp\/v2\/users\/7051"}],"replies":[{"embeddable":true,"href":"https:\/\/blogsaverroes.juntadeandalucia.es\/web-ceip-neill\/wp-json\/wp\/v2\/comments?post=55"}],"version-history":[{"count":11,"href":"https:\/\/blogsaverroes.juntadeandalucia.es\/web-ceip-neill\/wp-json\/wp\/v2\/pages\/55\/revisions"}],"predecessor-version":[{"id":1250,"href":"https:\/\/blogsaverroes.juntadeandalucia.es\/web-ceip-neill\/wp-json\/wp\/v2\/pages\/55\/revisions\/1250"}],"wp:attachment":[{"href":"https:\/\/blogsaverroes.juntadeandalucia.es\/web-ceip-neill\/wp-json\/wp\/v2\/media?parent=55"}],"curies":[{"name":"wp","href":"https:\/\/api.w.org\/{rel}","templated":true}]}}