{"id":655,"date":"2024-12-02T12:03:40","date_gmt":"2024-12-02T11:03:40","guid":{"rendered":"https:\/\/blogsaverroes.juntadeandalucia.es\/web-ceip-neill\/?page_id=655"},"modified":"2025-11-07T13:22:07","modified_gmt":"2025-11-07T12:22:07","slug":"equipo-de-orientacion","status":"publish","type":"page","link":"https:\/\/blogsaverroes.juntadeandalucia.es\/web-ceip-neill\/equipo-de-orientacion\/","title":{"rendered":"EQUIPO DE ORIENTACI\u00d3N"},"content":{"rendered":"<p>Los profesores integrantes de este equipo son:<\/p>\n<p>PEDAGOG\u00cdA TERAP\u00c9UTICA: Mar\u00eda F. Villalobos Jim\u00e9nez\/Roc\u00edo Villatoro Santos\/Marina Vacas L\u00f3pez<\/p>\n<p>AUDICI\u00d3N Y LENGUAJE: Raquel Barrio Hern\u00e1ndez\/Macarena Garc\u00eda Luque<\/p>\n<p>APOYO PRIMARIA: M\u00aa Paz L\u00f3pez Guerrero<\/p>\n<p>ORIENTADOR\/A: Luc\u00eda Ram\u00edrez Iglesias<\/p>\n","protected":false},"excerpt":{"rendered":"<p>Los profesores integrantes de este equipo son: PEDAGOG\u00cdA TERAP\u00c9UTICA: Mar\u00eda F. Villalobos Jim\u00e9nez\/Roc\u00edo Villatoro Santos\/Marina Vacas L\u00f3pez AUDICI\u00d3N Y LENGUAJE: Raquel Barrio Hern\u00e1ndez\/Macarena Garc\u00eda Luque APOYO PRIMARIA: M\u00aa Paz L\u00f3pez Guerrero ORIENTADOR\/A: Luc\u00eda Ram\u00edrez Iglesias<\/p>\n","protected":false},"author":20184,"featured_media":0,"parent":0,"menu_order":0,"comment_status":"closed","ping_status":"closed","template":"","meta":{"_et_pb_use_builder":"","_et_pb_old_content":"","_et_gb_content_width":"","ngg_post_thumbnail":0,"footnotes":""},"aioseo_notices":[],"_links":{"self":[{"href":"https:\/\/blogsaverroes.juntadeandalucia.es\/web-ceip-neill\/wp-json\/wp\/v2\/pages\/655"}],"collection":[{"href":"https:\/\/blogsaverroes.juntadeandalucia.es\/web-ceip-neill\/wp-json\/wp\/v2\/pages"}],"about":[{"href":"https:\/\/blogsaverroes.juntadeandalucia.es\/web-ceip-neill\/wp-json\/wp\/v2\/types\/page"}],"author":[{"embeddable":true,"href":"https:\/\/blogsaverroes.juntadeandalucia.es\/web-ceip-neill\/wp-json\/wp\/v2\/users\/20184"}],"replies":[{"embeddable":true,"href":"https:\/\/blogsaverroes.juntadeandalucia.es\/web-ceip-neill\/wp-json\/wp\/v2\/comments?post=655"}],"version-history":[{"count":3,"href":"https:\/\/blogsaverroes.juntadeandalucia.es\/web-ceip-neill\/wp-json\/wp\/v2\/pages\/655\/revisions"}],"predecessor-version":[{"id":1154,"href":"https:\/\/blogsaverroes.juntadeandalucia.es\/web-ceip-neill\/wp-json\/wp\/v2\/pages\/655\/revisions\/1154"}],"wp:attachment":[{"href":"https:\/\/blogsaverroes.juntadeandalucia.es\/web-ceip-neill\/wp-json\/wp\/v2\/media?parent=655"}],"curies":[{"name":"wp","href":"https:\/\/api.w.org\/{rel}","templated":true}]}}