{"id":721,"date":"2025-03-14T11:27:21","date_gmt":"2025-03-14T10:27:21","guid":{"rendered":"https:\/\/blogsaverroes.juntadeandalucia.es\/web-ceip-neill\/?page_id=721"},"modified":"2025-05-28T08:24:45","modified_gmt":"2025-05-28T07:24:45","slug":"mas-deporte","status":"publish","type":"page","link":"https:\/\/blogsaverroes.juntadeandalucia.es\/web-ceip-neill\/mas-deporte\/","title":{"rendered":"M\u00c1S DEPORTE"},"content":{"rendered":"<p>[et_pb_section fb_built=&#8221;1&#8243; _builder_version=&#8221;4.16&#8243; global_colors_info=&#8221;{}&#8221;][et_pb_row _builder_version=&#8221;4.16&#8243; background_size=&#8221;initial&#8221; background_position=&#8221;top_left&#8221; background_repeat=&#8221;repeat&#8221; global_colors_info=&#8221;{}&#8221; column_structure=&#8221;1_2,1_2&#8243;][et_pb_column type=&#8221;1_2&#8243; _builder_version=&#8221;4.16&#8243; custom_padding=&#8221;|||&#8221; global_colors_info=&#8221;{}&#8221; custom_padding__hover=&#8221;|||&#8221;][et_pb_image _builder_version=&#8221;4.24.2&#8243; _module_preset=&#8221;default&#8221; src=&#8221;https:\/\/blogsaverroes.juntadeandalucia.es\/web-ceip-neill\/files\/2025\/05\/IMG_20250527_090905_1-scaled.jpg&#8221; theme_builder_area=&#8221;post_content&#8221; hover_enabled=&#8221;0&#8243; sticky_enabled=&#8221;0&#8243;][\/et_pb_image][\/et_pb_column][et_pb_column type=&#8221;1_2&#8243; _builder_version=&#8221;4.16&#8243; custom_padding=&#8221;|||&#8221; global_colors_info=&#8221;{}&#8221; custom_padding__hover=&#8221;|||&#8221;][et_pb_image _builder_version=&#8221;4.24.2&#8243; _module_preset=&#8221;default&#8221; src=&#8221;https:\/\/blogsaverroes.juntadeandalucia.es\/web-ceip-neill\/files\/2025\/05\/IMG_20250527_090746_1-scaled.jpg&#8221; theme_builder_area=&#8221;post_content&#8221; hover_enabled=&#8221;0&#8243; sticky_enabled=&#8221;0&#8243;][\/et_pb_image][\/et_pb_column][\/et_pb_row][et_pb_row _builder_version=&#8221;4.24.2&#8243; _module_preset=&#8221;default&#8221;][et_pb_column _builder_version=&#8221;4.24.2&#8243; _module_preset=&#8221;default&#8221; type=&#8221;4_4&#8243;][et_pb_text _builder_version=&#8221;4.24.2&#8243; background_size=&#8221;initial&#8221; background_position=&#8221;top_left&#8221; background_repeat=&#8221;repeat&#8221; global_colors_info=&#8221;{}&#8221;]<\/p>\n<p>Este programa desarrolla actividades deportivas enriquecedoras fuera del horario escolar. En nuestro centro se lleva a cabo los Lunes y Mi\u00e9rcoles de 16:00 h. a 18:00 h. Los deportes que se imparten son F\u00fatbol sala y Baloncesto.<\/p>\n<p>Este programa est\u00e1 dirigido al alumnado de Educaci\u00f3n Primaria.<\/p>\n<p>Sus objetivos son:&nbsp;<\/p>\n<ul>\n<li>Educar en h\u00e1bitos saludables que mejoren la actividad f\u00edsica y emocional.<\/li>\n<li>Reforzar la adquisici\u00f3n de actitudes positivas y valores, tanto individuales como colectivos.<\/li>\n<li>Desarrollar la capacidad de movimiento a trav\u00e9s de las habilidades y destrezas que hacen posible la pr\u00e1ctica de cada deporte.<\/li>\n<li>Aprender los fundamentos t\u00e9cnicos, t\u00e1cticos y f\u00edsicos de cada deporte e identificar principios de juego.<\/li>\n<li>Practicar actividades l\u00fadicas que desarrollen el contacto con el entorno y el grupo de iguales.<\/li>\n<\/ul>\n<p>&nbsp;<\/p>\n<p>[\/et_pb_text][\/et_pb_column][\/et_pb_row][\/et_pb_section][et_pb_section fb_built=&#8221;1&#8243; _builder_version=&#8221;4.24.2&#8243; _module_preset=&#8221;default&#8221; global_colors_info=&#8221;{}&#8221;][et_pb_row _builder_version=&#8221;4.24.2&#8243; _module_preset=&#8221;default&#8221; global_colors_info=&#8221;{}&#8221;][et_pb_column type=&#8221;4_4&#8243; _builder_version=&#8221;4.24.2&#8243; _module_preset=&#8221;default&#8221; global_colors_info=&#8221;{}&#8221;][\/et_pb_column][\/et_pb_row][\/et_pb_section][et_pb_section fb_built=&#8221;1&#8243; theme_builder_area=&#8221;post_content&#8221; _builder_version=&#8221;4.24.2&#8243; _module_preset=&#8221;default&#8221;][et_pb_row _builder_version=&#8221;4.24.2&#8243; _module_preset=&#8221;default&#8221; theme_builder_area=&#8221;post_content&#8221;][et_pb_column _builder_version=&#8221;4.24.2&#8243; _module_preset=&#8221;default&#8221; theme_builder_area=&#8221;post_content&#8221; type=&#8221;4_4&#8243;][\/et_pb_column][\/et_pb_row][\/et_pb_section][et_pb_section fb_built=&#8221;1&#8243; theme_builder_area=&#8221;post_content&#8221; _builder_version=&#8221;4.24.2&#8243; _module_preset=&#8221;default&#8221;][\/et_pb_section]<\/p>\n","protected":false},"excerpt":{"rendered":"<p>Este programa desarrolla actividades deportivas enriquecedoras fuera del horario escolar. En nuestro centro se lleva a cabo los Lunes y Mi\u00e9rcoles de 16:00 h. a 18:00 h. Los deportes que se imparten son F\u00fatbol sala y Baloncesto. Este programa est\u00e1 dirigido al alumnado de Educaci\u00f3n Primaria. Sus objetivos son:&nbsp; Educar en h\u00e1bitos saludables que mejoren [&hellip;]<\/p>\n","protected":false},"author":20184,"featured_media":0,"parent":0,"menu_order":0,"comment_status":"closed","ping_status":"closed","template":"","meta":{"_et_pb_use_builder":"on","_et_pb_old_content":"<p>Este programa desarrolla actividades deportivas enriquecedoras fuera del horario escolar. En nuestro centro se lleva a cabo los Lunes y Mi\u00e9rcoles de 16:00 h. a 18:00 h. Los deportes que se imparten son F\u00fatbol sala y Baloncesto.<\/p><p>Este programa est\u00e1 dirigido al alumnado de Educaci\u00f3n Primaria.<\/p><p>Sus objetivos son:\u00a0<\/p><ul><li>Educar en h\u00e1bitos saludables que mejoren la actividad f\u00edsica y emocional.<\/li><li>Reforzar la adquisici\u00f3n de actitudes positivas y valores, tanto individuales como colectivos.<\/li><li>Desarrollar la capacidad de movimiento a trav\u00e9s de las habilidades y destrezas que hacen posible la pr\u00e1ctica de cada deporte.<\/li><li>Aprender los fundamentos t\u00e9cnicos, t\u00e1cticos y f\u00edsicos de cada deporte e identificar principios de juego.<\/li><li>Practicar actividades l\u00fadicas que desarrollen el contacto con el entorno y el grupo de iguales.<\/li><\/ul><p>\u00a0<\/p>","_et_gb_content_width":"","ngg_post_thumbnail":0,"footnotes":""},"aioseo_notices":[],"_links":{"self":[{"href":"https:\/\/blogsaverroes.juntadeandalucia.es\/web-ceip-neill\/wp-json\/wp\/v2\/pages\/721"}],"collection":[{"href":"https:\/\/blogsaverroes.juntadeandalucia.es\/web-ceip-neill\/wp-json\/wp\/v2\/pages"}],"about":[{"href":"https:\/\/blogsaverroes.juntadeandalucia.es\/web-ceip-neill\/wp-json\/wp\/v2\/types\/page"}],"author":[{"embeddable":true,"href":"https:\/\/blogsaverroes.juntadeandalucia.es\/web-ceip-neill\/wp-json\/wp\/v2\/users\/20184"}],"replies":[{"embeddable":true,"href":"https:\/\/blogsaverroes.juntadeandalucia.es\/web-ceip-neill\/wp-json\/wp\/v2\/comments?post=721"}],"version-history":[{"count":9,"href":"https:\/\/blogsaverroes.juntadeandalucia.es\/web-ceip-neill\/wp-json\/wp\/v2\/pages\/721\/revisions"}],"predecessor-version":[{"id":1001,"href":"https:\/\/blogsaverroes.juntadeandalucia.es\/web-ceip-neill\/wp-json\/wp\/v2\/pages\/721\/revisions\/1001"}],"wp:attachment":[{"href":"https:\/\/blogsaverroes.juntadeandalucia.es\/web-ceip-neill\/wp-json\/wp\/v2\/media?parent=721"}],"curies":[{"name":"wp","href":"https:\/\/api.w.org\/{rel}","templated":true}]}}