{"id":1057,"date":"2021-04-30T11:33:45","date_gmt":"2021-04-30T10:33:45","guid":{"rendered":"https:\/\/blogsaverroes.juntadeandalucia.es\/webcarabelas\/?page_id=1057"},"modified":"2021-05-19T08:20:53","modified_gmt":"2021-05-19T07:20:53","slug":"datos-del-centro","status":"publish","type":"page","link":"https:\/\/blogsaverroes.juntadeandalucia.es\/webcarabelas\/datos-del-centro\/","title":{"rendered":"Datos del centro"},"content":{"rendered":"<h5><span style=\"font-size: 14pt\">Tel\u00e9fono del centro:<\/span><\/h5>\n<p><img loading=\"lazy\" decoding=\"async\" class=\"alignnone wp-image-1282 size-full\" src=\"https:\/\/blogsaverroes.juntadeandalucia.es\/webcarabelas\/files\/2021\/05\/telefono_2.jpg\" alt=\"\" width=\"556\" height=\"217\" srcset=\"https:\/\/blogsaverroes.juntadeandalucia.es\/webcarabelas\/files\/2021\/05\/telefono_2.jpg 556w, https:\/\/blogsaverroes.juntadeandalucia.es\/webcarabelas\/files\/2021\/05\/telefono_2-300x117.jpg 300w\" sizes=\"(max-width: 556px) 100vw, 556px\" \/><\/p>\n<h5><span style=\"font-size: 14pt\">Email del Centro<\/span><span style=\"font-size: 14pt\">:&nbsp;&nbsp; <a href=\"mailto:21002138.edu@juntadeandalucia.es\">21003128.edu@juntadeandalucia.es<\/a><\/span><\/h5>\n<h5><span style=\"font-size: 14pt\">Direcci\u00f3n: Calle de Evaristo Dom\u00ednguez, s\/n 21810 Palos de la Frontera &#8211; Huelva<\/span><\/h5>\n<p><iframe loading=\"lazy\" src=\"https:\/\/maps.google.es\/maps?ie=UTF8&amp;q=Instituto+de+Educaci%C3%B3n+Secundaria+Carabelas&amp;fb=1&amp;gl=es&amp;hq=ies+carabelas&amp;hnear=0xd11cfe6d744284b:0xd82baac110b40f83,Huelva&amp;cid=0,0,2994068752379316711&amp;t=h&amp;ll=37.227014,-6.897376&amp;spn=0.005126,0.006437&amp;z=16&amp;iwloc=A&amp;output=embed\" width=\"300\" height=\"300\" frameborder=\"0\" marginwidth=\"0\" marginheight=\"0\" scrolling=\"no\"><\/iframe><\/p>\n<p><small><a href=\"https:\/\/maps.google.es\/maps?ie=UTF8&amp;q=Instituto+de+Educaci%C3%B3n+Secundaria+Carabelas&amp;fb=1&amp;gl=es&amp;hq=ies+carabelas&amp;hnear=0xd11cfe6d744284b:0xd82baac110b40f83,Huelva&amp;cid=0,0,2994068752379316711&amp;t=h&amp;ll=37.227014,-6.897376&amp;spn=0.005126,0.006437&amp;z=16&amp;iwloc=A&amp;source=embed\">Ver mapa m\u00e1s grande<\/a><\/small><\/p>\n","protected":false},"excerpt":{"rendered":"<p>Tel\u00e9fono del centro: Email del Centro:&nbsp;&nbsp; 21003128.edu@juntadeandalucia.es Direcci\u00f3n: Calle de Evaristo Dom\u00ednguez, s\/n 21810 Palos de la Frontera &#8211; Huelva Ver mapa m\u00e1s grande<\/p>\n","protected":false},"author":12894,"featured_media":0,"parent":0,"menu_order":0,"comment_status":"closed","ping_status":"closed","template":"","meta":{"ngg_post_thumbnail":0,"footnotes":""},"aioseo_notices":[],"_links":{"self":[{"href":"https:\/\/blogsaverroes.juntadeandalucia.es\/webcarabelas\/wp-json\/wp\/v2\/pages\/1057"}],"collection":[{"href":"https:\/\/blogsaverroes.juntadeandalucia.es\/webcarabelas\/wp-json\/wp\/v2\/pages"}],"about":[{"href":"https:\/\/blogsaverroes.juntadeandalucia.es\/webcarabelas\/wp-json\/wp\/v2\/types\/page"}],"author":[{"embeddable":true,"href":"https:\/\/blogsaverroes.juntadeandalucia.es\/webcarabelas\/wp-json\/wp\/v2\/users\/12894"}],"replies":[{"embeddable":true,"href":"https:\/\/blogsaverroes.juntadeandalucia.es\/webcarabelas\/wp-json\/wp\/v2\/comments?post=1057"}],"version-history":[{"count":3,"href":"https:\/\/blogsaverroes.juntadeandalucia.es\/webcarabelas\/wp-json\/wp\/v2\/pages\/1057\/revisions"}],"predecessor-version":[{"id":1283,"href":"https:\/\/blogsaverroes.juntadeandalucia.es\/webcarabelas\/wp-json\/wp\/v2\/pages\/1057\/revisions\/1283"}],"wp:attachment":[{"href":"https:\/\/blogsaverroes.juntadeandalucia.es\/webcarabelas\/wp-json\/wp\/v2\/media?parent=1057"}],"curies":[{"name":"wp","href":"https:\/\/api.w.org\/{rel}","templated":true}]}}