{"id":1070,"date":"2022-06-28T12:17:50","date_gmt":"2022-06-28T11:17:50","guid":{"rendered":"https:\/\/blogsaverroes.juntadeandalucia.es\/webcarabelas\/?page_id=1070"},"modified":"2022-06-28T16:56:33","modified_gmt":"2022-06-28T15:56:33","slug":"sobre-electronico-de-matricula","status":"publish","type":"page","link":"https:\/\/blogsaverroes.juntadeandalucia.es\/webcarabelas\/sobre-electronico-de-matricula\/","title":{"rendered":"Sobre electr\u00f3nico de matr\u00edcula"},"content":{"rendered":"<p>En los pr\u00f3ximos d\u00edas tendremos disponible el plazo para la matriculaci\u00f3n del curso 2022\/23 del alumnado que ya cursa sus estudios en nuestro centro, y de aquellos que se incorporan desde los centros adscritos a nuestro IES. Os adjuntamos un <a href=\"https:\/\/www.youtube.com\/watch?v=Hwd_WMfAJTY\">video<\/a>&nbsp;del&nbsp;<a href=\"https:\/\/docs.google.com\/presentation\/d\/e\/2PACX-1vTrcgqmvIFGud8EcNPUMdP7_ciRsMuKXmoC8pqwPfNAOxbgiLWIbhd6xiAlNfM2-g\/pub?start=false&amp;loop=true&amp;delayms=3000\" target=\"_blank\" rel=\"noopener noreferrer\">paso a paso<\/a>&nbsp;del proceso de matriculaci\u00f3n.<\/p>\n<p><iframe loading=\"lazy\" title=\"Presentaci\u00f3n Matr\u00edcula_2021-22\" width=\"500\" height=\"281\" src=\"https:\/\/www.youtube.com\/embed\/Hwd_WMfAJTY?feature=oembed&#038;wmode=opaque\" frameborder=\"0\" allow=\"accelerometer; autoplay; clipboard-write; encrypted-media; gyroscope; picture-in-picture\" allowfullscreen><\/iframe><\/p>\n<p>Si prefieres el <a href=\"https:\/\/drive.google.com\/file\/d\/1c8LhRUIuvls4CmD1enCNS4BbXpOs_-ug\/view?usp=sharing\" target=\"_blank\" rel=\"noopener noreferrer\">formato PDF<\/a> \ud83d\ude09<\/p>\n<p><a href=\"https:\/\/docs.google.com\/presentation\/d\/137IcW0IDUoq76g5llfXQ6hnU2cuFFixG\/edit#slide=id.p1\">.<\/a><\/p>\n","protected":false},"excerpt":{"rendered":"<p>En los pr\u00f3ximos d\u00edas tendremos disponible el plazo para la matriculaci\u00f3n del curso 2022\/23 del alumnado que ya cursa sus estudios en nuestro centro, y de aquellos que se incorporan desde los centros adscritos&#46;&#46;&#46;<\/p>\n","protected":false},"author":12894,"featured_media":0,"parent":0,"menu_order":0,"comment_status":"closed","ping_status":"closed","template":"","meta":{"ngg_post_thumbnail":0,"footnotes":""},"aioseo_notices":[],"_links":{"self":[{"href":"https:\/\/blogsaverroes.juntadeandalucia.es\/webcarabelas\/wp-json\/wp\/v2\/pages\/1070"}],"collection":[{"href":"https:\/\/blogsaverroes.juntadeandalucia.es\/webcarabelas\/wp-json\/wp\/v2\/pages"}],"about":[{"href":"https:\/\/blogsaverroes.juntadeandalucia.es\/webcarabelas\/wp-json\/wp\/v2\/types\/page"}],"author":[{"embeddable":true,"href":"https:\/\/blogsaverroes.juntadeandalucia.es\/webcarabelas\/wp-json\/wp\/v2\/users\/12894"}],"replies":[{"embeddable":true,"href":"https:\/\/blogsaverroes.juntadeandalucia.es\/webcarabelas\/wp-json\/wp\/v2\/comments?post=1070"}],"version-history":[{"count":6,"href":"https:\/\/blogsaverroes.juntadeandalucia.es\/webcarabelas\/wp-json\/wp\/v2\/pages\/1070\/revisions"}],"predecessor-version":[{"id":1681,"href":"https:\/\/blogsaverroes.juntadeandalucia.es\/webcarabelas\/wp-json\/wp\/v2\/pages\/1070\/revisions\/1681"}],"wp:attachment":[{"href":"https:\/\/blogsaverroes.juntadeandalucia.es\/webcarabelas\/wp-json\/wp\/v2\/media?parent=1070"}],"curies":[{"name":"wp","href":"https:\/\/api.w.org\/{rel}","templated":true}]}}