{"id":3071,"date":"2021-05-25T18:13:14","date_gmt":"2021-05-25T18:13:14","guid":{"rendered":"https:\/\/blogsaverroes.juntadeandalucia.es\/webceperbarea\/?page_id=3071"},"modified":"2021-06-04T09:07:54","modified_gmt":"2021-06-04T09:07:54","slug":"historia","status":"publish","type":"page","link":"https:\/\/blogsaverroes.juntadeandalucia.es\/webceperbarea\/historia\/","title":{"rendered":"Historia"},"content":{"rendered":"<div style=\"width: 1920px;\" class=\"wp-video\"><!--[if lt IE 9]><script>document.createElement('video');<\/script><![endif]-->\n<video class=\"wp-video-shortcode\" id=\"video-3071-1\" width=\"1920\" height=\"1080\" preload=\"metadata\" controls=\"controls\"><source type=\"video\/mp4\" src=\"https:\/\/blogsaverroes.juntadeandalucia.es\/webceperbarea\/files\/2021\/05\/Colorful-3D-Illustrated-Remote-Learning-Video-Presentation.mp4?_=1\" \/><a href=\"https:\/\/blogsaverroes.juntadeandalucia.es\/webceperbarea\/files\/2021\/05\/Colorful-3D-Illustrated-Remote-Learning-Video-Presentation.mp4\">https:\/\/blogsaverroes.juntadeandalucia.es\/webceperbarea\/files\/2021\/05\/Colorful-3D-Illustrated-Remote-Learning-Video-Presentation.mp4<\/a><\/video><\/div>\n<p>&nbsp;<\/p>\n<p>&nbsp;<\/p>\n<h1 class=\"font_8\">CONTEXTO<\/h1>\n<p class=\"font_8\" style=\"text-align: justify\">La Comarca del Levante Almeriense est\u00e1 formada por un total de 13 municipios, y est\u00e1 cruzada de norte a sur por la Autov\u00eda del Mediterr\u00e1neo. Entre sus pueblos se encuentran algunos de arraigado car\u00e1cter tur\u00edstico, como es Moj\u00e1car, y otros que en los \u00faltimos a\u00f1os se han sumado a la oferta de turismo tanto de sol y playa, como del llamado rural y de aventura. De las localidades del interior destaca la de Sorbas, tambi\u00e9n llamada Cuenca la Chica porque tambi\u00e9n cuenta con impresionantes casas suspendidas al borde de un barranco. Adem\u00e1s, en su t\u00e9rmino se halla el Paraje Natural Karst en Yesos de Sobras, un enclave sorprendente y especialmente interesante para los aficionados a la espeleolog\u00eda. En su conjunto, esta comarca ofrece un sinf\u00edn de posibilidades para el ocio y la diversi\u00f3n, entre las que se encuentran, por ejemplo, las relativas a deportes como el&nbsp;senderismo, el&nbsp;golf, la&nbsp;h\u00edpica, la vela o el&nbsp;submarinismo.&nbsp;<\/p>\n<p class=\"font_8\" style=\"text-align: justify\">Esta comarca es una tierra d\u00f3nde el sol brilla con todo su esplendor y en la cual uno puede gozar de la playa durante todo el a\u00f1o mientras el resto de Europa sufre la \u00e9poca del a\u00f1o m\u00e1s inclemente climatol\u00f3gicamente.<\/p>\n<p class=\"font_8\" style=\"text-align: justify\">Los r\u00edos fluyen por sus tierras que desembocan en una costa plagada de playas y mecido por el sol consigui\u00e9ndose estampas que son el paisaje ideal para poblar cualquier hemeroteca que se precie.&nbsp;<\/p>\n<p class=\"font_8\" style=\"text-align: justify\">Muchos pueblos de la antig\u00fcedad llegaron aqu\u00ed buscando una tierra f\u00e9rtil en la cual continuar sus vidas y que en la actualidad son un reclamo tur\u00edstico por lo cuidado y soleado de sus playas y lo hermoso de sus paisajes.<\/p>\n<p class=\"font_8\" style=\"text-align: justify\">En su paisaje humano el viajero encontrar\u00e1 calidez y hospitalidad por parte de sus gentes. Unas buenas comunicaciones con el resto de la provincia, Andaluc\u00eda y el resto de Espa\u00f1a hace que sea tremendamente f\u00e1cil el llegar a esta comarca.<\/p>\n<p class=\"font_8\" style=\"text-align: justify\">Los vestigios arqueol\u00f3gicos del Levante almeriense provienen de los principios de la historia, concretamente del paleol\u00edtico, de cuyos restos la Cueva de la Z\u00e1jara I y II son vivos ejemplos. Esta tierra ha sido tambi\u00e9n origen de grandes culturas que se desarrollaron en la pen\u00ednsula ib\u00e9rica, como la cultura El Argar y tambi\u00e9n de viajeros, que por v\u00eda mar\u00edtima, caso de los fenicios, llegaron a sus costas.<\/p>\n<p class=\"font_8\" style=\"text-align: justify\">Fue el siglo VIII de nuestra era el que vio desarrollarse la factor\u00eda fenicia de Villaricos que se ha convertido en uno de los yacimientos m\u00e1s importantes de la provincia. Sobre esta primera cabeza de playa se ubic\u00f3 la destacada, por su prosperidad, ciudad p\u00fanico \u2013 romana de Baria. Los \u00edberos, cartagineses y romanos fueron los antecedentes de los musulmanes, pueblo que llev\u00f3 a estas tierras a las m\u00e1ximas cotas de desarrollo durante la edad media.<\/p>\n<p class=\"font_8\" style=\"text-align: justify\">Muchas de las caracter\u00edsticas que tiene hoy la provincia fueron promovidas por los habitantes de la antigua Al \u2013 \u00c1ndalus y todav\u00eda perviven en la arquitectura, la toponimia y la tendencia al agrupamiento disperso de las casas, proveniente de las antiguas alquer\u00edas musulmanas.<\/p>\n<p class=\"font_8\" style=\"text-align: justify\">Con la llegada de la edad moderna la franja de costa se pobl\u00f3 de construcciones militares que ten\u00edan como funci\u00f3n hacer frente a la amenaza de los berberiscos. Cuando las costas de nuevo comenzaron a ser seguras se produjo un desarrollo econ\u00f3mico sin precedentes debido al impulso de la miner\u00eda de la que existen muchos restos en la comarca. En la actualidad es una comarca que pervive pujante gracias al turismo y la agricultura.<\/p>\n<p class=\"font_8\" style=\"text-align: justify\">Sus municipios son, Antas, B\u00e9dar, Carboneras, Cuevas de Almanzora, Garrucha, Hu\u00e9rcal Overa, Los Gallardos, Lubr\u00edn, Moj\u00e1car, Pulp\u00ed, Sorbas, Turre y Vera.<\/p>\n<p class=\"font_8\" style=\"text-align: justify\">De estos pueblos s\u00f3lo seis forman el Centro de Educaci\u00f3n Permanente BAREA: Garrucha, Los Gallardos, Moj\u00e1car, Sorbas, Turre y Vera.<\/p>\n","protected":false},"excerpt":{"rendered":"<p>&nbsp; &nbsp; CONTEXTO La Comarca del Levante Almeriense est\u00e1 formada por un total de 13 municipios, y est\u00e1 cruzada de norte a sur por la Autov\u00eda del Mediterr\u00e1neo. Entre sus pueblos se encuentran algunos&#46;&#46;&#46;<\/p>\n","protected":false},"author":11406,"featured_media":0,"parent":0,"menu_order":0,"comment_status":"closed","ping_status":"closed","template":"page-c.php","meta":{"ngg_post_thumbnail":0,"footnotes":"","_mc_calendar":[]},"aioseo_notices":[],"_links":{"self":[{"href":"https:\/\/blogsaverroes.juntadeandalucia.es\/webceperbarea\/wp-json\/wp\/v2\/pages\/3071"}],"collection":[{"href":"https:\/\/blogsaverroes.juntadeandalucia.es\/webceperbarea\/wp-json\/wp\/v2\/pages"}],"about":[{"href":"https:\/\/blogsaverroes.juntadeandalucia.es\/webceperbarea\/wp-json\/wp\/v2\/types\/page"}],"author":[{"embeddable":true,"href":"https:\/\/blogsaverroes.juntadeandalucia.es\/webceperbarea\/wp-json\/wp\/v2\/users\/11406"}],"replies":[{"embeddable":true,"href":"https:\/\/blogsaverroes.juntadeandalucia.es\/webceperbarea\/wp-json\/wp\/v2\/comments?post=3071"}],"version-history":[{"count":4,"href":"https:\/\/blogsaverroes.juntadeandalucia.es\/webceperbarea\/wp-json\/wp\/v2\/pages\/3071\/revisions"}],"predecessor-version":[{"id":3547,"href":"https:\/\/blogsaverroes.juntadeandalucia.es\/webceperbarea\/wp-json\/wp\/v2\/pages\/3071\/revisions\/3547"}],"wp:attachment":[{"href":"https:\/\/blogsaverroes.juntadeandalucia.es\/webceperbarea\/wp-json\/wp\/v2\/media?parent=3071"}],"curies":[{"name":"wp","href":"https:\/\/api.w.org\/{rel}","templated":true}]}}