{"id":3078,"date":"2021-05-25T18:13:14","date_gmt":"2021-05-25T18:13:14","guid":{"rendered":"https:\/\/blogsaverroes.juntadeandalucia.es\/webceperbarea\/?page_id=3078"},"modified":"2023-11-13T19:40:50","modified_gmt":"2023-11-13T19:40:50","slug":"matricula","status":"publish","type":"page","link":"https:\/\/blogsaverroes.juntadeandalucia.es\/webceperbarea\/matricula\/","title":{"rendered":"Secretar\u00eda y direcci\u00f3n"},"content":{"rendered":"<p style=\"text-align: center\"><strong><a href=\"https:\/\/blogsaverroes.juntadeandalucia.es\/webceperbarea\/files\/2023\/11\/Impreso-matr\u00edcula.-Planes-educativos-modalidad-presencial_.pdf\">DESCARGA LA SOLICITUD DE MATR\u00cdCULA AQU\u00cd<\/a><\/strong><\/p>\n<p>&nbsp;<\/p>\n<p><a href=\"https:\/\/blogsaverroes.juntadeandalucia.es\/webceperbarea\/files\/2023\/11\/Captura-de-pantalla-2023-11-13-202648.png\"><img fetchpriority=\"high\" decoding=\"async\" class=\"aligncenter size-full wp-image-4140\" src=\"https:\/\/blogsaverroes.juntadeandalucia.es\/webceperbarea\/files\/2023\/11\/Captura-de-pantalla-2023-11-13-202648.png\" alt=\"\" width=\"742\" height=\"912\" srcset=\"https:\/\/blogsaverroes.juntadeandalucia.es\/webceperbarea\/files\/2023\/11\/Captura-de-pantalla-2023-11-13-202648.png 742w, https:\/\/blogsaverroes.juntadeandalucia.es\/webceperbarea\/files\/2023\/11\/Captura-de-pantalla-2023-11-13-202648-244x300.png 244w\" sizes=\"(max-width: 742px) 100vw, 742px\" \/><\/a><\/p>\n<p style=\"text-align: center\">&nbsp;<\/p>\n<h3 style=\"text-align: center\"><strong>Documentaci\u00f3n: DNI, Pasaporte o Permiso de residencia<\/strong><\/h3>\n<div id=\"attachment_3414\" style=\"width: 353px\" class=\"wp-caption aligncenter\"><a href=\"https:\/\/www.juntadeandalucia.es\/educacion\/secretariavirtual\/solicitudes\/\"><img decoding=\"async\" aria-describedby=\"caption-attachment-3414\" src=\"https:\/\/blogsaverroes.juntadeandalucia.es\/webceperbarea\/files\/2021\/05\/secretaria-virtual.jpg\" alt=\"\" width=\"343\" height=\"97\"><\/a><p id=\"caption-attachment-3414\" class=\"wp-caption-text\">Matr\u00edcula con certificado digital<\/p><\/div>\n<p><a href=\"https:\/\/www.juntadeandalucia.es\/educacion\/portals\/web\/educacion-permanente\/planes\/tramitacion\"><img decoding=\"async\" src=\"https:\/\/blogsaverroes.juntadeandalucia.es\/webceperbarea\/files\/2021\/06\/layout_set_logo.png\" alt=\"\" width=\"625\" height=\"118\"><\/a><\/p>\n","protected":false},"excerpt":{"rendered":"<p>DESCARGA LA SOLICITUD DE MATR\u00cdCULA AQU\u00cd &nbsp; &nbsp; Documentaci\u00f3n: DNI, Pasaporte o Permiso de residencia<\/p>\n","protected":false},"author":11406,"featured_media":0,"parent":0,"menu_order":0,"comment_status":"closed","ping_status":"closed","template":"","meta":{"ngg_post_thumbnail":0,"footnotes":"","_mc_calendar":[]},"aioseo_notices":[],"_links":{"self":[{"href":"https:\/\/blogsaverroes.juntadeandalucia.es\/webceperbarea\/wp-json\/wp\/v2\/pages\/3078"}],"collection":[{"href":"https:\/\/blogsaverroes.juntadeandalucia.es\/webceperbarea\/wp-json\/wp\/v2\/pages"}],"about":[{"href":"https:\/\/blogsaverroes.juntadeandalucia.es\/webceperbarea\/wp-json\/wp\/v2\/types\/page"}],"author":[{"embeddable":true,"href":"https:\/\/blogsaverroes.juntadeandalucia.es\/webceperbarea\/wp-json\/wp\/v2\/users\/11406"}],"replies":[{"embeddable":true,"href":"https:\/\/blogsaverroes.juntadeandalucia.es\/webceperbarea\/wp-json\/wp\/v2\/comments?post=3078"}],"version-history":[{"count":35,"href":"https:\/\/blogsaverroes.juntadeandalucia.es\/webceperbarea\/wp-json\/wp\/v2\/pages\/3078\/revisions"}],"predecessor-version":[{"id":4143,"href":"https:\/\/blogsaverroes.juntadeandalucia.es\/webceperbarea\/wp-json\/wp\/v2\/pages\/3078\/revisions\/4143"}],"wp:attachment":[{"href":"https:\/\/blogsaverroes.juntadeandalucia.es\/webceperbarea\/wp-json\/wp\/v2\/media?parent=3078"}],"curies":[{"name":"wp","href":"https:\/\/api.w.org\/{rel}","templated":true}]}}