{"id":3118,"date":"2021-05-25T18:55:24","date_gmt":"2021-05-25T18:55:24","guid":{"rendered":"https:\/\/blogsaverroes.juntadeandalucia.es\/webceperbarea\/?page_id=3118"},"modified":"2021-06-04T10:52:15","modified_gmt":"2021-06-04T10:52:15","slug":"graduado-en-educacion-secundaria","status":"publish","type":"page","link":"https:\/\/blogsaverroes.juntadeandalucia.es\/webceperbarea\/graduado-en-educacion-secundaria\/","title":{"rendered":"Graduado en Educaci\u00f3n Secundaria"},"content":{"rendered":"<div id=\"comp-klqvg9by\" class=\"_2bafp\" data-testid=\"richTextElement\">\n<h3 class=\"font_2\" style=\"text-align: justify\"><a href=\"https:\/\/a817e06c-9c00-45a7-822a-a46749836f33.filesusr.com\/ugd\/8c7c41_e90040335b3b44c3bb86417cefb3a333.pdf\">Orden de 28 de diciembre de 2017<\/a>, por la que se establece la ordenaci\u00f3n y el curr\u00edculo de la Educaci\u00f3n Secundaria Obligatoria para personas adultas en la Comunidad Aut\u00f3noma de Andaluc\u00eda.<\/h3>\n<\/div>\n<div id=\"comp-kkmdikcm\">\n<div class=\"tJuUG\" aria-hidden=\"true\">&nbsp;<\/div>\n<\/div>\n<div id=\"comp-klqvlq5n\" class=\"_2bafp\" data-testid=\"richTextElement\">\n<h3 class=\"font_2\" style=\"text-align: justify\"><a href=\"https:\/\/a817e06c-9c00-45a7-822a-a46749836f33.filesusr.com\/ugd\/8c7c41_9a78add2ed0e4cb49b03d5500d1fd621.pdf\">Orden de 10 de agosto de 2007<\/a>, por la que se regula la Educaci\u00f3n Secundaria Obligatoria para Personas Adultas.<\/h3>\n<p>&nbsp;<\/p>\n<\/div>\n<h3 class=\"font_2\" style=\"text-align: justify\"><a href=\"https:\/\/www.juntadeandalucia.es\/boja\/2019\/199\/BOJA19-199-00017-15034-01_00163255.pdf\">ORDEN de 16 de septiembre de 2019<\/a>, por la que se regulan las pruebas para la obtenci\u00f3n del t\u00edtulo de Graduado en Educaci\u00f3n Secundaria Obligatoria en la Comunidad Aut\u00f3noma de Andaluc\u00eda para personas mayores de dieciocho a\u00f1os.&nbsp;<\/h3>\n","protected":false},"excerpt":{"rendered":"<p>Orden de 28 de diciembre de 2017, por la que se establece la ordenaci\u00f3n y el curr\u00edculo de la Educaci\u00f3n Secundaria Obligatoria para personas adultas en la Comunidad Aut\u00f3noma de Andaluc\u00eda. &nbsp; Orden de&#46;&#46;&#46;<\/p>\n","protected":false},"author":11406,"featured_media":0,"parent":0,"menu_order":0,"comment_status":"closed","ping_status":"closed","template":"page-c.php","meta":{"ngg_post_thumbnail":0,"footnotes":"","_mc_calendar":[]},"aioseo_notices":[],"_links":{"self":[{"href":"https:\/\/blogsaverroes.juntadeandalucia.es\/webceperbarea\/wp-json\/wp\/v2\/pages\/3118"}],"collection":[{"href":"https:\/\/blogsaverroes.juntadeandalucia.es\/webceperbarea\/wp-json\/wp\/v2\/pages"}],"about":[{"href":"https:\/\/blogsaverroes.juntadeandalucia.es\/webceperbarea\/wp-json\/wp\/v2\/types\/page"}],"author":[{"embeddable":true,"href":"https:\/\/blogsaverroes.juntadeandalucia.es\/webceperbarea\/wp-json\/wp\/v2\/users\/11406"}],"replies":[{"embeddable":true,"href":"https:\/\/blogsaverroes.juntadeandalucia.es\/webceperbarea\/wp-json\/wp\/v2\/comments?post=3118"}],"version-history":[{"count":6,"href":"https:\/\/blogsaverroes.juntadeandalucia.es\/webceperbarea\/wp-json\/wp\/v2\/pages\/3118\/revisions"}],"predecessor-version":[{"id":3493,"href":"https:\/\/blogsaverroes.juntadeandalucia.es\/webceperbarea\/wp-json\/wp\/v2\/pages\/3118\/revisions\/3493"}],"wp:attachment":[{"href":"https:\/\/blogsaverroes.juntadeandalucia.es\/webceperbarea\/wp-json\/wp\/v2\/media?parent=3118"}],"curies":[{"name":"wp","href":"https:\/\/api.w.org\/{rel}","templated":true}]}}