{"id":3123,"date":"2021-05-25T18:55:25","date_gmt":"2021-05-25T18:55:25","guid":{"rendered":"https:\/\/blogsaverroes.juntadeandalucia.es\/webceperbarea\/?page_id=3123"},"modified":"2022-09-05T11:11:55","modified_gmt":"2022-09-05T11:11:55","slug":"certificacion-profesional","status":"publish","type":"page","link":"https:\/\/blogsaverroes.juntadeandalucia.es\/webceperbarea\/certificacion-profesional\/","title":{"rendered":"Certificaci\u00f3n profesional"},"content":{"rendered":"<p><a href=\"https:\/\/blogsaverroes.juntadeandalucia.es\/webceperbarea\/files\/2021\/06\/14.png\"><img fetchpriority=\"high\" decoding=\"async\" class=\"aligncenter size-full wp-image-3607\" src=\"https:\/\/blogsaverroes.juntadeandalucia.es\/webceperbarea\/files\/2021\/06\/14.png\" alt=\"\" width=\"1920\" height=\"1080\" srcset=\"https:\/\/blogsaverroes.juntadeandalucia.es\/webceperbarea\/files\/2021\/06\/14.png 1920w, https:\/\/blogsaverroes.juntadeandalucia.es\/webceperbarea\/files\/2021\/06\/14-300x169.png 300w, https:\/\/blogsaverroes.juntadeandalucia.es\/webceperbarea\/files\/2021\/06\/14-1024x576.png 1024w, https:\/\/blogsaverroes.juntadeandalucia.es\/webceperbarea\/files\/2021\/06\/14-768x432.png 768w, https:\/\/blogsaverroes.juntadeandalucia.es\/webceperbarea\/files\/2021\/06\/14-1536x864.png 1536w\" sizes=\"(max-width: 1920px) 100vw, 1920px\" \/><\/a><\/p>\n<p>&nbsp;<\/p>\n<p><a href=\"https:\/\/blogsaverroes.juntadeandalucia.es\/webceperbarea\/files\/2021\/06\/Acredita_Documentaci\u00f3nPresentar_pages-to-jpg-0001-scaled.jpg\"><img decoding=\"async\" class=\"aligncenter size-full wp-image-3690\" src=\"https:\/\/blogsaverroes.juntadeandalucia.es\/webceperbarea\/files\/2021\/06\/Acredita_Documentaci\u00f3nPresentar_pages-to-jpg-0001-scaled.jpg\" alt=\"\" width=\"1024\" height=\"2560\" srcset=\"https:\/\/blogsaverroes.juntadeandalucia.es\/webceperbarea\/files\/2021\/06\/Acredita_Documentaci\u00f3nPresentar_pages-to-jpg-0001-scaled.jpg 1024w, https:\/\/blogsaverroes.juntadeandalucia.es\/webceperbarea\/files\/2021\/06\/Acredita_Documentaci\u00f3nPresentar_pages-to-jpg-0001-120x300.jpg 120w, https:\/\/blogsaverroes.juntadeandalucia.es\/webceperbarea\/files\/2021\/06\/Acredita_Documentaci\u00f3nPresentar_pages-to-jpg-0001-410x1024.jpg 410w, https:\/\/blogsaverroes.juntadeandalucia.es\/webceperbarea\/files\/2021\/06\/Acredita_Documentaci\u00f3nPresentar_pages-to-jpg-0001-768x1920.jpg 768w, https:\/\/blogsaverroes.juntadeandalucia.es\/webceperbarea\/files\/2021\/06\/Acredita_Documentaci\u00f3nPresentar_pages-to-jpg-0001-614x1536.jpg 614w, https:\/\/blogsaverroes.juntadeandalucia.es\/webceperbarea\/files\/2021\/06\/Acredita_Documentaci\u00f3nPresentar_pages-to-jpg-0001-819x2048.jpg 819w\" sizes=\"(max-width: 1024px) 100vw, 1024px\" \/><\/a><\/p>\n<p><a href=\"https:\/\/blogsaverroes.juntadeandalucia.es\/webceperbarea\/files\/2021\/06\/Acredita_RequisitosAcceso_pages-to-jpg-0001-scaled.jpg\"><img decoding=\"async\" class=\"aligncenter size-full wp-image-3691\" src=\"https:\/\/blogsaverroes.juntadeandalucia.es\/webceperbarea\/files\/2021\/06\/Acredita_RequisitosAcceso_pages-to-jpg-0001-scaled.jpg\" alt=\"\" width=\"1024\" height=\"2560\" srcset=\"https:\/\/blogsaverroes.juntadeandalucia.es\/webceperbarea\/files\/2021\/06\/Acredita_RequisitosAcceso_pages-to-jpg-0001-scaled.jpg 1024w, https:\/\/blogsaverroes.juntadeandalucia.es\/webceperbarea\/files\/2021\/06\/Acredita_RequisitosAcceso_pages-to-jpg-0001-120x300.jpg 120w, https:\/\/blogsaverroes.juntadeandalucia.es\/webceperbarea\/files\/2021\/06\/Acredita_RequisitosAcceso_pages-to-jpg-0001-410x1024.jpg 410w, https:\/\/blogsaverroes.juntadeandalucia.es\/webceperbarea\/files\/2021\/06\/Acredita_RequisitosAcceso_pages-to-jpg-0001-768x1920.jpg 768w, https:\/\/blogsaverroes.juntadeandalucia.es\/webceperbarea\/files\/2021\/06\/Acredita_RequisitosAcceso_pages-to-jpg-0001-614x1536.jpg 614w, https:\/\/blogsaverroes.juntadeandalucia.es\/webceperbarea\/files\/2021\/06\/Acredita_RequisitosAcceso_pages-to-jpg-0001-819x2048.jpg 819w\" sizes=\"(max-width: 1024px) 100vw, 1024px\" \/><\/a><\/p>\n<h2>&nbsp;<\/h2>\n<h2 style=\"text-align: center\">Para m\u00e1s informaci\u00f3n pulse <a href=\"https:\/\/incual.educacion.gob.es\/\">aqu\u00ed<\/a><\/h2>\n<p>&nbsp;<\/p>\n<p>&nbsp;<\/p>\n","protected":false},"excerpt":{"rendered":"<p>&nbsp; &nbsp; Para m\u00e1s informaci\u00f3n pulse aqu\u00ed &nbsp; &nbsp;<\/p>\n","protected":false},"author":11406,"featured_media":0,"parent":0,"menu_order":0,"comment_status":"closed","ping_status":"closed","template":"page-c.php","meta":{"ngg_post_thumbnail":0,"footnotes":"","_mc_calendar":[]},"aioseo_notices":[],"_links":{"self":[{"href":"https:\/\/blogsaverroes.juntadeandalucia.es\/webceperbarea\/wp-json\/wp\/v2\/pages\/3123"}],"collection":[{"href":"https:\/\/blogsaverroes.juntadeandalucia.es\/webceperbarea\/wp-json\/wp\/v2\/pages"}],"about":[{"href":"https:\/\/blogsaverroes.juntadeandalucia.es\/webceperbarea\/wp-json\/wp\/v2\/types\/page"}],"author":[{"embeddable":true,"href":"https:\/\/blogsaverroes.juntadeandalucia.es\/webceperbarea\/wp-json\/wp\/v2\/users\/11406"}],"replies":[{"embeddable":true,"href":"https:\/\/blogsaverroes.juntadeandalucia.es\/webceperbarea\/wp-json\/wp\/v2\/comments?post=3123"}],"version-history":[{"count":8,"href":"https:\/\/blogsaverroes.juntadeandalucia.es\/webceperbarea\/wp-json\/wp\/v2\/pages\/3123\/revisions"}],"predecessor-version":[{"id":3833,"href":"https:\/\/blogsaverroes.juntadeandalucia.es\/webceperbarea\/wp-json\/wp\/v2\/pages\/3123\/revisions\/3833"}],"wp:attachment":[{"href":"https:\/\/blogsaverroes.juntadeandalucia.es\/webceperbarea\/wp-json\/wp\/v2\/media?parent=3123"}],"curies":[{"name":"wp","href":"https:\/\/api.w.org\/{rel}","templated":true}]}}