{"id":3125,"date":"2021-05-25T18:55:25","date_gmt":"2021-05-25T18:55:25","guid":{"rendered":"https:\/\/blogsaverroes.juntadeandalucia.es\/webceperbarea\/?page_id=3125"},"modified":"2021-06-04T10:51:35","modified_gmt":"2021-06-04T10:51:35","slug":"pruebas-de-acceso","status":"publish","type":"page","link":"https:\/\/blogsaverroes.juntadeandalucia.es\/webceperbarea\/pruebas-de-acceso\/","title":{"rendered":"Pruebas de Acceso"},"content":{"rendered":"<h3 style=\"text-align: justify\"><a id=\"yui_patched_v3_11_0_1_1622480172886_995\" title=\"Ir a la normativa Orden de 21 de febrero de 2017, por la que se regulan las pruebas de acceso a los ciclos formativos de formaci\u00f3n profesional de grado medio y grado superior y el curso de formaci\u00f3n espec\u00edfico.\" href=\"https:\/\/www.juntadeandalucia.es\/educacion\/portals\/web\/formacion-profesional-andaluza\/9\/-\/normativas\/detalle\/orden-de-21-de-febrero-de-2017-por-la-que-se-regulan-las-pruebas-de-acceso-a-los-ciclos-formativos-de-formacion\">Orden de 21 de febrero de 2017,<\/a> por la que se regulan las pruebas de acceso a los ciclos formativos de formaci\u00f3n profesional de grado medio y grado superior y el curso de formaci\u00f3n espec\u00edfico.<\/h3>\n","protected":false},"excerpt":{"rendered":"<p>Orden de 21 de febrero de 2017, por la que se regulan las pruebas de acceso a los ciclos formativos de formaci\u00f3n profesional de grado medio y grado superior y el curso de formaci\u00f3n&#46;&#46;&#46;<\/p>\n","protected":false},"author":11406,"featured_media":0,"parent":0,"menu_order":0,"comment_status":"closed","ping_status":"closed","template":"page-c.php","meta":{"ngg_post_thumbnail":0,"footnotes":"","_mc_calendar":[]},"aioseo_notices":[],"_links":{"self":[{"href":"https:\/\/blogsaverroes.juntadeandalucia.es\/webceperbarea\/wp-json\/wp\/v2\/pages\/3125"}],"collection":[{"href":"https:\/\/blogsaverroes.juntadeandalucia.es\/webceperbarea\/wp-json\/wp\/v2\/pages"}],"about":[{"href":"https:\/\/blogsaverroes.juntadeandalucia.es\/webceperbarea\/wp-json\/wp\/v2\/types\/page"}],"author":[{"embeddable":true,"href":"https:\/\/blogsaverroes.juntadeandalucia.es\/webceperbarea\/wp-json\/wp\/v2\/users\/11406"}],"replies":[{"embeddable":true,"href":"https:\/\/blogsaverroes.juntadeandalucia.es\/webceperbarea\/wp-json\/wp\/v2\/comments?post=3125"}],"version-history":[{"count":2,"href":"https:\/\/blogsaverroes.juntadeandalucia.es\/webceperbarea\/wp-json\/wp\/v2\/pages\/3125\/revisions"}],"predecessor-version":[{"id":3496,"href":"https:\/\/blogsaverroes.juntadeandalucia.es\/webceperbarea\/wp-json\/wp\/v2\/pages\/3125\/revisions\/3496"}],"wp:attachment":[{"href":"https:\/\/blogsaverroes.juntadeandalucia.es\/webceperbarea\/wp-json\/wp\/v2\/media?parent=3125"}],"curies":[{"name":"wp","href":"https:\/\/api.w.org\/{rel}","templated":true}]}}