{"id":3127,"date":"2021-05-25T18:55:25","date_gmt":"2021-05-25T18:55:25","guid":{"rendered":"https:\/\/blogsaverroes.juntadeandalucia.es\/webceperbarea\/?page_id=3127"},"modified":"2021-06-04T10:51:52","modified_gmt":"2021-06-04T10:51:52","slug":"prueba-de-acceso-a-la-universidad","status":"publish","type":"page","link":"https:\/\/blogsaverroes.juntadeandalucia.es\/webceperbarea\/prueba-de-acceso-a-la-universidad\/","title":{"rendered":"Prueba de acceso a la Universidad"},"content":{"rendered":"<h3 style=\"text-align: justify\"><a href=\"https:\/\/www.adideandalucia.es\/normas\/ordenes\/OrdenECD1663-2016pruebasMayores25UNED.pdf\" target=\"_blank\" rel=\"noopener noreferrer\">ORDEN ECD\/1663\/2016<\/a>, de 11 de octubre, por la que se regulan las pruebas de acceso a la universidad de las personas mayores de 25 o de 45 a\u00f1os de edad, as\u00ed como el acceso mediante acreditaci\u00f3n de experiencia laboral o profesional, en el \u00e1mbito de la Universidad Nacional de Educaci\u00f3n a Distancia.<\/h3>\n<p>&nbsp;<\/p>\n","protected":false},"excerpt":{"rendered":"<p>ORDEN ECD\/1663\/2016, de 11 de octubre, por la que se regulan las pruebas de acceso a la universidad de las personas mayores de 25 o de 45 a\u00f1os de edad, as\u00ed como el acceso&#46;&#46;&#46;<\/p>\n","protected":false},"author":11406,"featured_media":0,"parent":0,"menu_order":0,"comment_status":"closed","ping_status":"closed","template":"page-c.php","meta":{"ngg_post_thumbnail":0,"footnotes":"","_mc_calendar":[]},"aioseo_notices":[],"_links":{"self":[{"href":"https:\/\/blogsaverroes.juntadeandalucia.es\/webceperbarea\/wp-json\/wp\/v2\/pages\/3127"}],"collection":[{"href":"https:\/\/blogsaverroes.juntadeandalucia.es\/webceperbarea\/wp-json\/wp\/v2\/pages"}],"about":[{"href":"https:\/\/blogsaverroes.juntadeandalucia.es\/webceperbarea\/wp-json\/wp\/v2\/types\/page"}],"author":[{"embeddable":true,"href":"https:\/\/blogsaverroes.juntadeandalucia.es\/webceperbarea\/wp-json\/wp\/v2\/users\/11406"}],"replies":[{"embeddable":true,"href":"https:\/\/blogsaverroes.juntadeandalucia.es\/webceperbarea\/wp-json\/wp\/v2\/comments?post=3127"}],"version-history":[{"count":3,"href":"https:\/\/blogsaverroes.juntadeandalucia.es\/webceperbarea\/wp-json\/wp\/v2\/pages\/3127\/revisions"}],"predecessor-version":[{"id":3495,"href":"https:\/\/blogsaverroes.juntadeandalucia.es\/webceperbarea\/wp-json\/wp\/v2\/pages\/3127\/revisions\/3495"}],"wp:attachment":[{"href":"https:\/\/blogsaverroes.juntadeandalucia.es\/webceperbarea\/wp-json\/wp\/v2\/media?parent=3127"}],"curies":[{"name":"wp","href":"https:\/\/api.w.org\/{rel}","templated":true}]}}