{"id":3248,"date":"2021-05-27T16:53:36","date_gmt":"2021-05-27T16:53:36","guid":{"rendered":"https:\/\/blogsaverroes.juntadeandalucia.es\/webceperbarea\/?page_id=3248"},"modified":"2021-06-04T10:50:57","modified_gmt":"2021-06-04T10:50:57","slug":"grado-medio","status":"publish","type":"page","link":"https:\/\/blogsaverroes.juntadeandalucia.es\/webceperbarea\/grado-medio\/","title":{"rendered":"Grado Medio"},"content":{"rendered":"<h3 style=\"text-align: justify\"><a href=\"https:\/\/www.juntadeandalucia.es\/boja\/2021\/23\/BOJA21-023-00023-1575-01_00185495.pdf\">Orden de 18 de enero de 2021<\/a>, por la que se convocan las pruebas para la obtenci\u00f3n de t\u00edtulos de T\u00e9cnico y T\u00e9cnico Superior de ciclos formativos de Formaci\u00f3n Profesional del sistema educativo en el a\u00f1o 2021.<\/h3>\n","protected":false},"excerpt":{"rendered":"<p>Orden de 18 de enero de 2021, por la que se convocan las pruebas para la obtenci\u00f3n de t\u00edtulos de T\u00e9cnico y T\u00e9cnico Superior de ciclos formativos de Formaci\u00f3n Profesional del sistema educativo en&#46;&#46;&#46;<\/p>\n","protected":false},"author":11406,"featured_media":0,"parent":0,"menu_order":0,"comment_status":"closed","ping_status":"closed","template":"page-c.php","meta":{"ngg_post_thumbnail":0,"footnotes":"","_mc_calendar":[]},"aioseo_notices":[],"_links":{"self":[{"href":"https:\/\/blogsaverroes.juntadeandalucia.es\/webceperbarea\/wp-json\/wp\/v2\/pages\/3248"}],"collection":[{"href":"https:\/\/blogsaverroes.juntadeandalucia.es\/webceperbarea\/wp-json\/wp\/v2\/pages"}],"about":[{"href":"https:\/\/blogsaverroes.juntadeandalucia.es\/webceperbarea\/wp-json\/wp\/v2\/types\/page"}],"author":[{"embeddable":true,"href":"https:\/\/blogsaverroes.juntadeandalucia.es\/webceperbarea\/wp-json\/wp\/v2\/users\/11406"}],"replies":[{"embeddable":true,"href":"https:\/\/blogsaverroes.juntadeandalucia.es\/webceperbarea\/wp-json\/wp\/v2\/comments?post=3248"}],"version-history":[{"count":2,"href":"https:\/\/blogsaverroes.juntadeandalucia.es\/webceperbarea\/wp-json\/wp\/v2\/pages\/3248\/revisions"}],"predecessor-version":[{"id":3498,"href":"https:\/\/blogsaverroes.juntadeandalucia.es\/webceperbarea\/wp-json\/wp\/v2\/pages\/3248\/revisions\/3498"}],"wp:attachment":[{"href":"https:\/\/blogsaverroes.juntadeandalucia.es\/webceperbarea\/wp-json\/wp\/v2\/media?parent=3248"}],"curies":[{"name":"wp","href":"https:\/\/api.w.org\/{rel}","templated":true}]}}