{"id":3332,"date":"2021-05-28T09:44:27","date_gmt":"2021-05-28T09:44:27","guid":{"rendered":"https:\/\/blogsaverroes.juntadeandalucia.es\/webceperbarea\/?page_id=3332"},"modified":"2021-06-04T14:31:26","modified_gmt":"2021-06-04T14:31:26","slug":"matricula-turre","status":"publish","type":"page","link":"https:\/\/blogsaverroes.juntadeandalucia.es\/webceperbarea\/matricula-turre\/","title":{"rendered":"Matr\u00edcula &#8211; Turre"},"content":{"rendered":"<p><a href=\"https:\/\/blogsaverroes.juntadeandalucia.es\/webceperbarea\/files\/2021\/05\/turre_matricula.jpg\"><img fetchpriority=\"high\" decoding=\"async\" class=\"aligncenter wp-image-3400 size-full\" src=\"https:\/\/blogsaverroes.juntadeandalucia.es\/webceperbarea\/files\/2021\/05\/turre_matricula.jpg\" alt=\"\" width=\"1240\" height=\"1686\" srcset=\"https:\/\/blogsaverroes.juntadeandalucia.es\/webceperbarea\/files\/2021\/05\/turre_matricula.jpg 1240w, https:\/\/blogsaverroes.juntadeandalucia.es\/webceperbarea\/files\/2021\/05\/turre_matricula-221x300.jpg 221w, https:\/\/blogsaverroes.juntadeandalucia.es\/webceperbarea\/files\/2021\/05\/turre_matricula-753x1024.jpg 753w, https:\/\/blogsaverroes.juntadeandalucia.es\/webceperbarea\/files\/2021\/05\/turre_matricula-768x1044.jpg 768w, https:\/\/blogsaverroes.juntadeandalucia.es\/webceperbarea\/files\/2021\/05\/turre_matricula-1130x1536.jpg 1130w\" sizes=\"(max-width: 1240px) 100vw, 1240px\" \/><\/a><\/p>\n<p style=\"text-align: center\">Descarga la solicitud de matr\u00edcula&nbsp;<a href=\"https:\/\/a817e06c-9c00-45a7-822a-a46749836f33.filesusr.com\/ugd\/8c7c41_5b56bbb2c0214e07ae783cc4f2959cf4.pdf\">aqu\u00ed<\/a><\/p>\n<p>&nbsp;<\/p>\n<h3 style=\"text-align: center\"><strong><span style=\"color: #33cccc\">Documentaci\u00f3n: DNI, Pasaporte o Permiso de residencia<\/span><\/strong><\/h3>\n<p>&nbsp;<\/p>\n<div id=\"attachment_3414\" style=\"width: 353px\" class=\"wp-caption aligncenter\"><a href=\"https:\/\/www.juntadeandalucia.es\/educacion\/secretariavirtual\/solicitudes\/\"><img decoding=\"async\" aria-describedby=\"caption-attachment-3414\" class=\"wp-image-3414 size-full\" src=\"https:\/\/blogsaverroes.juntadeandalucia.es\/webceperbarea\/files\/2021\/05\/secretaria-virtual.jpg\" alt=\"\" width=\"343\" height=\"97\" srcset=\"https:\/\/blogsaverroes.juntadeandalucia.es\/webceperbarea\/files\/2021\/05\/secretaria-virtual.jpg 343w, https:\/\/blogsaverroes.juntadeandalucia.es\/webceperbarea\/files\/2021\/05\/secretaria-virtual-300x85.jpg 300w\" sizes=\"(max-width: 343px) 100vw, 343px\" \/><\/a><p id=\"caption-attachment-3414\" class=\"wp-caption-text\">Matr\u00edcula con certificado digital<\/p><\/div>\n<p>&nbsp;<\/p>\n<p><a href=\"https:\/\/www.juntadeandalucia.es\/educacion\/portals\/web\/educacion-permanente\/planes\/tramitacion\"><img decoding=\"async\" class=\"aligncenter wp-image-3716 size-full\" src=\"https:\/\/blogsaverroes.juntadeandalucia.es\/webceperbarea\/files\/2021\/06\/layout_set_logo.png\" alt=\"\" width=\"625\" height=\"118\" srcset=\"https:\/\/blogsaverroes.juntadeandalucia.es\/webceperbarea\/files\/2021\/06\/layout_set_logo.png 625w, https:\/\/blogsaverroes.juntadeandalucia.es\/webceperbarea\/files\/2021\/06\/layout_set_logo-300x57.png 300w\" sizes=\"(max-width: 625px) 100vw, 625px\" \/><\/a><\/p>\n","protected":false},"excerpt":{"rendered":"<p>Descarga la solicitud de matr\u00edcula&nbsp;aqu\u00ed &nbsp; Documentaci\u00f3n: DNI, Pasaporte o Permiso de residencia &nbsp; &nbsp;<\/p>\n","protected":false},"author":11406,"featured_media":0,"parent":0,"menu_order":0,"comment_status":"closed","ping_status":"closed","template":"page-c.php","meta":{"ngg_post_thumbnail":0,"footnotes":"","_mc_calendar":[]},"aioseo_notices":[],"_links":{"self":[{"href":"https:\/\/blogsaverroes.juntadeandalucia.es\/webceperbarea\/wp-json\/wp\/v2\/pages\/3332"}],"collection":[{"href":"https:\/\/blogsaverroes.juntadeandalucia.es\/webceperbarea\/wp-json\/wp\/v2\/pages"}],"about":[{"href":"https:\/\/blogsaverroes.juntadeandalucia.es\/webceperbarea\/wp-json\/wp\/v2\/types\/page"}],"author":[{"embeddable":true,"href":"https:\/\/blogsaverroes.juntadeandalucia.es\/webceperbarea\/wp-json\/wp\/v2\/users\/11406"}],"replies":[{"embeddable":true,"href":"https:\/\/blogsaverroes.juntadeandalucia.es\/webceperbarea\/wp-json\/wp\/v2\/comments?post=3332"}],"version-history":[{"count":8,"href":"https:\/\/blogsaverroes.juntadeandalucia.es\/webceperbarea\/wp-json\/wp\/v2\/pages\/3332\/revisions"}],"predecessor-version":[{"id":3723,"href":"https:\/\/blogsaverroes.juntadeandalucia.es\/webceperbarea\/wp-json\/wp\/v2\/pages\/3332\/revisions\/3723"}],"wp:attachment":[{"href":"https:\/\/blogsaverroes.juntadeandalucia.es\/webceperbarea\/wp-json\/wp\/v2\/media?parent=3332"}],"curies":[{"name":"wp","href":"https:\/\/api.w.org\/{rel}","templated":true}]}}