{"id":3519,"date":"2021-05-31T18:01:31","date_gmt":"2021-05-31T18:01:31","guid":{"rendered":"https:\/\/blogsaverroes.juntadeandalucia.es\/webceperbarea\/?page_id=3519"},"modified":"2021-06-03T18:45:42","modified_gmt":"2021-06-03T18:45:42","slug":"historia-turre","status":"publish","type":"page","link":"https:\/\/blogsaverroes.juntadeandalucia.es\/webceperbarea\/historia-turre\/","title":{"rendered":"Historia &#8211; Turre"},"content":{"rendered":"<h1 class=\"font_8\">Turre<\/h1>\n<p><a href=\"http:\/\/De INDALOMANIA, CC BY-SA 3.0, https:\/\/commons.wikimedia.org\/w\/index.php?curid=45076452\"><img fetchpriority=\"high\" decoding=\"async\" class=\"aligncenter size-full wp-image-3634\" src=\"https:\/\/blogsaverroes.juntadeandalucia.es\/webceperbarea\/files\/2021\/06\/Cabrera_-_Pueblo_5_-_panoramio.jpg\" alt=\"\" width=\"800\" height=\"533\" srcset=\"https:\/\/blogsaverroes.juntadeandalucia.es\/webceperbarea\/files\/2021\/06\/Cabrera_-_Pueblo_5_-_panoramio.jpg 800w, https:\/\/blogsaverroes.juntadeandalucia.es\/webceperbarea\/files\/2021\/06\/Cabrera_-_Pueblo_5_-_panoramio-300x200.jpg 300w, https:\/\/blogsaverroes.juntadeandalucia.es\/webceperbarea\/files\/2021\/06\/Cabrera_-_Pueblo_5_-_panoramio-768x512.jpg 768w\" sizes=\"(max-width: 800px) 100vw, 800px\" \/><\/a><\/p>\n<p class=\"font_8\" style=\"text-align: justify\">A pesar de que en su territorio se han encontrado restos de asentamientos del Neol\u00edtico, la Edad de Cobre, Arg\u00e1ricos, Celtas, \u00cdberos y Romanos, el municipio de Turre naci\u00f3 en el siglo XVI como consecuencia del plan de repoblaci\u00f3n ordenado por Felipe II tras la expulsi\u00f3n de los moriscos.&nbsp;<\/p>\n<p class=\"font_8\" style=\"text-align: justify\">Entre los monumentos de esta localidad almeriense se encuentra la iglesia parroquial de la Pur\u00edsima, levantada en el siglo XVI en estilo mud\u00e9jar y remodelado en el siglo XVIII. Otro edificio de estas caracter\u00edsticas es la ermita de San Francisco de As\u00eds, edificada en el siglo XVII.&nbsp;<\/p>\n<p class=\"font_8\" style=\"text-align: justify\">Una de las posibilidades que ofrece Turre es la de visitar sus numerosos yacimientos, de los cuales cabe destacar el de Cerro de Castell\u00f3n, con restos del poblado arg\u00e1rico de Gata; el de Los Gallardos, ib\u00e9rico y romano; el del Poblado de Teresa, de car\u00e1cter hispano-musulm\u00e1n guarda restos del Paleol\u00edtico Superior y del Neol\u00edtico; y el de Poblados de Cabrera, tambi\u00e9n hispano-musulm\u00e1n.&nbsp;<\/p>\n<p><a href=\"http:\/\/De Digigalos - Trabajo propio, CC BY-SA 3.0, https:\/\/commons.wikimedia.org\/w\/index.php?curid=4592193\"><img decoding=\"async\" class=\"aligncenter size-full wp-image-3636\" src=\"https:\/\/blogsaverroes.juntadeandalucia.es\/webceperbarea\/files\/2021\/06\/800px-Turre01.jpg\" alt=\"\" width=\"800\" height=\"600\" srcset=\"https:\/\/blogsaverroes.juntadeandalucia.es\/webceperbarea\/files\/2021\/06\/800px-Turre01.jpg 800w, https:\/\/blogsaverroes.juntadeandalucia.es\/webceperbarea\/files\/2021\/06\/800px-Turre01-300x225.jpg 300w, https:\/\/blogsaverroes.juntadeandalucia.es\/webceperbarea\/files\/2021\/06\/800px-Turre01-768x576.jpg 768w\" sizes=\"(max-width: 800px) 100vw, 800px\" \/><\/a><\/p>\n<p class=\"font_8\" style=\"text-align: justify\">El patrimonio cultural de Turre se completa con la fuente morisca, los restos de una mezquita y un aljibe, ambos del siglo XII, y las cuevas de la Palmera y de Los Murci\u00e9lagos.&nbsp;<\/p>\n<p class=\"font_8\" style=\"text-align: justify\">Los trabajos de&nbsp;artesan\u00eda&nbsp;que se realizan en este pueblo de la comarca del levante almeriense est\u00e1n relacionados con el esparto y el lat\u00f3n, as\u00ed como con la confecci\u00f3n de todo tipo de elementos decorativos con encaje de bolillos.&nbsp;<\/p>\n<p class=\"font_8\" style=\"text-align: justify\">Los men\u00fas de la&nbsp;gastronom\u00eda&nbsp;t\u00edpica de Turre cuentan con platos como las migas con tropezones, las pelotas, los gurullos con conejo y perdiz, la olla de trigo, los caracoles, la frita\u00edlla y el ajo colorao. Adem\u00e1s, para aquellos que disfruten con un buen dulce, los men\u00fas de los turreros cuentan con fabulosas tallinas.&nbsp;<\/p>\n<p class=\"font_8\" style=\"text-align: justify\">A principios del mes de octubre, entre los d\u00edas 3 y 6, Turre acoge sus fiestas mayores en honor a San Francisco de As\u00eds. En ellas, tiene lugar la corrida de cintas a caballos, de gran tradici\u00f3n, en las que Turre presume de ser uno de los pocos sitios en los que se mantiene, concentrando a gente de toda la comarca. Para esta celebraci\u00f3n, las mozas bordan cintas que se cuelgan en las calles y los corredores a caballo deben ensartarlas. Antiguamente, sal\u00edan muchos noviazgos de este acto, entre las mozas que elaboraban las cintas y los mozos que las consegu\u00edan. Otros festejos propios del municipio son la romer\u00eda de San Isidro, que se celebra el 15 de mayo.&nbsp;<\/p>\n<p class=\"font_8\" style=\"text-align: justify\">Turre se encuentra a 84 kil\u00f3metros de la ciudad de&nbsp;Almer\u00eda&nbsp;desde donde se puede llegar saliendo por la Rambla de Bel\u00e9n y tomando la autov\u00eda A-7 en direcci\u00f3n a&nbsp;Granada&nbsp;y continuando por la salida 520 en direcci\u00f3n a Turre. Una vez estemos en la carretera A-370, enlazaremos con la AL-150, que nos llevar\u00e1 a nuestro destino.<\/p>\n<p>&nbsp;<\/p>\n<p><a href=\"http:\/\/De Miguillen - Trabajo propio, basado en: Spain location map.svg&nbsp;de NordNordWest, CC BY-SA 4.0, https:\/\/commons.wikimedia.org\/w\/index.php?curid=8799712\"><img decoding=\"async\" class=\"size-full wp-image-3637 alignleft\" src=\"https:\/\/blogsaverroes.juntadeandalucia.es\/webceperbarea\/files\/2021\/06\/ubicacion-turre.jpg\" alt=\"\" width=\"264\" height=\"289\"><\/a><\/p>\n","protected":false},"excerpt":{"rendered":"<p>Turre A pesar de que en su territorio se han encontrado restos de asentamientos del Neol\u00edtico, la Edad de Cobre, Arg\u00e1ricos, Celtas, \u00cdberos y Romanos, el municipio de Turre naci\u00f3 en el siglo XVI&#46;&#46;&#46;<\/p>\n","protected":false},"author":11406,"featured_media":0,"parent":0,"menu_order":0,"comment_status":"closed","ping_status":"closed","template":"page-c.php","meta":{"ngg_post_thumbnail":0,"footnotes":"","_mc_calendar":[]},"aioseo_notices":[],"_links":{"self":[{"href":"https:\/\/blogsaverroes.juntadeandalucia.es\/webceperbarea\/wp-json\/wp\/v2\/pages\/3519"}],"collection":[{"href":"https:\/\/blogsaverroes.juntadeandalucia.es\/webceperbarea\/wp-json\/wp\/v2\/pages"}],"about":[{"href":"https:\/\/blogsaverroes.juntadeandalucia.es\/webceperbarea\/wp-json\/wp\/v2\/types\/page"}],"author":[{"embeddable":true,"href":"https:\/\/blogsaverroes.juntadeandalucia.es\/webceperbarea\/wp-json\/wp\/v2\/users\/11406"}],"replies":[{"embeddable":true,"href":"https:\/\/blogsaverroes.juntadeandalucia.es\/webceperbarea\/wp-json\/wp\/v2\/comments?post=3519"}],"version-history":[{"count":4,"href":"https:\/\/blogsaverroes.juntadeandalucia.es\/webceperbarea\/wp-json\/wp\/v2\/pages\/3519\/revisions"}],"predecessor-version":[{"id":3638,"href":"https:\/\/blogsaverroes.juntadeandalucia.es\/webceperbarea\/wp-json\/wp\/v2\/pages\/3519\/revisions\/3638"}],"wp:attachment":[{"href":"https:\/\/blogsaverroes.juntadeandalucia.es\/webceperbarea\/wp-json\/wp\/v2\/media?parent=3519"}],"curies":[{"name":"wp","href":"https:\/\/api.w.org\/{rel}","templated":true}]}}