{"id":3523,"date":"2021-05-31T18:01:32","date_gmt":"2021-05-31T18:01:32","guid":{"rendered":"https:\/\/blogsaverroes.juntadeandalucia.es\/webceperbarea\/?page_id=3523"},"modified":"2021-06-03T18:47:14","modified_gmt":"2021-06-03T18:47:14","slug":"historia-los-gallardos","status":"publish","type":"page","link":"https:\/\/blogsaverroes.juntadeandalucia.es\/webceperbarea\/historia-los-gallardos\/","title":{"rendered":"Historia &#8211; Los Gallardos"},"content":{"rendered":"<h2 class=\"font_8\">Los Gallardos<\/h2>\n<p><a href=\"https:\/\/multimedia.andalucia.org\/content_images\/main_image_48726.jpeg\"><img fetchpriority=\"high\" decoding=\"async\" class=\"aligncenter size-full wp-image-3642\" src=\"https:\/\/blogsaverroes.juntadeandalucia.es\/webceperbarea\/files\/2021\/06\/gallardos.jpeg\" alt=\"\" width=\"600\" height=\"430\" srcset=\"https:\/\/blogsaverroes.juntadeandalucia.es\/webceperbarea\/files\/2021\/06\/gallardos.jpeg 600w, https:\/\/blogsaverroes.juntadeandalucia.es\/webceperbarea\/files\/2021\/06\/gallardos-300x215.jpeg 300w\" sizes=\"(max-width: 600px) 100vw, 600px\" \/><\/a><\/p>\n<p>&nbsp;<\/p>\n<p class=\"font_8\" style=\"text-align: justify\">Es un peque\u00f1o pueblo que est\u00e1 situado entre las sierras de B\u00e9dar, los Filabres y Cabrera y junto al cauce del r\u00edo Aguas.&nbsp;<\/p>\n<p class=\"font_8\" style=\"text-align: justify\">El patrimonio arquitect\u00f3nico y cultural de esta localidad cuenta con bonitos monumentos como el Molino de la Cueva, construido en piedra de siller\u00eda y el Horno de Le\u00f1a, que puede presumir de ser el m\u00e1s antiguo de la comarca y en el que todav\u00eda es posible adquirir pan.&nbsp;<\/p>\n<p><a href=\"http:\/\/De Carlos Cuerda - Trabajo propio, CC BY-SA 4.0, https:\/\/commons.wikimedia.org\/w\/index.php?curid=102588767\"><img decoding=\"async\" class=\"aligncenter size-full wp-image-3643\" src=\"https:\/\/blogsaverroes.juntadeandalucia.es\/webceperbarea\/files\/2021\/06\/Iglesia_de_San_Jos\u00e9_en_Los_Gallardos_Almer\u00eda_Espa\u00f1a.jpg\" alt=\"\" width=\"800\" height=\"681\" srcset=\"https:\/\/blogsaverroes.juntadeandalucia.es\/webceperbarea\/files\/2021\/06\/Iglesia_de_San_Jos\u00e9_en_Los_Gallardos_Almer\u00eda_Espa\u00f1a.jpg 800w, https:\/\/blogsaverroes.juntadeandalucia.es\/webceperbarea\/files\/2021\/06\/Iglesia_de_San_Jos\u00e9_en_Los_Gallardos_Almer\u00eda_Espa\u00f1a-300x255.jpg 300w, https:\/\/blogsaverroes.juntadeandalucia.es\/webceperbarea\/files\/2021\/06\/Iglesia_de_San_Jos\u00e9_en_Los_Gallardos_Almer\u00eda_Espa\u00f1a-768x654.jpg 768w\" sizes=\"(max-width: 800px) 100vw, 800px\" \/><\/a><\/p>\n<p>&nbsp;<\/p>\n<p class=\"font_8\" style=\"text-align: justify\">Otros lugares para visitar son los Ba\u00f1os \u00c1rabes de Alfa\u00edx, la iglesia parroquial de San Jos\u00e9, construida a principios del siglo XX, y los yacimientos de Cadima, donde se conservan restos de una villa romana.&nbsp;<\/p>\n<p class=\"font_8\" style=\"text-align: justify\">En cuanto a las labores de&nbsp;artesan\u00eda, algunas personas mayores realizan alpargatas, bolsas y espuertas con esparto, as\u00ed como platos y otros utensilios de barro, pero es una tradici\u00f3n que se est\u00e1 perdiendo.&nbsp;<\/p>\n<p class=\"font_8\" style=\"text-align: justify\">Los platos m\u00e1s destacados de la&nbsp;gastronom\u00eda&nbsp;del municipio de Los Gallardos son el ajo colorao, las pelotas, la olla de trigo, las migas, las gachas de piment\u00f3n, las habas con bacalao, el potaje de hinojos, el potaje de trigo pelao, el potaje de acelgas, la fritada de conejo y la tortilla de collejas. Para los m\u00e1s dulzones cuenta con estupendos gurullos, merengues y soplillos.&nbsp;<\/p>\n<p class=\"font_8\" style=\"text-align: justify\">Entre los d\u00edas 11 y 15 de julio este municipio almeriense celebra las fiestas en honor a San Isidro. Los festejos contin\u00faan el 21 de marzo con el d\u00eda de la Vieja, d\u00eda de convivencia en el campo en el que se elabora un mu\u00f1eco que simboliza a una vieja, relleno de caramelos y que se utiliza como pi\u00f1ata.<\/p>\n<p class=\"font_8\" style=\"text-align: justify\">Entre el 13 y el 16 de julio tiene lugar la festividad de la Virgen del Carmen y el 29 de septiembre, las fiestas de San Miguel.&nbsp;<\/p>\n<p class=\"font_8\" style=\"text-align: justify\">El municipio de Los Gallardos est\u00e1 situado a unos 80 kil\u00f3metros de&nbsp;Almer\u00eda&nbsp;capital, desde donde se puede llegar saliendo por la Rambla de Bel\u00e9n y tomando la autov\u00eda A-7 en direcci\u00f3n a&nbsp;Granada&nbsp;y la salida 520 en direcci\u00f3n a Los Gallardos. Desde ah\u00ed, continuaremos por la A-370 y, enlazando con la carretera ALP-117, habremos llegado a nuestro destino.<\/p>\n<p><a href=\"http:\/\/De Miguillen - Trabajo propio, basado en: Spain location map.svg&nbsp;de NordNordWest, CC BY-SA 4.0, https:\/\/commons.wikimedia.org\/w\/index.php?curid=8799712\"><img decoding=\"async\" class=\"aligncenter size-full wp-image-3644\" src=\"https:\/\/blogsaverroes.juntadeandalucia.es\/webceperbarea\/files\/2021\/06\/ubicacion-gallardo.jpg\" alt=\"\" width=\"266\" height=\"291\"><\/a><\/p>\n","protected":false},"excerpt":{"rendered":"<p>Los Gallardos &nbsp; Es un peque\u00f1o pueblo que est\u00e1 situado entre las sierras de B\u00e9dar, los Filabres y Cabrera y junto al cauce del r\u00edo Aguas.&nbsp; El patrimonio arquitect\u00f3nico y cultural de esta localidad&#46;&#46;&#46;<\/p>\n","protected":false},"author":11406,"featured_media":0,"parent":0,"menu_order":0,"comment_status":"closed","ping_status":"closed","template":"page-c.php","meta":{"ngg_post_thumbnail":0,"footnotes":"","_mc_calendar":[]},"aioseo_notices":[],"_links":{"self":[{"href":"https:\/\/blogsaverroes.juntadeandalucia.es\/webceperbarea\/wp-json\/wp\/v2\/pages\/3523"}],"collection":[{"href":"https:\/\/blogsaverroes.juntadeandalucia.es\/webceperbarea\/wp-json\/wp\/v2\/pages"}],"about":[{"href":"https:\/\/blogsaverroes.juntadeandalucia.es\/webceperbarea\/wp-json\/wp\/v2\/types\/page"}],"author":[{"embeddable":true,"href":"https:\/\/blogsaverroes.juntadeandalucia.es\/webceperbarea\/wp-json\/wp\/v2\/users\/11406"}],"replies":[{"embeddable":true,"href":"https:\/\/blogsaverroes.juntadeandalucia.es\/webceperbarea\/wp-json\/wp\/v2\/comments?post=3523"}],"version-history":[{"count":4,"href":"https:\/\/blogsaverroes.juntadeandalucia.es\/webceperbarea\/wp-json\/wp\/v2\/pages\/3523\/revisions"}],"predecessor-version":[{"id":3645,"href":"https:\/\/blogsaverroes.juntadeandalucia.es\/webceperbarea\/wp-json\/wp\/v2\/pages\/3523\/revisions\/3645"}],"wp:attachment":[{"href":"https:\/\/blogsaverroes.juntadeandalucia.es\/webceperbarea\/wp-json\/wp\/v2\/media?parent=3523"}],"curies":[{"name":"wp","href":"https:\/\/api.w.org\/{rel}","templated":true}]}}