{"id":3524,"date":"2021-05-31T18:01:32","date_gmt":"2021-05-31T18:01:32","guid":{"rendered":"https:\/\/blogsaverroes.juntadeandalucia.es\/webceperbarea\/?page_id=3524"},"modified":"2021-06-03T18:46:13","modified_gmt":"2021-06-03T18:46:13","slug":"historia-mojacar-2","status":"publish","type":"page","link":"https:\/\/blogsaverroes.juntadeandalucia.es\/webceperbarea\/historia-mojacar-2\/","title":{"rendered":"Historia &#8211; Moj\u00e1car"},"content":{"rendered":"<h2 class=\"font_8\">Moj\u00e1car<\/h2>\n<p><a href=\"http:\/\/De INDALOMANIA, CC BY-SA 3.0, https:\/\/commons.wikimedia.org\/w\/index.php?curid=54143359\"><img fetchpriority=\"high\" decoding=\"async\" class=\"aligncenter size-full wp-image-3646\" src=\"https:\/\/blogsaverroes.juntadeandalucia.es\/webceperbarea\/files\/2021\/06\/El_pueblo_de_Moj\u00e1car_-_compacto_-_panoramio.jpg\" alt=\"\" width=\"1024\" height=\"576\"><\/a><\/p>\n<p class=\"font_8\" style=\"text-align: justify\">Llama la atenci\u00f3n que en 1940 llegaran a Moj\u00e1car varios representantes de los estudios Walt Disney buscando el certificado de nacimiento de Jos\u00e9 Guirao Zamora, nacido en la localidad y que emigr\u00f3 a Chicago, la raz\u00f3n: pensaban que \u00e9l y Walt Disney eran el mismo.<\/p>\n<p class=\"font_8\" style=\"text-align: justify\">Pero este pueblo blanco de la costa almeriense destaca por haber sabido aprovechar el atractivo tur\u00edstico que otorgan sus casas encaladas para convertirlo en destino vacacional preferente.<\/p>\n<p class=\"font_8\" style=\"text-align: justify\">Y es que en los a\u00f1os 60 el entonces alcalde local decidi\u00f3 regalar parcelas a los famosos que se comprometieran a pasar all\u00ed sus vacaciones de verano. As\u00ed se convierte Moj\u00e1car en punto de encuentro de intelectuales, pintores, escritores y artistas dando vida al municipio actual.<\/p>\n<p class=\"font_8\" style=\"text-align: justify\">En su casco urbano, formado por calles estrechas y empinadas encontraremos infinidad de rincones con encanto, es el caso del Mirador de la Plaza Nueva que ofrece unas vistas espectaculares hacia todo el Valle de las Pir\u00e1mides y las sierras de Cabrera, Almagreda y B\u00e9dar; as\u00ed como hacia el mar Mediterr\u00e1neo.<\/p>\n<p><a href=\"http:\/\/De ANE - Trabajo propio, CC BY-SA 4.0, https:\/\/commons.wikimedia.org\/w\/index.php?curid=7353524\"><img decoding=\"async\" class=\"aligncenter size-full wp-image-3649\" src=\"https:\/\/blogsaverroes.juntadeandalucia.es\/webceperbarea\/files\/2021\/06\/800px-Torre_de_Macenas_frente.jpg\" alt=\"\" width=\"800\" height=\"600\"><\/a><\/p>\n<p class=\"font_8\" style=\"text-align: justify\">Entre sus&nbsp;monumentos&nbsp;m\u00e1s destacados llamar\u00e1n la atenci\u00f3n del visitante el Castillo de Moj\u00e1car, en una elevaci\u00f3n del terreno junto al centro urbano, construido en el siglo XIII.&nbsp;<\/p>\n<p class=\"font_8\" style=\"text-align: justify\">Paseando por el centro encontraremos adem\u00e1s la Casa del Torre\u00f3n, el Arco de Luciana, la Plaza de las Flores y el antiguo barrio jud\u00edo de El Arrabal, \u00e9ste \u00faltimo ya fuera del recinto amurallado.<\/p>\n<p class=\"font_8\" style=\"text-align: justify\">Cuenta en su t\u00e9rmino municipal con unos 17 kil\u00f3metros de&nbsp;playas&nbsp;que a\u00fan se conservan en estado casi virgen. Recomendamos una visita a la playa de la Cueva del Lobo, la playa de la venta del Cantal, de Macenas o los espacios protegidos donde est\u00e1n las calas del Pe\u00f1\u00f3n o Perulico, la cala de la Granatilla o la cala del Lance.<\/p>\n<p class=\"font_8\" style=\"text-align: justify\">En las calas del Pe\u00f1\u00f3n o Pirulico podremos contemplar una antigua torre vig\u00eda, llamada Torre del Pirulico, t\u00edpica construcci\u00f3n defensiva nazar\u00ed, desde la que se pueden obtener magn\u00edficas vistas panor\u00e1micas de esta bella zona de Moj\u00e1car. Se encuentra situada en un pe\u00f1\u00f3n que se eleva sobre el mar, en las estribaciones de un acantilado, en la carretera que une Moj\u00e1car con Carboneras. Se comunica visualmente con la Torre del Rayo, y forma parte del sistema defensivo costero desde Andra. Fue construida durante la \u00e9poca Nazar\u00ed (siglos XII al XIV).<\/p>\n<p class=\"font_8\" style=\"text-align: justify\">De su&nbsp;gastronom\u00eda&nbsp;m\u00e1s caracter\u00edstica destacan platos como la paella mojaquera, las gachas o las tarbinas; as\u00ed como pescados y mariscos de calidad.<\/p>\n<p class=\"font_8\" style=\"text-align: justify\">Una de las&nbsp;fiestas&nbsp;con mayor atractivo se celebra en junio: es la Fiesta de Moros y Cristianos; pero su calendario festivo es mucho m\u00e1s amplio.<\/p>\n<p class=\"font_8\" style=\"text-align: justify\">Para llegar por carretera debemos tomar la N-340 o la autov\u00eda A-92.<br \/>\nEl&nbsp;aeropuerto de Almer\u00eda&nbsp;est\u00e1 a unos 45 minutos y el de Alicante a unas dos horas y media. Moj\u00e1car un pueblo blanco de la costa almeriense. &nbsp; &nbsp; &nbsp;<\/p>\n<p><a href=\"http:\/\/De Miguillen - Trabajo propio, basado en: Spain location map.svg&nbsp;de NordNordWest, CC BY-SA 4.0, https:\/\/commons.wikimedia.org\/w\/index.php?curid=8799712\"><img decoding=\"async\" class=\"aligncenter size-full wp-image-3648\" src=\"https:\/\/blogsaverroes.juntadeandalucia.es\/webceperbarea\/files\/2021\/06\/ubicacion-mojacar.jpg\" alt=\"\" width=\"264\" height=\"288\"><\/a><\/p>\n","protected":false},"excerpt":{"rendered":"<p>Moj\u00e1car Llama la atenci\u00f3n que en 1940 llegaran a Moj\u00e1car varios representantes de los estudios Walt Disney buscando el certificado de nacimiento de Jos\u00e9 Guirao Zamora, nacido en la localidad y que emigr\u00f3 a&#46;&#46;&#46;<\/p>\n","protected":false},"author":11406,"featured_media":0,"parent":0,"menu_order":0,"comment_status":"closed","ping_status":"closed","template":"page-c.php","meta":{"ngg_post_thumbnail":0,"footnotes":"","_mc_calendar":[]},"aioseo_notices":[],"_links":{"self":[{"href":"https:\/\/blogsaverroes.juntadeandalucia.es\/webceperbarea\/wp-json\/wp\/v2\/pages\/3524"}],"collection":[{"href":"https:\/\/blogsaverroes.juntadeandalucia.es\/webceperbarea\/wp-json\/wp\/v2\/pages"}],"about":[{"href":"https:\/\/blogsaverroes.juntadeandalucia.es\/webceperbarea\/wp-json\/wp\/v2\/types\/page"}],"author":[{"embeddable":true,"href":"https:\/\/blogsaverroes.juntadeandalucia.es\/webceperbarea\/wp-json\/wp\/v2\/users\/11406"}],"replies":[{"embeddable":true,"href":"https:\/\/blogsaverroes.juntadeandalucia.es\/webceperbarea\/wp-json\/wp\/v2\/comments?post=3524"}],"version-history":[{"count":4,"href":"https:\/\/blogsaverroes.juntadeandalucia.es\/webceperbarea\/wp-json\/wp\/v2\/pages\/3524\/revisions"}],"predecessor-version":[{"id":3650,"href":"https:\/\/blogsaverroes.juntadeandalucia.es\/webceperbarea\/wp-json\/wp\/v2\/pages\/3524\/revisions\/3650"}],"wp:attachment":[{"href":"https:\/\/blogsaverroes.juntadeandalucia.es\/webceperbarea\/wp-json\/wp\/v2\/media?parent=3524"}],"curies":[{"name":"wp","href":"https:\/\/api.w.org\/{rel}","templated":true}]}}