{"id":3525,"date":"2021-05-31T18:01:32","date_gmt":"2021-05-31T18:01:32","guid":{"rendered":"https:\/\/blogsaverroes.juntadeandalucia.es\/webceperbarea\/?page_id=3525"},"modified":"2021-06-03T18:46:42","modified_gmt":"2021-06-03T18:46:42","slug":"historia-garrucha","status":"publish","type":"page","link":"https:\/\/blogsaverroes.juntadeandalucia.es\/webceperbarea\/historia-garrucha\/","title":{"rendered":"Historia &#8211; Garrucha"},"content":{"rendered":"<h2 class=\"font_8\">Garrucha<\/h2>\n<p><a href=\"http:\/\/De Unzurrunzaga - Trabajo propio, CC BY-SA 3.0, https:\/\/commons.wikimedia.org\/w\/index.php?curid=20129427\"><img fetchpriority=\"high\" decoding=\"async\" class=\"aligncenter size-full wp-image-3651\" src=\"https:\/\/blogsaverroes.juntadeandalucia.es\/webceperbarea\/files\/2021\/06\/Playa_de_Garrucha.jpg\" alt=\"\" width=\"1920\" height=\"321\" srcset=\"https:\/\/blogsaverroes.juntadeandalucia.es\/webceperbarea\/files\/2021\/06\/Playa_de_Garrucha.jpg 1920w, https:\/\/blogsaverroes.juntadeandalucia.es\/webceperbarea\/files\/2021\/06\/Playa_de_Garrucha-300x50.jpg 300w, https:\/\/blogsaverroes.juntadeandalucia.es\/webceperbarea\/files\/2021\/06\/Playa_de_Garrucha-1024x171.jpg 1024w, https:\/\/blogsaverroes.juntadeandalucia.es\/webceperbarea\/files\/2021\/06\/Playa_de_Garrucha-768x128.jpg 768w, https:\/\/blogsaverroes.juntadeandalucia.es\/webceperbarea\/files\/2021\/06\/Playa_de_Garrucha-1536x257.jpg 1536w\" sizes=\"(max-width: 1920px) 100vw, 1920px\" \/><\/a><\/p>\n<p class=\"font_8\" style=\"text-align: justify\">El atractivo tur\u00edstico de este municipio costero de la provincia de Almer\u00eda le viene de antiguo. No en vano, en el siglo XVIII, cuando comienza sus \u00e9pocas de mayor esplendor como puerto de las minas de Levante, se le lleg\u00f3 a conocer como \u201cla peque\u00f1a San Sebasti\u00e1n\u201d. Y es que entonces Garrucha ya era destino tur\u00edstico de familias de buena posici\u00f3n econ\u00f3mica y social. Hubo un tiempo en que fue residencia de vicec\u00f3nsules de diez pa\u00edses.&nbsp;<\/p>\n<p class=\"font_8\" style=\"text-align: justify\">En el recorrido por las calles de su casco urbano, llamar\u00e1 la atenci\u00f3n del viajero su Paseo Mar\u00edtimo, conocido como El Malec\u00f3n, un bello balc\u00f3n mirador de la magn\u00edfica playa de Garrucha donde se encuentra el Castillo de Jes\u00fas de Nazareno, tambi\u00e9n conocido como Castillo de San Ram\u00f3n. \u00c9ste es una fortificaci\u00f3n militar levantada en el siglo XVIII para la defensa de los continuos ataques de los piratas, en la que destacan sus dos torreones y su plaza de armas. Gracias a \u00e9l, Garrucha forma parte de la&nbsp;Ruta&nbsp;de los Castillos por tierras andaluzas.&nbsp;<\/p>\n<p class=\"font_8\" style=\"text-align: justify\">Otros edificios interesantes son el del Ayuntamiento, que est\u00e1 levantado sobre un antiguo dep\u00f3sito de sal construido en tiempos de la dominaci\u00f3n \u00e1rabe; la Iglesia Parroquial de San Joaqu\u00edn, su monumento religioso m\u00e1s importante y que est\u00e1 fechado en el siglo XIX; la lonja de pescado; la Casa de Marina de la Torre, del siglo XX y estilo neomud\u00e9jar; y la Torre de la Fundici\u00f3n de San Jacinto, que corona una colina desde la que se obtiene una amplia panor\u00e1mica de Garrucha y su entorno.&nbsp;<\/p>\n<p><a href=\"http:\/\/De Caleteron - Trabajo propio, CC BY-SA 3.0, https:\/\/commons.wikimedia.org\/w\/index.php?curid=28311141\"><img decoding=\"async\" class=\"aligncenter size-full wp-image-3652\" src=\"https:\/\/blogsaverroes.juntadeandalucia.es\/webceperbarea\/files\/2021\/06\/800px-Garr2013sep.jpg\" alt=\"\" width=\"800\" height=\"600\" srcset=\"https:\/\/blogsaverroes.juntadeandalucia.es\/webceperbarea\/files\/2021\/06\/800px-Garr2013sep.jpg 800w, https:\/\/blogsaverroes.juntadeandalucia.es\/webceperbarea\/files\/2021\/06\/800px-Garr2013sep-300x225.jpg 300w, https:\/\/blogsaverroes.juntadeandalucia.es\/webceperbarea\/files\/2021\/06\/800px-Garr2013sep-768x576.jpg 768w\" sizes=\"(max-width: 800px) 100vw, 800px\" \/><\/a><\/p>\n<p class=\"font_8\" style=\"text-align: justify\">Tambi\u00e9n merecen una visita pausada sus tres puertos: el deportivo, cada d\u00eda m\u00e1s concurrido por los aficionados a los deportes n\u00e1uticos; el comercial, dedicado en otros tiempos al transporte de minerales y hoy al del yeso de Sorbas; y el pesquero, el segundo m\u00e1s importante de la provincia de Almer\u00eda y a donde llega el sabroso pescado que se subasta en la lonja de Garrucha al atardecer de cada jornada laboral.&nbsp;<\/p>\n<p class=\"font_8\" style=\"text-align: justify\">No sorprender\u00e1 al viajero que el pescado sea una de las materias primas m\u00e1s importantes de la&nbsp;gastronom\u00eda&nbsp;t\u00edpica de Garrucha. Entre la numerosa variedad de especies con las que se trabaja en sus cocinas destaca su famosa gamba roja, adem\u00e1s de la caballa, las chirlas, el gallopedro, el pargo o el mero, entre otros. Con ellos se elaboran exquisitos guisos marineros y arroces. Tambi\u00e9n son deliciosos platos como los gurullos con caracoles o la cazuela de fideos.&nbsp;<\/p>\n<p class=\"font_8\" style=\"text-align: justify\">En su calendario festivo, ocupa un lugar privilegiado la Festividad de San Juan, que se celebra en su playa al luz de grandes hogueras; la Feria de San Joaqu\u00edn, en agosto; las cruces y romer\u00eda de mayo; el Carnaval y la Semana Santa.&nbsp;<\/p>\n<p class=\"font_8\" style=\"text-align: justify\">El municipio de Garrucha se encuentra a unos 90 kil\u00f3metros de la ciudad de&nbsp;Almer\u00eda, desde la que se puede llegar tomando la salida 520 de la A-7 en direcci\u00f3n a Murcia. Entonces enlazaremos con la A-370 y una vez que atravesamos&nbsp;Los Gallardos, entramos en nuestro destino.&nbsp;<\/p>\n<p>&nbsp;<\/p>\n<p><a href=\"http:\/\/De Miguillen - Trabajo propio, basado en: Spain location map.svg&nbsp;de NordNordWest, CC BY-SA 4.0, https:\/\/commons.wikimedia.org\/w\/index.php?curid=8799712\"><img decoding=\"async\" class=\"aligncenter size-full wp-image-3653\" src=\"https:\/\/blogsaverroes.juntadeandalucia.es\/webceperbarea\/files\/2021\/06\/ubicacion-garrucha.jpg\" alt=\"\" width=\"275\" height=\"288\"><\/a><\/p>\n","protected":false},"excerpt":{"rendered":"<p>Garrucha El atractivo tur\u00edstico de este municipio costero de la provincia de Almer\u00eda le viene de antiguo. No en vano, en el siglo XVIII, cuando comienza sus \u00e9pocas de mayor esplendor como puerto de&#46;&#46;&#46;<\/p>\n","protected":false},"author":11406,"featured_media":0,"parent":0,"menu_order":0,"comment_status":"closed","ping_status":"closed","template":"page-c.php","meta":{"ngg_post_thumbnail":0,"footnotes":"","_mc_calendar":[]},"aioseo_notices":[],"_links":{"self":[{"href":"https:\/\/blogsaverroes.juntadeandalucia.es\/webceperbarea\/wp-json\/wp\/v2\/pages\/3525"}],"collection":[{"href":"https:\/\/blogsaverroes.juntadeandalucia.es\/webceperbarea\/wp-json\/wp\/v2\/pages"}],"about":[{"href":"https:\/\/blogsaverroes.juntadeandalucia.es\/webceperbarea\/wp-json\/wp\/v2\/types\/page"}],"author":[{"embeddable":true,"href":"https:\/\/blogsaverroes.juntadeandalucia.es\/webceperbarea\/wp-json\/wp\/v2\/users\/11406"}],"replies":[{"embeddable":true,"href":"https:\/\/blogsaverroes.juntadeandalucia.es\/webceperbarea\/wp-json\/wp\/v2\/comments?post=3525"}],"version-history":[{"count":5,"href":"https:\/\/blogsaverroes.juntadeandalucia.es\/webceperbarea\/wp-json\/wp\/v2\/pages\/3525\/revisions"}],"predecessor-version":[{"id":3654,"href":"https:\/\/blogsaverroes.juntadeandalucia.es\/webceperbarea\/wp-json\/wp\/v2\/pages\/3525\/revisions\/3654"}],"wp:attachment":[{"href":"https:\/\/blogsaverroes.juntadeandalucia.es\/webceperbarea\/wp-json\/wp\/v2\/media?parent=3525"}],"curies":[{"name":"wp","href":"https:\/\/api.w.org\/{rel}","templated":true}]}}