{"id":3526,"date":"2021-05-31T18:01:32","date_gmt":"2021-05-31T18:01:32","guid":{"rendered":"https:\/\/blogsaverroes.juntadeandalucia.es\/webceperbarea\/?page_id=3526"},"modified":"2021-06-03T18:45:03","modified_gmt":"2021-06-03T18:45:03","slug":"historia-vera","status":"publish","type":"page","link":"https:\/\/blogsaverroes.juntadeandalucia.es\/webceperbarea\/historia-vera\/","title":{"rendered":"Historia &#8211; Vera"},"content":{"rendered":"<h1 class=\"font_8\">Vera&nbsp;<\/h1>\n<h1 class=\"font_8\"><a href=\"http:\/\/De Ismael Olea - Trabajo propio, CC BY 4.0, https:\/\/commons.wikimedia.org\/w\/index.php?curid=83430224\"><img fetchpriority=\"high\" decoding=\"async\" class=\"size-full wp-image-3628 aligncenter\" src=\"https:\/\/blogsaverroes.juntadeandalucia.es\/webceperbarea\/files\/2021\/06\/800px-Vista_de_Vera_013.jpg\" alt=\"\" width=\"800\" height=\"600\" srcset=\"https:\/\/blogsaverroes.juntadeandalucia.es\/webceperbarea\/files\/2021\/06\/800px-Vista_de_Vera_013.jpg 800w, https:\/\/blogsaverroes.juntadeandalucia.es\/webceperbarea\/files\/2021\/06\/800px-Vista_de_Vera_013-300x225.jpg 300w, https:\/\/blogsaverroes.juntadeandalucia.es\/webceperbarea\/files\/2021\/06\/800px-Vista_de_Vera_013-768x576.jpg 768w\" sizes=\"(max-width: 800px) 100vw, 800px\" \/><\/a><\/h1>\n<p>&nbsp;<\/p>\n<p class=\"font_8\" style=\"text-align: justify\">Es otro de los importantes municipios tur\u00edsticos de sol y playa de la provincia de Almer\u00eda, sobre todo para los que practican el naturismo. No en vano, cuenta con alojamientos hoteleros y playas que ofrecen servicios exclusivos para los nudistas. Pero tambi\u00e9n cuenta con una interesante oferta cultural gracias a su patrimonio hist\u00f3rico y art\u00edstico.&nbsp;<\/p>\n<p class=\"font_8\" style=\"text-align: justify\">En su casco antiguo de calles estrechas y empinadas, con casas blancas adornadas con flores de alegres colores, se encuentran los monumentos y edificios m\u00e1s destacados de Vera. Entre ellos est\u00e1n la Iglesia de Nuestra Se\u00f1ora de la Encarnaci\u00f3n, que se construy\u00f3 en el siglo XVI como una fortaleza dentro del recinto amurallado de la villa; y el Ayuntamiento, edificio del XIX que alberga tambi\u00e9n el Archivo Hist\u00f3rico, considerado uno de los mejores de Andaluc\u00eda, y el Museo Etnogr\u00e1fico y Arqueol\u00f3gico, en el que se puede ver una interesante maqueta de lo que pudo ser el asentamiento musulm\u00e1n en el Cerro del Esp\u00edritu Santo.&nbsp;<\/p>\n<p><a href=\"http:\/\/De Catibel, CC BY-SA 3.0, https:\/\/commons.wikimedia.org\/w\/index.php?curid=2669271\"><img decoding=\"async\" class=\"aligncenter size-full wp-image-3629\" src=\"https:\/\/blogsaverroes.juntadeandalucia.es\/webceperbarea\/files\/2021\/06\/Cerro_Espiritu_Santo_1999.jpg\" alt=\"\" width=\"678\" height=\"452\" srcset=\"https:\/\/blogsaverroes.juntadeandalucia.es\/webceperbarea\/files\/2021\/06\/Cerro_Espiritu_Santo_1999.jpg 678w, https:\/\/blogsaverroes.juntadeandalucia.es\/webceperbarea\/files\/2021\/06\/Cerro_Espiritu_Santo_1999-300x200.jpg 300w\" sizes=\"(max-width: 678px) 100vw, 678px\" \/><\/a><\/p>\n<p class=\"font_8\" style=\"text-align: justify\">Otros edificios importantes de car\u00e1cter religioso que se pueden ver en Vera son: el Convento de los M\u00ednimos, con su interesante iglesia fortaleza; la Iglesia de San Agust\u00edn, construida en el siglo XVI por el emperador Carlos V; la Ermita de la Virgen de las Angustias, patrona del municipio; la Ermita de San Ram\u00f3n, del siglo XVIII; y la Ermita de la Virgen de las Huertas, situada a las afueras del casco urbano, donde acuden los vecinos para la romer\u00eda que cada a\u00f1os aqu\u00ed se celebra y en cuyo entorno se encuentra uno de los yacimientos arqueol\u00f3gicos de \u00e9poca romana m\u00e1s destacados de Vera, conocido como el Roceip\u00f3n.&nbsp;<\/p>\n<p class=\"font_8\" style=\"text-align: justify\">Los amantes de la arqueolog\u00eda tambi\u00e9n deber\u00e1n visitar el Cerro del Esp\u00edritu Santo, donde se han encontrado interesantes restos romanos y musulmanes, y enclave desde el que se obtiene una amplia y bella panor\u00e1mica de Vera y su entorno.&nbsp;<\/p>\n<p class=\"font_8\" style=\"text-align: justify\">Otros lugares destacados dentro de su casco urbano son la Plaza de Toros, levantada en el siglo XIX, y la Fuente de los Cuatro Ca\u00f1os, fechada en el XVII.&nbsp;<\/p>\n<p><a href=\"http:\/\/De Manuel TURLIN - Trabajo propio, CC BY-SA 3.0, https:\/\/commons.wikimedia.org\/w\/index.php?curid=4249080\"><img decoding=\"async\" class=\"aligncenter size-full wp-image-3630\" src=\"https:\/\/blogsaverroes.juntadeandalucia.es\/webceperbarea\/files\/2021\/06\/Eglise_de_Vera.jpg\" alt=\"\" width=\"451\" height=\"549\" srcset=\"https:\/\/blogsaverroes.juntadeandalucia.es\/webceperbarea\/files\/2021\/06\/Eglise_de_Vera.jpg 451w, https:\/\/blogsaverroes.juntadeandalucia.es\/webceperbarea\/files\/2021\/06\/Eglise_de_Vera-246x300.jpg 246w\" sizes=\"(max-width: 451px) 100vw, 451px\" \/><\/a><\/p>\n<p class=\"font_8\" style=\"text-align: justify\">Para el turismo de sol y playa, Vera ofrece a sus visitantes un bonito Paseo Mar\u00edtimo y tres playas de fina arena y aguas cristalinas: la del Playazo, la m\u00e1s visitada por los nudistas; la de las Marinas y la de Puerto Rey. Adem\u00e1s, el municipio cuenta un&nbsp;Parque Acu\u00e1tico.&nbsp;<\/p>\n<p class=\"font_8\" style=\"text-align: justify\">Los devotos de la&nbsp;artesan\u00eda&nbsp;popular podr\u00e1n adquirir en Vera trabajos de alfarer\u00eda, esparto, vidrio, m\u00e1rmol, forja, bordados y encajes de bolillos.&nbsp;<\/p>\n<p class=\"font_8\" style=\"text-align: justify\">El viajero que quiera degustar los manjares tradicionales de su&nbsp;gastronom\u00eda, deber\u00e1 probar platos como el ajo colorao, el guiso de pelotas a la veratense, la olla de trigo, los gurullos con conejo y las tortas de av\u00edo. De su reposter\u00eda destacan las tortas de pellizcos, las torticas reales, las pastafloras y los llamados deditos de Jes\u00fas. Reserve su restaurante online en nuestra&nbsp;gu\u00eda de restaurantes.&nbsp;<\/p>\n<p class=\"font_8\" style=\"text-align: justify\">Por \u00faltimo, los que quieran vivir las fiestas populares de Vera deber\u00e1n ir a este pueblo almeriense en&nbsp;Semana Santa, para los Carnavales, para el D\u00eda de la Vieja, para la romer\u00eda de la Virgen de las Hueras, el primer domingo de septiembre, y para las Feria y Fiestas Patronales, a finales de septiembre.&nbsp;<\/p>\n<p class=\"font_8\" style=\"text-align: justify\">El municipio de Vera se encuentra a unos 90 kil\u00f3metros de la ciudad de&nbsp;Almer\u00eda, desde la que se puede llegar tomando la salida 529 de la A-7 en direcci\u00f3n a Murcia.<\/p>\n<p><a href=\"http:\/\/De Miguillen - Trabajo propio, basado en: Spain location map.svg&nbsp;de NordNordWest, CC BY-SA 4.0, https:\/\/commons.wikimedia.org\/w\/index.php?curid=8799712\"><img loading=\"lazy\" decoding=\"async\" class=\"aligncenter wp-image-3639 size-full\" src=\"https:\/\/blogsaverroes.juntadeandalucia.es\/webceperbarea\/files\/2021\/06\/ubicacion-vera.jpg\" alt=\"\" width=\"264\" height=\"289\"><\/a><\/p>\n<p class=\"font_8\">&nbsp;<\/p>\n","protected":false},"excerpt":{"rendered":"<p>Vera&nbsp; &nbsp; Es otro de los importantes municipios tur\u00edsticos de sol y playa de la provincia de Almer\u00eda, sobre todo para los que practican el naturismo. No en vano, cuenta con alojamientos hoteleros y&#46;&#46;&#46;<\/p>\n","protected":false},"author":11406,"featured_media":0,"parent":0,"menu_order":0,"comment_status":"closed","ping_status":"closed","template":"page-c.php","meta":{"ngg_post_thumbnail":0,"footnotes":"","_mc_calendar":[]},"aioseo_notices":[],"_links":{"self":[{"href":"https:\/\/blogsaverroes.juntadeandalucia.es\/webceperbarea\/wp-json\/wp\/v2\/pages\/3526"}],"collection":[{"href":"https:\/\/blogsaverroes.juntadeandalucia.es\/webceperbarea\/wp-json\/wp\/v2\/pages"}],"about":[{"href":"https:\/\/blogsaverroes.juntadeandalucia.es\/webceperbarea\/wp-json\/wp\/v2\/types\/page"}],"author":[{"embeddable":true,"href":"https:\/\/blogsaverroes.juntadeandalucia.es\/webceperbarea\/wp-json\/wp\/v2\/users\/11406"}],"replies":[{"embeddable":true,"href":"https:\/\/blogsaverroes.juntadeandalucia.es\/webceperbarea\/wp-json\/wp\/v2\/comments?post=3526"}],"version-history":[{"count":9,"href":"https:\/\/blogsaverroes.juntadeandalucia.es\/webceperbarea\/wp-json\/wp\/v2\/pages\/3526\/revisions"}],"predecessor-version":[{"id":3663,"href":"https:\/\/blogsaverroes.juntadeandalucia.es\/webceperbarea\/wp-json\/wp\/v2\/pages\/3526\/revisions\/3663"}],"wp:attachment":[{"href":"https:\/\/blogsaverroes.juntadeandalucia.es\/webceperbarea\/wp-json\/wp\/v2\/media?parent=3526"}],"curies":[{"name":"wp","href":"https:\/\/api.w.org\/{rel}","templated":true}]}}