{"id":3527,"date":"2021-05-31T18:01:32","date_gmt":"2021-05-31T18:01:32","guid":{"rendered":"https:\/\/blogsaverroes.juntadeandalucia.es\/webceperbarea\/?page_id=3527"},"modified":"2021-06-04T10:34:11","modified_gmt":"2021-06-04T10:34:11","slug":"historia-sorbas","status":"publish","type":"page","link":"https:\/\/blogsaverroes.juntadeandalucia.es\/webceperbarea\/historia-sorbas\/","title":{"rendered":"Historia &#8211; Sorbas"},"content":{"rendered":"<h2 class=\"font_8\">Sorbas<\/h2>\n<p><a href=\"https:\/\/blogsaverroes.juntadeandalucia.es\/webceperbarea\/files\/2021\/06\/Alm10SorbasAnsicht.jpg\"><img fetchpriority=\"high\" decoding=\"async\" class=\"aligncenter size-full wp-image-3655\" src=\"https:\/\/blogsaverroes.juntadeandalucia.es\/webceperbarea\/files\/2021\/06\/Alm10SorbasAnsicht.jpg\" alt=\"\" width=\"800\" height=\"600\" srcset=\"https:\/\/blogsaverroes.juntadeandalucia.es\/webceperbarea\/files\/2021\/06\/Alm10SorbasAnsicht.jpg 800w, https:\/\/blogsaverroes.juntadeandalucia.es\/webceperbarea\/files\/2021\/06\/Alm10SorbasAnsicht-300x225.jpg 300w, https:\/\/blogsaverroes.juntadeandalucia.es\/webceperbarea\/files\/2021\/06\/Alm10SorbasAnsicht-768x576.jpg 768w\" sizes=\"(max-width: 800px) 100vw, 800px\" \/><\/a><\/p>\n<p>&nbsp;<\/p>\n<p class=\"font_8\" style=\"text-align: justify\">En un enclave semides\u00e9rtico y ocupando m\u00e1s de 2.000 hect\u00e1reas, se encuentra el&nbsp;Paraje Natural Karst en Yesos de Sorbas, uno de los principales atractivos tur\u00edsticos de este municipio almeriense. No en vano, es el mejor paradigma de karstificaci\u00f3n en yeso de Espa\u00f1a y uno de los m\u00e1s importantes del mundo. Esta joya geol\u00f3gica, producto de la acci\u00f3n del agua de lluvia a lo largo de miles de a\u00f1os, encierra numerosas cuevas como la del Agua, que es la m\u00e1s grande; la de Covadura, la m\u00e1s profunda; o las del Tesoro y la de Yesos, consideradas las m\u00e1s bellas. Para recorrerlas y contemplar sus estalactitas, estalagmitas y cristales de yesos de diferentes colores y formas, lo mejor es unirse a las visitas guiadas que se organizan desde el Centro de Visitantes Los Yesares, situado en la calle Terrapl\u00e9n de Sorbas.&nbsp;<\/p>\n<p class=\"font_8\" style=\"text-align: justify\">El caso urbano de este municipio tambi\u00e9n resulta interesante y sorprendente, ya que muchas de sus casas se encuentran como suspendidas al borde de un barranco llamado Afa. Por eso muchos le han dado el sobrenombre de \u201cCuenca la chica\u201d. Entre su entramado de calles estrechas y empinadas de origen \u00e1rabe, existen varios miradores, el del Porche, el del Castillo, el del Calvario o el de La Torreta, desde los que se pueden contemplar las casas colgantes y su bello entorno natural.&nbsp;<\/p>\n<p>&nbsp;<\/p>\n<p><a href=\"https:\/\/blogsaverroes.juntadeandalucia.es\/webceperbarea\/files\/2021\/06\/1280px-Afa.Sorbas.jpg\"><img decoding=\"async\" class=\"aligncenter size-full wp-image-3657\" src=\"https:\/\/blogsaverroes.juntadeandalucia.es\/webceperbarea\/files\/2021\/06\/1280px-Afa.Sorbas.jpg\" alt=\"\" width=\"1279\" height=\"640\" srcset=\"https:\/\/blogsaverroes.juntadeandalucia.es\/webceperbarea\/files\/2021\/06\/1280px-Afa.Sorbas.jpg 1279w, https:\/\/blogsaverroes.juntadeandalucia.es\/webceperbarea\/files\/2021\/06\/1280px-Afa.Sorbas-300x150.jpg 300w, https:\/\/blogsaverroes.juntadeandalucia.es\/webceperbarea\/files\/2021\/06\/1280px-Afa.Sorbas-1024x512.jpg 1024w, https:\/\/blogsaverroes.juntadeandalucia.es\/webceperbarea\/files\/2021\/06\/1280px-Afa.Sorbas-768x384.jpg 768w\" sizes=\"(max-width: 1279px) 100vw, 1279px\" \/><\/a><\/p>\n<p class=\"font_8\" style=\"text-align: justify\">En la plaza principal del Sorbas se hallan sus monumentos m\u00e1s destacados: la Iglesia de Santa Mar\u00eda, construida en el siglo XVI sobre una antigua mezquita y con elementos tanto de estilo mud\u00e9jar como barroco y neocl\u00e1sico; el Ayuntamiento, la Casa del Duque de Alba, la del Duque de Valois, la del Marqu\u00e9s del Carpio y el Teatro Villaespesa.&nbsp;<\/p>\n<p class=\"font_8\" style=\"text-align: justify\">En los alrededores del n\u00facleo de poblaci\u00f3n, los enclaves m\u00e1s interesantes son los llamados La Mela y Cariatiz, donde se encuentran cuevas con pinturas rupestres; y la ruta se\u00f1alizada de Los Molinos del R\u00edo Agua, ideal para los aficionados al senderismo.&nbsp;<\/p>\n<p class=\"font_8\" style=\"text-align: justify\">Los devotos de la&nbsp;artesan\u00eda&nbsp;tradicional disfrutar\u00e1n en Sorbas recorriendo el barrio de la Alfarer\u00eda, tambi\u00e9n llamado de Las Cantarer\u00edas. En sus calles se pueden contemplar los talleres donde se siguen elaborando como anta\u00f1o numerosas piezas y objetos de cer\u00e1mica, entre ellos, el t\u00edpico botijo en forma de gallo. Tambi\u00e9n existen artesanos que trabajan el esparto y la hojalata.&nbsp;<\/p>\n<p class=\"font_8\" style=\"text-align: justify\">El viajero que quiera saborear los manjares de siempre de la&nbsp;gastronom\u00eda&nbsp;de Sorbas deber\u00e1 probar, adem\u00e1s de sus buenos embutidos, el cocido de trigo, los gurullos con conejos, el caldo piment\u00f3n, las migas con tropezones, el ajo colorao, las gachas y dulces como los bu\u00f1uelos, el pi\u00f1onate o el turr\u00f3n, entre otros.&nbsp;<\/p>\n<p class=\"font_8\" style=\"text-align: justify\">Y para vivir las fiestas tradicionales de este pueblo, hay que acudir a \u00e9l en Semana Santa, para Las Cruces de Mayo, para la Romer\u00eda de San Isidro, tambi\u00e9n en mayo; y para las Fiestas de San Roque, a mediados de agosto, que son las m\u00e1s importantes y propias de Sorbas. Adem\u00e1s de otras actividades de car\u00e1cter l\u00fadico, en esas fechas sus calles se adornan con roscas de aceite y durante la procesi\u00f3n del santo, se arrojan roscos desde los balcones.&nbsp;<\/p>\n<p class=\"font_8\" style=\"text-align: justify\">El municipio de Sorbas se encuentra a algo menos de 65 kil\u00f3metros de la ciudad de&nbsp;Almer\u00eda, desde la que se puede llegar por la carretera N-340, en direcci\u00f3n Murcia.<\/p>\n<p>&nbsp;<\/p>\n<p><a href=\"https:\/\/blogsaverroes.juntadeandalucia.es\/webceperbarea\/files\/2021\/06\/ubicacion-sorba.jpg\"><img decoding=\"async\" class=\"aligncenter size-full wp-image-3656\" src=\"https:\/\/blogsaverroes.juntadeandalucia.es\/webceperbarea\/files\/2021\/06\/ubicacion-sorba.jpg\" alt=\"\" width=\"264\" height=\"288\"><\/a><\/p>\n","protected":false},"excerpt":{"rendered":"<p>Sorbas &nbsp; En un enclave semides\u00e9rtico y ocupando m\u00e1s de 2.000 hect\u00e1reas, se encuentra el&nbsp;Paraje Natural Karst en Yesos de Sorbas, uno de los principales atractivos tur\u00edsticos de este municipio almeriense. No en vano,&#46;&#46;&#46;<\/p>\n","protected":false},"author":11406,"featured_media":0,"parent":0,"menu_order":0,"comment_status":"closed","ping_status":"closed","template":"page-c.php","meta":{"ngg_post_thumbnail":0,"footnotes":"","_mc_calendar":[]},"aioseo_notices":[],"_links":{"self":[{"href":"https:\/\/blogsaverroes.juntadeandalucia.es\/webceperbarea\/wp-json\/wp\/v2\/pages\/3527"}],"collection":[{"href":"https:\/\/blogsaverroes.juntadeandalucia.es\/webceperbarea\/wp-json\/wp\/v2\/pages"}],"about":[{"href":"https:\/\/blogsaverroes.juntadeandalucia.es\/webceperbarea\/wp-json\/wp\/v2\/types\/page"}],"author":[{"embeddable":true,"href":"https:\/\/blogsaverroes.juntadeandalucia.es\/webceperbarea\/wp-json\/wp\/v2\/users\/11406"}],"replies":[{"embeddable":true,"href":"https:\/\/blogsaverroes.juntadeandalucia.es\/webceperbarea\/wp-json\/wp\/v2\/comments?post=3527"}],"version-history":[{"count":4,"href":"https:\/\/blogsaverroes.juntadeandalucia.es\/webceperbarea\/wp-json\/wp\/v2\/pages\/3527\/revisions"}],"predecessor-version":[{"id":3674,"href":"https:\/\/blogsaverroes.juntadeandalucia.es\/webceperbarea\/wp-json\/wp\/v2\/pages\/3527\/revisions\/3674"}],"wp:attachment":[{"href":"https:\/\/blogsaverroes.juntadeandalucia.es\/webceperbarea\/wp-json\/wp\/v2\/media?parent=3527"}],"curies":[{"name":"wp","href":"https:\/\/api.w.org\/{rel}","templated":true}]}}