{"id":102,"date":"2019-10-03T18:59:19","date_gmt":"2019-10-03T16:59:19","guid":{"rendered":"https:\/\/blogsaverroes.juntadeandalucia.es\/webiesreyalabez\/?page_id=102"},"modified":"2021-03-26T10:07:40","modified_gmt":"2021-03-26T09:07:40","slug":"departamentos-didacticos","status":"publish","type":"page","link":"https:\/\/blogsaverroes.juntadeandalucia.es\/webiesreyalabez\/departamentos-didacticos\/","title":{"rendered":"Departamentos did\u00e1cticos"},"content":{"rendered":"<table class=\" aligncenter\" style=\"width: 113.927%;height: 2627px\">\n<tbody>\n<tr style=\"height: 24px\">\n<td style=\"width: 580px;height: 24px;background-color: #4574ba;text-align: center\"><strong><span style=\"color: #ffffff\">LENGUA CASTELLANA Y LITERATURA<\/span><\/strong><\/td>\n<\/tr>\n<tr style=\"height: 24px\">\n<td style=\"width: 580px;height: 24px\">\n<ul>\n<li style=\"text-align: left\"><a href=\"https:\/\/blogsaverroes.juntadeandalucia.es\/webiesreyalabez\/files\/2020\/10\/lengua.pdf\"><strong>Programaci\u00f3n did\u00e1ctica.<\/strong><\/a><\/li>\n<li style=\"text-align: left\"><a href=\"https:\/\/blogsaverroes.juntadeandalucia.es\/webiesreyalabez\/files\/2020\/10\/LENGUA-CRITERIOSDECALIFICACI\u00d3N-1.pdf\"><strong>Criterios de calificaci\u00f3n.&nbsp;<\/strong><\/a><\/li>\n<li style=\"text-align: left\"><a href=\"https:\/\/blogsaverroes.juntadeandalucia.es\/webiesreyalabez\/files\/2020\/10\/RECUPERACI\u00d3NDEAPRENDIZAJESNOADQUIRIDOS.DEP_.LCLCURSO2020.pdf\"><strong>Tratamiento de las materias pendientes.<\/strong><\/a><\/li>\n<li style=\"text-align: left\"><strong>Plan de actividades de refuerzo (LIBRE DISPOSICI\u00d3N)<br \/>\n<\/strong><\/li>\n<\/ul>\n<\/td>\n<\/tr>\n<tr style=\"height: 24px\">\n<td style=\"width: 580px;height: 24px;background-color: #4574ba;text-align: center\"><strong><span style=\"color: #ffffff\">MATEM\u00c1TICAS<\/span><\/strong><\/td>\n<\/tr>\n<tr style=\"height: 24px\">\n<td style=\"width: 580px;height: 24px;text-align: left\">\n<ul>\n<li style=\"text-align: left\"><a href=\"https:\/\/blogsaverroes.juntadeandalucia.es\/webiesreyalabez\/files\/2020\/10\/matematicas.pdf\"><strong>Programaci\u00f3n did\u00e1ctica.<\/strong><\/a><\/li>\n<li><strong><a href=\"https:\/\/blogsaverroes.juntadeandalucia.es\/webiesreyalabez\/files\/2020\/10\/CRITERIOS-MAT.pdf\">Criterios de calificaci\u00f3n.<\/a>&nbsp;<\/strong><\/li>\n<li style=\"text-align: left\"><a style=\"font-weight: bold\" href=\"https:\/\/blogsaverroes.juntadeandalucia.es\/webiesreyalabez\/files\/2020\/10\/Tratamiento_pendientes_matematicas.pdf\">Tratamiento de las materias pendientes<\/a><b>. <\/b><strong><a href=\"https:\/\/blogsaverroes.juntadeandalucia.es\/webiesreyalabez\/files\/2020\/10\/Pendientes_PMAR_I.pdf\">Pendientes \u00c1mbito cient\u00edfico matem\u00e1tico PMAR.<\/a><\/strong><\/li>\n<li><a href=\"https:\/\/blogsaverroes.juntadeandalucia.es\/webiesreyalabez\/files\/2020\/10\/REFUERZOSMatema\u00cc_ticas-1.pdf\"><strong>Programaci\u00f3n refuerzos de materias troncales (1\u00ba y 4\u00ba)<\/strong><\/a><\/li>\n<li><strong>Canal de YouTube del Departamento:<a href=\"https:\/\/www.youtube.com\/channel\/UC1xJ23hxm-vZWuFJFoJQWEQ\"> \u00abMates Alabez\u00bb<\/a><\/strong><\/li>\n<li><strong>Web: <a href=\"https:\/\/blogsaverroes.juntadeandalucia.es\/bibliotecareyalabez\/\">\u00abCiencia y Tecnolog\u00eda en femenino\u00bb<\/a><\/strong><\/li>\n<\/ul>\n<\/td>\n<\/tr>\n<tr style=\"height: 24px\">\n<td style=\"width: 580px;height: 24px;background-color: #4574ba;text-align: center\"><span style=\"color: #ffffff\"><strong>INGL\u00c9S<\/strong><\/span><\/td>\n<\/tr>\n<tr style=\"height: 24px\">\n<td style=\"width: 580px;height: 24px;text-align: left\">\n<ul>\n<li style=\"text-align: left\"><strong>Programaciones did\u00e1cticas: <a href=\"https:\/\/blogsaverroes.juntadeandalucia.es\/webiesreyalabez\/files\/2020\/10\/ingles-1.pdf\">1\u00ba ESO<\/a>, <a href=\"https:\/\/blogsaverroes.juntadeandalucia.es\/webiesreyalabez\/files\/2020\/10\/2\u00ba-ingles.pdf\">2\u00ba ESO<\/a>, <a href=\"https:\/\/blogsaverroes.juntadeandalucia.es\/webiesreyalabez\/files\/2020\/10\/3\u00ba-ingles.pdf\">3\u00ba ESO<\/a>, <a href=\"https:\/\/blogsaverroes.juntadeandalucia.es\/webiesreyalabez\/files\/2020\/10\/4\u00ba-ingles.pdf\">4\u00ba ESO<\/a><\/strong><\/li>\n<li><a href=\"https:\/\/blogsaverroes.juntadeandalucia.es\/webiesreyalabez\/files\/2020\/10\/CRITERIOS-ingles.pdf\"><strong>Criterios de calificaci\u00f3n.<\/strong><\/a><\/li>\n<li style=\"text-align: left\"><a href=\"https:\/\/blogsaverroes.juntadeandalucia.es\/webiesreyalabez\/files\/2020\/10\/criteriosevaluacion-calificacionexponertablonanuncios_ingles.pdf\"><strong>Tratamiento de las materias pendientes.<\/strong><\/a><\/li>\n<li><a href=\"https:\/\/blogsaverroes.juntadeandalucia.es\/webiesreyalabez\/files\/2020\/10\/programacionlibrdisposicioningles1-2eso-1.pdf\"><strong>Plan de actividades de refuerzo (LIBRE DISPOSICI\u00d3N)<\/strong><\/a><\/li>\n<\/ul>\n<\/td>\n<\/tr>\n<tr style=\"height: 24px\">\n<td style=\"width: 580px;height: 24px;background-color: #4574ba;text-align: center\"><span style=\"color: #ffffff\"><strong>CIENCIAS NATURALES<\/strong><\/span><\/td>\n<\/tr>\n<tr style=\"height: 24px\">\n<td style=\"width: 580px;height: 24px;text-align: left\">\n<ul>\n<li style=\"text-align: left\"><a href=\"https:\/\/blogsaverroes.juntadeandalucia.es\/webiesreyalabez\/files\/2020\/10\/ccnn.pdf\"><strong>Programaci\u00f3n did\u00e1ctica.<\/strong><\/a><\/li>\n<li><a href=\"https:\/\/blogsaverroes.juntadeandalucia.es\/webiesreyalabez\/files\/2020\/10\/Criterios_calificacion_CCNN.pdf\"><strong>Criterios de calificaci\u00f3n.<\/strong><\/a><\/li>\n<li style=\"text-align: left\"><a href=\"https:\/\/blogsaverroes.juntadeandalucia.es\/webiesreyalabez\/files\/2020\/10\/Recuperacion_Pendientes_CCNN.pdf\"><strong>Tratamiento de las materias pendientes.<\/strong><\/a><\/li>\n<\/ul>\n<\/td>\n<\/tr>\n<tr style=\"height: 24px\">\n<td style=\"width: 580px;height: 24px;background-color: #4574ba;text-align: center\"><span style=\"color: #ffffff\"><strong>GEOGRAF\u00cdA E HISTORIA<\/strong><\/span><\/td>\n<\/tr>\n<tr style=\"height: 24px\">\n<td style=\"width: 580px;height: 24px;text-align: left\">\n<ul style=\"list-style-type: disc\">\n<li style=\"text-align: left\"><strong>Programaciones did\u00e1cticas: <a href=\"https:\/\/blogsaverroes.juntadeandalucia.es\/webiesreyalabez\/files\/2020\/10\/ccss.pdf\">Geograf\u00eda e Historia<\/a>, <a href=\"https:\/\/blogsaverroes.juntadeandalucia.es\/webiesreyalabez\/files\/2020\/10\/PRG.CIUDADAN\u00cdA-1.pdf\">Ed. para la ciudadan\u00eda,<\/a> <a href=\"https:\/\/blogsaverroes.juntadeandalucia.es\/webiesreyalabez\/files\/2020\/10\/PRO.CSG-1-1.pdf\">Cambios Sociales y de G\u00e9nero<\/a>, <a href=\"https:\/\/blogsaverroes.juntadeandalucia.es\/webiesreyalabez\/files\/2020\/10\/PROG.ECONOM\u00cdA-1.pdf\">Econom\u00eda<\/a>, <a href=\"https:\/\/blogsaverroes.juntadeandalucia.es\/webiesreyalabez\/files\/2020\/10\/PROG.FILOSOF\u00cdA-1.pdf\">Filosof\u00eda<\/a>&nbsp;y <a href=\"https:\/\/blogsaverroes.juntadeandalucia.es\/webiesreyalabez\/files\/2020\/10\/PROGRAMACI\u00d3NVALORES\u00c9TICOS-1.pdf\">Valores \u00c9ticos<\/a>.<\/strong><\/li>\n<li><a href=\"https:\/\/blogsaverroes.juntadeandalucia.es\/webiesreyalabez\/files\/2020\/10\/CRITERIOS-CCSS.pdf\"><strong>Criterios de calificaci\u00f3n.<\/strong><\/a><\/li>\n<li style=\"text-align: left\"><a href=\"https:\/\/blogsaverroes.juntadeandalucia.es\/webiesreyalabez\/files\/2020\/10\/PENDIENTES_DPTO_GEOGRAFIA_HISTORIA.pdf\"><strong>Tratamiento de las materias pendientes.<\/strong><\/a><\/li>\n<\/ul>\n<\/td>\n<\/tr>\n<tr style=\"height: 24px\">\n<td style=\"width: 580px;height: 24px;background-color: #4574ba;text-align: center\"><span style=\"color: #ffffff\"><strong>FRANC\u00c9S<\/strong><\/span><\/td>\n<\/tr>\n<tr style=\"height: 24px\">\n<td style=\"width: 580px;height: 24px;text-align: left\">\n<ul>\n<li style=\"text-align: left\"><strong><a href=\"https:\/\/blogsaverroes.juntadeandalucia.es\/webiesreyalabez\/files\/2020\/10\/franc\u00e9s.pdf\">Programaci\u00f3n did\u00e1ctica<\/a>.<\/strong><\/li>\n<li><strong><a href=\"https:\/\/blogsaverroes.juntadeandalucia.es\/webiesreyalabez\/files\/2020\/10\/CRITERIOS-fr.pdf\">Criterios de calificaci\u00f3n<\/a>.<\/strong><\/li>\n<li style=\"text-align: left\"><a href=\"https:\/\/blogsaverroes.juntadeandalucia.es\/webiesreyalabez\/files\/2020\/10\/EVALUACION_FRANCES_PENDIENTE.pdf\"><strong>Tratamiento de las materias pendientes.<\/strong><\/a><\/li>\n<li><a href=\"https:\/\/blogsaverroes.juntadeandalucia.es\/webiesreyalabez\/files\/2020\/10\/CRONOGRAMAPENDIENTES20-21_frances.pdf\"><strong>Cronograma de pendientes de Franc\u00e9s.<\/strong><\/a><\/li>\n<\/ul>\n<\/td>\n<\/tr>\n<tr style=\"height: 24px\">\n<td style=\"width: 580px;height: 24px;background-color: #4574ba;text-align: center\"><span style=\"color: #ffffff\"><strong>PL\u00c1STICA<\/strong><\/span><\/td>\n<\/tr>\n<tr style=\"height: 24px\">\n<td style=\"width: 580px;height: 24px;text-align: left\">\n<ul>\n<li style=\"text-align: left\"><a href=\"https:\/\/blogsaverroes.juntadeandalucia.es\/webiesreyalabez\/files\/2020\/10\/pl\u00e1stica.pdf\"><strong>Programaci\u00f3n did\u00e1ctica.<\/strong><\/a><\/li>\n<li>&nbsp;<a href=\"https:\/\/blogsaverroes.juntadeandalucia.es\/webiesreyalabez\/files\/2020\/10\/EvaluacionEPVA-1.pdf\"><strong>Criterios de calificaci\u00f3n.<\/strong><\/a><\/li>\n<li><strong>Tratamiento de las materias pendientes: <a href=\"https:\/\/blogsaverroes.juntadeandalucia.es\/webiesreyalabez\/files\/2021\/02\/Programa_Aprendizajes_No_adquiridos__PLASTICA_2\u00ba_ESO.pdf\">2\u00ba ESO<\/a>.<br \/>\n<\/strong><\/li>\n<\/ul>\n<\/td>\n<\/tr>\n<tr style=\"height: 24px\">\n<td style=\"width: 580px;height: 24px;background-color: #4574ba;text-align: center\"><strong><span style=\"color: #ffffff\">M\u00daSICA<\/span><\/strong><\/td>\n<\/tr>\n<tr style=\"height: 24px\">\n<td style=\"width: 580px;height: 24px;text-align: left\">\n<ul>\n<li style=\"text-align: left\"><a href=\"https:\/\/blogsaverroes.juntadeandalucia.es\/webiesreyalabez\/files\/2020\/10\/musica.pdf\"><strong>Programaci\u00f3n did\u00e1ctica.<\/strong><\/a><\/li>\n<li><a href=\"https:\/\/blogsaverroes.juntadeandalucia.es\/webiesreyalabez\/files\/2020\/10\/Criterioscalificaci\u00f3nM\u00fasica20202021.pdf\"><strong>Criterios de calificaci\u00f3n.<\/strong><\/a><\/li>\n<li style=\"text-align: left\"><a href=\"https:\/\/blogsaverroes.juntadeandalucia.es\/webiesreyalabez\/files\/2020\/10\/Anexo1_musica_pendientes.pdf\"><strong>Tratamiento de las materias pendientes<\/strong><\/a><\/li>\n<\/ul>\n<\/td>\n<\/tr>\n<tr style=\"height: 24px\">\n<td style=\"width: 580px;height: 24px;background-color: #4574ba;text-align: center\"><strong><span style=\"color: #ffffff\">TECNOLOG\u00cdA<\/span><\/strong><\/td>\n<\/tr>\n<tr style=\"height: 24px\">\n<td style=\"width: 580px;height: 24px;text-align: left\">\n<ul>\n<li style=\"text-align: left\"><a href=\"https:\/\/blogsaverroes.juntadeandalucia.es\/webiesreyalabez\/files\/2020\/10\/tecnolog\u00eda.pdf\"><strong>Programaci\u00f3n did\u00e1ctica.<\/strong><\/a><\/li>\n<li><a href=\"https:\/\/blogsaverroes.juntadeandalucia.es\/webiesreyalabez\/files\/2020\/10\/CRITERIOS-TECN.pdf\"><strong>Criterios de calificaci\u00f3n.<\/strong><\/a><\/li>\n<li style=\"text-align: left\"><a href=\"https:\/\/blogsaverroes.juntadeandalucia.es\/webiesreyalabez\/files\/2020\/10\/Anexo1_ProgramaRefuerzo_Aprendizajes_Noadquiridos_Programaci\u00c3\u00b3n-TECNOLOGIA.pdf\"><strong>Tratamiento de las materias pendientes<\/strong><\/a><\/li>\n<\/ul>\n<\/td>\n<\/tr>\n<tr style=\"height: 24px\">\n<td style=\"width: 580px;height: 24px;background-color: #4574ba\"><span style=\"color: #ffffff\"><strong>&nbsp; &nbsp; &nbsp; &nbsp; &nbsp; &nbsp; &nbsp; &nbsp; &nbsp; &nbsp; &nbsp; &nbsp; &nbsp; &nbsp; &nbsp; &nbsp; &nbsp; &nbsp; &nbsp; &nbsp; &nbsp; &nbsp; &nbsp; &nbsp; &nbsp; &nbsp; &nbsp; &nbsp; &nbsp; &nbsp; &nbsp; &nbsp; &nbsp; &nbsp; &nbsp; EDUCACI\u00d3N F\u00cdSICA<\/strong><\/span><\/td>\n<\/tr>\n<tr style=\"height: 24px\">\n<td style=\"width: 580px;height: 24px;text-align: left\">\n<ul>\n<li style=\"text-align: left\"><a href=\"https:\/\/blogsaverroes.juntadeandalucia.es\/webiesreyalabez\/files\/2020\/10\/programaci\u00f3ndid\u00e1cticaeducaci\u00f3nf\u00edsica202021.pdf\"><strong>Programaci\u00f3n did\u00e1ctica.<\/strong><\/a><\/li>\n<li><a href=\"https:\/\/blogsaverroes.juntadeandalucia.es\/webiesreyalabez\/files\/2020\/10\/CriteriosdeCalificaci\u00f3nyRecuperaci\u00f3neducaci\u00f3nf\u00edsica20.pdf\"><strong>Criterios de calificaci\u00f3n.<\/strong><\/a><\/li>\n<li style=\"text-align: left\"><strong>Tratamiento de las materias pendientes: <a href=\"https:\/\/blogsaverroes.juntadeandalucia.es\/webiesreyalabez\/files\/2020\/10\/Pendientes_ED_Fisica_Primero.pdf\">1\u00ba ESO<\/a>,<a href=\"https:\/\/blogsaverroes.juntadeandalucia.es\/webiesreyalabez\/files\/2020\/10\/Pendientes_ED_FISICA_Tercero.pdf\"> 3\u00ba ESO<\/a>.<\/strong><\/li>\n<li><strong>Blog de la asignatura: <a href=\"https:\/\/blogsaverroes.juntadeandalucia.es\/educacionfisica1esoreyalabez\/\">Educaci\u00f3n f\u00edsica<\/a>.<\/strong><\/li>\n<\/ul>\n<\/td>\n<\/tr>\n<tr style=\"height: 24px\">\n<td style=\"width: 580px;height: 24px;background-color: #4574ba;text-align: left\">&nbsp; &nbsp; &nbsp; &nbsp; &nbsp; &nbsp; &nbsp; &nbsp; &nbsp; &nbsp; &nbsp; &nbsp; &nbsp; &nbsp; &nbsp; &nbsp; &nbsp; &nbsp; &nbsp; &nbsp; &nbsp; &nbsp; &nbsp; &nbsp; &nbsp; &nbsp; &nbsp; &nbsp; &nbsp; &nbsp; &nbsp; &nbsp; &nbsp; &nbsp; &nbsp; &nbsp; &nbsp; &nbsp; &nbsp; &nbsp; <strong><span style=\"color: #ffffff\">RELIGI\u00d3N<\/span><\/strong><\/td>\n<\/tr>\n<tr style=\"height: 24px\">\n<td style=\"width: 580px;height: 24px;text-align: left\">\n<ul>\n<li style=\"text-align: left\"><a href=\"https:\/\/blogsaverroes.juntadeandalucia.es\/webiesreyalabez\/files\/2020\/10\/religion.pdf\"><strong>Programaci\u00f3n did\u00e1ctica.<\/strong><\/a><\/li>\n<li><a href=\"https:\/\/blogsaverroes.juntadeandalucia.es\/webiesreyalabez\/files\/2020\/10\/Criterios-religi\u00f3n.pdf\"><strong>Criterios de calificaci\u00f3n.<\/strong><\/a><\/li>\n<li style=\"text-align: left\"><strong>Tratamiento de las materias pendientes: <a href=\"https:\/\/blogsaverroes.juntadeandalucia.es\/webiesreyalabez\/files\/2020\/10\/Pendientes_Religion_Primero.pdf\">1\u00ba ESO<\/a>, <a href=\"https:\/\/blogsaverroes.juntadeandalucia.es\/webiesreyalabez\/files\/2020\/10\/Pendientes_Religion_Segundo.pdf\">2\u00ba ESO<\/a>, <a href=\"https:\/\/blogsaverroes.juntadeandalucia.es\/webiesreyalabez\/files\/2020\/10\/Pendientes_Religion_TErcero.pdf\">3 ESO<\/a>.<\/strong><\/li>\n<\/ul>\n<\/td>\n<\/tr>\n<tr style=\"height: 24px\">\n<td style=\"width: 580px;height: 24px;background-color: #4574ba;text-align: left\"><strong><span style=\"color: #ffffff\">&nbsp; &nbsp; &nbsp; &nbsp; &nbsp; &nbsp; &nbsp; &nbsp; &nbsp; &nbsp; &nbsp; &nbsp; &nbsp; &nbsp; &nbsp; &nbsp; &nbsp; &nbsp; &nbsp; &nbsp; &nbsp; &nbsp; &nbsp; &nbsp; &nbsp; &nbsp; &nbsp; &nbsp; &nbsp; &nbsp; &nbsp; &nbsp; &nbsp; &nbsp; LIBRE DISPOSICI\u00d3N<\/span><\/strong><\/td>\n<\/tr>\n<tr style=\"height: 24px\">\n<td style=\"width: 580px;height: 24px;text-align: left\">\n<ul>\n<li><strong>Programaciones did\u00e1cticas: <a href=\"https:\/\/blogsaverroes.juntadeandalucia.es\/webiesreyalabez\/files\/2020\/10\/ld-1\u00ba-a.pdf\">1\u00ba ESO<\/a>, <a href=\"https:\/\/blogsaverroes.juntadeandalucia.es\/webiesreyalabez\/files\/2020\/10\/ld-2\u00ba-a.pdf\">2\u00ba ESO<\/a>, <a href=\"https:\/\/blogsaverroes.juntadeandalucia.es\/webiesreyalabez\/files\/2020\/10\/ld-3\u00ba-a.pdf\">3\u00ba ESO.<\/a><\/strong><\/li>\n<\/ul>\n<\/td>\n<\/tr>\n<tr style=\"height: 24px\">\n<td style=\"width: 580px;height: 24px;background-color: #4574ba\"><strong><span style=\"color: #ffffff\">&nbsp; &nbsp; &nbsp; &nbsp; &nbsp; &nbsp; &nbsp; &nbsp; &nbsp; &nbsp; &nbsp;ORIENTACI\u00d3N<\/span><\/strong><\/td>\n<\/tr>\n<tr style=\"height: 24px\">\n<td style=\"width: 580px;height: 24px;text-align: left\">\n<ul>\n<li><a href=\"https:\/\/blogsaverroes.juntadeandalucia.es\/webiesreyalabez\/files\/2020\/10\/Programaci\u00f3nDepartamentoOrientaci\u00f3n2021-1.pdf\"><strong>Programaci\u00f3n.<\/strong><\/a><\/li>\n<li><strong>Anexo PT.<\/strong><\/li>\n<\/ul>\n<\/td>\n<\/tr>\n<tr style=\"height: 50px\">\n<td style=\"width: 580px;height: 50px;background-color: #4574ba;text-align: left\"><span style=\"color: #ffffff\"><strong>&nbsp; &nbsp; &nbsp; &nbsp; &nbsp; &nbsp; &nbsp; &nbsp; &nbsp; &nbsp; &nbsp; &nbsp; &nbsp; &nbsp; &nbsp; &nbsp; &nbsp; &nbsp; &nbsp; &nbsp; &nbsp; &nbsp;FORMACI\u00d3N, INNOVACI\u00d3N Y EVALUACI\u00d3N<\/strong><\/span><\/td>\n<\/tr>\n<tr style=\"height: 24px\">\n<td style=\"width: 580px;height: 24px;text-align: left\">\n<ul>\n<li><a href=\"https:\/\/blogsaverroes.juntadeandalucia.es\/webiesreyalabez\/files\/2020\/10\/FEIE_20-21-1.pdf\"><strong>Programaci\u00f3n.<\/strong><\/a><\/li>\n<\/ul>\n<\/td>\n<\/tr>\n<tr style=\"height: 24px\">\n<td style=\"width: 580px;height: 24px;background-color: #4574ba;text-align: left\"><span style=\"color: #ffffff\"><strong>&nbsp; &nbsp; &nbsp; &nbsp; &nbsp; &nbsp; &nbsp; &nbsp; &nbsp; &nbsp; &nbsp; &nbsp; &nbsp; &nbsp; CICLO FORMATIVO DE GRADO MEDIO DE COCINA Y GASTRONOM\u00cdA<\/strong><\/span><\/td>\n<\/tr>\n<tr style=\"height: 24px\">\n<td style=\"width: 580px;height: 24px;text-align: left\"><a href=\"https:\/\/blogsaverroes.juntadeandalucia.es\/webiesreyalabez\/files\/2020\/10\/programaciondepartamento2020-21-1.pdf\">PROGRAMACI\u00d3N DEL DEPARTAMENTO<\/a><\/p>\n<p><strong>MODULOS 1\u00ba CFGM<\/strong><\/p>\n<ul>\n<li><a href=\"https:\/\/blogsaverroes.juntadeandalucia.es\/webiesreyalabez\/files\/2020\/10\/Preelaboraci\u00f3n-YC2020-1.pdf\"><strong>Preelaboraci\u00f3n y Conservaci\u00f3n de alimentos<\/strong><\/a><\/li>\n<li><a href=\"https:\/\/blogsaverroes.juntadeandalucia.es\/webiesreyalabez\/files\/2020\/10\/T\u00e9cnicas-C2020-1.pdf\"><strong>T\u00e9cnicas culinarias<\/strong><\/a><\/li>\n<li><a href=\"https:\/\/blogsaverroes.juntadeandalucia.es\/webiesreyalabez\/files\/2020\/10\/PBPasteler\u00eda-R2020.2021-1.pdf\"><strong>Procesos b\u00e1sicos de Pasteler\u00eda y Reposter\u00eda<\/strong><\/a><\/li>\n<li><a href=\"https:\/\/blogsaverroes.juntadeandalucia.es\/webiesreyalabez\/files\/2020\/10\/769nSeguridadeHigiene2020.21.pdf\"><strong>Seguridad e Higiene en la Manipulaci\u00f3n de Alimentos.<\/strong><\/a><\/li>\n<li><a href=\"https:\/\/blogsaverroes.juntadeandalucia.es\/webiesreyalabez\/files\/2020\/10\/769nFOL2020.21.pdf\"><strong>Formaci\u00f3n y Orientaci\u00f3n Laboral<\/strong><\/a><\/li>\n<\/ul>\n<p><strong>MODULOS 2\u00ba CFGM<\/strong><\/p>\n<ul>\n<li><a href=\"https:\/\/blogsaverroes.juntadeandalucia.es\/webiesreyalabez\/files\/2020\/10\/ofertas-2020.21.pdf\"><strong>Ofertas Gastron\u00f3micas<\/strong><\/a><\/li>\n<li><a href=\"https:\/\/blogsaverroes.juntadeandalucia.es\/webiesreyalabez\/files\/2021\/02\/PROGR_-IES-REY-ALABEZ-PRODUCTOS-CULINARIOS-20-21_2.pdf\"><strong>Productos Culinarios<\/strong><\/a><\/li>\n<li><a href=\"https:\/\/blogsaverroes.juntadeandalucia.es\/webiesreyalabez\/files\/2020\/10\/Programaci\u00f3nDid\u00e1cticaPOSTRESENRESTAURACION20-21-1.pdf\"><strong>Postres en Restauraci\u00f3n<\/strong><\/a><\/li>\n<li><strong>&nbsp;<a href=\"https:\/\/blogsaverroes.juntadeandalucia.es\/webiesreyalabez\/files\/2020\/10\/EMPRESA2020.21.pdf\">Empresa e Iniciativa Emprendedora<\/a><\/strong><\/li>\n<li><a href=\"https:\/\/blogsaverroes.juntadeandalucia.es\/webiesreyalabez\/files\/2020\/10\/Programaci\u00f3n-FCT-2020.21.pdf\"><strong>Formaci\u00f3n en Centros de Trabajo<\/strong><\/a><\/li>\n<li><a href=\"https:\/\/blogsaverroes.juntadeandalucia.es\/webiesreyalabez\/files\/2020\/10\/PROGRAMACI\u00d3N-DID\u00c1CTICA-Hora-de-Libre-Configuraci\u00f3n.pdf\"><strong>Horas de Libre Configuraci\u00f3n<\/strong><\/a><\/li>\n<li><strong><a href=\"https:\/\/blogsaverroes.juntadeandalucia.es\/webiesreyalabez\/files\/2021\/03\/programacion_modulo_proyecto_fctcocinaygastronomia.pdf\">M\u00f3dulo de Proyecto.<\/a><\/strong><\/li>\n<\/ul>\n<\/td>\n<\/tr>\n<tr style=\"height: 24px\">\n<td style=\"width: 580px;height: 24px;background-color: #4574ba\"><span style=\"color: #ffffff\"><strong>&nbsp; &nbsp; &nbsp; &nbsp; &nbsp; &nbsp; &nbsp; &nbsp; &nbsp; &nbsp; &nbsp; &nbsp; &nbsp; &nbsp; &nbsp; &nbsp; &nbsp; &nbsp; &nbsp; &nbsp; &nbsp; &nbsp; &nbsp; &nbsp; &nbsp; &nbsp; &nbsp; &nbsp; &nbsp; &nbsp; &nbsp; &nbsp; &nbsp; &nbsp; &nbsp; &nbsp; &nbsp; &nbsp; &nbsp; &nbsp; &nbsp;ATAL<\/strong><\/span><\/td>\n<\/tr>\n<tr style=\"height: 24px\">\n<td style=\"width: 580px;height: 24px;text-align: left\">\n<ul>\n<li><a href=\"https:\/\/blogsaverroes.juntadeandalucia.es\/webiesreyalabez\/files\/2020\/10\/PROGRAMACION_ATAL_20_21.pdf\"><strong>Programaci\u00f3n.<\/strong><\/a><\/li>\n<\/ul>\n<\/td>\n<\/tr>\n<\/tbody>\n<\/table>\n<p>&nbsp;<\/p>\n<p>&nbsp;<\/p>\n<p>&nbsp;<\/p>\n<p>&nbsp;<\/p>\n<p>&nbsp;<\/p>\n<p>&nbsp;<\/p>\n<p>&nbsp;<\/p>\n<p>&nbsp;<\/p>\n<p>&nbsp;<\/p>\n<p>&nbsp;<\/p>\n<p>&nbsp;<\/p>\n<p>&nbsp;<\/p>\n<p>&nbsp;<\/p>\n<p>&nbsp;<\/p>\n<p>&nbsp;<\/p>\n<p>&nbsp;<\/p>\n","protected":false},"excerpt":{"rendered":"<p>LENGUA CASTELLANA Y LITERATURA Programaci\u00f3n did\u00e1ctica. Criterios de calificaci\u00f3n.&nbsp; Tratamiento de las materias pendientes. Plan de actividades de refuerzo (LIBRE DISPOSICI\u00d3N) MATEM\u00c1TICAS Programaci\u00f3n did\u00e1ctica. Criterios de calificaci\u00f3n.&nbsp; Tratamiento de las materias pendientes. Pendientes \u00c1mbito&#46;&#46;&#46;<\/p>\n","protected":false},"author":7589,"featured_media":0,"parent":0,"menu_order":0,"comment_status":"closed","ping_status":"closed","template":"","meta":{"ngg_post_thumbnail":0,"footnotes":""},"aioseo_notices":[],"_links":{"self":[{"href":"https:\/\/blogsaverroes.juntadeandalucia.es\/webiesreyalabez\/wp-json\/wp\/v2\/pages\/102"}],"collection":[{"href":"https:\/\/blogsaverroes.juntadeandalucia.es\/webiesreyalabez\/wp-json\/wp\/v2\/pages"}],"about":[{"href":"https:\/\/blogsaverroes.juntadeandalucia.es\/webiesreyalabez\/wp-json\/wp\/v2\/types\/page"}],"author":[{"embeddable":true,"href":"https:\/\/blogsaverroes.juntadeandalucia.es\/webiesreyalabez\/wp-json\/wp\/v2\/users\/7589"}],"replies":[{"embeddable":true,"href":"https:\/\/blogsaverroes.juntadeandalucia.es\/webiesreyalabez\/wp-json\/wp\/v2\/comments?post=102"}],"version-history":[{"count":113,"href":"https:\/\/blogsaverroes.juntadeandalucia.es\/webiesreyalabez\/wp-json\/wp\/v2\/pages\/102\/revisions"}],"predecessor-version":[{"id":1442,"href":"https:\/\/blogsaverroes.juntadeandalucia.es\/webiesreyalabez\/wp-json\/wp\/v2\/pages\/102\/revisions\/1442"}],"wp:attachment":[{"href":"https:\/\/blogsaverroes.juntadeandalucia.es\/webiesreyalabez\/wp-json\/wp\/v2\/media?parent=102"}],"curies":[{"name":"wp","href":"https:\/\/api.w.org\/{rel}","templated":true}]}}