{"id":116,"date":"2019-10-04T09:06:41","date_gmt":"2019-10-04T07:06:41","guid":{"rendered":"https:\/\/blogsaverroes.juntadeandalucia.es\/webiesreyalabez\/?page_id=116"},"modified":"2020-12-10T14:16:59","modified_gmt":"2020-12-10T13:16:59","slug":"programacion-general-anual","status":"publish","type":"page","link":"https:\/\/blogsaverroes.juntadeandalucia.es\/webiesreyalabez\/programacion-general-anual\/","title":{"rendered":"Programaci\u00f3n General Anual"},"content":{"rendered":"<p><span style=\"color: #800080\"><strong><strong>1. <a href=\"https:\/\/blogsaverroes.juntadeandalucia.es\/webiesreyalabez\/files\/2020\/10\/PORTADA-20-21.pdf\">PROGRAMACI\u00d3N GENERAL ANUAL 2020\/21<\/a><\/strong>.<\/strong><\/span><\/p>\n<p>&nbsp; &nbsp; &nbsp; &nbsp; &nbsp;<strong> &nbsp; &nbsp; &nbsp; &nbsp;<a href=\"https:\/\/blogsaverroes.juntadeandalucia.es\/webiesreyalabez\/files\/2020\/10\/INTRODUCCI\u00d3N.pdf\"> INTRODUCCI\u00d3N<\/a><\/strong><\/p>\n<p><strong>&nbsp; &nbsp; &nbsp; &nbsp; &nbsp; &nbsp; &nbsp; &nbsp; &nbsp; <a href=\"https:\/\/blogsaverroes.juntadeandalucia.es\/webiesreyalabez\/files\/2020\/10\/datos-centro.pdf\">DATOS GENERALES DEL CENTRO<\/a><\/strong><\/p>\n<p><strong>&nbsp; &nbsp; &nbsp; &nbsp; &nbsp; &nbsp; &nbsp; &nbsp; &nbsp; <a href=\"https:\/\/blogsaverroes.juntadeandalucia.es\/webiesreyalabez\/files\/2020\/10\/ORGANIGRAMA.pdf\">ORGANIGRAMA DEL CENTRO<\/a><\/strong><\/p>\n<p><strong>&nbsp; &nbsp; &nbsp; &nbsp; &nbsp; &nbsp; &nbsp; &nbsp; &nbsp; <a href=\"https:\/\/blogsaverroes.juntadeandalucia.es\/webiesreyalabez\/files\/2020\/10\/objetivos-20-21.pdf\">OBJETIVOS GENERALES DEL CENTRO, CURSO 2020\/21<\/a><\/strong><\/p>\n<p><strong>&nbsp; &nbsp; &nbsp; &nbsp; &nbsp; &nbsp; &nbsp; &nbsp; &nbsp; <a href=\"https:\/\/blogsaverroes.juntadeandalucia.es\/webiesreyalabez\/files\/2020\/10\/HORARIO-1.pdf\">HORARIO Y CALENDARIO GENERAL DEL CENTRO<\/a><\/strong><\/p>\n<p><strong>&nbsp; &nbsp; &nbsp; &nbsp; &nbsp; &nbsp; &nbsp; &nbsp; &nbsp;<a href=\"https:\/\/blogsaverroes.juntadeandalucia.es\/webiesreyalabez\/files\/2020\/10\/e-SERVICIOS-COMPLEMENTARIOS.pdf\"> SERVICIOS COMPLEMENTARIOS<\/a><\/strong><\/p>\n<p><strong>&nbsp; &nbsp; &nbsp; &nbsp; &nbsp; &nbsp; &nbsp; &nbsp; &nbsp; <a href=\"https:\/\/blogsaverroes.juntadeandalucia.es\/webiesreyalabez\/files\/2020\/10\/f-acuerdos-y-convenos.pdf\">CONVENIOS Y ACUERDOS DE COLABORACI\u00d3N CON OTRAS INSTITUCIONES<\/a><\/strong><\/p>\n<p><strong>&nbsp; &nbsp; &nbsp; &nbsp; &nbsp; &nbsp; &nbsp; &nbsp; &nbsp; <a href=\"https:\/\/blogsaverroes.juntadeandalucia.es\/webiesreyalabez\/files\/2020\/12\/g-PLAN-DE-REUNIONES.pdf\">PLAN DE REUNIONES DE LOS \u00d3RGANOS COLEGIADOS DE GOBIERNO<\/a><\/strong><\/p>\n<p><strong><span style=\"color: #800080\">2. PRESUPUESTO DEL CENTRO.<\/span><\/strong><\/p>\n<p>&nbsp; &nbsp; &nbsp; &nbsp; &nbsp; &nbsp; &nbsp; &nbsp; <strong>&nbsp; PRESUPUESTO DE INGRESOS 2020\/201<\/strong><br \/>\n<strong>&nbsp; &nbsp; &nbsp; &nbsp; &nbsp; &nbsp; &nbsp; &nbsp; &nbsp; PRESUPUESTO DE GASTOS 2020\/21<\/strong><\/p>\n<p><strong><span style=\"color: #800080\">3. PLAN DE MEJORA 20-21.<\/span><\/strong><\/p>\n<p>&nbsp; &nbsp; &nbsp; &nbsp; &nbsp; &nbsp; &nbsp; &nbsp;<strong> &nbsp; <a href=\"https:\/\/blogsaverroes.juntadeandalucia.es\/webiesreyalabez\/files\/2020\/10\/plan-mejora-S\u00e9neca.pdf\">PLAN DE MEJORA.<\/a><\/strong><\/p>\n<p><strong>&nbsp; &nbsp; &nbsp; &nbsp; &nbsp; &nbsp; &nbsp; &nbsp; <a href=\"https:\/\/blogsaverroes.juntadeandalucia.es\/webiesreyalabez\/files\/2020\/10\/plan-de-mejora-2020_21.pdf\">&nbsp; PLAN DE ACTUACI\u00d3N.<\/a><\/strong><\/p>\n<p><strong><span style=\"color: #800080\">4. PLANES, PROGRAMAS Y PROYECTOS EDUCATIVOS.<\/span><\/strong><\/p>\n<p>&nbsp; &nbsp; &nbsp; &nbsp; &nbsp; &nbsp; &nbsp; &nbsp; &nbsp;<a href=\"https:\/\/blogsaverroes.juntadeandalucia.es\/webiesreyalabez\/files\/2020\/10\/PLANDEACTUACI\u00d3NDIGITAL_Ies_Rey_Alabez_20_21_Version_Mejorada_14_OCtubre.pdf\"><strong> PROGRAMA DE ACTUACI\u00d3N DIGITAL<\/strong><\/a><\/p>\n<p><strong>&nbsp; &nbsp; &nbsp; &nbsp; &nbsp; &nbsp; &nbsp; &nbsp; &nbsp; <a href=\"https:\/\/blogsaverroes.juntadeandalucia.es\/webiesreyalabez\/files\/2020\/10\/PLANDETRABAJODELABIBLIOTECAESCOLAR2020-2021-1.pdf\">BIBLIOTECA ESCOLAR Y FOMENTO DE LA LECTURA<\/a><\/strong><\/p>\n<p><strong>&nbsp; &nbsp; &nbsp; &nbsp; &nbsp; &nbsp; &nbsp; &nbsp; <a href=\"https:\/\/blogsaverroes.juntadeandalucia.es\/webiesreyalabez\/files\/2020\/10\/Programa-ComunicA2020-21-1.pdf\">&nbsp;COMUNICA<\/a><\/strong><\/p>\n<p>&nbsp;&nbsp;&nbsp;&nbsp;&nbsp;&nbsp;&nbsp;&nbsp;&nbsp;&nbsp;&nbsp;&nbsp;&nbsp;&nbsp;&nbsp; <a href=\"https:\/\/blogsaverroes.juntadeandalucia.es\/webiesreyalabez\/files\/2020\/10\/PROGRAMACIO\u00cc\u0081NPROYECTOERASMUS-1.pdf\">ERASMUS +<\/a><\/p>\n<p><strong>&nbsp; &nbsp; &nbsp; &nbsp; &nbsp; &nbsp; &nbsp; &nbsp; &nbsp;<a href=\"https:\/\/blogsaverroes.juntadeandalucia.es\/webiesreyalabez\/files\/2020\/10\/PlandeActuaci\u00c3\u00b3nEscuelaEspaciodePaz2-1.pdf\">PROYECTO RED ANDALUZA \u00abESCUELA: ESPACIO DE PAZ\u00bb<\/a><\/strong><\/p>\n<p><strong>&nbsp; &nbsp; &nbsp; &nbsp; &nbsp; &nbsp; &nbsp; &nbsp; &nbsp;<a href=\"https:\/\/blogsaverroes.juntadeandalucia.es\/webiesreyalabez\/files\/2020\/10\/PROPUESTAPLANDEIGUALDAD20-21-1.pdf\">PLAN DE IGUALDAD ENTRE HOMBRES Y MUJERES EN EDUCACI\u00d3N.<\/a><\/strong><\/p>\n<p><strong>&nbsp; &nbsp; &nbsp; &nbsp; &nbsp; &nbsp; &nbsp; &nbsp; &nbsp; <a href=\"https:\/\/blogsaverroes.juntadeandalucia.es\/webiesreyalabez\/files\/2020\/10\/Proyecto-Prevenci\u00f3n-Violencia-de-G\u00e9nero-2020_21-IES-Rey-Alabez.pdf\">PLAN DE PREVENCI\u00d3N DE VIOLENCIA DE G\u00c9NERO&nbsp;<\/a><\/strong><\/p>\n<p><strong>&nbsp; &nbsp; &nbsp; &nbsp; &nbsp; &nbsp; &nbsp; &nbsp; &nbsp; <span style=\"color: #0000ff\">PROGRAMAS DE PROMOCI\u00d3N DE H\u00c1BITOS DE VIDA SALUDABLES:<\/span><\/strong><\/p>\n<p><strong>&nbsp; &nbsp; &nbsp; &nbsp; &nbsp; &nbsp; &nbsp; &nbsp; &nbsp; &nbsp; &nbsp; &nbsp; &nbsp; &nbsp; &nbsp; &nbsp; &nbsp; &nbsp; &nbsp; &nbsp;<a href=\"https:\/\/blogsaverroes.juntadeandalucia.es\/webiesreyalabez\/files\/2020\/10\/PROGRAMAHHSSFORMAJOVENPARAELCURSO20-21.pdf\"> FORMA JOVEN<\/a><\/strong><\/p>\n<p><strong>&nbsp; &nbsp; &nbsp; &nbsp; &nbsp;&nbsp;&nbsp;&nbsp;&nbsp; &nbsp; &nbsp; &nbsp; &nbsp; &nbsp; &nbsp; &nbsp; &nbsp;&nbsp; PLAN DE AUTOPROTECCI\u00d3N<\/strong><\/p>\n<p><strong><span style=\"color: #800080\">5. ACTIVIDADES COMPLEMENTARIAS Y EXTRAESCOLARES. (RECOGIDA EN CADA DEPARTAMENTO DID\u00c1CTICO)<br \/>\n<\/span><\/strong><\/p>\n<p>6. <strong><span style=\"color: #800080\">PROGRAMACI\u00d3N DEL DEPARTAMENTO DE FORMACI\u00d3N, INNOVACI\u00d3N Y EVALUACI\u00d3N EDUCATIVA.<\/span><\/strong><\/p>\n<p>&nbsp; &nbsp; &nbsp; &nbsp; &nbsp; &nbsp; &nbsp; &nbsp; &nbsp; &nbsp; <a href=\"https:\/\/blogsaverroes.juntadeandalucia.es\/webiesreyalabez\/files\/2020\/10\/FEIE_20-21-1.pdf\"><strong>PROGRAMACI\u00d3N.<\/strong><\/a><\/p>\n","protected":false},"excerpt":{"rendered":"<p>1. PROGRAMACI\u00d3N GENERAL ANUAL 2020\/21. &nbsp; &nbsp; &nbsp; &nbsp; &nbsp; &nbsp; &nbsp; &nbsp; &nbsp; INTRODUCCI\u00d3N &nbsp; &nbsp; &nbsp; &nbsp; &nbsp; &nbsp; &nbsp; &nbsp; &nbsp; DATOS GENERALES DEL CENTRO &nbsp; &nbsp; &nbsp; &nbsp; &nbsp; &nbsp;&#46;&#46;&#46;<\/p>\n","protected":false},"author":7589,"featured_media":0,"parent":0,"menu_order":0,"comment_status":"closed","ping_status":"closed","template":"","meta":{"ngg_post_thumbnail":0,"footnotes":""},"aioseo_notices":[],"_links":{"self":[{"href":"https:\/\/blogsaverroes.juntadeandalucia.es\/webiesreyalabez\/wp-json\/wp\/v2\/pages\/116"}],"collection":[{"href":"https:\/\/blogsaverroes.juntadeandalucia.es\/webiesreyalabez\/wp-json\/wp\/v2\/pages"}],"about":[{"href":"https:\/\/blogsaverroes.juntadeandalucia.es\/webiesreyalabez\/wp-json\/wp\/v2\/types\/page"}],"author":[{"embeddable":true,"href":"https:\/\/blogsaverroes.juntadeandalucia.es\/webiesreyalabez\/wp-json\/wp\/v2\/users\/7589"}],"replies":[{"embeddable":true,"href":"https:\/\/blogsaverroes.juntadeandalucia.es\/webiesreyalabez\/wp-json\/wp\/v2\/comments?post=116"}],"version-history":[{"count":47,"href":"https:\/\/blogsaverroes.juntadeandalucia.es\/webiesreyalabez\/wp-json\/wp\/v2\/pages\/116\/revisions"}],"predecessor-version":[{"id":1396,"href":"https:\/\/blogsaverroes.juntadeandalucia.es\/webiesreyalabez\/wp-json\/wp\/v2\/pages\/116\/revisions\/1396"}],"wp:attachment":[{"href":"https:\/\/blogsaverroes.juntadeandalucia.es\/webiesreyalabez\/wp-json\/wp\/v2\/media?parent=116"}],"curies":[{"name":"wp","href":"https:\/\/api.w.org\/{rel}","templated":true}]}}