{"id":190,"date":"2019-10-20T10:18:02","date_gmt":"2019-10-20T08:18:02","guid":{"rendered":"https:\/\/blogsaverroes.juntadeandalucia.es\/webiesreyalabez\/?page_id=190"},"modified":"2020-08-06T07:52:38","modified_gmt":"2020-08-06T05:52:38","slug":"centro","status":"publish","type":"page","link":"https:\/\/blogsaverroes.juntadeandalucia.es\/webiesreyalabez\/centro\/","title":{"rendered":"Centro"},"content":{"rendered":"<p>El IES Rey Alabez es el centro de ense\u00f1anza secundaria de la localidad de Moj\u00e1car (Almer\u00eda).<\/p>\n<h4><strong>Oferta educativa:<\/strong><\/h4>\n<p>En el centro se imparten:<\/p>\n<ul>\n<li>la etapa de ense\u00f1anza secundaria obligatoria: de <span style=\"font-size: 18pt\"><strong>1\u00ba a 4\u00ba de ESO<\/strong><\/span>.<\/li>\n<li>el ciclo de Formaci\u00f3n Profesional de Grado Medio: <span style=\"font-size: 18pt\"><strong>COCINA Y GASTRONOM\u00cdA<\/strong><\/span>.<\/li>\n<\/ul>\n<h4>Datos de contacto<\/h4>\n<p>IES Rey Alabez (Moj\u00e1car, Almer\u00eda)<\/p>\n<p><strong>Direcci\u00f3n:<\/strong>&nbsp; C\/ Albardinar, 10 C.P.: 04638, Moj\u00e1car (Almer\u00eda)<\/p>\n<p><strong>Tel\u00e9fonos: <\/strong>950 45 15 78 &#8211; 697 95 15 96<\/p>\n<p><strong>FAX: <\/strong>950 45 16 55<br \/>\n<strong>Email:<\/strong> 04700090.edu@juntadeandalucia.es<\/p>\n<p><strong>Horario lectivo:&nbsp; <\/strong>de 8:15 a 14:45<\/p>\n","protected":false},"excerpt":{"rendered":"<p>El IES Rey Alabez es el centro de ense\u00f1anza secundaria de la localidad de Moj\u00e1car (Almer\u00eda). Oferta educativa: En el centro se imparten: la etapa de ense\u00f1anza secundaria obligatoria: de 1\u00ba a 4\u00ba de&#46;&#46;&#46;<\/p>\n","protected":false},"author":7589,"featured_media":0,"parent":0,"menu_order":0,"comment_status":"closed","ping_status":"closed","template":"","meta":{"ngg_post_thumbnail":0,"footnotes":""},"aioseo_notices":[],"_links":{"self":[{"href":"https:\/\/blogsaverroes.juntadeandalucia.es\/webiesreyalabez\/wp-json\/wp\/v2\/pages\/190"}],"collection":[{"href":"https:\/\/blogsaverroes.juntadeandalucia.es\/webiesreyalabez\/wp-json\/wp\/v2\/pages"}],"about":[{"href":"https:\/\/blogsaverroes.juntadeandalucia.es\/webiesreyalabez\/wp-json\/wp\/v2\/types\/page"}],"author":[{"embeddable":true,"href":"https:\/\/blogsaverroes.juntadeandalucia.es\/webiesreyalabez\/wp-json\/wp\/v2\/users\/7589"}],"replies":[{"embeddable":true,"href":"https:\/\/blogsaverroes.juntadeandalucia.es\/webiesreyalabez\/wp-json\/wp\/v2\/comments?post=190"}],"version-history":[{"count":5,"href":"https:\/\/blogsaverroes.juntadeandalucia.es\/webiesreyalabez\/wp-json\/wp\/v2\/pages\/190\/revisions"}],"predecessor-version":[{"id":1027,"href":"https:\/\/blogsaverroes.juntadeandalucia.es\/webiesreyalabez\/wp-json\/wp\/v2\/pages\/190\/revisions\/1027"}],"wp:attachment":[{"href":"https:\/\/blogsaverroes.juntadeandalucia.es\/webiesreyalabez\/wp-json\/wp\/v2\/media?parent=190"}],"curies":[{"name":"wp","href":"https:\/\/api.w.org\/{rel}","templated":true}]}}