{"id":2,"date":"2019-07-16T13:18:50","date_gmt":"2019-07-16T11:18:50","guid":{"rendered":"https:\/\/blogsaverroes.juntadeandalucia.es\/webiesreyalabez\/?page_id=2"},"modified":"2019-07-16T13:32:35","modified_gmt":"2019-07-16T11:32:35","slug":"datoscentro","status":"publish","type":"page","link":"https:\/\/blogsaverroes.juntadeandalucia.es\/webiesreyalabez\/datoscentro\/","title":{"rendered":"Datos del centro"},"content":{"rendered":"<h4>Datos de contacto<\/h4>\n<p>IES Rey Alabez (Moj\u00e1car, Almer\u00eda)<\/p>\n<p><strong>Direcci\u00f3n:<\/strong>&nbsp; C\/ Albardinar, 10 C.P.: 04638, Moj\u00e1car (Almer\u00eda)<\/p>\n<p><strong>Tel\u00e9fonos: <\/strong>950 45 15 78 &#8211; 697 95 15 96<\/p>\n<p><strong>FAX: <\/strong>950 45 16 55<br \/><strong>Email:<\/strong> 04700090.edu@juntadeandalucia.es<\/p>\n<p><strong>Horario lectivo:&nbsp; <\/strong>de 8:15 a 14:45<\/p>\n<h4><strong>Oferta educativa:<\/strong><\/h4>\n<p>En el centro se imparten la etapa de ense\u00f1anza secundaria obligatoria de 1\u00ba a 4\u00ba de ESO.<\/p>\n<p>&nbsp;<\/p>\n<p>&nbsp;<\/p>\n","protected":false},"excerpt":{"rendered":"<p>Datos de contacto IES Rey Alabez (Moj\u00e1car, Almer\u00eda) Direcci\u00f3n:&nbsp; C\/ Albardinar, 10 C.P.: 04638, Moj\u00e1car (Almer\u00eda) Tel\u00e9fonos: 950 45 15 78 &#8211; 697 95 15 96 FAX: 950 45 16 55Email: 04700090.edu@juntadeandalucia.es Horario lectivo:&nbsp;&#46;&#46;&#46;<\/p>\n","protected":false},"author":7589,"featured_media":0,"parent":0,"menu_order":0,"comment_status":"closed","ping_status":"open","template":"","meta":{"ngg_post_thumbnail":0,"footnotes":""},"aioseo_notices":[],"_links":{"self":[{"href":"https:\/\/blogsaverroes.juntadeandalucia.es\/webiesreyalabez\/wp-json\/wp\/v2\/pages\/2"}],"collection":[{"href":"https:\/\/blogsaverroes.juntadeandalucia.es\/webiesreyalabez\/wp-json\/wp\/v2\/pages"}],"about":[{"href":"https:\/\/blogsaverroes.juntadeandalucia.es\/webiesreyalabez\/wp-json\/wp\/v2\/types\/page"}],"author":[{"embeddable":true,"href":"https:\/\/blogsaverroes.juntadeandalucia.es\/webiesreyalabez\/wp-json\/wp\/v2\/users\/7589"}],"replies":[{"embeddable":true,"href":"https:\/\/blogsaverroes.juntadeandalucia.es\/webiesreyalabez\/wp-json\/wp\/v2\/comments?post=2"}],"version-history":[{"count":2,"href":"https:\/\/blogsaverroes.juntadeandalucia.es\/webiesreyalabez\/wp-json\/wp\/v2\/pages\/2\/revisions"}],"predecessor-version":[{"id":14,"href":"https:\/\/blogsaverroes.juntadeandalucia.es\/webiesreyalabez\/wp-json\/wp\/v2\/pages\/2\/revisions\/14"}],"wp:attachment":[{"href":"https:\/\/blogsaverroes.juntadeandalucia.es\/webiesreyalabez\/wp-json\/wp\/v2\/media?parent=2"}],"curies":[{"name":"wp","href":"https:\/\/api.w.org\/{rel}","templated":true}]}}