{"id":257,"date":"2019-11-08T06:50:23","date_gmt":"2019-11-08T05:50:23","guid":{"rendered":"https:\/\/blogsaverroes.juntadeandalucia.es\/webiesreyalabez\/?page_id=257"},"modified":"2020-03-24T10:35:28","modified_gmt":"2020-03-24T09:35:28","slug":"profesorado","status":"publish","type":"page","link":"https:\/\/blogsaverroes.juntadeandalucia.es\/webiesreyalabez\/profesorado\/","title":{"rendered":"Profesorado"},"content":{"rendered":"<p>Materiales de utilidad para el profesorado del IES Rey Alabez:<\/p>\n<table>\n<tbody>\n<tr>\n<td style=\"text-align: center\"><strong>PROGRAMACIONES DID\u00c1CTICAS EN S\u00c9NECA<\/strong><\/td>\n<\/tr>\n<tr>\n<td>\n<ul>\n<li style=\"text-align: left\"><strong><a href=\"https:\/\/blogsaverroes.juntadeandalucia.es\/webiesreyalabez\/files\/2019\/11\/Gu\u00edaparaprogramacionesdid\u00e1cticas.pdf\">Gu\u00eda para el registro de programaciones<\/a> did\u00e1cticas en S\u00e9neca.<\/strong><\/li>\n<li style=\"text-align: left\"><strong><a href=\"https:\/\/blogsaverroes.juntadeandalucia.es\/webiesreyalabez\/files\/2019\/11\/Listadecotejo.pdf\">Lista de cotejo<\/a> para la revisi\u00f3n y mejora de las programaciones did\u00e1cticas.<\/strong><\/li>\n<li style=\"text-align: left\"><strong>V\u00eddeo&nbsp; 1: <a href=\"https:\/\/www.youtube.com\/watch?v=BpLayr_u5I0&amp;feature=youtu.be\">Aspectos generales de las programaciones.<\/a><\/strong><\/li>\n<li style=\"text-align: left\"><strong>V\u00eddeo&nbsp; 2: <a href=\"https:\/\/www.youtube.com\/watch?v=Qdv-3UV6h50&amp;feature=youtu.be\">Programaciones did\u00e1cticas- criterios de evaluaci\u00f3n<\/a>.<\/strong><\/li>\n<li style=\"text-align: left\"><strong>V\u00eddeo 3: <a href=\"https:\/\/www.youtube.com\/watch?v=p2eUYUQPQZU&amp;feature=youtu.be\">Programaciones did\u00e1cticas- relaciones curriculares<\/a>.<\/strong><\/li>\n<\/ul>\n<\/td>\n<\/tr>\n<\/tbody>\n<\/table>\n<table style=\"width: 555px\">\n<tbody>\n<tr>\n<td style=\"width: 448px;text-align: center\"><strong>ORGANIZADORES GR\u00c1FICOS<\/strong><\/td>\n<\/tr>\n<tr>\n<td style=\"width: 448px\">\n<ul>\n<li style=\"text-align: left\"><a href=\"https:\/\/blogsaverroes.juntadeandalucia.es\/webiesreyalabez\/files\/2019\/11\/USO-DE-LOS-ORGANIZADORES-GR\u00c1FICOS.docx\"><strong>Uso de organizadores gr\u00e1ficos.<\/strong><\/a><\/li>\n<li style=\"text-align: left\"><strong><a href=\"https:\/\/blogsaverroes.juntadeandalucia.es\/webiesreyalabez\/files\/2019\/11\/pasos.pdf\">Organizando mis pasos<\/a>.<\/strong><\/li>\n<li style=\"text-align: left\"><strong><a href=\"https:\/\/blogsaverroes.juntadeandalucia.es\/webiesreyalabez\/files\/2019\/11\/triangulo-invertido.pdf\">Tri\u00e1ngulo invertido<\/a>.<\/strong><\/li>\n<li style=\"text-align: left\"><strong><a href=\"https:\/\/blogsaverroes.juntadeandalucia.es\/webiesreyalabez\/files\/2019\/11\/guante.pdf\">El guante de las cinco razones<\/a>.<\/strong><\/li>\n<li style=\"text-align: left\"><strong>El \u00e1rbol de la jerarqu\u00eda: <a href=\"https:\/\/blogsaverroes.juntadeandalucia.es\/webiesreyalabez\/files\/2019\/11\/arbol-jerarquia.pdf\">\u00e1rbol 1<\/a>, <a href=\"https:\/\/blogsaverroes.juntadeandalucia.es\/webiesreyalabez\/files\/2019\/11\/arbol-grafico.pdf\">\u00e1rbol 2<\/a>.<\/strong><\/li>\n<li style=\"text-align: left\"><strong><a href=\"https:\/\/blogsaverroes.juntadeandalucia.es\/webiesreyalabez\/files\/2019\/11\/hamburguesa.pdf\">Hamburguesa<\/a>.<\/strong><\/li>\n<li style=\"text-align: left\"><strong><a href=\"https:\/\/blogsaverroes.juntadeandalucia.es\/webiesreyalabez\/files\/2019\/11\/pajaro-solucion-problema.pdf\">P\u00e1jaro para solucionar problemas<\/a>.<\/strong><\/li>\n<li style=\"text-align: left\"><strong><a href=\"https:\/\/blogsaverroes.juntadeandalucia.es\/webiesreyalabez\/files\/2019\/11\/cuadro-tiempos.pdf\">Cuadro de tiempos<\/a>.<\/strong><\/li>\n<\/ul>\n<\/td>\n<\/tr>\n<\/tbody>\n<\/table>\n<table style=\"width: 550px\">\n<tbody>\n<tr>\n<td style=\"width: 550px;text-align: center\"><span style=\"color: #000000\"><strong>FORMACI\u00d3N DEL PROFESORADO<\/strong><\/span><\/td>\n<\/tr>\n<tr>\n<td style=\"width: 550px\"><span style=\"color: #000000\">La Direcci\u00f3n General de Formaci\u00f3n del profesorado e Innovaci\u00f3n educativa se ha abierto convocatoria para curso masivo para el uso dela plataforma Moodle, la inscripci\u00f3n al mismo ha superado las previsiones. Para los docentes interesados,que no hayan sido seleccionados,se ha ofertado el mismo curso en abierto cuyo enlace es: https:\/\/educacionadistancia.juntadeandalucia.es\/profesorado\/course\/view.php?id=6215 (este no tiene certificaci\u00f3n) <\/span><\/p>\n<p><span style=\"color: #000000\">Para aquellos que ya tengan algunas nociones de la plataforma Moolde, en la siguiente p\u00e1gina ten\u00e9is, adem\u00e1s del enlace al curso abierto de Moodle, dos talleres en abierto sobre la misma plataforma, organizados de menor a mayor profundidad. https:\/\/blogsaverroes.juntadeandalucia.es\/eaprendizaje\/recursos-formativos-docentes\/ <\/span><\/td>\n<\/tr>\n<\/tbody>\n<\/table>\n","protected":false},"excerpt":{"rendered":"<p>Materiales de utilidad para el profesorado del IES Rey Alabez: PROGRAMACIONES DID\u00c1CTICAS EN S\u00c9NECA Gu\u00eda para el registro de programaciones did\u00e1cticas en S\u00e9neca. Lista de cotejo para la revisi\u00f3n y mejora de las programaciones&#46;&#46;&#46;<\/p>\n","protected":false},"author":7589,"featured_media":0,"parent":0,"menu_order":0,"comment_status":"closed","ping_status":"closed","template":"","meta":{"ngg_post_thumbnail":0,"footnotes":""},"aioseo_notices":[],"_links":{"self":[{"href":"https:\/\/blogsaverroes.juntadeandalucia.es\/webiesreyalabez\/wp-json\/wp\/v2\/pages\/257"}],"collection":[{"href":"https:\/\/blogsaverroes.juntadeandalucia.es\/webiesreyalabez\/wp-json\/wp\/v2\/pages"}],"about":[{"href":"https:\/\/blogsaverroes.juntadeandalucia.es\/webiesreyalabez\/wp-json\/wp\/v2\/types\/page"}],"author":[{"embeddable":true,"href":"https:\/\/blogsaverroes.juntadeandalucia.es\/webiesreyalabez\/wp-json\/wp\/v2\/users\/7589"}],"replies":[{"embeddable":true,"href":"https:\/\/blogsaverroes.juntadeandalucia.es\/webiesreyalabez\/wp-json\/wp\/v2\/comments?post=257"}],"version-history":[{"count":9,"href":"https:\/\/blogsaverroes.juntadeandalucia.es\/webiesreyalabez\/wp-json\/wp\/v2\/pages\/257\/revisions"}],"predecessor-version":[{"id":656,"href":"https:\/\/blogsaverroes.juntadeandalucia.es\/webiesreyalabez\/wp-json\/wp\/v2\/pages\/257\/revisions\/656"}],"wp:attachment":[{"href":"https:\/\/blogsaverroes.juntadeandalucia.es\/webiesreyalabez\/wp-json\/wp\/v2\/media?parent=257"}],"curies":[{"name":"wp","href":"https:\/\/api.w.org\/{rel}","templated":true}]}}