{"id":591,"date":"2020-03-19T13:37:20","date_gmt":"2020-03-19T12:37:20","guid":{"rendered":"https:\/\/blogsaverroes.juntadeandalucia.es\/webiesreyalabez\/?page_id=591"},"modified":"2020-04-02T06:30:05","modified_gmt":"2020-04-02T04:30:05","slug":"recursos-para-una-educacion-online","status":"publish","type":"page","link":"https:\/\/blogsaverroes.juntadeandalucia.es\/webiesreyalabez\/recursos-para-una-educacion-online\/","title":{"rendered":"Recursos para una educaci\u00f3n online."},"content":{"rendered":"<p><span style=\"color: #000000\"><strong><span style=\"font-size: 18pt\">Plataformas para consultar gran variedad de recursos educativos online:<\/span><\/strong><\/span><\/p>\n<ul>\n<li><span style=\"font-size: 18pt;color: #000000\">Blog de la consejer\u00eda: <span style=\"color: #0000ff\"><a style=\"color: #0000ff\" href=\"https:\/\/blogsaverroes.juntadeandalucia.es\/eaprendizaje\/\">e-Aprendizaje<\/a>.<\/span><\/span><\/li>\n<li><span style=\"font-size: 18pt;color: #000000\"><a style=\"color: #000000\" href=\"http:\/\/recursostic.educacion.es\/secundaria\/edad\/\"><span style=\"color: #0000ff\">Proyecto: EDAD<\/span><\/a> (Materiales para la educaci\u00f3n a distancia de la Secundaria)<\/span><\/li>\n<li><span style=\"font-size: 18pt;color: #0000ff\"><a style=\"color: #0000ff\" href=\"http:\/\/www.juntadeandalucia.es\/educacion\/permanente\/materiales\/\">CREA<\/a><\/span><\/li>\n<li><span style=\"font-size: 18pt;color: #0000ff\"><a style=\"color: #0000ff\" href=\"https:\/\/agrega.juntadeandalucia.es\/visualizadorcontenidos2\/Portada\/Portada.do\">Agrega<\/a><\/span><\/li>\n<li><span style=\"font-size: 18pt;color: #0000ff\"><a style=\"color: #0000ff\" href=\"https:\/\/cedec.intef.es\/\">Cedec&nbsp;<\/a><\/span><\/li>\n<li><span style=\"font-size: 18pt;color: #000000\"><a style=\"color: #000000\" href=\"http:\/\/procomun.educalab.es\/es\"><span style=\"color: #0000ff\">Procom\u00fan<\/span><\/a><\/span><\/li>\n<li><span style=\"font-size: 18pt;color: #000000\">Blogs del profesorado andaluz: <span style=\"color: #0000ff\"><a style=\"color: #0000ff\" href=\"https:\/\/blogsaverroes.juntadeandalucia.es\/resultados\/?termino=%20eso\">BLOGS AVERROES<\/a><\/span>.<\/span><\/li>\n<li><span style=\"font-size: 18pt;color: #0000ff\"><a style=\"color: #0000ff\" href=\"https:\/\/cedec.intef.es\/recursos\/\">Proyecto EDIA<\/a>.<\/span><\/li>\n<li><span style=\"font-size: 18pt;color: #000000\"><span style=\"color: #0000ff\"><a style=\"color: #0000ff\" href=\"https:\/\/intef.es\/recursos-educativos\/experiencias-educativas-inspiradoras\/\">Experiencias educativas inspiradoras<\/a> <\/span>(Intef).<\/span><\/li>\n<li><span style=\"color: #0000ff\"><a style=\"color: #0000ff\" href=\"http:\/\/educalab.es\/recursos\/historico\"><span style=\"font-size: 18pt\">Hist\u00f3rico de recursos educativos.<\/span><\/a><\/span><\/li>\n<li><span style=\"font-size: 18pt;color: #000000\"><a style=\"color: #000000\" href=\"https:\/\/zoom.us\/es-es\/freesignup.html\"><span style=\"color: #0000ff\">Plataforma de v\u00eddeo conferencias: ZOOM<\/span><\/a> (Requiere registro).<\/span><\/li>\n<li><span style=\"font-size: 18pt;color: #000000\">Las redes provinciales de Bibliotecas Escolares, ofrecen una selecci\u00f3n de recursos digitales a docentes y familias.<\/span><\/li>\n<\/ul>\n<p><span style=\"color: #000000\"><strong><span style=\"font-size: 18pt\">Aplicaciones para generar o adaptar materiales, crear clases,&#8230;:<\/span><\/strong><\/span><\/p>\n<ul>\n<li><span style=\"font-size: 18pt;color: #0000ff\"><a style=\"color: #0000ff\" href=\"https:\/\/zoom.us\/es-es\/freesignup.html\">Plataforma ZOOM.<\/a><\/span><\/li>\n<li><span style=\"color: #000000\"><span style=\"color: #0000ff\"><a style=\"color: #0000ff\" href=\"https:\/\/edpuzzle.com\/\"><span style=\"font-size: 18pt\">Edpuzzle<\/span><\/a> <\/span>(Permite manipular v\u00eddeos para insertarles preguntas)<\/span><\/li>\n<li><a href=\"https:\/\/www.timetoast.com\/\"><span style=\"font-size: 18pt\"><span style=\"color: #0000ff\">Timetoast<\/span><\/span><\/a> (Para crear l\u00edneas de tiempo)<\/li>\n<li><a href=\"https:\/\/www.canva.com\/es_es\/\"><span style=\"font-size: 18pt\"><span style=\"color: #0000ff\">Canva<\/span><\/span><\/a> (Dise\u00f1o de carteles, presentaciones, cabeceras, &#8230;.)<\/li>\n<\/ul>\n","protected":false},"excerpt":{"rendered":"<p>Plataformas para consultar gran variedad de recursos educativos online: Blog de la consejer\u00eda: e-Aprendizaje. Proyecto: EDAD (Materiales para la educaci\u00f3n a distancia de la Secundaria) CREA Agrega Cedec&nbsp; Procom\u00fan Blogs del profesorado andaluz: BLOGS&#46;&#46;&#46;<\/p>\n","protected":false},"author":7589,"featured_media":0,"parent":0,"menu_order":0,"comment_status":"closed","ping_status":"closed","template":"","meta":{"ngg_post_thumbnail":0,"footnotes":""},"aioseo_notices":[],"_links":{"self":[{"href":"https:\/\/blogsaverroes.juntadeandalucia.es\/webiesreyalabez\/wp-json\/wp\/v2\/pages\/591"}],"collection":[{"href":"https:\/\/blogsaverroes.juntadeandalucia.es\/webiesreyalabez\/wp-json\/wp\/v2\/pages"}],"about":[{"href":"https:\/\/blogsaverroes.juntadeandalucia.es\/webiesreyalabez\/wp-json\/wp\/v2\/types\/page"}],"author":[{"embeddable":true,"href":"https:\/\/blogsaverroes.juntadeandalucia.es\/webiesreyalabez\/wp-json\/wp\/v2\/users\/7589"}],"replies":[{"embeddable":true,"href":"https:\/\/blogsaverroes.juntadeandalucia.es\/webiesreyalabez\/wp-json\/wp\/v2\/comments?post=591"}],"version-history":[{"count":9,"href":"https:\/\/blogsaverroes.juntadeandalucia.es\/webiesreyalabez\/wp-json\/wp\/v2\/pages\/591\/revisions"}],"predecessor-version":[{"id":715,"href":"https:\/\/blogsaverroes.juntadeandalucia.es\/webiesreyalabez\/wp-json\/wp\/v2\/pages\/591\/revisions\/715"}],"wp:attachment":[{"href":"https:\/\/blogsaverroes.juntadeandalucia.es\/webiesreyalabez\/wp-json\/wp\/v2\/media?parent=591"}],"curies":[{"name":"wp","href":"https:\/\/api.w.org\/{rel}","templated":true}]}}